{"id":2686,"date":"2024-12-21T13:58:29","date_gmt":"2024-12-21T13:58:29","guid":{"rendered":"http:\/\/elitesoftkeys.com\/?product=nordpass-manager"},"modified":"2025-07-06T14:07:07","modified_gmt":"2025-07-06T14:07:07","slug":"nordpass-manager","status":"publish","type":"product","link":"https:\/\/elitesoftkeys.com\/es\/producto\/nordpass-manager\/","title":{"rendered":"Administrador de NordPass"},"content":{"rendered":"<p>NordPass es un administrador de contrase\u00f1as seguro e intuitivo que ofrece varias caracter\u00edsticas y ventajas, entre ellas:<\/p>\n<p>Gesti\u00f3n de contrase\u00f1as: NordPass permite a los usuarios almacenar, gestionar y proteger de forma segura todas sus contrase\u00f1as. La contrase\u00f1a maestra es la \u00fanica que el usuario debe recordar, y todas las dem\u00e1s se cifran y almacenan en una b\u00f3veda cifrada.<\/p>\n<p>Seguridad: NordPass utiliza el cifrado XChaCha20, uno de los algoritmos de cifrado m\u00e1s avanzados del mercado, para proteger los datos almacenados. La empresa tambi\u00e9n adopta una pol\u00edtica de no registro, lo que significa que no recopila ni almacena datos de los usuarios. NordPass tambi\u00e9n ofrece autenticaci\u00f3n multifactor para mayor protecci\u00f3n de la b\u00f3veda.<\/p>\n<p>Usabilidad: NordPass est\u00e1 disponible como extensi\u00f3n de navegador y como aplicaci\u00f3n m\u00f3vil, lo que permite a los usuarios gestionar contrase\u00f1as e inicios de sesi\u00f3n en diferentes dispositivos. La interfaz es intuitiva y f\u00e1cil de usar, y los datos est\u00e1n cifrados con el est\u00e1ndar AES de 256 bits.<\/p>\n<p>Caracter\u00edsticas adicionales: NordPass ofrece varias opciones adicionales para administrar y proteger contrase\u00f1as, como almacenar y sincronizar tarjetas de cr\u00e9dito y notas seguras, generar contrase\u00f1as seguras y detectar contrase\u00f1as d\u00e9biles o ya utilizadas.<\/p>\n<p>En resumen, NordPass es un administrador de contrase\u00f1as seguro e intuitivo que ofrece varias caracter\u00edsticas y fortalezas, lo que lo convierte en una opci\u00f3n ideal para cualquiera que busque administrar sus contrase\u00f1as de una manera segura y conveniente.<\/p>","protected":false},"excerpt":{"rendered":"<table style='border-collapse: collapse; width: 100%;'>\n<tr>\n<th>Propiedad<\/th>\n<th>Valor<\/th>\n<\/tr>\n<tr>\n<td>Plataforma<\/td>\n<td>Ventanas<\/td>\n<\/tr>\n<tr>\n<td>Procesador<\/td>\n<td>1 Ghz o superior, admite el conjunto de instrucciones SSE2<\/td>\n<\/tr>\n<tr>\n<td>Disco duro<\/td>\n<td>1500 MB de espacio disponible en disco<\/td>\n<\/tr>\n<tr>\n<td>RAM<\/td>\n<td>Para Windows 11: 2 GB (64 bits), no se admite la versi\u00f3n de 32 bits Para Windows 10: 2 GB (64 bits), 1 GB (32 bits), excepto la versi\u00f3n 21H2 que no es compatible Para Windows 8\/7: 2 GB (64 bits), 1 GB (32 bits)<\/td>\n<\/tr>\n<tr>\n<td>Sistema operativo<\/td>\n<td>Windows 11, Windows 10, Windows 8, Windows 7<\/td>\n<\/tr>\n<tr>\n<td>Otros requisitos<\/td>\n<td>acceso a Internet<\/td>\n<\/tr>\n<\/table>","protected":false},"featured_media":2898,"template":"","meta":{"inline_featured_image":false},"product_brand":[],"product_cat":[114],"product_tag":[],"class_list":{"0":"post-2686","1":"product","2":"type-product","3":"status-publish","4":"has-post-thumbnail","6":"product_cat-utility-tools","8":"first","9":"instock","10":"sale","11":"virtual","12":"taxable","13":"purchasable","14":"product-type-simple"},"_links":{"self":[{"href":"https:\/\/elitesoftkeys.com\/es\/wp-json\/wp\/v2\/product\/2686","targetHints":{"allow":["GET"]}}],"collection":[{"href":"https:\/\/elitesoftkeys.com\/es\/wp-json\/wp\/v2\/product"}],"about":[{"href":"https:\/\/elitesoftkeys.com\/es\/wp-json\/wp\/v2\/types\/product"}],"version-history":[{"count":0,"href":"https:\/\/elitesoftkeys.com\/es\/wp-json\/wp\/v2\/product\/2686\/revisions"}],"wp:featuredmedia":[{"embeddable":true,"href":"https:\/\/elitesoftkeys.com\/es\/wp-json\/wp\/v2\/media\/2898"}],"wp:attachment":[{"href":"https:\/\/elitesoftkeys.com\/es\/wp-json\/wp\/v2\/media?parent=2686"}],"wp:term":[{"taxonomy":"product_brand","embeddable":true,"href":"https:\/\/elitesoftkeys.com\/es\/wp-json\/wp\/v2\/product_brand?post=2686"},{"taxonomy":"product_cat","embeddable":true,"href":"https:\/\/elitesoftkeys.com\/es\/wp-json\/wp\/v2\/product_cat?post=2686"},{"taxonomy":"product_tag","embeddable":true,"href":"https:\/\/elitesoftkeys.com\/es\/wp-json\/wp\/v2\/product_tag?post=2686"}],"curies":[{"name":"gracias","href":"https:\/\/api.w.org\/{rel}","templated":true}]}}