{"id":2684,"date":"2024-12-21T13:58:27","date_gmt":"2024-12-21T13:58:27","guid":{"rendered":"http:\/\/elitesoftkeys.com\/?product=ashampoo-winoptimizer-25"},"modified":"2025-07-06T14:07:07","modified_gmt":"2025-07-06T14:07:07","slug":"ashampoo-winoptimizer-25","status":"publish","type":"product","link":"https:\/\/elitesoftkeys.com\/es\/producto\/ashampoo-winoptimizer-25\/","title":{"rendered":"Ashampoo WinOptimizer 25"},"content":{"rendered":"<p>Ashampoo WinOptimizer 25 optimizar\u00e1 y administrar\u00e1 su sistema operativo para evitar que se ralentice y se vuelva inestable con el tiempo, ayud\u00e1ndolo con las herramientas adecuadas limpiando, reparando, protegiendo y optimizando su PC.<\/p>\n<p>Principales capacidades de WinOptimizer 25:<\/p>\n<p>Limpieza exhaustiva de \u00e1reas cr\u00edticas del sistema<\/p>\n<p>Encuentra y elimina versiones antiguas de Windows, actualizaciones obsoletas y cach\u00e9s del sistema.<\/p>\n<p>Interfaz de usuario clara y sencilla<\/p>\n<p>Optimizaci\u00f3n ultrarr\u00e1pida con un solo clic basada en m\u00f3dulos de limpieza innovadores<\/p>\n<p>Tac\u00f3metro de CPU y panel detallado de todos los procesos de su sistema en tiempo real<\/p>\n<p>C\u00f3modo administrador de cookies para unas cookies m\u00e1s seguras<\/p>\n<p>Soporte de integradores para procesadores multin\u00facleo modernos<\/p>\n<p>Limpiadores r\u00e1pidos y eficientes<\/p>\n<p>Acceso a todas las claves de licencia de software en Windows<\/p>\n<p>Cada tipo de amenaza se gestiona mediante un componente de protecci\u00f3n espec\u00edfico. Puedes gestionar estos componentes en la configuraci\u00f3n de la aplicaci\u00f3n.<\/p>","protected":false},"excerpt":{"rendered":"<table style='border-collapse: collapse; width: 100%;'>\n<tr>\n<th>Propiedad<\/th>\n<th>Valor<\/th>\n<\/tr>\n<tr>\n<td>Plataforma<\/td>\n<td>Ventanas<\/td>\n<\/tr>\n<tr>\n<td>Procesador<\/td>\n<td>1 Ghz o superior, admite el conjunto de instrucciones SSE2<\/td>\n<\/tr>\n<tr>\n<td>Disco duro<\/td>\n<td>1500 MB de espacio disponible en disco<\/td>\n<\/tr>\n<tr>\n<td>RAM<\/td>\n<td>Para Windows 11: 2 GB (64 bits), no se admite la versi\u00f3n de 32 bits Para Windows 10: 2 GB (64 bits), 1 GB (32 bits), excepto la versi\u00f3n 21H2 que no es compatible Para Windows 8\/7: 2 GB (64 bits), 1 GB (32 bits)<\/td>\n<\/tr>\n<tr>\n<td>Sistema operativo<\/td>\n<td>Windows 11, Windows 10, Windows 8, Windows 7<\/td>\n<\/tr>\n<tr>\n<td>Otros requisitos<\/td>\n<td>acceso a Internet<\/td>\n<\/tr>\n<\/table>","protected":false},"featured_media":2900,"template":"","meta":{"inline_featured_image":false},"product_brand":[],"product_cat":[114],"product_tag":[],"class_list":{"0":"post-2684","1":"product","2":"type-product","3":"status-publish","4":"has-post-thumbnail","6":"product_cat-utility-tools","8":"first","9":"instock","10":"sale","11":"virtual","12":"taxable","13":"purchasable","14":"product-type-simple"},"_links":{"self":[{"href":"https:\/\/elitesoftkeys.com\/es\/wp-json\/wp\/v2\/product\/2684","targetHints":{"allow":["GET"]}}],"collection":[{"href":"https:\/\/elitesoftkeys.com\/es\/wp-json\/wp\/v2\/product"}],"about":[{"href":"https:\/\/elitesoftkeys.com\/es\/wp-json\/wp\/v2\/types\/product"}],"version-history":[{"count":0,"href":"https:\/\/elitesoftkeys.com\/es\/wp-json\/wp\/v2\/product\/2684\/revisions"}],"wp:featuredmedia":[{"embeddable":true,"href":"https:\/\/elitesoftkeys.com\/es\/wp-json\/wp\/v2\/media\/2900"}],"wp:attachment":[{"href":"https:\/\/elitesoftkeys.com\/es\/wp-json\/wp\/v2\/media?parent=2684"}],"wp:term":[{"taxonomy":"product_brand","embeddable":true,"href":"https:\/\/elitesoftkeys.com\/es\/wp-json\/wp\/v2\/product_brand?post=2684"},{"taxonomy":"product_cat","embeddable":true,"href":"https:\/\/elitesoftkeys.com\/es\/wp-json\/wp\/v2\/product_cat?post=2684"},{"taxonomy":"product_tag","embeddable":true,"href":"https:\/\/elitesoftkeys.com\/es\/wp-json\/wp\/v2\/product_tag?post=2684"}],"curies":[{"name":"gracias","href":"https:\/\/api.w.org\/{rel}","templated":true}]}}