{"id":2682,"date":"2024-12-21T13:58:24","date_gmt":"2024-12-21T13:58:24","guid":{"rendered":"http:\/\/elitesoftkeys.com\/?product=ashampoo-uninstaller-11"},"modified":"2025-07-06T14:07:07","modified_gmt":"2025-07-06T14:07:07","slug":"ashampoo-uninstaller-11","status":"publish","type":"product","link":"https:\/\/elitesoftkeys.com\/es\/producto\/ashampoo-uninstaller-11\/","title":{"rendered":"Desinstalador de Ashampoo 11"},"content":{"rendered":"<p>Ashampoo Uninstaller 11 para una r\u00e1pida desinstalaci\u00f3n y gesti\u00f3n de programas en tu PC.<\/p>\n<p>Le permitir\u00e1 realizar an\u00e1lisis profundos del registro, sugerencias detalladas y gesti\u00f3n de cookies de forma manual, todo ello con una herramienta sencilla e intuitiva para un control total y seguimiento incluso del m\u00e1s m\u00ednimo cambio realizado en su sistema.<\/p>\n<p>\u00a1No hay piedad para los programas no deseados!<\/p>\n<p>Ashampoo Uninstaller 11 elimina aplicaciones innecesarias y mediocres de su PC, al mismo tiempo que analiza y administra programas no deseados en el registro de su dispositivo. Especialmente para los portales de descarga que a menudo incluyen software con programas complementarios que rayan en el espionaje o el malware, Ashampoo Uninstaller 11 limpiar\u00e1 estos elementos, ocultos por peque\u00f1os ayudantes y disfrazados de barras de herramientas.<\/p>","protected":false},"excerpt":{"rendered":"<table style=\"border-collapse: collapse; width: 100%;\">\n<tbody>\n<tr>\n<th>Propiedad<\/th>\n<th>Valor<\/th>\n<\/tr>\n<tr>\n<td>Plataforma<\/td>\n<td>Ventanas<\/td>\n<\/tr>\n<tr>\n<td>Procesador<\/td>\n<td>1 Ghz o superior, admite el conjunto de instrucciones SSE2<\/td>\n<\/tr>\n<tr>\n<td>Disco duro<\/td>\n<td>1500 MB de espacio disponible en disco<\/td>\n<\/tr>\n<tr>\n<td>RAM<\/td>\n<td>Para Windows 11: 2 GB (64 bits), no se admite la versi\u00f3n de 32 bits Para Windows 10: 2 GB (64 bits), 1 GB (32 bits), excepto la versi\u00f3n 21H2 que no es compatible Para Windows 8\/7: 2 GB (64 bits), 1 GB (32 bits)<\/td>\n<\/tr>\n<tr>\n<td>Sistema operativo<\/td>\n<td>Windows 11, Windows 10, Windows 8, Windows 7<\/td>\n<\/tr>\n<tr>\n<td>Otros requisitos<\/td>\n<td>acceso a Internet<\/td>\n<\/tr>\n<\/tbody>\n<\/table>","protected":false},"featured_media":2902,"template":"","meta":{"inline_featured_image":false},"product_brand":[],"product_cat":[114],"product_tag":[],"class_list":{"0":"post-2682","1":"product","2":"type-product","3":"status-publish","4":"has-post-thumbnail","6":"product_cat-utility-tools","8":"first","9":"instock","10":"sale","11":"virtual","12":"taxable","13":"purchasable","14":"product-type-simple"},"_links":{"self":[{"href":"https:\/\/elitesoftkeys.com\/es\/wp-json\/wp\/v2\/product\/2682","targetHints":{"allow":["GET"]}}],"collection":[{"href":"https:\/\/elitesoftkeys.com\/es\/wp-json\/wp\/v2\/product"}],"about":[{"href":"https:\/\/elitesoftkeys.com\/es\/wp-json\/wp\/v2\/types\/product"}],"version-history":[{"count":0,"href":"https:\/\/elitesoftkeys.com\/es\/wp-json\/wp\/v2\/product\/2682\/revisions"}],"wp:featuredmedia":[{"embeddable":true,"href":"https:\/\/elitesoftkeys.com\/es\/wp-json\/wp\/v2\/media\/2902"}],"wp:attachment":[{"href":"https:\/\/elitesoftkeys.com\/es\/wp-json\/wp\/v2\/media?parent=2682"}],"wp:term":[{"taxonomy":"product_brand","embeddable":true,"href":"https:\/\/elitesoftkeys.com\/es\/wp-json\/wp\/v2\/product_brand?post=2682"},{"taxonomy":"product_cat","embeddable":true,"href":"https:\/\/elitesoftkeys.com\/es\/wp-json\/wp\/v2\/product_cat?post=2682"},{"taxonomy":"product_tag","embeddable":true,"href":"https:\/\/elitesoftkeys.com\/es\/wp-json\/wp\/v2\/product_tag?post=2682"}],"curies":[{"name":"gracias","href":"https:\/\/api.w.org\/{rel}","templated":true}]}}