{"id":2680,"date":"2024-12-21T13:58:22","date_gmt":"2024-12-21T13:58:22","guid":{"rendered":"http:\/\/elitesoftkeys.com\/?product=avast-cleanup-premium"},"modified":"2025-07-06T14:07:04","modified_gmt":"2025-07-06T14:07:04","slug":"avast-cleanup-premium","status":"publish","type":"product","link":"https:\/\/elitesoftkeys.com\/es\/producto\/avast-cleanup-premium\/","title":{"rendered":"Limpieza Premium de Avast"},"content":{"rendered":"<p>Avast Cleanup Premium es nuestra herramienta de limpieza y optimizaci\u00f3n de PC de \u00faltima generaci\u00f3n. \u00dasala para acelerar tu PC, liberar espacio en disco, eliminar bloatware y solucionar problemas. Limpia y optimiza el rendimiento de tu dispositivo con nuestra herramienta Limpiador de PC para recuperar espacio de almacenamiento y garantizar un mejor rendimiento durante m\u00e1s tiempo. Deja tu PC como nuevo: Elimina datos innecesarios para liberar espacio de almacenamiento. Obt\u00e9n m\u00e1s velocidad en tu PC. Configura la funci\u00f3n de mantenimiento autom\u00e1tico. \u00a1Haz que tu PC con Windows est\u00e9 m\u00e1s limpio y r\u00e1pido! El rendimiento del PC no mejora con el tiempo. Soluciona los problemas que te ralentizan con la innovadora tecnolog\u00eda patentada de Avast Cleanup Premium. \u00a1Limpia tu PC a fondo! \u00bfTe est\u00e1s quedando sin espacio en disco? Ya no es un problema. Avast Cleanup analiza a fondo tu PC para liberar gigabytes de espacio de los archivos residuales de m\u00e1s de 200 aplicaciones, navegadores e incluso Windows. \u00a1Soluciona los problemas de tu PC! Con numerosas herramientas para todos los usuarios, desde profesionales hasta principiantes, Avast Cleanup es la soluci\u00f3n r\u00e1pida para solucionar bloqueos, fallos y otros problemas t\u00edpicos del PC. \u00a1Actualiza tus programas por completo! Los programas obsoletos pueden dejar tu PC vulnerable a errores, fallos y riesgos de seguridad. El nuevo Actualizador de Software autom\u00e1tico actualiza regularmente los programas m\u00e1s importantes.<\/p>","protected":false},"excerpt":{"rendered":"<table style='border-collapse: collapse; width: 100%;'>\n<tr>\n<th>Propiedad<\/th>\n<th>Valor<\/th>\n<\/tr>\n<tr>\n<td>Plataforma<\/td>\n<td>Ventanas<\/td>\n<\/tr>\n<tr>\n<td>Procesador<\/td>\n<td>1 Ghz o superior, admite el conjunto de instrucciones SSE2<\/td>\n<\/tr>\n<tr>\n<td>Disco duro<\/td>\n<td>1500 MB de espacio disponible en disco<\/td>\n<\/tr>\n<tr>\n<td>RAM<\/td>\n<td>Para Windows 11: 2 GB (64 bits), no se admite la versi\u00f3n de 32 bits Para Windows 10: 2 GB (64 bits), 1 GB (32 bits), excepto la versi\u00f3n 21H2 que no es compatible Para Windows 8\/7: 2 GB (64 bits), 1 GB (32 bits)<\/td>\n<\/tr>\n<tr>\n<td>Sistema operativo<\/td>\n<td>Windows 11, Windows 10, Windows 8, Windows 7<\/td>\n<\/tr>\n<tr>\n<td>Otros requisitos<\/td>\n<td>acceso a Internet<\/td>\n<\/tr>\n<\/table>","protected":false},"featured_media":2904,"template":"","meta":{"inline_featured_image":false},"product_brand":[],"product_cat":[114],"product_tag":[],"class_list":{"0":"post-2680","1":"product","2":"type-product","3":"status-publish","4":"has-post-thumbnail","6":"product_cat-utility-tools","8":"first","9":"instock","10":"sale","11":"virtual","12":"taxable","13":"purchasable","14":"product-type-simple"},"_links":{"self":[{"href":"https:\/\/elitesoftkeys.com\/es\/wp-json\/wp\/v2\/product\/2680","targetHints":{"allow":["GET"]}}],"collection":[{"href":"https:\/\/elitesoftkeys.com\/es\/wp-json\/wp\/v2\/product"}],"about":[{"href":"https:\/\/elitesoftkeys.com\/es\/wp-json\/wp\/v2\/types\/product"}],"version-history":[{"count":0,"href":"https:\/\/elitesoftkeys.com\/es\/wp-json\/wp\/v2\/product\/2680\/revisions"}],"wp:featuredmedia":[{"embeddable":true,"href":"https:\/\/elitesoftkeys.com\/es\/wp-json\/wp\/v2\/media\/2904"}],"wp:attachment":[{"href":"https:\/\/elitesoftkeys.com\/es\/wp-json\/wp\/v2\/media?parent=2680"}],"wp:term":[{"taxonomy":"product_brand","embeddable":true,"href":"https:\/\/elitesoftkeys.com\/es\/wp-json\/wp\/v2\/product_brand?post=2680"},{"taxonomy":"product_cat","embeddable":true,"href":"https:\/\/elitesoftkeys.com\/es\/wp-json\/wp\/v2\/product_cat?post=2680"},{"taxonomy":"product_tag","embeddable":true,"href":"https:\/\/elitesoftkeys.com\/es\/wp-json\/wp\/v2\/product_tag?post=2680"}],"curies":[{"name":"gracias","href":"https:\/\/api.w.org\/{rel}","templated":true}]}}