{"id":2678,"date":"2024-12-21T13:58:20","date_gmt":"2024-12-21T13:58:20","guid":{"rendered":"http:\/\/elitesoftkeys.com\/?product=ccleaner-professional-windows"},"modified":"2025-07-06T14:07:04","modified_gmt":"2025-07-06T14:07:04","slug":"ccleaner-professional-windows","status":"publish","type":"product","link":"https:\/\/elitesoftkeys.com\/es\/producto\/ccleaner-professional-windows\/","title":{"rendered":"CCleaner Professional (Windows)"},"content":{"rendered":"<p>CCleaner es la herramienta n\u00famero uno para limpiar tu PC con Windows<\/p>\n<p>CCleaner es una popular aplicaci\u00f3n de optimizaci\u00f3n para Windows 11, 10, 8.1 y 7 que limpia tu ordenador de archivos basura, libera espacio y acelera su rendimiento con numerosas funciones potentes. El plan Pro incluye funciones de optimizaci\u00f3n para que el controlador funcione correctamente con gr\u00e1ficos, sonido y conectividad a internet sin errores ni fallos de hardware. Adem\u00e1s, puede comprobar autom\u00e1ticamente el estado de tu PC, actualizar aplicaciones obsoletas, pausar temporalmente aplicaciones no utilizadas y deshabilitar programas innecesarios para acelerar tu ordenador. Adem\u00e1s, el software tambi\u00e9n limpia los registros desordenados y la configuraci\u00f3n defectuosa del PC para que sea m\u00e1s estable.<\/p>\n<p>Caracter\u00edsticas del producto:<\/p>\n<p>Una clave de licencia original para la \u00faltima versi\u00f3n de CCleaner<\/p>\n<p>Duraci\u00f3n de la suscripci\u00f3n \u2013 1 a\u00f1o<\/p>\n<p>V\u00e1lido para 1 usuario\/1 dispositivo<\/p>\n<p>Compatible con Windows 11, 10, 8.1 y 7<\/p>\n<p>Admite versiones de 32 bits y 64 bits<\/p>\n<p>Garant\u00eda de por vida incluida<\/p>\n<p>Compra CCleaner Pro al mejor precio<\/p>\n<p>Compre una clave de licencia de CCleaner Professional con un descuento de 15% en EliteSoftKeys. Todas sus compras est\u00e1n protegidas por la garant\u00eda de compra de TurstedShop.<\/p>\n<p>EliteSoftKeys es un orgulloso socio certificado de Microsoft y distribuidor certificado de Adobe, lo que garantiza la autenticidad del software y un soporte al cliente de alta calidad. Ofrecemos soporte t\u00e9cnico gratuito a nuestros clientes para ayudarles con el proceso de instalaci\u00f3n o resolver cualquier duda.<\/p>\n<p>Acelera tu Windows con CCleaner Pro<\/p>\n<p>CCleaner Professional te ayuda a mejorar el rendimiento de tu Windows 11, 10, 8.1 o 7 con las siguientes funciones:<\/p>\n<p>Limpiador de Cloud Drive: Esta herramienta elimina archivos redundantes de tu Google Drive para optimizar el espacio y mantenerlo organizado. Tambi\u00e9n resalta archivos grandes y organiza los archivos editados por \u00faltima vez para comprobar si ya no te son \u00fatiles.<\/p>\n<p>Optimizador de Rendimiento: Muchos programas no deseados se ejecutan en segundo plano en el PC y consumen memoria y procesador. El Optimizador de Rendimiento de CCleaner detecta estos programas no deseados y los pone en reposo temporalmente para mejorar el rendimiento del PC.<\/p>\n<p>Actualizador de controladores: CCleaner puede identificar controladores faltantes, obsoletos o da\u00f1ados en su PC e instalar las versiones m\u00e1s recientes autom\u00e1ticamente. Disfrute de mejor sonido, mejor calidad visual, mejor velocidad de internet y un mejor rendimiento del hardware.<\/p>\n<p>Comprobaci\u00f3n del estado de su PC: Esta funci\u00f3n le muestra qu\u00e9 puede hacer para limpiar y optimizar su PC. Recibir\u00e1 una lista de pasos a seguir para optimizar la privacidad, el espacio, la velocidad y la seguridad de su PC f\u00e1cilmente.<\/p>\n<p>Actualizador de software: CCleaner analiza todo tu PC en busca de archivos de software que necesiten actualizaciones y los actualiza autom\u00e1ticamente sin tu intervenci\u00f3n. Tambi\u00e9n puedes desmarcar manualmente las aplicaciones que no quieras actualizar.<\/p>\n<p>Protecci\u00f3n de la privacidad: CCleaner incluye diversas herramientas, como antihuellas, bloqueador de publicidad, escudo web y administrador de contrase\u00f1as, para maximizar tu seguridad en l\u00ednea. Estas herramientas tambi\u00e9n son \u00fatiles para gestionar tu privacidad, identidad y datos personales en l\u00ednea.<\/p>\n<p>Limpieza programada: Puede programar an\u00e1lisis en una fecha y hora predefinidas en el Programador de tareas de Windows para limpiar autom\u00e1ticamente su PC. Puede programar el tipo de limpieza: diaria, semanal, mensual o al iniciar sesi\u00f3n. CCleaner no le obligar\u00e1 a cerrar las ventanas abiertas ni a reiniciar el sistema una vez finalizado el an\u00e1lisis.<\/p>\n<p>CCleaner para Windows \u2013 Descarga oficial<\/p>\n<p>Tras comprar CC Cleaner, recibir\u00e1 un correo electr\u00f3nico con la clave de producto, el enlace de descarga e instrucciones detalladas de instalaci\u00f3n. El proceso consiste en descargar el software desde el sitio web oficial de CCleaner, canjear la clave de licencia e instalarlo directamente en su sistema Windows. Esto garantiza una instalaci\u00f3n segura y correcta, para que pueda empezar a usar el software de inmediato.<\/p>\n<p>Si tiene alg\u00fan problema durante la instalaci\u00f3n o alguna pregunta, no dude en contactar con nuestro equipo de atenci\u00f3n al cliente. Nuestro equipo dedicado est\u00e1 a su disposici\u00f3n para ayudarle con cualquier problema y garantizar una instalaci\u00f3n sin problemas.<\/p>\n<p>\u00bfEs CCleaner seguro?<\/p>\n<p>CCleaner lleva muchos a\u00f1os en el mercado, demostrando su fiabilidad en la gesti\u00f3n de archivos innecesarios, la optimizaci\u00f3n de sistemas y la mejora del rendimiento del PC. En 2017, se produjo una brecha de seguridad, pero la compa\u00f1\u00eda solucion\u00f3 el problema de inmediato y, desde entonces, otras versiones de CCleaner no han presentado problemas similares.<\/p>\n<p>Algunos usuarios critican los molestos anuncios de la versi\u00f3n gratuita del programa, que incitan a los usuarios a actualizarse a un plan de pago. Sin embargo, al comprar CCleaner Pro de EliteSoftKeys, se evitan. Otro punto de controversia es el &quot;limpiador de registro&quot;, que muchos expertos recomiendan evitar, ya que no aporta mucho valor, pero a veces puede causar problemas en el sistema si se usa incorrectamente.<\/p>\n<p>En general, CCleaner es seguro de usar, solo tenga cuidado si necesita utilizar las funciones de limpieza del registro.<\/p>\n<p>\u00bfEs posible comprar una licencia de por vida para CCleaner Professional?<\/p>\n<p>Actualmente, ofrecemos CCleaner Professional para un solo usuario con un a\u00f1o de validez. Tras el vencimiento de su licencia, deber\u00e1 renovar el servicio con una nueva suscripci\u00f3n por un a\u00f1o m\u00e1s.<\/p>\n<p>\u00bfPuedo usar esta clave de licencia para Mac\/Android\/OS?<\/p>\n<p>No, esta clave de licencia es v\u00e1lida para sistemas operativos Windows. Sin embargo, puedes consultar el sitio web oficial de CCleaner para Mac, Android e iOS para obtener una prueba gratuita o comprarla.<\/p>\n<p>\u00bfEs CCleaner mejor que Avast Cleanup Premium?<\/p>\n<p>Tanto CCleaner Professional como Avast Cleanup Premium son limpiadores de PC inteligentes y fiables, pero con caracter\u00edsticas \u00fanicas que los convierten en l\u00edderes del mercado. Por ejemplo, CCleaner Professional ofrece monitorizaci\u00f3n en tiempo real y actualizaciones de controladores, a diferencia de Avast Cleanup Premium. Por otro lado, Avast incluye un eliminador de bloatware m\u00e1s eficiente, algo que CCleaner no incluye en su plan de suscripci\u00f3n Professional.<\/p>","protected":false},"excerpt":{"rendered":"<table style='border-collapse: collapse; width: 100%;'>\n<tr>\n<th>Propiedad<\/th>\n<th>Valor<\/th>\n<\/tr>\n<tr>\n<td>Plataforma<\/td>\n<td>Ventanas<\/td>\n<\/tr>\n<tr>\n<td>Procesador<\/td>\n<td>1 Ghz o superior, admite el conjunto de instrucciones SSE2<\/td>\n<\/tr>\n<tr>\n<td>Disco duro<\/td>\n<td>1500 MB de espacio disponible en disco<\/td>\n<\/tr>\n<tr>\n<td>RAM<\/td>\n<td>Para Windows 11: 2 GB (64 bits), no se admite la versi\u00f3n de 32 bits Para Windows 10: 2 GB (64 bits), 1 GB (32 bits), excepto la versi\u00f3n 21H2 que no es compatible Para Windows 8\/7: 2 GB (64 bits), 1 GB (32 bits)<\/td>\n<\/tr>\n<tr>\n<td>Sistema operativo<\/td>\n<td>Windows 11, Windows 10, Windows 8, Windows 7<\/td>\n<\/tr>\n<tr>\n<td>Otros requisitos<\/td>\n<td>acceso a Internet<\/td>\n<\/tr>\n<\/table>","protected":false},"featured_media":2905,"template":"","meta":{"inline_featured_image":false},"product_brand":[],"product_cat":[114],"product_tag":[],"class_list":{"0":"post-2678","1":"product","2":"type-product","3":"status-publish","4":"has-post-thumbnail","6":"product_cat-utility-tools","8":"first","9":"instock","10":"sale","11":"virtual","12":"taxable","13":"purchasable","14":"product-type-simple"},"_links":{"self":[{"href":"https:\/\/elitesoftkeys.com\/es\/wp-json\/wp\/v2\/product\/2678","targetHints":{"allow":["GET"]}}],"collection":[{"href":"https:\/\/elitesoftkeys.com\/es\/wp-json\/wp\/v2\/product"}],"about":[{"href":"https:\/\/elitesoftkeys.com\/es\/wp-json\/wp\/v2\/types\/product"}],"version-history":[{"count":0,"href":"https:\/\/elitesoftkeys.com\/es\/wp-json\/wp\/v2\/product\/2678\/revisions"}],"wp:featuredmedia":[{"embeddable":true,"href":"https:\/\/elitesoftkeys.com\/es\/wp-json\/wp\/v2\/media\/2905"}],"wp:attachment":[{"href":"https:\/\/elitesoftkeys.com\/es\/wp-json\/wp\/v2\/media?parent=2678"}],"wp:term":[{"taxonomy":"product_brand","embeddable":true,"href":"https:\/\/elitesoftkeys.com\/es\/wp-json\/wp\/v2\/product_brand?post=2678"},{"taxonomy":"product_cat","embeddable":true,"href":"https:\/\/elitesoftkeys.com\/es\/wp-json\/wp\/v2\/product_cat?post=2678"},{"taxonomy":"product_tag","embeddable":true,"href":"https:\/\/elitesoftkeys.com\/es\/wp-json\/wp\/v2\/product_tag?post=2678"}],"curies":[{"name":"gracias","href":"https:\/\/api.w.org\/{rel}","templated":true}]}}