{"id":2676,"date":"2024-12-21T13:58:18","date_gmt":"2024-12-21T13:58:18","guid":{"rendered":"http:\/\/elitesoftkeys.com\/?product=avast-secureline-vpn"},"modified":"2025-07-06T14:07:08","modified_gmt":"2025-07-06T14:07:08","slug":"avast-secureline-vpn","status":"publish","type":"product","link":"https:\/\/elitesoftkeys.com\/es\/producto\/avast-secureline-vpn\/","title":{"rendered":"VPN Avast SecureLine"},"content":{"rendered":"<p>Avast SecureLine VPN es una conexi\u00f3n segura y cifrada que protege tus datos al funcionar como un t\u00fanel privado a trav\u00e9s de internet para Windows, macOS, Android e iOS. Adem\u00e1s, enmascara tu direcci\u00f3n IP redirigiendo tu tr\u00e1fico a trav\u00e9s de uno de nuestros servidores ultrarr\u00e1pidos en todo el mundo. La combinaci\u00f3n del servidor VPN y el cifrado impide que tu proveedor de servicios de internet (ISP), gobiernos, hackers y cualquier otra persona te esp\u00eden mientras navegas por internet, lo cual es solo una de las muchas razones por las que deber\u00edas usar una VPN.<\/p>\n<p>Avast SecureLine VPN te permite ocultar tu direcci\u00f3n IP y mantener tu actividad en l\u00ednea completamente privada y an\u00f3nima. Impide que terceros esp\u00eden tu actividad en l\u00ednea y te permite usar de forma segura redes Wi-Fi p\u00fablicas no seguras. Tambi\u00e9n puedes desbloquear sitios web y acceder a contenido con restricciones geogr\u00e1ficas desde cualquier lugar.<\/p>\n<p>Avast SecureLine VPN ofrece los siguientes beneficios:<\/p>\n<p>Mant\u00e9ngase seguro con protecci\u00f3n de privacidad de c\u00f3digo abierto. SecureLine VPN se basa en OpenVPN y OpenSSL, los protocolos de protecci\u00f3n de privacidad m\u00e1s utilizados, fiables y transparentes.<\/p>\n<p>Tus actividades no quedan registradas. Nadie puede ver qu\u00e9 aplicaciones usas, los sitios web que visitas ni el contenido con el que interact\u00faas.<\/p>\n<p>Mant\u00e9n a raya a los esp\u00edas con el cifrado AES de 256 bits. Cifra de forma segura todos los datos entrantes y salientes para que los esp\u00edas en l\u00ednea no puedan verlos.<\/p>\n<p>Mant\u00e9ngase an\u00f3nimo. Desaparezca entre la multitud de usuarios de Avast SecureLine, con una \u00fanica direcci\u00f3n IP compartida.<\/p>\n<p>Protege cualquier red Wi-Fi. Con\u00e9ctate de forma segura a cualquier punto de acceso, incluso a redes Wi-Fi p\u00fablicas no seguras en cafeter\u00edas, aeropuertos, bibliotecas y parques.<\/p>\n<p>Oculta tu direcci\u00f3n IP. Mant\u00e9n tu IP real en secreto mediante IPv4 y bloquea las solicitudes IPv6 con protecci\u00f3n contra fugas de DNS.<\/p>\n<p>Transmite y juega sin esfuerzo. Comparte transmisiones de forma sencilla y privada: solo selecciona servidores compatibles con P2P.<\/p>\n<p>Accede a contenido de todo el mundo. Evita los bloqueos geogr\u00e1ficos y accede a tu contenido favorito, est\u00e9s donde est\u00e9s.<\/p>\n<p>Disfruta de una mejor experiencia P2P. Disfruta de pel\u00edculas en alta definici\u00f3n, juegos de Twitch con control de latencia y transfiere archivos grandes f\u00e1cilmente con un clic.<\/p>\n<p>Elige entre 700 servidores en 34 pa\u00edses. Dondequiera que vivas, tenemos el servidor perfecto para ti.<\/p>\n<p>Accede a Android TV. Transmite contenido directamente en tu Smart TV Android, NVIDIA Shield TV o Mi Box, de forma privada y segura.<\/p>","protected":false},"excerpt":{"rendered":"<table style='border-collapse: collapse; width: 100%;'>\n<tr>\n<th>Propiedad<\/th>\n<th>Valor<\/th>\n<\/tr>\n<tr>\n<td>Plataforma<\/td>\n<td>Windows, macOS, iOS, Android<\/td>\n<\/tr>\n<tr>\n<td>Disco duro<\/td>\n<td>m\u00ednimo de 850 MB hasta 210 GB<\/td>\n<\/tr>\n<tr>\n<td>RAM<\/td>\n<td>M\u00ednimo 4 GB (64 bits) de RAM, se recomiendan 16 GB<\/td>\n<\/tr>\n<tr>\n<td>Sistema operativo<\/td>\n<td>WINDOWS: Windows 11, 10, 8.1, 8 o 7 (versiones de 32 y 64 bits, excepto las ediciones Mixed Reality, Mobile, IoT, Starter y RT); MAC: macOS 10.12 (HighSierra) o posterior; IOS: iOS 13.0 o posterior; ANDROID: Android 6.0 (Marshmallow, API 23) o posterior.<\/td>\n<\/tr>\n<\/table>","protected":false},"featured_media":2906,"template":"","meta":{"inline_featured_image":false},"product_brand":[],"product_cat":[113],"product_tag":[],"class_list":{"0":"post-2676","1":"product","2":"type-product","3":"status-publish","4":"has-post-thumbnail","6":"product_cat-vpn-software","8":"first","9":"instock","10":"sale","11":"virtual","12":"taxable","13":"purchasable","14":"product-type-simple"},"_links":{"self":[{"href":"https:\/\/elitesoftkeys.com\/es\/wp-json\/wp\/v2\/product\/2676","targetHints":{"allow":["GET"]}}],"collection":[{"href":"https:\/\/elitesoftkeys.com\/es\/wp-json\/wp\/v2\/product"}],"about":[{"href":"https:\/\/elitesoftkeys.com\/es\/wp-json\/wp\/v2\/types\/product"}],"version-history":[{"count":0,"href":"https:\/\/elitesoftkeys.com\/es\/wp-json\/wp\/v2\/product\/2676\/revisions"}],"wp:featuredmedia":[{"embeddable":true,"href":"https:\/\/elitesoftkeys.com\/es\/wp-json\/wp\/v2\/media\/2906"}],"wp:attachment":[{"href":"https:\/\/elitesoftkeys.com\/es\/wp-json\/wp\/v2\/media?parent=2676"}],"wp:term":[{"taxonomy":"product_brand","embeddable":true,"href":"https:\/\/elitesoftkeys.com\/es\/wp-json\/wp\/v2\/product_brand?post=2676"},{"taxonomy":"product_cat","embeddable":true,"href":"https:\/\/elitesoftkeys.com\/es\/wp-json\/wp\/v2\/product_cat?post=2676"},{"taxonomy":"product_tag","embeddable":true,"href":"https:\/\/elitesoftkeys.com\/es\/wp-json\/wp\/v2\/product_tag?post=2676"}],"curies":[{"name":"gracias","href":"https:\/\/api.w.org\/{rel}","templated":true}]}}