{"id":2674,"date":"2024-12-21T13:58:16","date_gmt":"2024-12-21T13:58:16","guid":{"rendered":"http:\/\/elitesoftkeys.com\/?product=nord-vpn"},"modified":"2025-07-06T14:07:08","modified_gmt":"2025-07-06T14:07:08","slug":"nord-vpn","status":"publish","type":"product","link":"https:\/\/elitesoftkeys.com\/es\/producto\/nord-vpn\/","title":{"rendered":"VPN del norte"},"content":{"rendered":"<p>NordVPN es un servicio que protege tu conexi\u00f3n a internet y tu privacidad en l\u00ednea. Las VPN crean un t\u00fanel cifrado para tus datos, protegen tu identidad en l\u00ednea ocultando tu direcci\u00f3n IP y te permiten usar puntos de acceso wifi p\u00fablicos de forma segura.<\/p>\n<p>NordVPN se puede utilizar en sistemas operativos Windows, macOS, Android, iOS y Linux.<\/p>\n<p>Beneficios de NordVPN:<\/p>\n<p>Servidores. Con m\u00e1s de 5600 servidores en 60 pa\u00edses, siempre encontrar\u00e1s uno cerca. M\u00e1s servidores significan mayor velocidad y una conexi\u00f3n estable dondequiera que est\u00e9s. Y, combinado con el revolucionario protocolo VPN NordLynx, garantiza las mejores velocidades de VPN del mercado.<\/p>\n<p>Cifrado. NordVPN utiliza el algoritmo de cifrado AES para proteger tus datos. \u00bfQu\u00e9 tan seguro es? Ning\u00fan ataque conocido puede romperlo. NordVPN utiliza AES con claves de 256 bits, lo que significa 2^256 combinaciones de claves posibles, ideal para el acceso remoto seguro a informaci\u00f3n confidencial.<\/p>\n<p>Autenticaci\u00f3n. Puedes usar la autenticaci\u00f3n multifactor para proteger tu cuenta Nord. A\u00f1ade una capa adicional de protecci\u00f3n a tu cuenta y nadie podr\u00e1 acceder sin tu permiso. NordVPN admite aplicaciones de autenticaci\u00f3n y llaves de seguridad f\u00edsicas.<\/p>\n<p>T\u00fanel dividido. \u00dasalo y selecciona aplicaciones y URL espec\u00edficas para excluirlas del t\u00fanel VPN. De esta forma, puedes usarlas con tu direcci\u00f3n IP real y proteger tus dem\u00e1s actividades en l\u00ednea.<\/p>\n<p>Certificado. AV-TEST, un instituto independiente de seguridad inform\u00e1tica, compar\u00f3 las velocidades de las mejores VPN del sector. NordVPN es la VPN m\u00e1s r\u00e1pida del mercado y cuenta con datos que lo demuestran.<\/p>\n<p>Caracter\u00edsticas de seguridad clave de Nord VPN:<\/p>\n<p>Protecci\u00f3n contra amenazas. Det\u00e9n el malware, los rastreadores web, los anuncios y otras amenazas comunes de Internet.<\/p>\n<p>Meshnet. Crea tu propia red privada cifrada para compartir archivos, trabajar o realizar fiestas LAN de forma segura.<\/p>\n<p>Monitor de la Dark Web. Reciba alertas instant\u00e1neas si descubrimos que sus cuentas han sido vulneradas.<\/p>\n<p>IP dedicada. Mant\u00e9n tu reputaci\u00f3n online, evita las listas de denegados y accede a redes con IP restringida.<\/p>","protected":false},"excerpt":{"rendered":"<table style='border-collapse: collapse; width: 100%;'>\n<tr>\n<th>Propiedad<\/th>\n<th>Valor<\/th>\n<\/tr>\n<tr>\n<td>Plataforma<\/td>\n<td>Windows, macOS, Android, iOS, Linux<\/td>\n<\/tr>\n<tr>\n<td>Sistema operativo<\/td>\n<td>WINDOWS: Windows 7 Service Pack 1, Windows 8.1, Windows 10 (versi\u00f3n 1607+), Windows 11; \/ MAC: macOS 10.15 o posterior; \/ IOS: iOS 11+; \/ ANDROID: Android 6+;<\/td>\n<\/tr>\n<\/table>","protected":false},"featured_media":2908,"template":"","meta":{"inline_featured_image":false},"product_brand":[],"product_cat":[113],"product_tag":[],"class_list":{"0":"post-2674","1":"product","2":"type-product","3":"status-publish","4":"has-post-thumbnail","6":"product_cat-vpn-software","8":"first","9":"instock","10":"sale","11":"virtual","12":"taxable","13":"purchasable","14":"product-type-simple"},"_links":{"self":[{"href":"https:\/\/elitesoftkeys.com\/es\/wp-json\/wp\/v2\/product\/2674","targetHints":{"allow":["GET"]}}],"collection":[{"href":"https:\/\/elitesoftkeys.com\/es\/wp-json\/wp\/v2\/product"}],"about":[{"href":"https:\/\/elitesoftkeys.com\/es\/wp-json\/wp\/v2\/types\/product"}],"version-history":[{"count":0,"href":"https:\/\/elitesoftkeys.com\/es\/wp-json\/wp\/v2\/product\/2674\/revisions"}],"wp:featuredmedia":[{"embeddable":true,"href":"https:\/\/elitesoftkeys.com\/es\/wp-json\/wp\/v2\/media\/2908"}],"wp:attachment":[{"href":"https:\/\/elitesoftkeys.com\/es\/wp-json\/wp\/v2\/media?parent=2674"}],"wp:term":[{"taxonomy":"product_brand","embeddable":true,"href":"https:\/\/elitesoftkeys.com\/es\/wp-json\/wp\/v2\/product_brand?post=2674"},{"taxonomy":"product_cat","embeddable":true,"href":"https:\/\/elitesoftkeys.com\/es\/wp-json\/wp\/v2\/product_cat?post=2674"},{"taxonomy":"product_tag","embeddable":true,"href":"https:\/\/elitesoftkeys.com\/es\/wp-json\/wp\/v2\/product_tag?post=2674"}],"curies":[{"name":"gracias","href":"https:\/\/api.w.org\/{rel}","templated":true}]}}