{"id":2672,"date":"2024-12-21T13:58:14","date_gmt":"2024-12-21T13:58:14","guid":{"rendered":"http:\/\/elitesoftkeys.com\/?product=avg-secure-vpn"},"modified":"2025-07-06T14:07:08","modified_gmt":"2025-07-06T14:07:08","slug":"avg-secure-vpn","status":"publish","type":"product","link":"https:\/\/elitesoftkeys.com\/es\/producto\/avg-secure-vpn\/","title":{"rendered":"AVG Secure VPN"},"content":{"rendered":"<p>AVG Secure VPN cifra su conexi\u00f3n de red y la redirige a trav\u00e9s de otro servidor para ocultar su direcci\u00f3n IP y mantener su anonimato en l\u00ednea. Con una nueva direcci\u00f3n IP y una conexi\u00f3n a internet cifrada de forma segura, puede ocultar su actividad en l\u00ednea de hackers y su proveedor de servicios de internet (ISP), proteger sus datos en redes Wi-Fi p\u00fablicas gratuitas, ocultar su identidad en l\u00ednea y desbloquear sus sitios web y contenidos favoritos.<\/p>\n<p>VPN se puede utilizar en sistemas operativos Windows, macOS, Android e iOS.<\/p>\n<p>AVG Secure VPN ofrece los siguientes beneficios:<\/p>\n<p>Protege cualquier Wi-Fi, dondequiera que vayas. Tu navegaci\u00f3n, tus operaciones bancarias y tus pagos en l\u00ednea permanecen ocultos y protegidos, ya sea que est\u00e9s en casa o usando una red Wi-Fi p\u00fablica.<\/p>\n<p>Mant\u00e9n tu actividad en l\u00ednea privada. Una conexi\u00f3n cifrada significa que nadie ve lo que haces en l\u00ednea. Esto incluye a hackers, tu proveedor de internet e incluso el gobierno.<\/p>\n<p>Proporciona cifrado de nivel militar. Los niveles de cifrado AES de 256 bits protegen tu actividad en l\u00ednea.<\/p>\n<p>Te ofrecemos acceso global sin restricciones. Una lista de 50 servidores internacionales an\u00f3nimos te permite elegir el pa\u00eds que prefieras y navegar y ver contenido en streaming como si estuvieras all\u00ed.<\/p>","protected":false},"excerpt":{"rendered":"<table style='border-collapse: collapse; width: 100%;'>\n<tr>\n<th>Propiedad<\/th>\n<th>Valor<\/th>\n<\/tr>\n<tr>\n<td>Plataforma<\/td>\n<td>Windows, macOS, Android, iOS<\/td>\n<\/tr>\n<tr>\n<td>Disco duro<\/td>\n<td>WINDOWS:300 MB de espacio libre en el disco duro; MAC:90 MB de espacio libre en el disco duro.<\/td>\n<\/tr>\n<tr>\n<td>RAM<\/td>\n<td>WINDOWS: 256 MB de RAM o superior<\/td>\n<\/tr>\n<tr>\n<td>Sistema operativo<\/td>\n<td>WINDOWS: Windows 11 y Windows 10 excepto Mobile e IoT Core Edition (32 o 64 bits); Windows 8\/8.1 excepto RT y Starter Edition (32 o 64 bits); Windows 7 SP1 o superior, cualquier edici\u00f3n (32 o 64 bits) PC totalmente compatible con Windows con procesador Intel Pentium 4 \/ AMD Athlon 64 o superior (debe ser compatible con las instrucciones SSE2); MAC: Apple macOS 13.x (Ventura), Apple macOS 12.x (Monterey), Apple macOS 11.x (Big Sur), Apple macOS 10.15.x (Catalina), Apple macOS 10.14.x (Mojave), Apple macOS 10.13.x (High Sierra), Apple macOS 10.12.x (Sierra). Mac basado en Intel con un procesador de 64 bits; IOS: iOS 12.0 o posterior; ANDROID: Android 6.0 (Marshmallow, API 23) o posterior<\/td>\n<\/tr>\n<\/table>","protected":false},"featured_media":2909,"template":"","meta":{"inline_featured_image":false},"product_brand":[],"product_cat":[113],"product_tag":[],"class_list":{"0":"post-2672","1":"product","2":"type-product","3":"status-publish","4":"has-post-thumbnail","6":"product_cat-vpn-software","8":"first","9":"instock","10":"sale","11":"virtual","12":"taxable","13":"purchasable","14":"product-type-simple"},"_links":{"self":[{"href":"https:\/\/elitesoftkeys.com\/es\/wp-json\/wp\/v2\/product\/2672","targetHints":{"allow":["GET"]}}],"collection":[{"href":"https:\/\/elitesoftkeys.com\/es\/wp-json\/wp\/v2\/product"}],"about":[{"href":"https:\/\/elitesoftkeys.com\/es\/wp-json\/wp\/v2\/types\/product"}],"version-history":[{"count":0,"href":"https:\/\/elitesoftkeys.com\/es\/wp-json\/wp\/v2\/product\/2672\/revisions"}],"wp:featuredmedia":[{"embeddable":true,"href":"https:\/\/elitesoftkeys.com\/es\/wp-json\/wp\/v2\/media\/2909"}],"wp:attachment":[{"href":"https:\/\/elitesoftkeys.com\/es\/wp-json\/wp\/v2\/media?parent=2672"}],"wp:term":[{"taxonomy":"product_brand","embeddable":true,"href":"https:\/\/elitesoftkeys.com\/es\/wp-json\/wp\/v2\/product_brand?post=2672"},{"taxonomy":"product_cat","embeddable":true,"href":"https:\/\/elitesoftkeys.com\/es\/wp-json\/wp\/v2\/product_cat?post=2672"},{"taxonomy":"product_tag","embeddable":true,"href":"https:\/\/elitesoftkeys.com\/es\/wp-json\/wp\/v2\/product_tag?post=2672"}],"curies":[{"name":"gracias","href":"https:\/\/api.w.org\/{rel}","templated":true}]}}