{"id":2670,"date":"2024-12-21T13:58:11","date_gmt":"2024-12-21T13:58:11","guid":{"rendered":"http:\/\/elitesoftkeys.com\/?product=hma-pro-vpn"},"modified":"2025-07-06T14:07:08","modified_gmt":"2025-07-06T14:07:08","slug":"hma-pro-vpn","status":"publish","type":"product","link":"https:\/\/elitesoftkeys.com\/es\/producto\/hma-pro-vpn\/","title":{"rendered":"HMA! Pro VPN"},"content":{"rendered":"<p>HMA VPN te permite navegar por internet de forma an\u00f3nima y segura desde cualquier lugar. Las VPN te protegen creando un t\u00fanel cifrado que conecta tu ordenador a internet, puntos de acceso Wi-Fi y otras redes. HMA VPN es compatible con los sistemas operativos Windows, macOS, Android, iOS y Linux.<\/p>\n<p>Beneficios de HMA VPN:<\/p>\n<p>Streaming. Accede de forma segura y r\u00e1pida a sitios de streaming de m\u00e1s de 190 pa\u00edses y 163 servidores optimizados para streaming. Usa HMA VPN para Android TV, Apple TV, PlayStation, Netflix y otros servicios de streaming de todo el mundo.<\/p>\n<p>Privacidad. Una VPN cifra tu conexi\u00f3n a internet, protegiendo tu informaci\u00f3n de esp\u00edas y hackers, y te conecta a un servidor remoto para ocultar tu direcci\u00f3n IP, impidiendo que gobiernos, tu proveedor de internet y otros vean lo que haces en l\u00ednea.<\/p>\n<p>Servidores. HMA VPN ofrece m\u00e1s de 1090 servidores VPN en m\u00e1s de 210 pa\u00edses y m\u00e1s de 290 ubicaciones.<\/p>\n<p>Caracter\u00edsticas de seguridad de Nord VPN:<\/p>\n<p>Pol\u00edtica de no registro. Mant\u00e9ngase privado.<\/p>\n<p>Protocolo OpenVPN. Garantiza mayor velocidad y transparencia.<\/p>\n<p>Conexi\u00f3n Lightning. Encuentra el servidor m\u00e1s r\u00e1pido con un solo clic.<\/p>\n<p>Reglas de conexi\u00f3n. Mant\u00e9ngase conectado a HMA al cambiar de red.<\/p>\n<p>Aleatorizaci\u00f3n de IP. Aleatoriza tu direcci\u00f3n IP para evitar rastreadores.<\/p>\n<p>Kill Switch. Bloquea internet si pierdes tu conexi\u00f3n VPN.<\/p>\n<p>Interruptor de seguridad inteligente. Inicia HMA autom\u00e1ticamente para proteger tus aplicaciones.<\/p>\n<p>DNS sin registro. Conf\u00ede en el DNS sin registro para evitar dejar rastro.<\/p>\n<p>Protecci\u00f3n contra fugas. Evita fugas de IPv4, IPv6 y DNS mientras navegas.<\/p>\n<p>Prueba de velocidad. Encuentra el servidor con el mejor rendimiento.<\/p>","protected":false},"excerpt":{"rendered":"<table style='border-collapse: collapse; width: 100%;'>\n<tr>\n<th>Propiedad<\/th>\n<th>Valor<\/th>\n<\/tr>\n<tr>\n<td>Plataforma<\/td>\n<td>Windows, macOS, Android, iOS, Linux<\/td>\n<\/tr>\n<tr>\n<td>Sistema operativo<\/td>\n<td>WINDOWS: Windows 7 SP1 o superior, Windows 8, Windows 8.1, Windows 10, Windows 11; MAC: macOS Monterey (12), macOS Sierra (10.12), macOS High Sierra (10.13), macOS Mojave (10.14), macOS Catalina (10.15), macOS Big Sur (11); ANDROID: Android Marshmallow (versi\u00f3n 6), Android Nougat (versi\u00f3n 7), Android Oreo (versi\u00f3n 8), Android Pie (versi\u00f3n 9), Android 10, Android 11, Android 12; IOS: iOS 13, iOS 14, iOS 15; ANDROID TV: Android TV 7 o superior<\/td>\n<\/tr>\n<\/table>","protected":false},"featured_media":2910,"template":"","meta":{"inline_featured_image":false},"product_brand":[],"product_cat":[113],"product_tag":[],"class_list":{"0":"post-2670","1":"product","2":"type-product","3":"status-publish","4":"has-post-thumbnail","6":"product_cat-vpn-software","8":"first","9":"instock","10":"sale","11":"virtual","12":"taxable","13":"purchasable","14":"product-type-simple"},"_links":{"self":[{"href":"https:\/\/elitesoftkeys.com\/es\/wp-json\/wp\/v2\/product\/2670","targetHints":{"allow":["GET"]}}],"collection":[{"href":"https:\/\/elitesoftkeys.com\/es\/wp-json\/wp\/v2\/product"}],"about":[{"href":"https:\/\/elitesoftkeys.com\/es\/wp-json\/wp\/v2\/types\/product"}],"version-history":[{"count":0,"href":"https:\/\/elitesoftkeys.com\/es\/wp-json\/wp\/v2\/product\/2670\/revisions"}],"wp:featuredmedia":[{"embeddable":true,"href":"https:\/\/elitesoftkeys.com\/es\/wp-json\/wp\/v2\/media\/2910"}],"wp:attachment":[{"href":"https:\/\/elitesoftkeys.com\/es\/wp-json\/wp\/v2\/media?parent=2670"}],"wp:term":[{"taxonomy":"product_brand","embeddable":true,"href":"https:\/\/elitesoftkeys.com\/es\/wp-json\/wp\/v2\/product_brand?post=2670"},{"taxonomy":"product_cat","embeddable":true,"href":"https:\/\/elitesoftkeys.com\/es\/wp-json\/wp\/v2\/product_cat?post=2670"},{"taxonomy":"product_tag","embeddable":true,"href":"https:\/\/elitesoftkeys.com\/es\/wp-json\/wp\/v2\/product_tag?post=2670"}],"curies":[{"name":"gracias","href":"https:\/\/api.w.org\/{rel}","templated":true}]}}