{"id":2668,"date":"2024-12-21T13:58:09","date_gmt":"2024-12-21T13:58:09","guid":{"rendered":"http:\/\/elitesoftkeys.com\/?product=kaspersky-vpn-secure-connection"},"modified":"2025-07-06T14:07:08","modified_gmt":"2025-07-06T14:07:08","slug":"kaspersky-vpn-secure-connection","status":"publish","type":"product","link":"https:\/\/elitesoftkeys.com\/es\/producto\/kaspersky-vpn-secure-connection\/","title":{"rendered":"Conexi\u00f3n segura VPN de Kaspersky"},"content":{"rendered":"<p>Con Kaspersky VPN Secure Connection, puedes navegar de forma segura y an\u00f3nima en l\u00ednea, a la velocidad l\u00edder del sector, y acceder a contenido global sin restricciones desde cualquier lugar. La VPN selecciona el servidor m\u00e1s r\u00e1pido para ti entre m\u00e1s de 2000 opciones en m\u00e1s de 70 territorios. Kaspersky VPN Secure Connection es compatible con los sistemas operativos Windows, macOS, Android e iOS.<\/p>\n<p>Caracter\u00edsticas de Kaspersky VPN Secure Connection:<\/p>\n<p>Privacidad<\/p>\n<p>La VPN oculta su identidad y actividad en l\u00ednea a las empresas y gobiernos que registran su comportamiento.<\/p>\n<p>Enmascaramiento de direcci\u00f3n IP. Tu IP \u00fanica ser\u00e1 enmascarada por los servidores, lo que garantiza que nadie pueda rastrear tus dispositivos ni tu geolocalizaci\u00f3n.<\/p>\n<p>Protecci\u00f3n exclusiva para aplicaciones sensibles. Puedes elegir qu\u00e9 datos cifrar con VPN, como los de tus apps bancarias y de redes sociales, y permitir que otras apps accedan directamente a internet.<\/p>\n<p>Cero registros de actividad. Busca y navega sin que nada ni nadie guarde registros digitales de tu actividad e historial.<\/p>\n<p>Seguridad<\/p>\n<p>Datos cifrados. El cifrado de 256 bits de grado militar impide que los delincuentes roben los datos que env\u00eda y recibe.<\/p>\n<p>Ya sea que realice compras, operaciones bancarias, videollamadas o correos electr\u00f3nicos, los piratas inform\u00e1ticos nunca podr\u00e1n interceptar ni robar sus datos.<\/p>\n<p>Banca segura. El cifrado de datos tambi\u00e9n garantiza que sus datos de banca en l\u00ednea y de pago nunca sean interceptados.<\/p>\n<p>Seguridad para tu wifi dom\u00e9stico. Cualquier dispositivo que conectes a tu banda ancha dom\u00e9stica estar\u00e1 protegido autom\u00e1ticamente.<\/p>\n<p>Libertad<\/p>\n<p>Conexi\u00f3n ultrarr\u00e1pida. Con nuestros r\u00e1pidos servidores VPN, nada te ralentizar\u00e1 en l\u00ednea.<\/p>\n<p>Sin restricciones geogr\u00e1ficas. Accede a tus series, pel\u00edculas y sitios web favoritos desde cualquier lugar del mundo.<\/p>","protected":false},"excerpt":{"rendered":"<table style='border-collapse: collapse; width: 100%;'>\n<tr>\n<th>Propiedad<\/th>\n<th>Valor<\/th>\n<\/tr>\n<tr>\n<td>Plataforma<\/td>\n<td>Windows, macOS, Android, iOS, Linux<\/td>\n<\/tr>\n<tr>\n<td>Procesador<\/td>\n<td>WINDOWS: 1 GHz o superior<\/td>\n<\/tr>\n<tr>\n<td>Disco duro<\/td>\n<td>WINDOWS: 150 MB de espacio libre en el disco duro, MAC: 320 MB de espacio libre en el disco duro; ANDROID E IOS: 150 MB de espacio libre<\/td>\n<\/tr>\n<tr>\n<td>RAM<\/td>\n<td>WINDOWS: 1 GB (32 bits) o 2 GB (64 bits); MAC: 1 GB;<\/td>\n<\/tr>\n<tr>\n<td>Sistema operativo<\/td>\n<td>WINDOWS: Microsoft Windows 11 Home \/ Pro \/ Enterprise2 Microsoft Windows 10 Home \/ Pro \/ Enterprise Microsoft Windows 8 y 8.1 \/ Pro \/ Enterprise \/ actualizaci\u00f3n 8.1 Microsoft Windows 7 Starter \/ Home Basic \/ Home Premium \/ Professional \/ Ultimate \u2013 SP1 o superior; MAC: macOS 11 \u2013 13; ANDROID: Android 8 \u2013 13; IOS: iOS 15 \u2013 16<\/td>\n<\/tr>\n<\/table>","protected":false},"featured_media":2911,"template":"","meta":{"inline_featured_image":false},"product_brand":[],"product_cat":[113],"product_tag":[],"class_list":{"0":"post-2668","1":"product","2":"type-product","3":"status-publish","4":"has-post-thumbnail","6":"product_cat-vpn-software","8":"first","9":"instock","10":"sale","11":"virtual","12":"taxable","13":"purchasable","14":"product-type-simple"},"_links":{"self":[{"href":"https:\/\/elitesoftkeys.com\/es\/wp-json\/wp\/v2\/product\/2668","targetHints":{"allow":["GET"]}}],"collection":[{"href":"https:\/\/elitesoftkeys.com\/es\/wp-json\/wp\/v2\/product"}],"about":[{"href":"https:\/\/elitesoftkeys.com\/es\/wp-json\/wp\/v2\/types\/product"}],"version-history":[{"count":0,"href":"https:\/\/elitesoftkeys.com\/es\/wp-json\/wp\/v2\/product\/2668\/revisions"}],"wp:featuredmedia":[{"embeddable":true,"href":"https:\/\/elitesoftkeys.com\/es\/wp-json\/wp\/v2\/media\/2911"}],"wp:attachment":[{"href":"https:\/\/elitesoftkeys.com\/es\/wp-json\/wp\/v2\/media?parent=2668"}],"wp:term":[{"taxonomy":"product_brand","embeddable":true,"href":"https:\/\/elitesoftkeys.com\/es\/wp-json\/wp\/v2\/product_brand?post=2668"},{"taxonomy":"product_cat","embeddable":true,"href":"https:\/\/elitesoftkeys.com\/es\/wp-json\/wp\/v2\/product_cat?post=2668"},{"taxonomy":"product_tag","embeddable":true,"href":"https:\/\/elitesoftkeys.com\/es\/wp-json\/wp\/v2\/product_tag?post=2668"}],"curies":[{"name":"gracias","href":"https:\/\/api.w.org\/{rel}","templated":true}]}}