{"id":2666,"date":"2024-12-21T13:58:07","date_gmt":"2024-12-21T13:58:07","guid":{"rendered":"http:\/\/elitesoftkeys.com\/?product=surfshark-vpn"},"modified":"2025-07-06T14:07:08","modified_gmt":"2025-07-06T14:07:08","slug":"surfshark-vpn","status":"publish","type":"product","link":"https:\/\/elitesoftkeys.com\/es\/producto\/surfshark-vpn\/","title":{"rendered":"VPN de SurfShark"},"content":{"rendered":"<p>\u00a1Protege tu conexi\u00f3n con SurfShark VPN! Surfshark se conecta, reconecta, se mantiene alerta y te protege en l\u00ednea 24\/7, dondequiera que vayas. Con su dise\u00f1o intuitivo, aprender\u00e1s a usarlo enseguida.<\/p>\n<p>SurfShark VPN se puede utilizar en sistemas operativos Windows, macOS, Android, iOS y Linux.<\/p>\n<p>Ventajas de SurfShark VPN: Web sin publicidad: \u00a1Oculta tu ubicaci\u00f3n y elimina los molestos anuncios que te molestan! \u00a1Sin rastreadores ni ventanas emergentes! VPN de alto rendimiento: \u00a1Trabaja, juega y explora con total seguridad y velocidad con SurfShark! Disponibilidad: M\u00e1s de 100 pa\u00edses para alojar servidores y m\u00e1s de 3200 servidores totalmente funcionales, seguros y r\u00e1pidos a tu disposici\u00f3n. Tantos dispositivos como quieras: \u00a1As\u00ed es! Dispositivos ilimitados para usar con tu licencia y compatible con todos los sistemas operativos y dispositivos m\u00f3viles incluidos. Principales caracter\u00edsticas de seguridad de SurfShark VPN:<\/p>\n<p>Protecci\u00f3n contra amenazas: bloquea malware, rastreadores web, anuncios y otras amenazas comunes de Internet. Meshnet: crea tu propia red privada encriptada para compartir archivos, trabajar o asistir a fiestas LAN de forma segura. Dark Web Monitor: recibe alertas inmediatas si tus cuentas est\u00e1n comprometidas. IP dedicada: protege tu reputaci\u00f3n en l\u00ednea, evita listas de denegaci\u00f3n y accede a redes con IP restringidas.<\/p>","protected":false},"excerpt":{"rendered":"<table style='border-collapse: collapse; width: 100%;'>\n<tr>\n<th>Propiedad<\/th>\n<th>Valor<\/th>\n<\/tr>\n<tr>\n<td>Plataforma<\/td>\n<td>Windows, macOS, Android, iOS, Linux<\/td>\n<\/tr>\n<tr>\n<td>Sistema operativo<\/td>\n<td>WINDOWS: Windows 7 Service Pack 1, Windows 8.1, Windows 10 (versi\u00f3n 1607+), Windows 11; \/ MAC: macOS 10.15 o posterior; \/ IOS: iOS 11+; \/ ANDROID: Android 6+;<\/td>\n<\/tr>\n<\/table>","protected":false},"featured_media":2912,"template":"","meta":{"inline_featured_image":false},"product_brand":[],"product_cat":[113],"product_tag":[],"class_list":{"0":"post-2666","1":"product","2":"type-product","3":"status-publish","4":"has-post-thumbnail","6":"product_cat-vpn-software","8":"first","9":"instock","10":"sale","11":"virtual","12":"taxable","13":"purchasable","14":"product-type-simple"},"_links":{"self":[{"href":"https:\/\/elitesoftkeys.com\/es\/wp-json\/wp\/v2\/product\/2666","targetHints":{"allow":["GET"]}}],"collection":[{"href":"https:\/\/elitesoftkeys.com\/es\/wp-json\/wp\/v2\/product"}],"about":[{"href":"https:\/\/elitesoftkeys.com\/es\/wp-json\/wp\/v2\/types\/product"}],"version-history":[{"count":0,"href":"https:\/\/elitesoftkeys.com\/es\/wp-json\/wp\/v2\/product\/2666\/revisions"}],"wp:featuredmedia":[{"embeddable":true,"href":"https:\/\/elitesoftkeys.com\/es\/wp-json\/wp\/v2\/media\/2912"}],"wp:attachment":[{"href":"https:\/\/elitesoftkeys.com\/es\/wp-json\/wp\/v2\/media?parent=2666"}],"wp:term":[{"taxonomy":"product_brand","embeddable":true,"href":"https:\/\/elitesoftkeys.com\/es\/wp-json\/wp\/v2\/product_brand?post=2666"},{"taxonomy":"product_cat","embeddable":true,"href":"https:\/\/elitesoftkeys.com\/es\/wp-json\/wp\/v2\/product_cat?post=2666"},{"taxonomy":"product_tag","embeddable":true,"href":"https:\/\/elitesoftkeys.com\/es\/wp-json\/wp\/v2\/product_tag?post=2666"}],"curies":[{"name":"gracias","href":"https:\/\/api.w.org\/{rel}","templated":true}]}}