{"id":2662,"date":"2024-12-21T13:58:02","date_gmt":"2024-12-21T13:58:02","guid":{"rendered":"http:\/\/elitesoftkeys.com\/?product=eset-internet-security"},"modified":"2025-07-06T14:06:28","modified_gmt":"2025-07-06T14:06:28","slug":"eset-internet-security","status":"publish","type":"product","link":"https:\/\/elitesoftkeys.com\/es\/producto\/eset-internet-security\/","title":{"rendered":"Seguridad de Internet de ESET"},"content":{"rendered":"<p>ESET NOD32 Antivirus: Descarga y activaci\u00f3n<\/p>\n<p>Los productos antivirus ESET NOD32 est\u00e1n dise\u00f1ados para brindar protecci\u00f3n integral a los equipos y las actividades en l\u00ednea de los usuarios contra todo tipo de amenazas, incluyendo virus, spyware, malware, phishing y ransomware. ESET NOD32 es ideal para quienes valoran su privacidad y utilizan Internet con frecuencia para compras, operaciones bancarias, trabajo y comunicaci\u00f3n.<\/p>\n<p>Funciones de pago y protecci\u00f3n de la privacidad:<\/p>\n<p>Protecci\u00f3n bancaria y de pagos: protege las transacciones en l\u00ednea y el acceso a las criptomonedas.<\/p>\n<p>Firewall, Inspector de red y m\u00e1s: protege el acceso a datos, red y c\u00e1mara web.<\/p>\n<p>Control parental: protege a tus hijos en l\u00ednea y monitorea sus actividades.<\/p>\n<p>Tecnolog\u00eda antivirus avanzada:<\/p>\n<p>Anti-Phishing: Protege tus datos y dinero del fraude digital.<\/p>\n<p>Sin ralentizaciones: disfruta de toda la potencia de tu ordenador sin interrupciones.<\/p>\n<p>Protecci\u00f3n proactiva multinivel: explore Internet de forma segura, protegido contra todo tipo de amenazas de malware.<\/p>\n<p>Puede descargar ESET NOD32 Antivirus y proceder con la activaci\u00f3n de NOD32 siguiendo las instrucciones proporcionadas con la compra del producto.<\/p>\n<p>\u00bfQu\u00e9 recibir\u00e1s al comprar Eset nod32 antivirus 2024?<\/p>\n<p>Recibir\u00e1 el producto en unos segundos directamente por correo electr\u00f3nico. En el correo encontrar\u00e1:<\/p>\n<p>1 c\u00f3digo de activaci\u00f3n<\/p>\n<p>Enlace de descarga<\/p>\n<p>Gu\u00eda de instalaci\u00f3n y activaci\u00f3n de NOD32<\/p>\n<p>Soporte gratuito en ITALIANO<\/p>\n<p>Factura de compra<\/p>\n<p>\u00bfC\u00f3mo las licencias del antivirus ESET NOD32 son tan baratas?<\/p>\n<p>Ofrecemos licencias minoristas que han sido utilizadas y descontinuadas por el anterior propietario, de conformidad con la sentencia CE C-128\/2011. Por lo tanto, puede adquirir la licencia oficial de ESET NOD32 Antivirus en nuestra web a un precio asequible.<\/p>\n<p>\u00bfC\u00f3mo recibo mi licencia despu\u00e9s de comprar ESET NOD32?<\/p>\n<p>Despu\u00e9s de completar su compra, le enviaremos una clave de activaci\u00f3n de licencia por correo electr\u00f3nico.<\/p>\n<p>\u00bfC\u00f3mo descargo, instalo y activo ESET NOD32 Antivirus?<\/p>\n<p>\u00a1Le proporcionaremos todo lo que necesita! Tras adquirir su licencia, recibir\u00e1 su clave digital y manuales con instrucciones sencillas. Si tiene alguna pregunta, ofrecemos soporte t\u00e9cnico gratuito a trav\u00e9s de los contactos que encontrar\u00e1 en www.EliteSoftKeys.com.<\/p>\n<p>\u00bfQu\u00e9 puedo hacer si no puedo activar mi antivirus?<\/p>\n<p>No hay problema, \u00a1siempre estamos disponibles para ayudarte! Si no puedes activar tu licencia de ESET NOD32 Antivirus, contacta con nuestro soporte t\u00e9cnico gratuito en el sitio web y proporciona detalles y capturas de pantalla del problema. Te ayudaremos de inmediato.<\/p>","protected":false},"excerpt":{"rendered":"<table style='border-collapse: collapse; width: 100%;'>\n<tr>\n<th>Propiedad<\/th>\n<th>Valor<\/th>\n<\/tr>\n<tr>\n<td>Plataforma<\/td>\n<td>Windows\/MacOS\/Android<\/td>\n<\/tr>\n<tr>\n<td>Sistema operativo<\/td>\n<td>WINDOWS: Sistemas operativos 11, 10 y superiores. En Windows con ARM, algunas caracter\u00edsticas y funcionalidades no son compatibles. MAC: macOS 12 (Monterey), macOS 11 (Big Sur), macOS 10.15 (Catalina), macOS 10.14 (Mojave), macOS 10.13 (High Sierra), macOS 10.12.x (Sierra). ANDROID: Sistema operativo Android 6.0 y superiores (ESTVS Google TV OS con Google Play Store).<\/td>\n<\/tr>\n<tr>\n<td>Otros requisitos<\/td>\n<td>Conexi\u00f3n a Internet<\/td>\n<\/tr>\n<\/table>","protected":false},"featured_media":2857,"template":"","meta":{"inline_featured_image":false},"product_brand":[],"product_cat":[117],"product_tag":[],"class_list":{"0":"post-2662","1":"product","2":"type-product","3":"status-publish","4":"has-post-thumbnail","6":"product_cat-antivirus","8":"first","9":"instock","10":"sale","11":"virtual","12":"taxable","13":"purchasable","14":"product-type-simple"},"_links":{"self":[{"href":"https:\/\/elitesoftkeys.com\/es\/wp-json\/wp\/v2\/product\/2662","targetHints":{"allow":["GET"]}}],"collection":[{"href":"https:\/\/elitesoftkeys.com\/es\/wp-json\/wp\/v2\/product"}],"about":[{"href":"https:\/\/elitesoftkeys.com\/es\/wp-json\/wp\/v2\/types\/product"}],"version-history":[{"count":0,"href":"https:\/\/elitesoftkeys.com\/es\/wp-json\/wp\/v2\/product\/2662\/revisions"}],"wp:featuredmedia":[{"embeddable":true,"href":"https:\/\/elitesoftkeys.com\/es\/wp-json\/wp\/v2\/media\/2857"}],"wp:attachment":[{"href":"https:\/\/elitesoftkeys.com\/es\/wp-json\/wp\/v2\/media?parent=2662"}],"wp:term":[{"taxonomy":"product_brand","embeddable":true,"href":"https:\/\/elitesoftkeys.com\/es\/wp-json\/wp\/v2\/product_brand?post=2662"},{"taxonomy":"product_cat","embeddable":true,"href":"https:\/\/elitesoftkeys.com\/es\/wp-json\/wp\/v2\/product_cat?post=2662"},{"taxonomy":"product_tag","embeddable":true,"href":"https:\/\/elitesoftkeys.com\/es\/wp-json\/wp\/v2\/product_tag?post=2662"}],"curies":[{"name":"gracias","href":"https:\/\/api.w.org\/{rel}","templated":true}]}}