{"id":2658,"date":"2024-12-21T13:57:58","date_gmt":"2024-12-21T13:57:58","guid":{"rendered":"http:\/\/elitesoftkeys.com\/?product=bitdefender-antivirus-plus"},"modified":"2025-07-06T14:06:28","modified_gmt":"2025-07-06T14:06:28","slug":"bitdefender-antivirus-plus","status":"publish","type":"product","link":"https:\/\/elitesoftkeys.com\/es\/producto\/bitdefender-antivirus-plus\/","title":{"rendered":"BitDefender Antivirus Plus"},"content":{"rendered":"<p>Bitdefender ofrece soluciones de ciberseguridad con eficacia de seguridad, rendimiento y facilidad de uso l\u00edderes para peque\u00f1as y medianas empresas, empresas del mercado medio y consumidores.<\/p>\n<p>El antivirus Bitdefender plus ofrece:<\/p>\n<p>Protecci\u00f3n esencial en tiempo real para PC con Windows contra todos los virus y ransomware.<\/p>\n<p>Prevenci\u00f3n de phishing y fraude online mientras compras y navegas.<\/p>\n<p>VPN segura para una privacidad completa en l\u00ednea, 200 MB\/d\u00eda\/dispositivo.<\/p>\n<p>Protecci\u00f3nLa inmejorable protecci\u00f3n multicapa de Bitdefender mantiene sus dispositivos a salvo de todas las amenazas electr\u00f3nicas nuevas y existentes con las siguientes caracter\u00edsticas: Protecci\u00f3n completa de datos en tiempo real, Prevenci\u00f3n de amenazas de red, Defensa avanzada contra amenazas, Protecci\u00f3n multicapa contra ransomware, Evaluaci\u00f3n de vulnerabilidades, Prevenci\u00f3n de ataques web, Anti-Phishing, Anti-Fraude, Entorno de rescate.<\/p>\n<p>RendimientoEl software de seguridad Bitdefender reacciona instant\u00e1neamente al malware sin comprometer el rendimiento de su sistema con las siguientes caracter\u00edsticas: Piloto autom\u00e1tico, Bitdefender Photon, Red de protecci\u00f3n global, Modos de juego\/pel\u00edcula y trabajo, Modo bater\u00eda.<\/p>\n<p>La protecci\u00f3n completa de Bitdefender cuida su privacidad en l\u00ednea y su informaci\u00f3n personal con las siguientes funciones: Bitdefender VPN, Anti-tracker, Banca en l\u00ednea segura, Asesor de seguridad de Wi-Fi, Protecci\u00f3n de redes sociales, Destructor de archivos.<\/p>\n<p>Bitdefender Antivirus Plus incluye la ciberseguridad de \u00faltima generaci\u00f3n que gan\u00f3 el premio \u201cProducto del a\u00f1o\u201d de AV-Comparatives.<\/p>\n<p>Comparaci\u00f3n de productos Bitdefender<\/p>\n<p>Bitdefender<\/p>\n<p>Seguridad total<\/p>\n<p>Bitdefender<\/p>\n<p>Seguridad en Internet<\/p>\n<p>Bitdefender<\/p>\n<p>Antivirus Plus<\/p>\n<p>N de dispositivos<\/p>\n<p>5 dispositivos<\/p>\n<p>3 dispositivos<\/p>\n<p>3 dispositivos<\/p>\n<p>Plataforma<\/p>\n<p>Windows, macOS, Android, iOS<\/p>\n<p>solo Windows<\/p>\n<p>solo Windows<\/p>\n<p>Optimizador de dispositivos<\/p>\n<p>\u2713<\/p>\n<p>\u2715<\/p>\n<p>\u2715<\/p>\n<p>Cortafuegos de privacidad<\/p>\n<p>\u2713<\/p>\n<p>\u2713<\/p>\n<p>\u2715<\/p>\n<p>Control parental<\/p>\n<p>\u2713<\/p>\n<p>\u2713<\/p>\n<p>\u2715<\/p>\n<p>Protecci\u00f3n contra malware, spyware y adware<\/p>\n<p>\u2713<\/p>\n<p>\u2713<\/p>\n<p>\u2713<\/p>\n<p>Protecci\u00f3n multicapa contra ransomware<\/p>\n<p>\u2713<\/p>\n<p>\u2713<\/p>\n<p>\u2713<\/p>","protected":false},"excerpt":{"rendered":"<table style='border-collapse: collapse; width: 100%;'>\n<tr>\n<th>Propiedad<\/th>\n<th>Valor<\/th>\n<\/tr>\n<tr>\n<td>Plataforma<\/td>\n<td>Windows 7 con Service Pack 1, Windows 8.1, Windows 10 y Windows 11. *El rendimiento del sistema puede verse afectado en dispositivos que tienen CPU de generaci\u00f3n anterior.<\/td>\n<\/tr>\n<tr>\n<td>Disco duro<\/td>\n<td>2,5 GB de espacio libre<\/td>\n<\/tr>\n<tr>\n<td>RAM<\/td>\n<td>2 GB de RAM<\/td>\n<\/tr>\n<tr>\n<td>Otros requisitos<\/td>\n<td>Internet Explorer versi\u00f3n 11<\/td>\n<\/tr>\n<\/table>","protected":false},"featured_media":2861,"template":"","meta":{"inline_featured_image":false},"product_brand":[],"product_cat":[117],"product_tag":[],"class_list":{"0":"post-2658","1":"product","2":"type-product","3":"status-publish","4":"has-post-thumbnail","6":"product_cat-antivirus","8":"first","9":"instock","10":"sale","11":"virtual","12":"taxable","13":"purchasable","14":"product-type-simple"},"_links":{"self":[{"href":"https:\/\/elitesoftkeys.com\/es\/wp-json\/wp\/v2\/product\/2658","targetHints":{"allow":["GET"]}}],"collection":[{"href":"https:\/\/elitesoftkeys.com\/es\/wp-json\/wp\/v2\/product"}],"about":[{"href":"https:\/\/elitesoftkeys.com\/es\/wp-json\/wp\/v2\/types\/product"}],"version-history":[{"count":0,"href":"https:\/\/elitesoftkeys.com\/es\/wp-json\/wp\/v2\/product\/2658\/revisions"}],"wp:featuredmedia":[{"embeddable":true,"href":"https:\/\/elitesoftkeys.com\/es\/wp-json\/wp\/v2\/media\/2861"}],"wp:attachment":[{"href":"https:\/\/elitesoftkeys.com\/es\/wp-json\/wp\/v2\/media?parent=2658"}],"wp:term":[{"taxonomy":"product_brand","embeddable":true,"href":"https:\/\/elitesoftkeys.com\/es\/wp-json\/wp\/v2\/product_brand?post=2658"},{"taxonomy":"product_cat","embeddable":true,"href":"https:\/\/elitesoftkeys.com\/es\/wp-json\/wp\/v2\/product_cat?post=2658"},{"taxonomy":"product_tag","embeddable":true,"href":"https:\/\/elitesoftkeys.com\/es\/wp-json\/wp\/v2\/product_tag?post=2658"}],"curies":[{"name":"gracias","href":"https:\/\/api.w.org\/{rel}","templated":true}]}}