{"id":2656,"date":"2024-12-21T13:57:55","date_gmt":"2024-12-21T13:57:55","guid":{"rendered":"http:\/\/elitesoftkeys.com\/?product=eset-smart-security-premium"},"modified":"2025-07-06T14:06:27","modified_gmt":"2025-07-06T14:06:27","slug":"eset-smart-security-premium","status":"publish","type":"product","link":"https:\/\/elitesoftkeys.com\/es\/producto\/eset-smart-security-premium\/","title":{"rendered":"ESET Smart Security Premium"},"content":{"rendered":"<p>Los productos de seguridad de ESET est\u00e1n dise\u00f1ados para brindar protecci\u00f3n completa a los equipos y actividades en l\u00ednea de los usuarios contra todo tipo de amenazas, como virus, spyware, malware, phishing y ransomware. Los productos de ESET son ideales para quienes se preocupan por su privacidad y utilizan activamente Internet para compras, operaciones bancarias, trabajo y comunicaci\u00f3n.<\/p>\n<p>Funciones premium para una oferta de seguridad integral:<\/p>\n<p>ESET LiveGuard. Le protege activamente incluso contra amenazas desconocidas.<\/p>\n<p>Administrador de contrase\u00f1as. Recuerda una sola contrase\u00f1a para guardar y compartir de forma segura todas tus contrase\u00f1as en todos tus dispositivos.<\/p>\n<p>Cifrado de nivel militar. Protecci\u00f3n adicional para tus datos confidenciales y unidades externas.<\/p>\n<p>Las funciones de protecci\u00f3n de pagos y privacidad ofrecen:<\/p>\n<p>Protecci\u00f3n de pagos y banca. Asegure sus transacciones en l\u00ednea y el acceso a sus criptomonederos.<\/p>\n<p>Cortafuegos e inspector de red. Protege el acceso a tus datos, red y c\u00e1mara web.<\/p>\n<p>Control parental. Protege a tus hijos en l\u00ednea y supervisa sus actividades.<\/p>\n<p>La tecnolog\u00eda antivirus ofrece:<\/p>\n<p>Antiphishing. Protege tus datos y dinero del fraude digital.<\/p>\n<p>Sin ralentizaciones. Disfruta de toda la potencia de tu ordenador sin interrupciones.<\/p>\n<p>Protecci\u00f3n proactiva multicapa. Explore en l\u00ednea, protegido contra todo tipo de amenazas de malware.<\/p>\n<p>Comparaci\u00f3n de productos ESET<\/p>\n<p>SEGURIDAD PREMIUM<\/p>\n<p>ESET Smart Security Premium<\/p>\n<p>SEGURIDAD AVANZADA<\/p>\n<p>Seguridad de Internet de ESET<\/p>\n<p>SEGURIDAD ESENCIAL<\/p>\n<p>Antivirus ESET NOD32<\/p>\n<p>Sistemas operativos protegidos<\/p>\n<p>Windows, macOS, Android<\/p>\n<p>Windows, macOS, Android<\/p>\n<p>Windows, macOS<\/p>\n<p>Protecci\u00f3n contra malware, ransomware y phishing<\/p>\n<p>\u2713<\/p>\n<p>\u2713<\/p>\n<p>\u2713<\/p>\n<p>Protecci\u00f3n de redes y dispositivos inteligentes<\/p>\n<p>\u2713<\/p>\n<p>\u2713<\/p>\n<p>\u2715<\/p>\n<p>Privacidad y banca<\/p>\n<p>protecci\u00f3n<\/p>\n<p>\u2713<\/p>\n<p>\u2713<\/p>\n<p>\u2715<\/p>\n<p>Cifrado de datos sensibles<\/p>\n<p>\u2713<\/p>\n<p>\u2713<\/p>\n<p>\u2715<\/p>\n<p>Protecci\u00f3n contra amenazas nunca antes vistas<\/p>\n<p>\u2713<\/p>\n<p>\u2715<\/p>\n<p>\u2715<\/p>\n<p>Gesti\u00f3n de contrase\u00f1as<\/p>\n<p>\u2713<\/p>\n<p>\u2715<\/p>\n<p>\u2715<\/p>","protected":false},"excerpt":{"rendered":"<table style='border-collapse: collapse; width: 100%;'>\n<tr>\n<th>Propiedad<\/th>\n<th>Valor<\/th>\n<\/tr>\n<tr>\n<td>Plataforma<\/td>\n<td>Windows\/MacOS\/Android<\/td>\n<\/tr>\n<tr>\n<td>Sistema operativo<\/td>\n<td>WINDOWS: Sistemas operativos 11, 10 y superiores. En Windows con ARM, algunas caracter\u00edsticas y funcionalidades no son compatibles. MAC: macOS 12 (Monterey), macOS 11 (Big Sur), macOS 10.15 (Catalina), macOS 10.14 (Mojave), macOS 10.13 (High Sierra), macOS 10.12.x (Sierra). ANDROID: Sistema operativo Android 6.0 y superiores (ESTVS Google TV OS con Google Play Store).<\/td>\n<\/tr>\n<tr>\n<td>Otros requisitos<\/td>\n<td>Conexi\u00f3n a Internet<\/td>\n<\/tr>\n<\/table>","protected":false},"featured_media":2863,"template":"","meta":{"inline_featured_image":false},"product_brand":[],"product_cat":[117],"product_tag":[],"class_list":{"0":"post-2656","1":"product","2":"type-product","3":"status-publish","4":"has-post-thumbnail","6":"product_cat-antivirus","8":"first","9":"instock","10":"sale","11":"virtual","12":"taxable","13":"purchasable","14":"product-type-simple"},"_links":{"self":[{"href":"https:\/\/elitesoftkeys.com\/es\/wp-json\/wp\/v2\/product\/2656","targetHints":{"allow":["GET"]}}],"collection":[{"href":"https:\/\/elitesoftkeys.com\/es\/wp-json\/wp\/v2\/product"}],"about":[{"href":"https:\/\/elitesoftkeys.com\/es\/wp-json\/wp\/v2\/types\/product"}],"version-history":[{"count":0,"href":"https:\/\/elitesoftkeys.com\/es\/wp-json\/wp\/v2\/product\/2656\/revisions"}],"wp:featuredmedia":[{"embeddable":true,"href":"https:\/\/elitesoftkeys.com\/es\/wp-json\/wp\/v2\/media\/2863"}],"wp:attachment":[{"href":"https:\/\/elitesoftkeys.com\/es\/wp-json\/wp\/v2\/media?parent=2656"}],"wp:term":[{"taxonomy":"product_brand","embeddable":true,"href":"https:\/\/elitesoftkeys.com\/es\/wp-json\/wp\/v2\/product_brand?post=2656"},{"taxonomy":"product_cat","embeddable":true,"href":"https:\/\/elitesoftkeys.com\/es\/wp-json\/wp\/v2\/product_cat?post=2656"},{"taxonomy":"product_tag","embeddable":true,"href":"https:\/\/elitesoftkeys.com\/es\/wp-json\/wp\/v2\/product_tag?post=2656"}],"curies":[{"name":"gracias","href":"https:\/\/api.w.org\/{rel}","templated":true}]}}