{"id":2654,"date":"2024-12-21T13:57:52","date_gmt":"2024-12-21T13:57:52","guid":{"rendered":"http:\/\/elitesoftkeys.com\/?product=bitdefender-family-pack"},"modified":"2025-07-06T14:06:27","modified_gmt":"2025-07-06T14:06:27","slug":"bitdefender-family-pack","status":"publish","type":"product","link":"https:\/\/elitesoftkeys.com\/es\/producto\/bitdefender-family-pack\/","title":{"rendered":"Paquete familiar BitDefender"},"content":{"rendered":"<p>Bitdefender ofrece soluciones de ciberseguridad con eficacia de seguridad, rendimiento y facilidad de uso l\u00edderes para peque\u00f1as y medianas empresas, empresas del mercado medio y consumidores.<\/p>\n<p>El paquete familiar ofrece:<\/p>\n<p>Protecci\u00f3n de hasta 15 dispositivos por hogar.<\/p>\n<p>Detecci\u00f3n de amenazas inmejorable para detener ataques sofisticados sin pr\u00e1cticamente ning\u00fan impacto en el rendimiento del sistema.<\/p>\n<p>Controles parentales avanzados para supervisar discretamente las actividades en l\u00ednea de sus hijos.<\/p>\n<p>Protecci\u00f3n multicapa contra ransomware para mantener sus documentos, fotos familiares y videos seguros.<\/p>\n<p>VPN segura para una privacidad completa en l\u00ednea, 200 MB\/d\u00eda\/dispositivo.<\/p>\n<p>Soporte integral 24\/7.<\/p>\n<p>Protecci\u00f3n<\/p>\n<p>La inmejorable protecci\u00f3n multicapa de Bitdefender mantiene sus dispositivos a salvo de todas las amenazas electr\u00f3nicas nuevas y existentes:<\/p>\n<p>Caracter\u00edsticas de Windows: Protecci\u00f3n completa de datos en tiempo real, prevenci\u00f3n de amenazas de red, defensa avanzada contra amenazas, protecci\u00f3n contra ransomware multicapa, evaluaci\u00f3n de vulnerabilidades, prevenci\u00f3n de ataques web, antiphishing, antifraude, antispam, entorno de rescate.<\/p>\n<p>Caracter\u00edsticas de MacOS: Archivos seguros, Protecci\u00f3n Time Machine, Bloqueador de adware, Detecci\u00f3n de malware multiplataforma, Sem\u00e1foro (extensi\u00f3n del navegador), Anti-Phishing, Escudo Bitdefender.<\/p>\n<p>Caracter\u00edsticas de iOS: Protecci\u00f3n web, Escaneo.<\/p>\n<p>Funciones de Android: detecci\u00f3n de anomal\u00edas en aplicaciones, escaneo a pedido y durante la instalaci\u00f3n, protecci\u00f3n web, alerta de estafa, WearON, antirrobo.<\/p>\n<p>Actuaci\u00f3n<\/p>\n<p>El software de seguridad Bitdefender reacciona instant\u00e1neamente al malware sin comprometer el rendimiento de su sistema:<\/p>\n<p>Caracter\u00edsticas de Windows: Piloto autom\u00e1tico, Bitdefender Photon, Red de protecci\u00f3n global, Modos de juego\/pel\u00edcula y trabajo, Acelere sus dispositivos, Modo bater\u00eda.<\/p>\n<p>Caracter\u00edsticas de MacOS: Piloto autom\u00e1tico, escaneo ultrarr\u00e1pido, servicio de guardia basado en la nube las 24 horas, los 7 d\u00edas de la semana.<\/p>\n<p>Caracter\u00edsticas de Android: Piloto autom\u00e1tico, Ahorro de bater\u00eda y rendimiento, R\u00e1pido y ligero.<\/p>\n<p>Privacidad<\/p>\n<p>La protecci\u00f3n completa de Bitdefender cuida su privacidad en l\u00ednea y su informaci\u00f3n personal.<\/p>\n<p>Caracter\u00edsticas de Windows: Bitdefender VPN, Anti-rastreador, Monitor de micr\u00f3fono, Protecci\u00f3n de c\u00e1mara web, Banca en l\u00ednea segura, Control parental, Firewall de privacidad, Anti-robo, Asesor de seguridad Wi-Fi, Protecci\u00f3n de redes sociales, Destructor de archivos.<\/p>\n<p>Caracter\u00edsticas de macOS: Bitdefender VPN, Anti-tracker, Control parental.<\/p>\n<p>Caracter\u00edsticas de iOS: Bitdefender VPN, Privacidad de cuenta, Control parental.<\/p>\n<p>Funciones de Android: Bitdefender VPN, Bloqueo de aplicaciones, Privacidad de cuenta, Control parental.<\/p>\n<p>Comparaci\u00f3n de productos Bitdefender<\/p>\n<p>Bitdefender<\/p>\n<p>Paquete familiar<\/p>\n<p>Bitdefender<\/p>\n<p>Seguridad total<\/p>\n<p>Bitdefender<\/p>\n<p>Seguridad en Internet<\/p>\n<p># de dispositivos<\/p>\n<p>hasta 15 dispositivos por hogar<\/p>\n<p>5 dispositivos<\/p>\n<p>3 dispositivos<\/p>\n<p>Dispositivos familiares protegidos<\/p>\n<p>\u2713<\/p>\n<p>\u2715<\/p>\n<p>\u2715<\/p>\n<p>Plataforma<\/p>\n<p>Windows, macOS, Android, iOS<\/p>\n<p>Windows, macOS, Android, iOS<\/p>\n<p>solo Windows<\/p>\n<p>Optimizador de dispositivos<\/p>\n<p>\u2713<\/p>\n<p>\u2713<\/p>\n<p>\u2715<\/p>\n<p>Cortafuegos de privacidad<\/p>\n<p>\u2713<\/p>\n<p>\u2713<\/p>\n<p>\u2713<\/p>\n<p>Control parental<\/p>\n<p>\u2713<\/p>\n<p>\u2713<\/p>\n<p>\u2713<\/p>\n<p>Protecci\u00f3n contra malware, spyware y adware<\/p>\n<p>\u2713<\/p>\n<p>\u2713<\/p>\n<p>\u2713<\/p>\n<p>Protecci\u00f3n multicapa contra ransomware<\/p>\n<p>\u2713<\/p>\n<p>\u2713<\/p>\n<p>\u2713<\/p>","protected":false},"excerpt":{"rendered":"<table style='border-collapse: collapse; width: 100%;'>\n<tr>\n<th>Propiedad<\/th>\n<th>Valor<\/th>\n<\/tr>\n<tr>\n<td>Plataforma<\/td>\n<td>Windows\/MacOS\/Android\/iOS<\/td>\n<\/tr>\n<tr>\n<td>Disco duro<\/td>\n<td>2,5 GB de espacio libre<\/td>\n<\/tr>\n<tr>\n<td>RAM<\/td>\n<td>2 GB de RAM<\/td>\n<\/tr>\n<tr>\n<td>Otros requisitos<\/td>\n<td>Internet Explorer versi\u00f3n 11<\/td>\n<\/tr>\n<\/table>","protected":false},"featured_media":2864,"template":"","meta":{"inline_featured_image":false},"product_brand":[],"product_cat":[117],"product_tag":[],"class_list":{"0":"post-2654","1":"product","2":"type-product","3":"status-publish","4":"has-post-thumbnail","6":"product_cat-antivirus","8":"first","9":"instock","10":"sale","11":"virtual","12":"taxable","13":"purchasable","14":"product-type-simple"},"_links":{"self":[{"href":"https:\/\/elitesoftkeys.com\/es\/wp-json\/wp\/v2\/product\/2654","targetHints":{"allow":["GET"]}}],"collection":[{"href":"https:\/\/elitesoftkeys.com\/es\/wp-json\/wp\/v2\/product"}],"about":[{"href":"https:\/\/elitesoftkeys.com\/es\/wp-json\/wp\/v2\/types\/product"}],"version-history":[{"count":0,"href":"https:\/\/elitesoftkeys.com\/es\/wp-json\/wp\/v2\/product\/2654\/revisions"}],"wp:featuredmedia":[{"embeddable":true,"href":"https:\/\/elitesoftkeys.com\/es\/wp-json\/wp\/v2\/media\/2864"}],"wp:attachment":[{"href":"https:\/\/elitesoftkeys.com\/es\/wp-json\/wp\/v2\/media?parent=2654"}],"wp:term":[{"taxonomy":"product_brand","embeddable":true,"href":"https:\/\/elitesoftkeys.com\/es\/wp-json\/wp\/v2\/product_brand?post=2654"},{"taxonomy":"product_cat","embeddable":true,"href":"https:\/\/elitesoftkeys.com\/es\/wp-json\/wp\/v2\/product_cat?post=2654"},{"taxonomy":"product_tag","embeddable":true,"href":"https:\/\/elitesoftkeys.com\/es\/wp-json\/wp\/v2\/product_tag?post=2654"}],"curies":[{"name":"gracias","href":"https:\/\/api.w.org\/{rel}","templated":true}]}}