{"id":2650,"date":"2024-12-21T13:57:47","date_gmt":"2024-12-21T13:57:47","guid":{"rendered":"http:\/\/elitesoftkeys.com\/?product=kaspersky-plus"},"modified":"2025-07-06T14:06:27","modified_gmt":"2025-07-06T14:06:27","slug":"kaspersky-plus","status":"publish","type":"product","link":"https:\/\/elitesoftkeys.com\/es\/producto\/kaspersky-plus\/","title":{"rendered":"Kaspersky Plus"},"content":{"rendered":"<p>El plan Kaspersky Plus ofrece una ciberseguridad de nueva generaci\u00f3n para protegerle contra los nuevos virus, ransomwares y malwares l\u00f3gicos sin ralent\u00ed.<\/p>\n<p>Funciones de confidencialidad:<\/p>\n<p>La navegaci\u00f3n privada e ininterrumpida emp\u00eache le suivi en l\u00ednea no autorizada y la publicaci\u00f3n de publicidades no autorizadas.<\/p>\n<p>La protecci\u00f3n de la informaci\u00f3n personal y de pago asegura las aplicaciones bancarias, identifica las fugas de donn\u00e9es y las contrase\u00f1as y protege contra las escroquer\u00edas en la criptomoneda.<\/p>\n<p>La VPN ilimitada y r\u00e1pida ofrece confidencialidad y libertad en l\u00ednea sin ralentissements.<\/p>\n<p>Funciones de rendimiento:<\/p>\n<p>O nettoyeur de disque dur libre de l&#039;espace sur l&#039;appareil et am\u00e9liore les performances du system.<\/p>\n<p>Optimizaci\u00f3n del rendimiento para aumentar la velocidad de sus dispositivos y rendir m\u00e1s r\u00e1pido.<\/p>\n<p>El entretenimiento en la interrupci\u00f3n le permitir\u00e1 mirar pel\u00edculas, jugar a juegos o utilizar aplicaciones en plena pantalla sin interferencias, todo con una velocidad m\u00e1xima.<\/p>\n<p>Funciones de seguridad:<\/p>\n<p>El antivirus previene y neutraliza los virus y los malwares l\u00f3gicos.<\/p>\n<p>La lucha contra la pirater\u00eda incluye acceso no autorizado o desv\u00edo de su ordenador, gracias a las herramientas antiphishing y de seguridad.<\/p>\n<p>La supresi\u00f3n de amenazas existentes detecta vulnerabilidades, elimina virus y repara tu PC si est\u00e1 infectada.<\/p>\n<p>Comparaci\u00f3n de planes Kaspersky<\/p>\n<p>Plan est\u00e1ndar<\/p>\n<p>Plan Plus<\/p>\n<p>Plan Premium<\/p>\n<p>Antivirus en tiempo real<\/p>\n<p>Protecci\u00f3n de pagos en l\u00ednea<\/p>\n<p>Optimizaci\u00f3n del rendimiento<\/p>\n<p>Antivirus en tiempo real<\/p>\n<p>Protecci\u00f3n de pagos en l\u00ednea<\/p>\n<p>Optimizaci\u00f3n del rendimiento<\/p>\n<p>VPN ultrarr\u00e1pida e ilimitada<\/p>\n<p>Control de la p\u00e9rdida de donn\u00e9es<\/p>\n<p>Antivirus en tiempo real<\/p>\n<p>Protecci\u00f3n de pagos en l\u00ednea<\/p>\n<p>Optimizaci\u00f3n del rendimiento<\/p>\n<p>VPN ultrarr\u00e1pida e ilimitada<\/p>\n<p>Control de las fugas de donn\u00e9es<\/p>\n<p>Protecci\u00f3n de la identidad<\/p>\n<p>Control y supresi\u00f3n de virus por expertos<\/p>\n<p>Kaspersky Safe Kids \u2013 1 gratis<\/p>","protected":false},"excerpt":{"rendered":"<table style='border-collapse: collapse; width: 100%;'>\n<tr>\n<th>Propiedad<\/th>\n<th>Valor<\/th>\n<\/tr>\n<tr>\n<td>Placa en forma de<\/td>\n<td>Windows\/MacOS\/Android\/iOS<\/td>\n<\/tr>\n<tr>\n<td>Procesador<\/td>\n<td>WINDOWS: 1 Ghz o m\u00e1s, compatible con SSE2 (con ARM) \/ MAC: Apple Silicon, Intel<\/td>\n<\/tr>\n<tr>\n<td>Espacio disco<\/td>\n<td>WINDOWS: 1500 MB \/ MAC: 3115 MB \/ ANDROID: 120 MB \/ IOS: 150 MB<\/td>\n<\/tr>\n<tr>\n<td>RAM<\/td>\n<td>WINDOWS: Para Windows 11: 4 GB (64 bits), 32 bits no son compatibles. Para Windows 10\/8\/7: 2 GB (64 bits), 1 GB (32 bits) \/ MAC: 4 GB de RAM<\/td>\n<\/tr>\n<tr>\n<td>Compatibilidad de sistemas<\/td>\n<td>WINDOWS: Windows 11, Windows 10, Windows 8.1, Windows 7, Subsistema de Windows para Linux 2 (WSL2) sin costo; \/ MAC: macOS 11, 12 o 13 \/ IOS: iOS 14.x-16.x o iPadOS 14.x-16.x \/ ANDROID: Android 6.0-13.x<\/td>\n<\/tr>\n<tr>\n<td>Otras exigencias<\/td>\n<td>Acceso a internet<\/td>\n<\/tr>\n<\/table>","protected":false},"featured_media":2866,"template":"","meta":{"inline_featured_image":false},"product_brand":[],"product_cat":[117],"product_tag":[],"class_list":{"0":"post-2650","1":"product","2":"type-product","3":"status-publish","4":"has-post-thumbnail","6":"product_cat-antivirus","8":"first","9":"instock","10":"sale","11":"virtual","12":"taxable","13":"purchasable","14":"product-type-simple"},"_links":{"self":[{"href":"https:\/\/elitesoftkeys.com\/es\/wp-json\/wp\/v2\/product\/2650","targetHints":{"allow":["GET"]}}],"collection":[{"href":"https:\/\/elitesoftkeys.com\/es\/wp-json\/wp\/v2\/product"}],"about":[{"href":"https:\/\/elitesoftkeys.com\/es\/wp-json\/wp\/v2\/types\/product"}],"version-history":[{"count":0,"href":"https:\/\/elitesoftkeys.com\/es\/wp-json\/wp\/v2\/product\/2650\/revisions"}],"wp:featuredmedia":[{"embeddable":true,"href":"https:\/\/elitesoftkeys.com\/es\/wp-json\/wp\/v2\/media\/2866"}],"wp:attachment":[{"href":"https:\/\/elitesoftkeys.com\/es\/wp-json\/wp\/v2\/media?parent=2650"}],"wp:term":[{"taxonomy":"product_brand","embeddable":true,"href":"https:\/\/elitesoftkeys.com\/es\/wp-json\/wp\/v2\/product_brand?post=2650"},{"taxonomy":"product_cat","embeddable":true,"href":"https:\/\/elitesoftkeys.com\/es\/wp-json\/wp\/v2\/product_cat?post=2650"},{"taxonomy":"product_tag","embeddable":true,"href":"https:\/\/elitesoftkeys.com\/es\/wp-json\/wp\/v2\/product_tag?post=2650"}],"curies":[{"name":"gracias","href":"https:\/\/api.w.org\/{rel}","templated":true}]}}