{"id":2648,"date":"2024-12-21T13:57:45","date_gmt":"2024-12-21T13:57:45","guid":{"rendered":"http:\/\/elitesoftkeys.com\/?product=kaspersky-premium"},"modified":"2025-07-06T14:06:27","modified_gmt":"2025-07-06T14:06:27","slug":"kaspersky-premium","status":"publish","type":"product","link":"https:\/\/elitesoftkeys.com\/es\/producto\/kaspersky-premium\/","title":{"rendered":"Kaspersky Premium"},"content":{"rendered":"<p>Proteja su vida digital con nuestro plan definitivo, que ofrece antivirus galardonado, protecci\u00f3n de privacidad e identidad, optimizaci\u00f3n del rendimiento y beneficios premium.<\/p>\n<p>Caracter\u00edsticas de identidad y servicios premium:<\/p>\n<p>La protecci\u00f3n de identidad garantiza que nadie se aproveche de la identidad del usuario, mantiene los documentos seguros y evita el acceso remoto al sistema del usuario.<\/p>\n<p>Soporte de TI remoto 24 horas al d\u00eda, 7 d\u00edas a la semana para clientes del plan Premium que ayuda a resolver problemas de seguridad en cualquier momento y en cualquier lugar.<\/p>\n<p>Caracter\u00edsticas de privacidad:<\/p>\n<p>La navegaci\u00f3n privada e ininterrumpida evita el seguimiento en l\u00ednea no autorizado y la aparici\u00f3n de anuncios no autorizados.<\/p>\n<p>La protecci\u00f3n de informaci\u00f3n personal y de pago protege las aplicaciones bancarias, identifica fugas de datos y contrase\u00f1as y lo protege de las estafas de criptomonedas.<\/p>\n<p>La VPN ilimitada y r\u00e1pida brinda privacidad y libertad en l\u00ednea sin disminuir la velocidad.<\/p>\n<p>Caracter\u00edsticas de rendimiento:<\/p>\n<p>Hard Disk Cleaner le permite liberar espacio en sus dispositivos y mejorar el rendimiento del sistema.<\/p>\n<p>Medidas de optimizaci\u00f3n del rendimiento para aumentar la velocidad de sus dispositivos y hacer que funcionen tan r\u00e1pido como fueron dise\u00f1ados.<\/p>\n<p>El entretenimiento ininterrumpido te permite ver pel\u00edculas, jugar juegos o usar aplicaciones de pantalla completa sin ninguna interferencia, todo a la m\u00e1xima velocidad.<\/p>\n<p>Caracter\u00edsticas de seguridad:<\/p>\n<p>El antivirus previene y neutraliza virus y malware<\/p>\n<p>Anti-Hacking evita el acceso no autorizado a la computadora o su secuestro, incluyendo herramientas antiphishing y firewall.<\/p>\n<p>La eliminaci\u00f3n de amenazas existentes detecta vulnerabilidades, elimina virus y repara la PC si ya ha sido infectada.<\/p>\n<p>Comparaci\u00f3n de planes de Kaspersky<\/p>\n<p>Plan est\u00e1ndar<\/p>\n<p>Plan Plus<\/p>\n<p>Plan Premium<\/p>\n<p>Antivirus en tiempo real<\/p>\n<p>Protecci\u00f3n de pagos en l\u00ednea<\/p>\n<p>Optimizaci\u00f3n del rendimiento<\/p>\n<p>Antivirus en tiempo real<\/p>\n<p>Protecci\u00f3n de pagos en l\u00ednea<\/p>\n<p>Optimizaci\u00f3n del rendimiento<\/p>\n<p>VPN superr\u00e1pida ilimitada<\/p>\n<p>Comprobador de fugas de datos<\/p>\n<p>Antivirus en tiempo real<\/p>\n<p>Protecci\u00f3n de pagos en l\u00ednea<\/p>\n<p>Optimizaci\u00f3n del rendimiento<\/p>\n<p>VPN superr\u00e1pida ilimitada<\/p>\n<p>Comprobador de fugas de datos<\/p>\n<p>Protecci\u00f3n de identidad<\/p>\n<p>Comprobaci\u00f3n y eliminaci\u00f3n de virus por parte de expertos<\/p>\n<p>Kaspersky Safe Kids: 1 a\u00f1o gratis<\/p>","protected":false},"excerpt":{"rendered":"<table style='border-collapse: collapse; width: 100%;'>\n<tr>\n<th>Propiedad<\/th>\n<th>Valor<\/th>\n<\/tr>\n<tr>\n<td>Plataforma<\/td>\n<td>Windows\/MacOS\/Android\/iOS<\/td>\n<\/tr>\n<tr>\n<td>Procesador<\/td>\n<td>WINDOWS: 1 Ghz o superior, compatible con SSE2 (excepto ARM) \/ MAC: Apple silicon, Intel<\/td>\n<\/tr>\n<tr>\n<td>Disco duro<\/td>\n<td>WINDOWS: 1500 MB \/ MAC: 3115 MB \/ ANDROID: 120 MB \/ IOS: 150 MB<\/td>\n<\/tr>\n<tr>\n<td>RAM<\/td>\n<td>WINDOWS: Para Windows 11: 4 GB (64 bits), no compatible con 32 bits. Para Windows 10\/8\/7: 2 GB (64 bits), 1 GB (32 bits) \/ MAC: 4 GB de RAM<\/td>\n<\/tr>\n<tr>\n<td>Sistema operativo<\/td>\n<td>WINDOWS: Windows 11, Windows 10, Windows 8.1, Windows 7, Subsistema de Windows para Linux 2 (WSL2) no compatible; \/ MAC: macOS 11, 12 o 13 \/ IOS: iOS 14.x-16.x o iPadOS 14.x-16.x \/ ANDROID: Android 6.0-13.x<\/td>\n<\/tr>\n<tr>\n<td>Otros requisitos<\/td>\n<td>acceso a Internet<\/td>\n<\/tr>\n<\/table>","protected":false},"featured_media":2867,"template":"","meta":{"inline_featured_image":false},"product_brand":[],"product_cat":[117],"product_tag":[],"class_list":{"0":"post-2648","1":"product","2":"type-product","3":"status-publish","4":"has-post-thumbnail","6":"product_cat-antivirus","8":"first","9":"instock","10":"sale","11":"virtual","12":"taxable","13":"purchasable","14":"product-type-simple"},"_links":{"self":[{"href":"https:\/\/elitesoftkeys.com\/es\/wp-json\/wp\/v2\/product\/2648","targetHints":{"allow":["GET"]}}],"collection":[{"href":"https:\/\/elitesoftkeys.com\/es\/wp-json\/wp\/v2\/product"}],"about":[{"href":"https:\/\/elitesoftkeys.com\/es\/wp-json\/wp\/v2\/types\/product"}],"version-history":[{"count":0,"href":"https:\/\/elitesoftkeys.com\/es\/wp-json\/wp\/v2\/product\/2648\/revisions"}],"wp:featuredmedia":[{"embeddable":true,"href":"https:\/\/elitesoftkeys.com\/es\/wp-json\/wp\/v2\/media\/2867"}],"wp:attachment":[{"href":"https:\/\/elitesoftkeys.com\/es\/wp-json\/wp\/v2\/media?parent=2648"}],"wp:term":[{"taxonomy":"product_brand","embeddable":true,"href":"https:\/\/elitesoftkeys.com\/es\/wp-json\/wp\/v2\/product_brand?post=2648"},{"taxonomy":"product_cat","embeddable":true,"href":"https:\/\/elitesoftkeys.com\/es\/wp-json\/wp\/v2\/product_cat?post=2648"},{"taxonomy":"product_tag","embeddable":true,"href":"https:\/\/elitesoftkeys.com\/es\/wp-json\/wp\/v2\/product_tag?post=2648"}],"curies":[{"name":"gracias","href":"https:\/\/api.w.org\/{rel}","templated":true}]}}