{"id":2646,"date":"2024-12-21T13:57:43","date_gmt":"2024-12-21T13:57:43","guid":{"rendered":"http:\/\/elitesoftkeys.com\/?product=mcafee-antivirus"},"modified":"2025-07-06T14:06:27","modified_gmt":"2025-07-06T14:06:27","slug":"mcafee-antivirus","status":"publish","type":"product","link":"https:\/\/elitesoftkeys.com\/es\/producto\/mcafee-antivirus\/","title":{"rendered":"Antivirus Mcafee"},"content":{"rendered":"<p>McAfee Antivirus 2023 es una soluci\u00f3n de ciberseguridad de punto desarrollada por McAfee, una sociedad de seguridad num\u00e9rica renombrada. Ofrece una protecci\u00f3n s\u00f3lida contra diversos tipos de malware l\u00f3gico, virus, ransomware y otras amenazas en l\u00ednea. Gracias a sus caracter\u00edsticas y funciones avanzadas, McAfee Antivirus 2023 garantiza la seguridad de sus dispositivos y de su informaci\u00f3n personal en un pago num\u00e9rico en constante evoluci\u00f3n.<\/p>\n<p>Principales caracter\u00edsticas y funciones:<\/p>\n<p>Protecci\u00f3n temporal real: McAfee Antivirus 2023 garantiza una protecci\u00f3n temporal real, vigilando constantemente su sistema en la b\u00fasqueda de actividades sospechosas o amenazas. Analizo los archivos, el correo electr\u00f3nico y el tr\u00e1fico web en tiempo real para detectar y bloquear los dispositivos l\u00f3gicos maliciosos antes de que se da\u00f1e su dispositivo.<\/p>\n<p>Detecci\u00f3n y supresi\u00f3n de malignos l\u00f3gicos: el antivirus utiliza un potente motor de an\u00e1lisis que detecta y suprime eficazmente diversos tipos de malvellantes l\u00f3gicos, entre ellos los virus, los caballos de Troya, los esp\u00edas l\u00f3gicos, los publicitarios y los vers. Se realizan an\u00e1lisis adecuados del sistema para detectar y eliminar todo mal funcionamiento l\u00f3gico.<\/p>\n<p>Protecci\u00f3n contra ransomwares: los ataques de ransomwares son m\u00e1s frecuentes y McAfee Antivirus 2023 ofrece una protecci\u00f3n s\u00f3lida contra estas amenazas. Identifica y bloquea de forma proactiva los ataques de ransomware, guarda los archivos importantes y evita el env\u00edo no autorizado o la p\u00e9rdida de datos.<\/p>\n<p>Protecci\u00f3n Web: El antivirus incluye un m\u00f3dulo de protecci\u00f3n Web completo que protege tu experiencia de navegaci\u00f3n en l\u00ednea. Il bloque les sites web malveillants, les tentatives d&#039;hame\u00e7onnage et autres activit\u00e9s fraudulentuleuses, vous prot\u00e9geant ainsi des escroqueries en ligne et du vol d&#039;identit\u00e9.<\/p>\n<p>Protecci\u00f3n de mensajes: McAfee Antivirus 2023 analiza los correos electr\u00f3nicos entrantes y clasificadores en busca de amenazas potenciales. Al detectar y bloquear spam, tentativas de intrusi\u00f3n y piezas conjuntas maliciosas, tambi\u00e9n se pueden infiltrar l\u00f3gicamente en su sistema por la desviaci\u00f3n de las comunicaciones electr\u00f3nicas.<\/p>\n<p>Protecci\u00f3n par-fuego: el par-fuego integrado en McAfee Antivirus 2023 a\u00f1ade un sof\u00e1 de defensa complementario a su sistema. Vigile el tr\u00e1fico de la red entrante y sortante, bloquee los accesos no autorizados y evite que los piratas compromettre su dispositivo.<\/p>\n<p>Esc\u00e1ner de vulnerabilidad: esta funci\u00f3n analiza su sistema en busca de fallas de seguridad o l\u00f3gicas obsoletas susceptibles de ser explotadas por piratas. Elle vous avertit que vous mettre \u00e0 jour vos logiciels avec les versions les plus r\u00e9centes, ce qui garantit que su sistema est\u00e1 protegido contra las fallas de seguridad continuas.<\/p>\n<p>Navegaci\u00f3n segura: McAfee Antivirus 2023 incluye una funci\u00f3n de navegaci\u00f3n segura que se\u00f1ala los sitios web potencialmente peligrosos en los resultados de los motores de b\u00fasqueda. Elle affiche les notes de seguridad de los sitios web, esto le permitir\u00e1 tomar decisiones claras y evitar que los visitantes de sitios riesgosos o malintencionados.<\/p>\n<p>Protecci\u00f3n contra la usurpaci\u00f3n de identidad: el antivirus ofrece una protecci\u00f3n contra la usurpaci\u00f3n de identidad al vigilar la informaci\u00f3n personal en Internet. Le alertaremos si su informaci\u00f3n, n\u00fameros de seguridad social o detalles de su tarjeta de cr\u00e9dito son detectados en el cuadro de actividades sospechosas o violaciones de datos.<\/p>\n<p>Optimizaci\u00f3n del rendimiento: Adem\u00e1s de las funciones de seguridad s\u00f3lidas, McAfee Antivirus 2023 incluye herramientas que permiten optimizar el rendimiento del dispositivo. Esto ayuda a eliminar archivos in\u00fatiles, a ver la memoria cach\u00e9 del navegador y a administrar los programas de inicio, mejorando as\u00ed la velocidad y la eficacia del sistema.<\/p>\n<p>Compatibilidad multiplataforma: McAfee Antivirus 2023 es compatible con m\u00e1s plataformas, como Windows, macOS, Android e iOS. Ofrece una protecci\u00f3n coherente y fiable para sus dispositivos m\u00e1s grandes, garant\u00eda de seguridad que utiliza el sistema de explotaci\u00f3n.<\/p>\n<p>Interfaz convivial: El antivirus l\u00f3gico tiene una interfaz f\u00e1cil de navegar y comprender. El dispositivo de notificaciones claras y concisas sobre el estado de seguridad de su sistema le permite administrar y personalizar los par\u00e1metros en funci\u00f3n de sus preferencias.<\/p>\n<p>En el conjunto, McAfee Antivirus 2023 es una soluci\u00f3n de seguridad inform\u00e1tica completa que combina una protecci\u00f3n poderosa, funciones avanzadas y una interfaz amigable. Elle garantiza la seguridad de su vida num\u00e9rica en sus dispositivos protegidos, su informaci\u00f3n personal y sus actividades en l\u00ednea contra un gran riesgo de amenazas.<\/p>","protected":false},"excerpt":{"rendered":"<table style='border-collapse: collapse; width: 100%;'>\n<tr>\n<th>Propiedad<\/th>\n<th>Valor<\/th>\n<\/tr>\n<tr>\n<td>Placa en forma de<\/td>\n<td>Windows\/MacOS\/Android\/iOS<\/td>\n<\/tr>\n<tr>\n<td>Procesador<\/td>\n<td>Procesador de 1 GHz. Arquitectura para Windows: x64, x86. Arquitectura para Mac: x64, x86, ARM64 (requisitos de Rosetta II)<\/td>\n<\/tr>\n<tr>\n<td>Espacio disco<\/td>\n<td>1,3 Go de espacio de disco libre<\/td>\n<\/tr>\n<tr>\n<td>RAM<\/td>\n<td>2 GB de RAM<\/td>\n<\/tr>\n<tr>\n<td>Compatibilidad de sistemas<\/td>\n<td>Microsoft Windows 11, 10, 8.1 completo (32 y 64 bits). Windows Enterprise no est\u00e1 disponible. Compilaci\u00f3n 4.11.1 o superior: macOS 10.15 y superior Compilaci\u00f3n 4.9.1: macOS 10.12 \u2013 10.14 Tel\u00e9fonos inteligentes y tabletas Google Android 8 o superior Apple iOS 13 o superior ChromeOS 102.0.5005 y superior<\/td>\n<\/tr>\n<tr>\n<td>Otras exigencias<\/td>\n<td>Acceso a internet<\/td>\n<\/tr>\n<\/table>","protected":false},"featured_media":2868,"template":"","meta":{"inline_featured_image":false},"product_brand":[],"product_cat":[117],"product_tag":[],"class_list":{"0":"post-2646","1":"product","2":"type-product","3":"status-publish","4":"has-post-thumbnail","6":"product_cat-antivirus","8":"first","9":"instock","10":"sale","11":"virtual","12":"taxable","13":"purchasable","14":"product-type-simple"},"_links":{"self":[{"href":"https:\/\/elitesoftkeys.com\/es\/wp-json\/wp\/v2\/product\/2646","targetHints":{"allow":["GET"]}}],"collection":[{"href":"https:\/\/elitesoftkeys.com\/es\/wp-json\/wp\/v2\/product"}],"about":[{"href":"https:\/\/elitesoftkeys.com\/es\/wp-json\/wp\/v2\/types\/product"}],"version-history":[{"count":0,"href":"https:\/\/elitesoftkeys.com\/es\/wp-json\/wp\/v2\/product\/2646\/revisions"}],"wp:featuredmedia":[{"embeddable":true,"href":"https:\/\/elitesoftkeys.com\/es\/wp-json\/wp\/v2\/media\/2868"}],"wp:attachment":[{"href":"https:\/\/elitesoftkeys.com\/es\/wp-json\/wp\/v2\/media?parent=2646"}],"wp:term":[{"taxonomy":"product_brand","embeddable":true,"href":"https:\/\/elitesoftkeys.com\/es\/wp-json\/wp\/v2\/product_brand?post=2646"},{"taxonomy":"product_cat","embeddable":true,"href":"https:\/\/elitesoftkeys.com\/es\/wp-json\/wp\/v2\/product_cat?post=2646"},{"taxonomy":"product_tag","embeddable":true,"href":"https:\/\/elitesoftkeys.com\/es\/wp-json\/wp\/v2\/product_tag?post=2646"}],"curies":[{"name":"gracias","href":"https:\/\/api.w.org\/{rel}","templated":true}]}}