{"id":2644,"date":"2024-12-21T13:57:41","date_gmt":"2024-12-21T13:57:41","guid":{"rendered":"http:\/\/elitesoftkeys.com\/?product=symantec-norton-360-deluxe"},"modified":"2025-07-06T14:06:27","modified_gmt":"2025-07-06T14:06:27","slug":"symantec-norton-360-deluxe","status":"publish","type":"product","link":"https:\/\/elitesoftkeys.com\/es\/producto\/symantec-norton-360-deluxe\/","title":{"rendered":"Symantec Norton 360 Deluxe"},"content":{"rendered":"<p>Norton 360 es una soluci\u00f3n todo en uno para PC, Mac, dispositivos Android y iPhone\/iPad que incluye seguridad del dispositivo, protecci\u00f3n de la identidad, privacidad en l\u00ednea y protecci\u00f3n todo en uno en la vida cotidiana.<\/p>\n<p>Norton 360 incluye protecci\u00f3n contra malware para hasta 5 PC, Mac, dispositivos Android o iOS y ofrece las siguientes funciones:<\/p>\n<p>Protecci\u00f3n contra amenazas en tiempo real. La seguridad avanzada con antivirus protege tu dispositivo contra amenazas en l\u00ednea, tanto existentes como emergentes, y protege tu informaci\u00f3n privada y financiera cuando te conectas.<\/p>\n<p>VPN segura. Navega de forma an\u00f3nima y m\u00e1s segura con una red privada virtual (VPN) sin registros, que a\u00f1ade cifrado de nivel bancario para garantizar la seguridad y privacidad de la informaci\u00f3n que env\u00edas y recibes.<\/p>\n<p>Firewall inteligente para PC o Firewall para Mac. Supervisa las comunicaciones entre su computadora y otras computadoras y ayuda a bloquear el tr\u00e1fico no autorizado.<\/p>\n<p>Administrador de contrase\u00f1as. Herramientas para generar, almacenar y administrar f\u00e1cilmente tus contrase\u00f1as, informaci\u00f3n de tarjetas de cr\u00e9dito y otras credenciales en l\u00ednea, de forma m\u00e1s segura.<\/p>\n<p>Copia de seguridad en la nube para PC. Almacene archivos y documentos importantes como medida preventiva contra la p\u00e9rdida de datos por fallos del disco duro, robo de dispositivos e incluso ransomware.<\/p>\n<p>SafeCam para PC. Te avisa de intentos de acceso a tu c\u00e1mara web y te ayuda a bloquear el acceso no autorizado.<\/p>\n<p>Monitoreo de la Dark Web. Monitoreamos y le notificamos si encontramos su informaci\u00f3n personal en la Dark Web.<\/p>\n<p>Control parental. Gestiona las actividades en l\u00ednea de tus hijos. Ay\u00fadalos a explorar, aprender y disfrutar de su mundo conectado de forma m\u00e1s segura en sus computadoras o smartphones.<\/p>\n<p>Horario escolar. El aprendizaje remoto requiere internet, as\u00ed que pausar el internet en el dispositivo de tu hijo no es una opci\u00f3n. Gestiona el entorno de aprendizaje remoto de tu hijo y mantenlo concentrado durante el horario escolar.<\/p>\n<p>Comparaci\u00f3n de productos ESET<\/p>\n<p>Norton 360<\/p>\n<p>Est\u00e1ndar<\/p>\n<p>Norton 360<\/p>\n<p>De lujo<\/p>\n<p>Norton 360<\/p>\n<p>De primera calidad<\/p>\n<p>Sistemas operativos protegidos<\/p>\n<p>1 PC, Mac, tableta o tel\u00e9fono<\/p>\n<p>5 PC, Mac, tabletas o tel\u00e9fonos<\/p>\n<p>10 PC, Mac, tabletas o tel\u00e9fonos<\/p>\n<p>Protecci\u00f3n antivirus, contra malware, ransomware y pirater\u00eda<\/p>\n<p>\u2713<\/p>\n<p>\u2713<\/p>\n<p>\u2713<\/p>\n<p>Promesa de protecci\u00f3n antivirus 100%<\/p>\n<p>\u2713<\/p>\n<p>\u2713<\/p>\n<p>\u2713<\/p>\n<p>Conexi\u00f3n privada a Internet VPN<\/p>\n<p>\u2713<\/p>\n<p>\u2713<\/p>\n<p>\u2713<\/p>\n<p>Monitoreo de la Dark Web<\/p>\n<p>\u2715<\/p>\n<p>\u2713<\/p>\n<p>\u2713<\/p>\n<p>Control parental<\/p>\n<p>\u2715<\/p>\n<p>\u2713<\/p>\n<p>\u2713<\/p>","protected":false},"excerpt":{"rendered":"<table style='border-collapse: collapse; width: 100%;'>\n<tr>\n<th>Propiedad<\/th>\n<th>Valor<\/th>\n<\/tr>\n<tr>\n<td>Plataforma<\/td>\n<td>Windows\/MacOS\/iOS\/Android<\/td>\n<\/tr>\n<tr>\n<td>Sistema operativo<\/td>\n<td>WINDOWS: Compatible con Microsoft Windows 11, Microsoft Windows 10 (todas las versiones) y Microsoft Windows 8\/8.1 (todas las versiones). Algunas funciones de protecci\u00f3n no est\u00e1n disponibles en los navegadores de la pantalla de Inicio de Windows 8. Microsoft Windows 7 (todas las versiones) con Service Pack 1 (SP 1) o posterior compatible con SHA2. MAC: Mac OS actual y las dos versiones anteriores (Ventura 13.2 o Monterey 12.5). Funciones no compatibles: Norton Cloud Backup, Norton Parental Control y Norton SafeCam. iOS: iPhones o iPads con la versi\u00f3n actual y las dos versiones anteriores de Apple iOS. Android: Android 8.0 o posterior. Se requiere la aplicaci\u00f3n Google Play instalada. No se admite el modo multiusuario.<\/td>\n<\/tr>\n<tr>\n<td>Otros requisitos<\/td>\n<td>No todas las funciones est\u00e1n disponibles en todos los dispositivos y plataformas. Norton Family, Norton Parental Control, Norton Cloud Backup y SafeCam no son compatibles con Mac OS ni Windows 10 en modo S. \/ Acceso a internet<\/td>\n<\/tr>\n<\/table>","protected":false},"featured_media":2870,"template":"","meta":{"inline_featured_image":false},"product_brand":[],"product_cat":[117],"product_tag":[],"class_list":{"0":"post-2644","1":"product","2":"type-product","3":"status-publish","4":"has-post-thumbnail","6":"product_cat-antivirus","8":"first","9":"instock","10":"sale","11":"virtual","12":"taxable","13":"purchasable","14":"product-type-simple"},"_links":{"self":[{"href":"https:\/\/elitesoftkeys.com\/es\/wp-json\/wp\/v2\/product\/2644","targetHints":{"allow":["GET"]}}],"collection":[{"href":"https:\/\/elitesoftkeys.com\/es\/wp-json\/wp\/v2\/product"}],"about":[{"href":"https:\/\/elitesoftkeys.com\/es\/wp-json\/wp\/v2\/types\/product"}],"version-history":[{"count":0,"href":"https:\/\/elitesoftkeys.com\/es\/wp-json\/wp\/v2\/product\/2644\/revisions"}],"wp:featuredmedia":[{"embeddable":true,"href":"https:\/\/elitesoftkeys.com\/es\/wp-json\/wp\/v2\/media\/2870"}],"wp:attachment":[{"href":"https:\/\/elitesoftkeys.com\/es\/wp-json\/wp\/v2\/media?parent=2644"}],"wp:term":[{"taxonomy":"product_brand","embeddable":true,"href":"https:\/\/elitesoftkeys.com\/es\/wp-json\/wp\/v2\/product_brand?post=2644"},{"taxonomy":"product_cat","embeddable":true,"href":"https:\/\/elitesoftkeys.com\/es\/wp-json\/wp\/v2\/product_cat?post=2644"},{"taxonomy":"product_tag","embeddable":true,"href":"https:\/\/elitesoftkeys.com\/es\/wp-json\/wp\/v2\/product_tag?post=2644"}],"curies":[{"name":"gracias","href":"https:\/\/api.w.org\/{rel}","templated":true}]}}