{"id":2642,"date":"2024-12-21T13:57:38","date_gmt":"2024-12-21T13:57:38","guid":{"rendered":"http:\/\/elitesoftkeys.com\/?product=kaspersky-internet-security"},"modified":"2025-07-06T14:06:27","modified_gmt":"2025-07-06T14:06:27","slug":"kaspersky-internet-security","status":"publish","type":"product","link":"https:\/\/elitesoftkeys.com\/es\/producto\/kaspersky-internet-security\/","title":{"rendered":"Seguridad de Internet de Kaspersky"},"content":{"rendered":"<p>Kaspersky Internet Security ofrece una protecci\u00f3n completa contra diversos tipos de amenazas inform\u00e1ticas. Protege los sistemas l\u00f3gicos contra malwares, ransomwares, spywares y otras amenazas y complejos en tiempo real.<\/p>\n<p>Principales caracter\u00edsticas y componentes de protecci\u00f3n de Kaspersky Internet Security:<\/p>\n<p>File Anti-Virus protege la infecci\u00f3n del sistema de archivos del ordenador y busca regularmente virus infectados y otros virus maliciosos.<\/p>\n<p>Mail Anti-Virus analiza los mensajes electr\u00f3nicos entrantes y ordena su ordenador para buscar virus connus y otros malveillants l\u00f3gicos.<\/p>\n<p>El antivirus web intercepta y bloquea la ejecuci\u00f3n de scripts en sitios web que representan una amenaza y bloquea el acceso a sitios web peligrosos.<\/p>\n<p>IM Anti-Virus protege la informaci\u00f3n que env\u00eda su ordenador a trav\u00e9s de protocolos de mensajer\u00eda instant\u00e1nea.<\/p>\n<p>Control de aplicaciones registra las acciones realizadas por las aplicaciones en el sistema de explotaci\u00f3n y gestiona las actividades de las aplicaciones en funci\u00f3n del grupo despu\u00e9s del componente asignado a una aplicaci\u00f3n. El administrador de aplicaciones controla las aplicaciones instaladas en el ordenador.<\/p>\n<p>La protecci\u00f3n de la c\u00e1mara web bloquea el acceso no autorizado a la c\u00e1mara web y evitar\u00e1 que el acceso est\u00e9 bloqueado.<\/p>\n<p>Lepare-feu asegura la seguridad cuando un usuario utiliza redes locales e Internet.<\/p>\n<p>NetworkMonitor est\u00e1 dise\u00f1ado para vigilar la actividad de la red en tiempo real.<\/p>\n<p>System Watcher restablece las modificaciones realizadas en el sistema de explotaci\u00f3n por aplicaciones maliciosas u otras.<\/p>\n<p>Network Attack Blocker se encarga de iniciar el sistema de explotaci\u00f3n y vigilar el tr\u00e1fico de la red entrante en la b\u00fasqueda de actividades caracter\u00edsticas de ataques de red.<\/p>\n<p>Anti-Spam analiza los mensajes electr\u00f3nicos entrantes en busca de spam; Los mensajes que contienen spam est\u00e1n marcados por un mensaje especial.<\/p>\n<p>Anti-Phishing (anti-hame\u00e7onnage) analiza las URL para determinar si figuran en la lista de URL de hame\u00e7onnage.<\/p>\n<p>Anti-banni\u00e8re bloquea las publicidades en los sitios web y en las interfaces de aplicaci\u00f3n.<\/p>\n<p>Navegaci\u00f3n privada (navegaci\u00f3n privada) detecta las demandas enviadas por el navegador a los servicios de seguimiento y puede modificar las demandas y las respuestas de los servicios de seguimiento para que usted est\u00e9 protegido contra el seguimiento en l\u00ednea.<\/p>\n<p>Safe Money protege a los beneficiarios confidenciales durante la utilizaci\u00f3n de servicios bancarios y sistemas de pago en l\u00ednea y empe\u00f1a el volumen de fondos durante los pagos en l\u00ednea.<\/p>\n<p>La entrada segura del teclado protege a los usuarios del personal de los sitios web contra los registradores de frappe.<\/p>\n<p>Las aplicaciones de confianza de Lemode protegen su ordenador de las aplicaciones que no son seguras.<\/p>\n<p>El control parental est\u00e1 dise\u00f1ado para proteger a los ni\u00f1os y adolescentes contra las amenazas inform\u00e1ticas e Internet.<\/p>\n<p>La conexi\u00f3n segura protege los usuarios cuando la conexi\u00f3n a redes Wi-Fi no est\u00e1 protegida.<\/p>\n<p>Cada tipo de amenaza es generado por un componente de protecci\u00f3n d\u00e9di\u00e9. Estos componentes pueden ser seleccionados en los par\u00e1metros de la aplicaci\u00f3n. Adem\u00e1s, la protecci\u00f3n de su ordenador puede estar disponible a distancia desde el sitio web My Kaspersky.<\/p>","protected":false},"excerpt":{"rendered":"<table style='border-collapse: collapse; width: 100%;'>\n<tr>\n<th>Propiedad<\/th>\n<th>Valor<\/th>\n<\/tr>\n<tr>\n<td>Placa en forma de<\/td>\n<td>Windows\/MacOS\/Android\/iOS<\/td>\n<\/tr>\n<tr>\n<td>Procesador<\/td>\n<td>WINDOWS: 1 Ghz o m\u00e1s, compatible con SSE2; \/ MAC: silicio de Apple, Intel<\/td>\n<\/tr>\n<tr>\n<td>Espacio disco<\/td>\n<td>WINDOWS: 1500 Mo disponibles en el disco; \/ MAC: 2200 Mo disponibles en el disco; \/ ANDROID e IOS: 120 modos de espacio libre;<\/td>\n<\/tr>\n<tr>\n<td>RAM<\/td>\n<td>WINDOWS: Para Windows 11: 2 GB (64 bits), 32 bits no es compatible con el mismo formato; Para Windows 10: 2 GB (64 bits), 1 GB (32 bits), excepto la edici\u00f3n 21H2 que no es compatible. Para Windows 8\/7: 2 GB (64 bits), 1 GB (32 bits) \/ MAC: 2 GB de RAM<\/td>\n<\/tr>\n<tr>\n<td>Compatibilidad de sistemas<\/td>\n<td>WINDOWS: Windows 11, Windows 10, Windows 8, Windows 7 \/ MAC: macOS 10.14, 10.15, 11, 12, ou 13 \/ ANDROID: Android 6.0-13.x \/ MAC: las 3 versiones m\u00e1s recientes<\/td>\n<\/tr>\n<tr>\n<td>Otras exigencias<\/td>\n<td>Acceso a internet<\/td>\n<\/tr>\n<\/table>","protected":false},"featured_media":2871,"template":"","meta":{"inline_featured_image":false},"product_brand":[],"product_cat":[117],"product_tag":[],"class_list":{"0":"post-2642","1":"product","2":"type-product","3":"status-publish","4":"has-post-thumbnail","6":"product_cat-antivirus","8":"first","9":"instock","10":"sale","11":"virtual","12":"taxable","13":"purchasable","14":"product-type-simple"},"_links":{"self":[{"href":"https:\/\/elitesoftkeys.com\/es\/wp-json\/wp\/v2\/product\/2642","targetHints":{"allow":["GET"]}}],"collection":[{"href":"https:\/\/elitesoftkeys.com\/es\/wp-json\/wp\/v2\/product"}],"about":[{"href":"https:\/\/elitesoftkeys.com\/es\/wp-json\/wp\/v2\/types\/product"}],"version-history":[{"count":0,"href":"https:\/\/elitesoftkeys.com\/es\/wp-json\/wp\/v2\/product\/2642\/revisions"}],"wp:featuredmedia":[{"embeddable":true,"href":"https:\/\/elitesoftkeys.com\/es\/wp-json\/wp\/v2\/media\/2871"}],"wp:attachment":[{"href":"https:\/\/elitesoftkeys.com\/es\/wp-json\/wp\/v2\/media?parent=2642"}],"wp:term":[{"taxonomy":"product_brand","embeddable":true,"href":"https:\/\/elitesoftkeys.com\/es\/wp-json\/wp\/v2\/product_brand?post=2642"},{"taxonomy":"product_cat","embeddable":true,"href":"https:\/\/elitesoftkeys.com\/es\/wp-json\/wp\/v2\/product_cat?post=2642"},{"taxonomy":"product_tag","embeddable":true,"href":"https:\/\/elitesoftkeys.com\/es\/wp-json\/wp\/v2\/product_tag?post=2642"}],"curies":[{"name":"gracias","href":"https:\/\/api.w.org\/{rel}","templated":true}]}}