{"id":2640,"date":"2024-12-21T13:57:36","date_gmt":"2024-12-21T13:57:36","guid":{"rendered":"http:\/\/elitesoftkeys.com\/?product=bitdefender-internet-security"},"modified":"2025-07-06T14:06:27","modified_gmt":"2025-07-06T14:06:27","slug":"bitdefender-internet-security","status":"publish","type":"product","link":"https:\/\/elitesoftkeys.com\/es\/producto\/bitdefender-internet-security\/","title":{"rendered":"Seguridad en Internet BitDefender"},"content":{"rendered":"<p>Bitdefender es la soluci\u00f3n de seguridad inform\u00e1tica m\u00e1s eficaz, m\u00e1s eficaz y m\u00e1s f\u00e1cil de utilizar para las peque\u00f1as y medianas empresas, las empresas de tama\u00f1o peque\u00f1o y los particulares.<\/p>\n<p>Seguridad en Internet ofrecida:<\/p>\n<p>Una detecci\u00f3n de amenazas inbatibles para tener a distancia todas las amenazas web.<\/p>\n<p>Un par-fuego que bloquea las intrusiones y filtra el tr\u00e1fico red.<\/p>\n<p>Protecci\u00f3n de la c\u00e1mara web y del micr\u00f3fono para evitar escuchas clandestinas.<\/p>\n<p>VPN segura para una confidencialidad total en l\u00ednea y 200 meses\/d\u00eda\/dispositivo.<\/p>\n<p>Protecci\u00f3nLa protecci\u00f3n multicouche imbattable de Bitdefender protege sus dispositivos contra todas las amenazas nuevas y existentes. Las funciones incluyen: protecci\u00f3n completa de los usuarios en tiempo real, prevenci\u00f3n de amenazas reales, protecci\u00f3n avanzada contra amenazas, protecci\u00f3n multiniveaux contra ransomwares, evaluaci\u00f3n de vulnerabilidades, prevenci\u00f3n de ataques web, antiphishing, antifraude, entorno de seguridad.<\/p>\n<p>RendimientoLa l\u00f3gica de seguridad de Bitdefender activa inmediatamente los malwares sin comprometer el rendimiento del sistema. Las funciones incluyen: piloto autom\u00e1tico, Bitdefender Photon, red de protecci\u00f3n global, modo de juego, pel\u00edcula y trabajo, modo de bater\u00eda.<\/p>\n<p>Protecci\u00f3n de la vida privada La protecci\u00f3n completa de Bitdefender proporciona su informaci\u00f3n personal y su vida privada en l\u00ednea. Las funciones incluyen: Bitdefender VPN, Anti-tracker, Control del micr\u00f3fono, Protecci\u00f3n de la c\u00e1mara web, Banca en l\u00ednea segura, Control parental, Pare-feu de confidencialit\u00e9, Conseiller de seguridad Wi-Fi, Protecci\u00f3n de redes sociales, Destructor de archivos.<\/p>\n<p>Bitdefender Internet Security inform\u00f3 el t\u00edtulo de Producto del a\u00f1o por AV-Comparatives.<\/p>\n<p>Comparaci\u00f3n de pagos de Bitdefender<\/p>\n<p>Bitdefender<\/p>\n<p>Seguridad total<\/p>\n<p>Bitdefender<\/p>\n<p>Seguridad en Internet<\/p>\n<p>Bitdefender<\/p>\n<p>Antivirus Plus<\/p>\n<p>Nombre de los dispositivos<\/p>\n<p>5 prendas<\/p>\n<p>3 aparatos<\/p>\n<p>3 aparatos<\/p>\n<p>Sistemas de precios de carga<\/p>\n<p>Windows, macOS, Android, iOS<\/p>\n<p>Singularidad de Windows<\/p>\n<p>Singularidad de Windows<\/p>\n<p>Optimizador de dispositivos<\/p>\n<p>\u2713<\/p>\n<p>\u2715<\/p>\n<p>\u2715<\/p>\n<p>Pare-feu de confidencialidad<\/p>\n<p>\u2713<\/p>\n<p>\u2713<\/p>\n<p>\u2715<\/p>\n<p>Control parental<\/p>\n<p>\u2713<\/p>\n<p>\u2713<\/p>\n<p>\u2715<\/p>\n<p>Protecci\u00f3n contra los malveillants l\u00f3gicos, los esp\u00edas l\u00f3gicos y los publicitarios l\u00f3gicos<\/p>\n<p>\u2713<\/p>\n<p>\u2713<\/p>\n<p>\u2713<\/p>\n<p>Protecci\u00f3n de m\u00faltiples niveles contra ransomwares<\/p>\n<p>\u2713<\/p>\n<p>\u2713<\/p>\n<p>\u2713<\/p>","protected":false},"excerpt":{"rendered":"<table style='border-collapse: collapse; width: 100%;'>\n<tr>\n<th>Propiedad<\/th>\n<th>Valor<\/th>\n<\/tr>\n<tr>\n<td>Placa en forma de<\/td>\n<td>Windows 7 con Service Pack 1, Windows 8.1, Windows 10 y Windows 11 *El rendimiento del sistema puede verse afectado por los dispositivos equipados con CPU m\u00e1s antiguos.<\/td>\n<\/tr>\n<tr>\n<td>Espacio disco<\/td>\n<td>2,5 km de espacio disponible<\/td>\n<\/tr>\n<tr>\n<td>RAM<\/td>\n<td>2 GB<\/td>\n<\/tr>\n<tr>\n<td>Otras exigencias<\/td>\n<td>Internet Explorer versi\u00f3n 11<\/td>\n<\/tr>\n<\/table>","protected":false},"featured_media":2992,"template":"","meta":{"inline_featured_image":false},"product_brand":[],"product_cat":[117],"product_tag":[],"class_list":{"0":"post-2640","1":"product","2":"type-product","3":"status-publish","4":"has-post-thumbnail","6":"product_cat-antivirus","8":"first","9":"instock","10":"sale","11":"virtual","12":"taxable","13":"purchasable","14":"product-type-simple"},"_links":{"self":[{"href":"https:\/\/elitesoftkeys.com\/es\/wp-json\/wp\/v2\/product\/2640","targetHints":{"allow":["GET"]}}],"collection":[{"href":"https:\/\/elitesoftkeys.com\/es\/wp-json\/wp\/v2\/product"}],"about":[{"href":"https:\/\/elitesoftkeys.com\/es\/wp-json\/wp\/v2\/types\/product"}],"version-history":[{"count":0,"href":"https:\/\/elitesoftkeys.com\/es\/wp-json\/wp\/v2\/product\/2640\/revisions"}],"wp:featuredmedia":[{"embeddable":true,"href":"https:\/\/elitesoftkeys.com\/es\/wp-json\/wp\/v2\/media\/2992"}],"wp:attachment":[{"href":"https:\/\/elitesoftkeys.com\/es\/wp-json\/wp\/v2\/media?parent=2640"}],"wp:term":[{"taxonomy":"product_brand","embeddable":true,"href":"https:\/\/elitesoftkeys.com\/es\/wp-json\/wp\/v2\/product_brand?post=2640"},{"taxonomy":"product_cat","embeddable":true,"href":"https:\/\/elitesoftkeys.com\/es\/wp-json\/wp\/v2\/product_cat?post=2640"},{"taxonomy":"product_tag","embeddable":true,"href":"https:\/\/elitesoftkeys.com\/es\/wp-json\/wp\/v2\/product_tag?post=2640"}],"curies":[{"name":"gracias","href":"https:\/\/api.w.org\/{rel}","templated":true}]}}