{"id":2636,"date":"2024-12-21T13:57:32","date_gmt":"2024-12-21T13:57:32","guid":{"rendered":"http:\/\/elitesoftkeys.com\/?product=kaspersky-anti-virus"},"modified":"2025-07-06T14:06:27","modified_gmt":"2025-07-06T14:06:27","slug":"kaspersky-anti-virus","status":"publish","type":"product","link":"https:\/\/elitesoftkeys.com\/es\/producto\/kaspersky-anti-virus\/","title":{"rendered":"Kaspersky Anti-Virus"},"content":{"rendered":"<p>Kaspersky Anti-Virus ofrece una protecci\u00f3n completa contra diversos tipos de amenazas a la seguridad de la informaci\u00f3n. Kaspersky Anti-Virus incluye diferentes funciones y componentes de protecci\u00f3n.<\/p>\n<p>Principales componentes de Kaspersky Anti-Virus:<\/p>\n<p>Archivo antivirus: inicia la infecci\u00f3n del sistema de archivos del ordenador.<\/p>\n<p>Anti-VirusMail: analiza los correos electr\u00f3nicos entrantes y clasificados del ordenador.<\/p>\n<p>Antivirus Web: bloquea la ejecuci\u00f3n de scripts en sitios web cuando esto puede presentar un riesgo de seguridad.<\/p>\n<p>Comprobaci\u00f3n antisistema: anule las modificaciones realizadas en el sistema de explotaci\u00f3n del conjunto de actividades maliciosas o de otras actividades de la aplicaci\u00f3n.<\/p>\n<p>IM Virus: garantiza un uso seguro de los clientes de mensajer\u00eda instant\u00e1nea.<\/p>\n<p>Prevenci\u00f3n de intrusiones: encargada del inicio del sistema de explotaci\u00f3n, se adapta al tr\u00e1fico de la red entrante para identificar las actividades caracter\u00edsticas de los ataques de red.<\/p>\n<p>Anti-hame\u00e7onnage: verifique que las URL no figuran en la lista de URL de hame\u00e7onnage.<\/p>\n<p>Clavier \u00e0 l&#039;\u00e9cran: emp\u00eache l&#039;interception des donn\u00e9es saisies via le clavier mat\u00e9riel et prot\u00e8ge vos donn\u00e9es personalles contra la interception via les captures d&#039;\u00e9cran.<\/p>\n<p>My Kaspersky: Si Kaspersky Anti-Virus est\u00e1 instalado en un ordenador, podr\u00e1 administrar la protecci\u00f3n de su ordenador a distancia desde el sitio web My Kaspersky.<\/p>\n<p>Conexi\u00f3n segura: Kaspersky Anti-Virus protege a los usuarios del usuario cuando se conectan a redes Wi-Fi no seguras.<\/p>\n<p>Cada tipo de amenaza es tratado por un componente de protecci\u00f3n d\u00e9di\u00e9. Puede obtener estos componentes en los par\u00e1metros de la aplicaci\u00f3n. Adem\u00e1s, la protecci\u00f3n de su ordenador puede controlarse a distancia desde el sitio web My Kaspersky.<\/p>","protected":false},"excerpt":{"rendered":"<table style='border-collapse: collapse; width: 100%;'>\n<tr>\n<th>Propiedad<\/th>\n<th>Valor<\/th>\n<\/tr>\n<tr>\n<td>Placa en forma de<\/td>\n<td>Ventanas<\/td>\n<\/tr>\n<tr>\n<td>Procesador<\/td>\n<td>Procesador capaz de prendre en charge le jeu d&#039;instructions SSE2<\/td>\n<\/tr>\n<tr>\n<td>Espacio disco<\/td>\n<td>1500 millones disponibles<\/td>\n<\/tr>\n<tr>\n<td>RAM<\/td>\n<td>Para Windows 11: 2 GB (64 bits), 32 bits no es compatible Para Windows 10: 2 GB (64 bits), 1 GB (32 bits) \u2013 solo para la versi\u00f3n 21H2 que no es compatible Para Windows 8\/7: 2 GB (64 bits), 1 GB (32 bits)<\/td>\n<\/tr>\n<tr>\n<td>Compatibilidad de sistemas<\/td>\n<td>Windows 11, Windows 10, Windows 8, Windows 7<\/td>\n<\/tr>\n<tr>\n<td>Otras exigencias<\/td>\n<td>Acceso a internet<\/td>\n<\/tr>\n<\/table>","protected":false},"featured_media":2875,"template":"","meta":{"inline_featured_image":false},"product_brand":[],"product_cat":[117],"product_tag":[],"class_list":{"0":"post-2636","1":"product","2":"type-product","3":"status-publish","4":"has-post-thumbnail","6":"product_cat-antivirus","8":"first","9":"instock","10":"sale","11":"virtual","12":"taxable","13":"purchasable","14":"product-type-simple"},"_links":{"self":[{"href":"https:\/\/elitesoftkeys.com\/es\/wp-json\/wp\/v2\/product\/2636","targetHints":{"allow":["GET"]}}],"collection":[{"href":"https:\/\/elitesoftkeys.com\/es\/wp-json\/wp\/v2\/product"}],"about":[{"href":"https:\/\/elitesoftkeys.com\/es\/wp-json\/wp\/v2\/types\/product"}],"version-history":[{"count":0,"href":"https:\/\/elitesoftkeys.com\/es\/wp-json\/wp\/v2\/product\/2636\/revisions"}],"wp:featuredmedia":[{"embeddable":true,"href":"https:\/\/elitesoftkeys.com\/es\/wp-json\/wp\/v2\/media\/2875"}],"wp:attachment":[{"href":"https:\/\/elitesoftkeys.com\/es\/wp-json\/wp\/v2\/media?parent=2636"}],"wp:term":[{"taxonomy":"product_brand","embeddable":true,"href":"https:\/\/elitesoftkeys.com\/es\/wp-json\/wp\/v2\/product_brand?post=2636"},{"taxonomy":"product_cat","embeddable":true,"href":"https:\/\/elitesoftkeys.com\/es\/wp-json\/wp\/v2\/product_cat?post=2636"},{"taxonomy":"product_tag","embeddable":true,"href":"https:\/\/elitesoftkeys.com\/es\/wp-json\/wp\/v2\/product_tag?post=2636"}],"curies":[{"name":"gracias","href":"https:\/\/api.w.org\/{rel}","templated":true}]}}