{"id":2634,"date":"2024-12-21T13:57:29","date_gmt":"2024-12-21T13:57:29","guid":{"rendered":"http:\/\/elitesoftkeys.com\/?product=bitdefender-total-security"},"modified":"2025-07-06T14:06:27","modified_gmt":"2025-07-06T14:06:27","slug":"bitdefender-total-security","status":"publish","type":"product","link":"https:\/\/elitesoftkeys.com\/es\/producto\/bitdefender-total-security\/","title":{"rendered":"BitDefender Total Security"},"content":{"rendered":"<p>Bitdefender Total Security es una herramienta de seguridad integral que ofrece protecci\u00f3n para diversos dispositivos, como Windows, Mac, Android e iOS. Ofrece a los usuarios la posibilidad de proteger sus equipos de las amenazas de internet, compras seguras y privacidad. Tambi\u00e9n incluye funciones de gesti\u00f3n de contrase\u00f1as y seguimiento de dispositivos perdidos o robados. Su interfaz es muy intuitiva y se actualiza con frecuencia, lo que convierte a Bitdefender Total Security en una soluci\u00f3n de seguridad eficiente y completa para uso personal y familiar.<\/p>\n<p>Qu\u00e9 incluye Bitdefender Total Security<\/p>\n<p>Protecci\u00f3n: La protecci\u00f3n multicapa de Bitdefender Total Security es inmejorable, ya que protege sus dispositivos contra todas las amenazas electr\u00f3nicas nuevas y de otro tipo.<\/p>\n<p>Windows: Protecci\u00f3n de datos en tiempo real, prevenci\u00f3n de amenazas de red, defensa avanzada contra amenazas, protecci\u00f3n contra ransomware de m\u00faltiples niveles, evaluaci\u00f3n de vulnerabilidades, prevenci\u00f3n de ataques web, antiphishing, antifraude, antispam, entorno de rescate.<\/p>\n<p>MacOS: Archivos seguros, protecci\u00f3n Time Machine, bloqueador de adware, detecci\u00f3n de malware multiplataforma, Traffic Light (extensi\u00f3n del navegador), antiphishing, Bitdefender Shield.<\/p>\n<p>iOS: protecci\u00f3n web, escaneo.<\/p>\n<p>Android: escaneo a pedido y durante la instalaci\u00f3n, protecci\u00f3n web, alerta de estafa, WearON, antirrobo.<\/p>\n<p>Rendimiento: el software de seguridad Bitdefender proporciona una respuesta instant\u00e1nea al malware sin afectar el rendimiento del sistema.<\/p>\n<p>Windows: Piloto autom\u00e1tico, Bitdefender Photon, Red de protecci\u00f3n global, modos de juego, pel\u00edcula y trabajo, aceleraci\u00f3n del dispositivo, modo bater\u00eda.<\/p>\n<p>MacOS: Piloto autom\u00e1tico, escaneo ultrarr\u00e1pido, protecci\u00f3n en la nube las 24 horas.<\/p>\n<p>Android: Piloto autom\u00e1tico, sin consumo de rendimiento ni bater\u00eda, r\u00e1pido y ligero.<\/p>\n<p>Privacidad: la protecci\u00f3n integral de Bitdefender Total Security 2024 protege su informaci\u00f3n personal y su privacidad en l\u00ednea.<\/p>\n<p>Windows: Bitdefender VPN, anti-rastreador, control de micr\u00f3fono, protecci\u00f3n de c\u00e1mara web, banca en l\u00ednea segura, controles parentales, firewall de privacidad, antirrobo, asesor de seguridad Wi-Fi, protecci\u00f3n de redes sociales, destructor de archivos.<\/p>\n<p>MacOS: Bitdefender VPN, anti-rastreador, control parental.<\/p>\n<p>iOS: Bitdefender VPN, privacidad de la cuenta, control parental.<\/p>\n<p>Android: Bitdefender VPN, bloqueador de aplicaciones, privacidad de cuenta, controles parentales.<\/p>\n<p>Bitdefender: gu\u00eda de descarga e instalaci\u00f3n<\/p>\n<p>Tras completar su compra, le enviaremos por correo electr\u00f3nico una clave de activaci\u00f3n de licencia y manuales con instrucciones sencillas. Si tiene alguna pregunta, ofrecemos soporte t\u00e9cnico gratuito a trav\u00e9s de los contactos que encontrar\u00e1 en www.EliteSoftKeys.com.<\/p>\n<p>Si no puede activar su licencia de Bitdefender Total Security 2024, p\u00f3ngase en contacto con nuestro soporte t\u00e9cnico gratuito en el sitio web y proporcione detalles y capturas de pantalla del problema. Le ayudaremos de inmediato.<\/p>\n<p>\u00bfQu\u00e9 dispositivos y sistemas operativos se pueden proteger con Bitdefender Total Security?<\/p>\n<p>Bitdefender Total Security proteger\u00e1 sus PC con Windows, Mac, tel\u00e9fonos inteligentes y tabletas que funcionen con Android o iOS contra cualquier malware.<\/p>","protected":false},"excerpt":{"rendered":"<table style='border-collapse: collapse; width: 100%;'>\n<tr>\n<th>Propiedad<\/th>\n<th>Valor<\/th>\n<\/tr>\n<tr>\n<td>Disco duro<\/td>\n<td>2,5 GB de espacio libre<\/td>\n<\/tr>\n<tr>\n<td>RAM<\/td>\n<td>WINDOWS: 2 GB de espacio libre; MAC: 1 GB de RAM<\/td>\n<\/tr>\n<tr>\n<td>Sistema operativo<\/td>\n<td>WINDOWS: Windows 7 con Service Pack 1, Windows 8.1, Windows 10 y Windows 11. * El rendimiento del sistema puede verse afectado en dispositivos que tengan CPU de generaci\u00f3n anterior; MAC: macOS X Yosemite (10.10) o posterior * Puede instalar Bitdefender VPN solo en dispositivos con macOS Sierra (10.12 o posterior); IOS: iOS 11.2 o posterior; ANDROID: Android 5.0 o posterior Scam Alert y App Anomaly Detection requieren Android 6 o posterior.<\/td>\n<\/tr>\n<tr>\n<td>Otros requisitos<\/td>\n<td>WINDOWS: Internet Explorer versi\u00f3n 11; MAC: Safari, Firefox, Google Chrome<\/td>\n<\/tr>\n<\/table>","protected":false},"featured_media":2877,"template":"","meta":{"inline_featured_image":false},"product_brand":[],"product_cat":[117],"product_tag":[],"class_list":{"0":"post-2634","1":"product","2":"type-product","3":"status-publish","4":"has-post-thumbnail","6":"product_cat-antivirus","8":"first","9":"instock","10":"sale","11":"virtual","12":"taxable","13":"purchasable","14":"product-type-simple"},"_links":{"self":[{"href":"https:\/\/elitesoftkeys.com\/es\/wp-json\/wp\/v2\/product\/2634","targetHints":{"allow":["GET"]}}],"collection":[{"href":"https:\/\/elitesoftkeys.com\/es\/wp-json\/wp\/v2\/product"}],"about":[{"href":"https:\/\/elitesoftkeys.com\/es\/wp-json\/wp\/v2\/types\/product"}],"version-history":[{"count":0,"href":"https:\/\/elitesoftkeys.com\/es\/wp-json\/wp\/v2\/product\/2634\/revisions"}],"wp:featuredmedia":[{"embeddable":true,"href":"https:\/\/elitesoftkeys.com\/es\/wp-json\/wp\/v2\/media\/2877"}],"wp:attachment":[{"href":"https:\/\/elitesoftkeys.com\/es\/wp-json\/wp\/v2\/media?parent=2634"}],"wp:term":[{"taxonomy":"product_brand","embeddable":true,"href":"https:\/\/elitesoftkeys.com\/es\/wp-json\/wp\/v2\/product_brand?post=2634"},{"taxonomy":"product_cat","embeddable":true,"href":"https:\/\/elitesoftkeys.com\/es\/wp-json\/wp\/v2\/product_cat?post=2634"},{"taxonomy":"product_tag","embeddable":true,"href":"https:\/\/elitesoftkeys.com\/es\/wp-json\/wp\/v2\/product_tag?post=2634"}],"curies":[{"name":"gracias","href":"https:\/\/api.w.org\/{rel}","templated":true}]}}