{"id":2632,"date":"2024-12-21T13:57:27","date_gmt":"2024-12-21T13:57:27","guid":{"rendered":"http:\/\/elitesoftkeys.com\/?product=kaspersky-total-security"},"modified":"2025-07-06T14:06:27","modified_gmt":"2025-07-06T14:06:27","slug":"kaspersky-total-security","status":"publish","type":"product","link":"https:\/\/elitesoftkeys.com\/es\/producto\/kaspersky-total-security\/","title":{"rendered":"Kaspersky Total Security"},"content":{"rendered":"<p>Kaspersky Total Security ofrece una protecci\u00f3n completa contra diversos tipos de amenazas de seguridad, ataques de red, ataques de phishing y spam.<\/p>\n<p>Principales caracter\u00edsticas y componentes de protecci\u00f3n de Kaspersky Total Security:<\/p>\n<p>File Anti-Virus inicia la infecci\u00f3n del sistema de archivos de su ordenador en la b\u00fasqueda regular de virus y otros virus maliciosos.<\/p>\n<p>Mail Anti-Virus analiza los mensajes electr\u00f3nicos entrantes y ordena su ordenador para buscar virus connus y otros malveillants l\u00f3gicos.<\/p>\n<p>El antivirus web intercepta y bloquea la ejecuci\u00f3n de scripts en sitios web que representan una amenaza y bloquea el acceso a sitios web peligrosos.<\/p>\n<p>IM Anti-Virus protege la informaci\u00f3n que env\u00eda su ordenador a trav\u00e9s de protocolos de mensajer\u00eda instant\u00e1nea.<\/p>\n<p>Control de aplicaciones registra las acciones realizadas por las aplicaciones en el sistema de explotaci\u00f3n y controla las actividades de las aplicaciones por grupo.<\/p>\n<p>El administrador de aplicaciones le permite administrar las aplicaciones instaladas en su ordenador.<\/p>\n<p>La protecci\u00f3n de la c\u00e1mara web bloquea el acceso no autorizado a la c\u00e1mara web y evitar\u00e1 que el acceso est\u00e9 bloqueado.<\/p>\n<p>Lepare-feu asegura la seguridad cuando un usuario utiliza redes locales e Internet.<\/p>\n<p>NetworkMonitor est\u00e1 dise\u00f1ado para vigilar la actividad de la red en tiempo real.<\/p>\n<p>System Watcher restablece las modificaciones realizadas en el sistema de explotaci\u00f3n por aplicaciones maliciosas u otras.<\/p>\n<p>Network Attack Blocker se encarga de iniciar el sistema de explotaci\u00f3n y vigilar el tr\u00e1fico de la red entrante en la b\u00fasqueda de actividades caracter\u00edsticas de ataques de red.<\/p>\n<p>Anti-Spam analiza los mensajes electr\u00f3nicos entrantes en busca de spam; Los mensajes que contienen spam est\u00e1n marcados por un mensaje especial.<\/p>\n<p>Anti-Phishing (anti-hame\u00e7onnage) analiza las URL para determinar si figuran en la lista de URL de hame\u00e7onnage.<\/p>\n<p>Anti-banni\u00e8re bloquea las publicidades en los sitios web y en las interfaces de aplicaci\u00f3n.<\/p>\n<p>Navegaci\u00f3n privada (navegaci\u00f3n privada) detecta las demandas enviadas por el navegador a los servicios de seguimiento y puede modificar las demandas y las respuestas de los servicios de seguimiento para que usted est\u00e9 protegido contra el seguimiento en l\u00ednea.<\/p>\n<p>Safe Money protege a los beneficiarios confidenciales durante la utilizaci\u00f3n de servicios bancarios y sistemas de pago en l\u00ednea y empe\u00f1a el volumen de fondos durante los pagos en l\u00ednea.<\/p>\n<p>La entrada segura del teclado protege a los usuarios del personal de los sitios web contra los registradores de frappe.<\/p>\n<p>Las aplicaciones de confianza de Lemode protegen su ordenador de las aplicaciones que no son seguras.<\/p>\n<p>El control parental est\u00e1 dise\u00f1ado para proteger a los ni\u00f1os y adolescentes contra las amenazas inform\u00e1ticas e Internet.<\/p>\n<p>La conexi\u00f3n segura protege los datos de la conexi\u00f3n a redes Wi-Fi no seguras.<\/p>\n<p>La funci\u00f3n de conservaci\u00f3n y recuperaci\u00f3n est\u00e1 concebida para proteger los datos personales contra la p\u00e9rdida debida a un deterioro del material. Es posible que los datos guardados de datos se realicen en discos m\u00f3viles, en la red y en l\u00ednea.<\/p>\n<p>El cifrado de donn\u00e9es est\u00e1 dise\u00f1ado para proteger a los donn\u00e9es confidenciales contra todo acceso no autorizado. Un usuario no puede descubrir un cofre fuerte y consultar el contenido despu\u00e9s de haber dicho una contrase\u00f1a.<\/p>\n<p>Cada tipo de amenaza es generado por un componente de protecci\u00f3n espec\u00edfico. Estos componentes pueden ser seleccionados en los par\u00e1metros de la aplicaci\u00f3n. Adem\u00e1s, la protecci\u00f3n del ordenador puede estar gestionada a distancia desde el sitio web My Kaspersky.<\/p>","protected":false},"excerpt":{"rendered":"<table style='border-collapse: collapse; width: 100%;'>\n<tr>\n<th>Propiedad<\/th>\n<th>Valor<\/th>\n<\/tr>\n<tr>\n<td>Placa en forma de<\/td>\n<td>Windows\/MacOS\/Android\/iOS<\/td>\n<\/tr>\n<tr>\n<td>Procesador<\/td>\n<td>WINDOWS: 1 Ghz o m\u00e1s, compatible con SSE2; \/ MAC: silicio de Apple, Intel<\/td>\n<\/tr>\n<tr>\n<td>Espacio disco<\/td>\n<td>WINDOWS: 1500 Mo disponibles en el disco; \/ MAC: 2200 Mo disponibles en el disco; \/ ANDROID e IOS: 120 modos de espacio libre;<\/td>\n<\/tr>\n<tr>\n<td>RAM<\/td>\n<td>WINDOWS: Para Windows 11: 2 GB (64 bits), 32 bits no es compatible con el mismo formato; Para Windows 10: 2 GB (64 bits), 1 GB (32 bits), excepto la edici\u00f3n 21H2 que no es compatible. Para Windows 8\/7: 2 GB (64 bits), 1 GB (32 bits) \/ MAC: 2 GB de RAM<\/td>\n<\/tr>\n<tr>\n<td>Compatibilidad de sistemas<\/td>\n<td>WINDOWS: Windows 11, Windows 10, Windows 8, Windows 7 \/ MAC: macOS 10.14, 10.15, 11, 12, ou 13 \/ ANDROID: Android 6.0-13.x \/ MAC: las 3 versiones m\u00e1s recientes<\/td>\n<\/tr>\n<tr>\n<td>Otras exigencias<\/td>\n<td>Acceso a internet<\/td>\n<\/tr>\n<\/table>","protected":false},"featured_media":2878,"template":"","meta":{"inline_featured_image":false},"product_brand":[],"product_cat":[117],"product_tag":[],"class_list":{"0":"post-2632","1":"product","2":"type-product","3":"status-publish","4":"has-post-thumbnail","6":"product_cat-antivirus","8":"first","9":"instock","10":"sale","11":"virtual","12":"taxable","13":"purchasable","14":"product-type-simple"},"_links":{"self":[{"href":"https:\/\/elitesoftkeys.com\/es\/wp-json\/wp\/v2\/product\/2632","targetHints":{"allow":["GET"]}}],"collection":[{"href":"https:\/\/elitesoftkeys.com\/es\/wp-json\/wp\/v2\/product"}],"about":[{"href":"https:\/\/elitesoftkeys.com\/es\/wp-json\/wp\/v2\/types\/product"}],"version-history":[{"count":0,"href":"https:\/\/elitesoftkeys.com\/es\/wp-json\/wp\/v2\/product\/2632\/revisions"}],"wp:featuredmedia":[{"embeddable":true,"href":"https:\/\/elitesoftkeys.com\/es\/wp-json\/wp\/v2\/media\/2878"}],"wp:attachment":[{"href":"https:\/\/elitesoftkeys.com\/es\/wp-json\/wp\/v2\/media?parent=2632"}],"wp:term":[{"taxonomy":"product_brand","embeddable":true,"href":"https:\/\/elitesoftkeys.com\/es\/wp-json\/wp\/v2\/product_brand?post=2632"},{"taxonomy":"product_cat","embeddable":true,"href":"https:\/\/elitesoftkeys.com\/es\/wp-json\/wp\/v2\/product_cat?post=2632"},{"taxonomy":"product_tag","embeddable":true,"href":"https:\/\/elitesoftkeys.com\/es\/wp-json\/wp\/v2\/product_tag?post=2632"}],"curies":[{"name":"gracias","href":"https:\/\/api.w.org\/{rel}","templated":true}]}}