{"id":2630,"date":"2024-12-21T13:57:24","date_gmt":"2024-12-21T13:57:24","guid":{"rendered":"http:\/\/elitesoftkeys.com\/?product=adobe-acrobat-pro-standard-annual-plan"},"modified":"2025-07-06T14:06:58","modified_gmt":"2025-07-06T14:06:58","slug":"adobe-acrobat-pro-standard-annual-plan","status":"publish","type":"product","link":"https:\/\/elitesoftkeys.com\/es\/producto\/adobe-acrobat-pro-standard-annual-plan\/","title":{"rendered":"Plan anual de Adobe Acrobat Pro\/Standard"},"content":{"rendered":"<p>Adobe Acrobat Pro no necesita presentaci\u00f3n. Es el programa perfecto para convertir, recortar, editar, firmar y gestionar todos tus documentos con este excepcional software. Esta versi\u00f3n incluye 100 GB de almacenamiento externo en Adobe Store Cloud. Es compatible con varios dispositivos con un plan anual. Si buscas una versi\u00f3n sin fecha de caducidad, la encontrar\u00e1s comprando Adobe Acrobat Pro DC 2020. Acrobat Pro simplificar\u00e1 todas tus tareas diarias de oficina con documentos PDF.<\/p>\n<p>Mant\u00e9ngase productivo mientras permanece conectado. Disfrute siempre de la \u00faltima tecnolog\u00eda de la herramienta PDF m\u00e1s colaborativa y f\u00e1cil de usar, disponible en cualquier dispositivo. Obtenga siempre las \u00faltimas funciones de Acrobat. Sus necesidades evolucionan constantemente. Y su forma de trabajar evoluciona con ellas. Por eso, mejoramos y a\u00f1adimos funciones a Adobe Acrobat continuamente. Y al comprar Adobe Acrobat, siempre obtendr\u00e1 las \u00faltimas funciones a medida que se lanzan. Acrobat. As\u00ed es como el mundo trabaja. M\u00e1s de cinco millones de organizaciones en todo el mundo conf\u00edan en Acrobat para crear y editar los PDF m\u00e1s inteligentes, convertirlos a formatos de Microsoft Office y mucho m\u00e1s. Cuando est\u00e9 de viaje y necesite colaborar con colegas en varias ubicaciones, conf\u00ede en el poder de Acrobat para hacerlo posible. Mantenga sus proyectos en marcha desde cualquier lugar. No importa d\u00f3nde se encuentre ni desde qu\u00e9 dispositivo acceda, siga colaborando. Con Acrobat, puedes compartir f\u00e1cilmente archivos PDF para verlos, revisarlos, firmarlos e incluso seguir su progreso, desde cualquier dispositivo y ubicaci\u00f3n. Optimiza las revisiones de documentos. Ahora, compartir archivos PDF y recopilar comentarios es tan sencillo como enviar un correo electr\u00f3nico, pero con un control mucho m\u00e1s completo, seguimiento completo y sin archivos adjuntos engorrosos. Los destinatarios reciben un correo electr\u00f3nico con un enlace a tu PDF. Simplemente hacen clic para abrirlo, verlo y comentarlo.<\/p>","protected":false},"excerpt":{"rendered":"<table style=\"border-collapse: collapse; width: 100%;\">\n<tbody>\n<tr>\n<th>Propiedad<\/th>\n<th>Valor<\/th>\n<\/tr>\n<tr>\n<td>Plataforma<\/td>\n<td>Windows y macOS<\/td>\n<\/tr>\n<tr>\n<td>Idioma<\/td>\n<td>Multilenguaje<\/td>\n<\/tr>\n<tr>\n<td>Usuarios apoyados<\/td>\n<td>1 usuario<\/td>\n<\/tr>\n<tr>\n<td>Sistema operativo<\/td>\n<td>Windows 11, Windows 10. Para SO Mac Catalina 10.15.7 m\u00ednimo<\/td>\n<\/tr>\n<tr>\n<td>Otros requisitos<\/td>\n<td>Cualquier dispositivo compatible con los sistemas operativos mencionados anteriormente. No se admiten sistemas con procesadores ARM. Se requiere conexi\u00f3n a internet para activar el programa. La licencia del programa se verifica peri\u00f3dicamente.<\/td>\n<\/tr>\n<\/tbody>\n<\/table>","protected":false},"featured_media":2913,"template":"","meta":{"inline_featured_image":false},"product_brand":[],"product_cat":[111],"product_tag":[],"class_list":{"0":"post-2630","1":"product","2":"type-product","3":"status-publish","4":"has-post-thumbnail","6":"product_cat-pdf-editing-software","8":"first","9":"instock","10":"sale","11":"virtual","12":"taxable","13":"purchasable","14":"product-type-simple"},"_links":{"self":[{"href":"https:\/\/elitesoftkeys.com\/es\/wp-json\/wp\/v2\/product\/2630","targetHints":{"allow":["GET"]}}],"collection":[{"href":"https:\/\/elitesoftkeys.com\/es\/wp-json\/wp\/v2\/product"}],"about":[{"href":"https:\/\/elitesoftkeys.com\/es\/wp-json\/wp\/v2\/types\/product"}],"version-history":[{"count":0,"href":"https:\/\/elitesoftkeys.com\/es\/wp-json\/wp\/v2\/product\/2630\/revisions"}],"wp:featuredmedia":[{"embeddable":true,"href":"https:\/\/elitesoftkeys.com\/es\/wp-json\/wp\/v2\/media\/2913"}],"wp:attachment":[{"href":"https:\/\/elitesoftkeys.com\/es\/wp-json\/wp\/v2\/media?parent=2630"}],"wp:term":[{"taxonomy":"product_brand","embeddable":true,"href":"https:\/\/elitesoftkeys.com\/es\/wp-json\/wp\/v2\/product_brand?post=2630"},{"taxonomy":"product_cat","embeddable":true,"href":"https:\/\/elitesoftkeys.com\/es\/wp-json\/wp\/v2\/product_cat?post=2630"},{"taxonomy":"product_tag","embeddable":true,"href":"https:\/\/elitesoftkeys.com\/es\/wp-json\/wp\/v2\/product_tag?post=2630"}],"curies":[{"name":"gracias","href":"https:\/\/api.w.org\/{rel}","templated":true}]}}