{"id":2628,"date":"2024-12-21T13:57:23","date_gmt":"2024-12-21T13:57:23","guid":{"rendered":"http:\/\/elitesoftkeys.com\/?product=ashampoo-pdf-pro-3"},"modified":"2025-07-06T14:06:56","modified_gmt":"2025-07-06T14:06:56","slug":"ashampoo-pdf-pro-3","status":"publish","type":"product","link":"https:\/\/elitesoftkeys.com\/es\/producto\/ashampoo-pdf-pro-3\/","title":{"rendered":"Ashampoo PDF Pro 3"},"content":{"rendered":"<p>Ashampoo PDF Pro es la soluci\u00f3n completa para gestionar y editar tus documentos PDF. El programa incluye todo lo necesario para crear, convertir, editar, fusionar y proteger tus archivos PDF.<\/p>\n<p>Caracter\u00edsticas principales de Ashampoo PDF Pro 3:<\/p>\n<p>Edite archivos PDF tan r\u00e1pida y f\u00e1cilmente como documentos de Word<\/p>\n<p>La versi\u00f3n 3 incluye una nueva interfaz basada en cinta de opciones, similar a la de cualquier aplicaci\u00f3n de oficina moderna. Todas las funciones esenciales est\u00e1n exactamente donde espera, igual que en Microsoft Word.<\/p>\n<p>Ergonom\u00eda sin estr\u00e9s<\/p>\n<p>Ashampoo PDF Pro 3 viene con un modo oscuro que reduce la fatiga visual.<\/p>\n<p>Formatear, revisar y recomponer con facilidad<\/p>\n<p>Reorganiza y elimina, o recorta y rota p\u00e1ginas individuales. Incluso puedes insertar p\u00e1ginas de otros documentos PDF o combinar varios documentos en un solo archivo.<\/p>\n<p>\u00a1No copies, convierte!<\/p>\n<p>Ashampoo PDF convierte sus archivos PDF en documentos de texto editables con MS Office o Ashampoo Office. Tambi\u00e9n admite HTML, EPUB, JPG o RTF como formatos de salida. Ashampoo PDF Pro tambi\u00e9n admite el reconocimiento \u00f3ptico de caracteres para convertir sus escaneos en documentos editables y con capacidad de b\u00fasqueda.<\/p>\n<p>Cambio r\u00e1pido entre modos de trabajo<\/p>\n<p>Cambie de la edici\u00f3n de texto al modo mano u objeto y viceversa en cuesti\u00f3n de segundos.<\/p>\n<p>Compacto y vers\u00e1til: m\u00faltiples nuevos elementos plegables<\/p>\n<p>La barra de herramientas de Ashampoo PDF Pro 3 cuenta con numerosas secciones desplegables. Estas siempre contienen las funciones contextuales m\u00e1s importantes de forma clara y concisa.<\/p>\n<p>PDF\/A: el est\u00e1ndar seguro<\/p>\n<p>Ashampoo PDF Pro 3 es compatible con el formato PDF\/A, estandarizado por ISO, dise\u00f1ado para crear documentos accesibles y legibles incluso despu\u00e9s de muchos a\u00f1os. Esto lo convierte en el formato perfecto para archivar sus documentos m\u00e1s importantes y preservarlos para la posteridad.<\/p>\n<p>Comparaciones de documentos r\u00e1pidas y precisas<\/p>\n<p>El programa le ahorra tiempo y esfuerzo al comparar archivos PDF. Y para mayor comodidad, las diferencias se pueden mostrar como enlaces navegables en una barra lateral independiente.<\/p>\n<p>Otras caracter\u00edsticas:<\/p>\n<p>Crear formularios interactivos<\/p>\n<p>Crear instant\u00e1neas<\/p>\n<p>Numeraci\u00f3n Bates pr\u00e1ctica<\/p>\n<p>Edici\u00f3n de im\u00e1genes fluida a trav\u00e9s de aplicaciones externas<\/p>\n<p>Buscar y reemplazar colores<\/p>\n<p>Convertir documentos a Word u otros formatos<\/p>\n<p>Buscar y reemplazar en segundos<\/p>\n<p>Comentar, editar y resaltar<\/p>\n<p>Protecci\u00f3n de documentos con cifrado AES de 128 bits<\/p>\n<p>Completar e imprimir formularios<\/p>\n<p>Inserte y utilice f\u00e1cilmente im\u00e1genes desde archivos PDF<\/p>\n<p>Cree archivos PDF confiables con firmas digitales<\/p>\n<p>Seguimiento de cambios vers\u00e1til y correcci\u00f3n ortogr\u00e1fica<\/p>\n<p>Controlador de impresora PDF integrado para m\u00e1xima flexibilidad<\/p>\n<p>Personaliza la barra de acceso r\u00e1pido seg\u00fan tus necesidades<\/p>","protected":false},"excerpt":{"rendered":"<table style='border-collapse: collapse; width: 100%;'>\n<tr>\n<th>Propiedad<\/th>\n<th>Valor<\/th>\n<\/tr>\n<tr>\n<td>Plataforma<\/td>\n<td>Ventanas<\/td>\n<\/tr>\n<tr>\n<td>Idioma<\/td>\n<td>Multilenguaje<\/td>\n<\/tr>\n<tr>\n<td>Usuarios apoyados<\/td>\n<td>1 usuario<\/td>\n<\/tr>\n<tr>\n<td>Sistema operativo<\/td>\n<td>Windows 11, Windows 10, Windows 8 o Windows 7<\/td>\n<\/tr>\n<tr>\n<td>Otros requisitos<\/td>\n<td>Cualquier dispositivo compatible con los sistemas operativos mencionados anteriormente. No se admiten sistemas con procesadores ARM. Se requiere conexi\u00f3n a internet para activar el programa. La licencia del programa se verifica peri\u00f3dicamente.<\/td>\n<\/tr>\n<\/table>","protected":false},"featured_media":2914,"template":"","meta":{"inline_featured_image":false},"product_brand":[],"product_cat":[111],"product_tag":[],"class_list":{"0":"post-2628","1":"product","2":"type-product","3":"status-publish","4":"has-post-thumbnail","6":"product_cat-pdf-editing-software","8":"first","9":"instock","10":"sale","11":"virtual","12":"taxable","13":"purchasable","14":"product-type-simple"},"_links":{"self":[{"href":"https:\/\/elitesoftkeys.com\/es\/wp-json\/wp\/v2\/product\/2628","targetHints":{"allow":["GET"]}}],"collection":[{"href":"https:\/\/elitesoftkeys.com\/es\/wp-json\/wp\/v2\/product"}],"about":[{"href":"https:\/\/elitesoftkeys.com\/es\/wp-json\/wp\/v2\/types\/product"}],"version-history":[{"count":0,"href":"https:\/\/elitesoftkeys.com\/es\/wp-json\/wp\/v2\/product\/2628\/revisions"}],"wp:featuredmedia":[{"embeddable":true,"href":"https:\/\/elitesoftkeys.com\/es\/wp-json\/wp\/v2\/media\/2914"}],"wp:attachment":[{"href":"https:\/\/elitesoftkeys.com\/es\/wp-json\/wp\/v2\/media?parent=2628"}],"wp:term":[{"taxonomy":"product_brand","embeddable":true,"href":"https:\/\/elitesoftkeys.com\/es\/wp-json\/wp\/v2\/product_brand?post=2628"},{"taxonomy":"product_cat","embeddable":true,"href":"https:\/\/elitesoftkeys.com\/es\/wp-json\/wp\/v2\/product_cat?post=2628"},{"taxonomy":"product_tag","embeddable":true,"href":"https:\/\/elitesoftkeys.com\/es\/wp-json\/wp\/v2\/product_tag?post=2628"}],"curies":[{"name":"gracias","href":"https:\/\/api.w.org\/{rel}","templated":true}]}}