{"id":2626,"date":"2024-12-21T13:57:20","date_gmt":"2024-12-21T13:57:20","guid":{"rendered":"http:\/\/elitesoftkeys.com\/?product=corel-pdf-fusion"},"modified":"2025-07-06T14:06:56","modified_gmt":"2025-07-06T14:06:56","slug":"corel-pdf-fusion","status":"publish","type":"product","link":"https:\/\/elitesoftkeys.com\/es\/producto\/corel-pdf-fusion\/","title":{"rendered":"Corel PDF Fusion"},"content":{"rendered":"<p>Corel PDF Fusion, un creador de PDF todo en uno que te permite ensamblar, editar y crear archivos PDF. Abre m\u00e1s de 100 tipos de archivos diferentes con solo arrastrarlos y soltarlos en la pantalla de bienvenida. Toma p\u00e1ginas de varios archivos, incluyendo documentos, hojas de c\u00e1lculo y presentaciones, y comb\u00ednalas en un solo PDF para compartirlo con quien quieras. Agrega texto, marcadores y comentarios. Adem\u00e1s, convierte archivos a formatos PDF, PDF\/A, XPS y DOC con un solo clic.<\/p>\n<p>Caracter\u00edsticas de Corel PDF Fusion:<\/p>\n<p>Re\u00fana nuevos documentos con facilidad<\/p>\n<p>Arrastre y suelte para agregar f\u00e1cilmente contenido de m\u00faltiples fuentes y tipos de archivos (incluidos documentos, hojas de c\u00e1lculo, presentaciones e im\u00e1genes) en un solo documento PDF para compartir con cualquier persona.<\/p>\n<p>Re\u00fana r\u00e1pidamente nuevos documentos utilizando p\u00e1ginas de material existente<\/p>\n<p>Exportar y enviar por correo electr\u00f3nico documentos PDF<\/p>\n<p>Convertir a PDF o XPS<\/p>\n<p>Abra m\u00e1s de 100 tipos de archivos<\/p>\n<p>Abra m\u00e1s de 100 tipos de archivos, \u00a1incluso si no tiene el software utilizado para crear el archivo!<\/p>\n<p>Abra Microsoft Word, Microsoft Excel, Microsoft PowerPoint, Adobe Photoshop, Microsoft Visio y otros tipos de archivos populares<\/p>\n<p>Elija entre las vistas P\u00e1gina, Ensamblaje o Desplazamiento para trabajar con su documento<\/p>\n<p>Editar y reorganizar el contenido<\/p>\n<p>Simplemente seleccione una l\u00ednea de texto y comience a escribir para realizar cambios.<\/p>\n<p>Editar o agregar texto en cualquier parte de un documento<\/p>\n<p>A\u00f1ade f\u00e1cilmente marcadores y comentarios<\/p>\n<p>Marque documentos usando resaltadores y notas adhesivas<\/p>\n<p>Redactar informaci\u00f3n confidencial y guardarla de forma segura<\/p>\n<p>A\u00f1adir marcas de agua<\/p>\n<p>Insertar hiperv\u00ednculos a otras p\u00e1ginas de su documento, otros archivos o sitios web<\/p>\n<p>Reorganizar, rotar o recortar p\u00e1ginas<\/p>\n<p>Crea archivos en formatos PDF, DOC y XPS<\/p>\n<p>Cree nuevos documentos PDF desde cualquier aplicaci\u00f3n que pueda imprimir<\/p>\n<p>Organice y env\u00ede archivos relacionados en un solo documento PDF<\/p>\n<p>Convierte varios archivos a la vez con Corel PDF Batch Converter<\/p>","protected":false},"excerpt":{"rendered":"<table style='border-collapse: collapse; width: 100%;'>\n<tr>\n<th>Propiedad<\/th>\n<th>Valor<\/th>\n<\/tr>\n<tr>\n<td>Plataforma<\/td>\n<td>Ventanas<\/td>\n<\/tr>\n<tr>\n<td>Procesador<\/td>\n<td>Procesador de 1,3 GHz o m\u00e1s r\u00e1pido<\/td>\n<\/tr>\n<tr>\n<td>Disco duro<\/td>\n<td>250 MB de espacio disponible en el disco duro<\/td>\n<\/tr>\n<tr>\n<td>RAM<\/td>\n<td>512 MB de RAM (se recomienda 1 GB)<\/td>\n<\/tr>\n<tr>\n<td>Mostrar<\/td>\n<td>1024 x 768<\/td>\n<\/tr>\n<tr>\n<td>Sistema operativo<\/td>\n<td>Microsoft Windows 10, Microsoft Windows 8\/8.1, Windows 7, Windows Vista o Windows XP con los \u00faltimos paquetes de servicio instalados (ediciones de 32 y 64 bits)<\/td>\n<\/tr>\n<tr>\n<td>Soporte de servidor<\/td>\n<td>Corel PDF Fusion admite la implementaci\u00f3n mediante los siguientes sistemas de terceros: Novell ZENworks, Citrix XenApp y directivas de grupo de Windows. PDF Fusion tambi\u00e9n es compatible con Windows Server 2008 R2, Windows Server 2008 y Windows Server 2003 (ediciones de 32 y 64 bits), incluida la virtualizaci\u00f3n en servidores Microsoft Hyper-V y VMware.<\/td>\n<\/tr>\n<\/table>","protected":false},"featured_media":2915,"template":"","meta":{"inline_featured_image":false},"product_brand":[],"product_cat":[111],"product_tag":[],"class_list":{"0":"post-2626","1":"product","2":"type-product","3":"status-publish","4":"has-post-thumbnail","6":"product_cat-pdf-editing-software","8":"first","9":"instock","10":"sale","11":"virtual","12":"taxable","13":"purchasable","14":"product-type-simple"},"_links":{"self":[{"href":"https:\/\/elitesoftkeys.com\/es\/wp-json\/wp\/v2\/product\/2626","targetHints":{"allow":["GET"]}}],"collection":[{"href":"https:\/\/elitesoftkeys.com\/es\/wp-json\/wp\/v2\/product"}],"about":[{"href":"https:\/\/elitesoftkeys.com\/es\/wp-json\/wp\/v2\/types\/product"}],"version-history":[{"count":0,"href":"https:\/\/elitesoftkeys.com\/es\/wp-json\/wp\/v2\/product\/2626\/revisions"}],"wp:featuredmedia":[{"embeddable":true,"href":"https:\/\/elitesoftkeys.com\/es\/wp-json\/wp\/v2\/media\/2915"}],"wp:attachment":[{"href":"https:\/\/elitesoftkeys.com\/es\/wp-json\/wp\/v2\/media?parent=2626"}],"wp:term":[{"taxonomy":"product_brand","embeddable":true,"href":"https:\/\/elitesoftkeys.com\/es\/wp-json\/wp\/v2\/product_brand?post=2626"},{"taxonomy":"product_cat","embeddable":true,"href":"https:\/\/elitesoftkeys.com\/es\/wp-json\/wp\/v2\/product_cat?post=2626"},{"taxonomy":"product_tag","embeddable":true,"href":"https:\/\/elitesoftkeys.com\/es\/wp-json\/wp\/v2\/product_tag?post=2626"}],"curies":[{"name":"gracias","href":"https:\/\/api.w.org\/{rel}","templated":true}]}}