{"id":2622,"date":"2024-12-21T13:57:16","date_gmt":"2024-12-21T13:57:16","guid":{"rendered":"http:\/\/elitesoftkeys.com\/?product=adobe-acrobat-pro-dc-2019"},"modified":"2025-07-06T14:06:56","modified_gmt":"2025-07-06T14:06:56","slug":"adobe-acrobat-pro-dc-2019","status":"publish","type":"product","link":"https:\/\/elitesoftkeys.com\/es\/producto\/adobe-acrobat-pro-dc-2019\/","title":{"rendered":"Adobe Acrobat Pro DC 2019"},"content":{"rendered":"<p>NOTA IMPORTANTE: Esta versi\u00f3n NO incluye aplicaciones y servicios de nube de documentos ni Adobe Acrobat Sign.<\/p>\n<p>Adobe Acrobat Pro DC 2019 incluye<\/p>\n<p>licencia de por vida<\/p>\n<p>1 PC (Windows)<\/p>\n<p>Dise\u00f1ada para usarse exclusivamente en Windows 10 o posterior, esta edici\u00f3n est\u00e1 disponible mediante una sola compra, a diferencia de los modelos de suscripci\u00f3n como Adobe Creative Cloud. La licencia de Adobe Acrobat 2019 Pro no caduca y permanece v\u00e1lida mientras satisfaga sus necesidades.<\/p>\n<p>Garant\u00eda de distribuidor certificado de Adobe<\/p>\n<p>EliteSoftKeys es un distribuidor certificado de Adobe. Esta certificaci\u00f3n significa que estamos autorizados para vender los productos y servicios de Adobe y que cumplimos con los requisitos de conocimiento del producto. Como distribuidores certificados, garantizamos que nuestros clientes reciban productos aut\u00e9nticos, un excelente soporte y la mejor experiencia al adquirir productos de Adobe, como Creative Cloud, Acrobat, etc.<\/p>\n<p>\u00bfPor qu\u00e9 la licencia de Acrobat Pro se ofrece a un precio tan bajo?<\/p>\n<p>Ofrecemos licencias de venta al p\u00fablico usadas y cedidas por el anterior propietario, de conformidad con la sentencia CE C-128\/2011. Por ello, puede adquirir la licencia oficial de Acrobat Pro en nuestra web a un precio m\u00e1s econ\u00f3mico.<\/p>\n<p>Adobe Acrobat Pro 2019: el mejor editor de PDF<\/p>\n<p>Adobe Acrobat es una de las mejores herramientas PDF del mercado. Ofrece una gama de funciones dise\u00f1adas para crear, editar, gestionar y compartir documentos PDF. Las funciones m\u00e1s populares de Acrobat Pro DC incluyen:<\/p>\n<p>Creaci\u00f3n y conversi\u00f3n de PDF: convierta varios formatos de archivos (Word, Excel, PowerPoint) a\/desde PDF y cree o exporte varios PDF simult\u00e1neamente.<\/p>\n<p>Edite texto e im\u00e1genes directamente en archivos PDF: organice archivos PDF reordenando, eliminando o rotando p\u00e1ginas, anote archivos PDF con notas adhesivas y resalte elementos.<\/p>\n<p>Firma digital: firmar con firma digital<\/p>\n<p>Funciones de seguridad: cree archivos PDF protegidos con contrase\u00f1a, establezca permisos de acceso y redacte informaci\u00f3n confidencial.<\/p>\n<p>Comparaci\u00f3n de documentos: compare dos versiones PDF una al lado de la otra.<\/p>\n<p>Escaneo OCR: convierte documentos escaneados en archivos PDF editables y con capacidad de b\u00fasqueda.<\/p>\n<p>\u00bfCu\u00e1l es la diferencia entre Adobe Acrobat Pro 2019 y Adobe Acrobat Pro 2024?<\/p>\n<p>Adobe Acrobat Pro DC 2019 es una compra \u00fanica, lo que significa que pagas un \u00fanico pago inicial para obtener todas las funciones avanzadas de Adobe Acrobat en un solo ordenador. El derecho a usar esta licencia es perpetuo, a diferencia de una suscripci\u00f3n a Adobe Acrobat Pro 2024. Solo tienes que pagar si quieres actualizar a la siguiente versi\u00f3n principal; de lo contrario, puedes usarla todo el tiempo que quieras. Adobe Acrobat Pro 2024 es una suscripci\u00f3n que incluye acceso constante a las \u00faltimas actualizaciones y funciones adicionales, como almacenamiento en la nube.<\/p>\n<p>Descarga e instalaci\u00f3n de Adobe Acrobat<\/p>\n<p>\u00a1Le proporcionaremos todo lo que necesita! Tras la compra, recibir\u00e1 su clave digital con gu\u00edas sencillas e instrucciones del proceso. Si tiene alguna pregunta sobre la clave de activaci\u00f3n de Adobe Acrobat Pro DC 2019, ofrecemos soporte t\u00e9cnico gratuito por chat en vivo, correo electr\u00f3nico o WhatsApp.<\/p>\n<p>\u00bfQu\u00e9 puedo hacer si no puedo activar o descargar la licencia?<\/p>\n<p>Si tiene alguna pregunta o problema con la activaci\u00f3n de su licencia, p\u00f3ngase en contacto con nuestro soporte t\u00e9cnico gratuito y proporcione detalles y capturas de pantalla del problema. Le ayudaremos de inmediato.<\/p>\n<p>\u00bfPor qu\u00e9 elegir EliteSoftKeys para comprar licencias de software?<\/p>\n<p>En EliteSoftKeys, somos m\u00e1s que un simple distribuidor de software. Vendemos software original a precios asequibles para nuestros clientes. Elegirnos significa optar por una experiencia de compra segura y confiable, respaldada por un servicio al cliente excepcional. Nuestro compromiso con la satisfacci\u00f3n del cliente se refleja en nuestra calificaci\u00f3n en Trustpilot, donde tenemos un impresionante promedio de 4.9\/5 basado en docenas de rese\u00f1as.<\/p>\n<p>Con una variedad de opciones de pago seguras, como Google Pay y tarjetas de cr\u00e9dito, simplificamos su proceso de compra. En EliteSoftKeys, no solo compra software, sino que tambi\u00e9n cuenta con un socio confiable que garantiza una experiencia de compra fluida y soporte a un solo clic.<\/p>","protected":false},"excerpt":{"rendered":"<table style='border-collapse: collapse; width: 100%;'>\n<tr>\n<th>Propiedad<\/th>\n<th>Valor<\/th>\n<\/tr>\n<tr>\n<td>Plataforma<\/td>\n<td>Windows y macOS<\/td>\n<\/tr>\n<tr>\n<td>Idioma<\/td>\n<td>Multilenguaje<\/td>\n<\/tr>\n<tr>\n<td>Usuarios apoyados<\/td>\n<td>1 usuario<\/td>\n<\/tr>\n<tr>\n<td>Sistema operativo<\/td>\n<td>Windows 11, Windows 10. Para SO Mac Catalina 10.15.7 m\u00ednimo<\/td>\n<\/tr>\n<tr>\n<td>Otros requisitos<\/td>\n<td>Cualquier dispositivo compatible con los sistemas operativos mencionados anteriormente. No se admiten sistemas con procesadores ARM. Se requiere conexi\u00f3n a internet para activar el programa. La licencia del programa se verifica peri\u00f3dicamente.<\/td>\n<\/tr>\n<\/table>","protected":false},"featured_media":2918,"template":"","meta":{"inline_featured_image":false},"product_brand":[],"product_cat":[111],"product_tag":[],"class_list":{"0":"post-2622","1":"product","2":"type-product","3":"status-publish","4":"has-post-thumbnail","6":"product_cat-pdf-editing-software","8":"first","9":"instock","10":"sale","11":"virtual","12":"taxable","13":"purchasable","14":"product-type-simple"},"_links":{"self":[{"href":"https:\/\/elitesoftkeys.com\/es\/wp-json\/wp\/v2\/product\/2622","targetHints":{"allow":["GET"]}}],"collection":[{"href":"https:\/\/elitesoftkeys.com\/es\/wp-json\/wp\/v2\/product"}],"about":[{"href":"https:\/\/elitesoftkeys.com\/es\/wp-json\/wp\/v2\/types\/product"}],"version-history":[{"count":0,"href":"https:\/\/elitesoftkeys.com\/es\/wp-json\/wp\/v2\/product\/2622\/revisions"}],"wp:featuredmedia":[{"embeddable":true,"href":"https:\/\/elitesoftkeys.com\/es\/wp-json\/wp\/v2\/media\/2918"}],"wp:attachment":[{"href":"https:\/\/elitesoftkeys.com\/es\/wp-json\/wp\/v2\/media?parent=2622"}],"wp:term":[{"taxonomy":"product_brand","embeddable":true,"href":"https:\/\/elitesoftkeys.com\/es\/wp-json\/wp\/v2\/product_brand?post=2622"},{"taxonomy":"product_cat","embeddable":true,"href":"https:\/\/elitesoftkeys.com\/es\/wp-json\/wp\/v2\/product_cat?post=2622"},{"taxonomy":"product_tag","embeddable":true,"href":"https:\/\/elitesoftkeys.com\/es\/wp-json\/wp\/v2\/product_tag?post=2622"}],"curies":[{"name":"gracias","href":"https:\/\/api.w.org\/{rel}","templated":true}]}}