{"id":2618,"date":"2024-12-21T13:57:11","date_gmt":"2024-12-21T13:57:11","guid":{"rendered":"http:\/\/elitesoftkeys.com\/?product=corel-videostudio-2022-ultimate"},"modified":"2025-07-06T14:07:08","modified_gmt":"2025-07-06T14:07:08","slug":"corel-videostudio-2022-ultimate","status":"publish","type":"product","link":"https:\/\/elitesoftkeys.com\/es\/producto\/corel-videostudio-2022-ultimate\/","title":{"rendered":"Corel VideoStudio 2022 Ultimate"},"content":{"rendered":"<p>Corel VideoStudio Pro 2022 Ultimate es un programa de edici\u00f3n de video intuitivo y repleto de funciones, con divertidas formas de crear stop motion, editar rostros, crear GIF, generar subt\u00edtulos con voz a texto y mucho m\u00e1s. Corel VideoStudio Ultimate 2022 y 2021 fueron reconocidos como el mejor software de edici\u00f3n de video de su clase, recibiendo el codiciado premio Editors&#039; Choice de PCMag.<\/p>\n<p>Funcionalidad clave de Corel VideoStudio Pro 2022 Ultimate:<\/p>\n<p>Captura. Importa tus propios clips, graba tu pantalla o captura videos multic\u00e1mara con herramientas integradas.<\/p>\n<p>Editar. Realice correcciones r\u00e1pidas con herramientas b\u00e1sicas, juegue con el color, agregue filtros creativos, t\u00edtulos y transiciones.<\/p>\n<p>Comparte. Exporta tus proyectos a formatos y dispositivos populares, comp\u00e1rtelos en l\u00ednea o gr\u00e1balos en disco con un men\u00fa personalizado.<\/p>\n<p>VideoStudio Pro es un software de edici\u00f3n de video divertido y sencillo que ayuda a los usuarios de todos los niveles de experiencia a sumergirse en la edici\u00f3n de video y desarrollar sus habilidades.<\/p>\n<p>Nuevas caracter\u00edsticas de VideoStudio Pro 2022:<\/p>\n<p>NUEVOS efectos faciales<\/p>\n<p>NUEVO conversor de voz a texto<\/p>\n<p>NUEVO Creador de GIF<\/p>\n<p>NUEVAS pegatinas animadas de RA<\/p>\n<p>NUEVAS transiciones de movimientos de c\u00e1mara<\/p>\n<p>NUEVO Keyframing no lineal a velocidad variable<\/p>\n<p>Edici\u00f3n de forma de onda de audio MEJORADA<\/p>\n<p>Biblioteca multimedia MEJORADA<\/p>\n<p>Perfiles LUT MEJORADOS<\/p>\n<p>Edici\u00f3n Ultimate Incluye todo lo de Pro, M\u00c1S:<\/p>\n<p>Clasificaci\u00f3n de color<\/p>\n<p>Creador de m\u00e1scaras<\/p>\n<p>NUEVA indexaci\u00f3n facial<\/p>\n<p>Estabilizaci\u00f3n de v\u00eddeo ProDAD Mercalli V5<\/p>\n<p>Edici\u00f3n din\u00e1mica de plantillas de pantalla dividida<\/p>\n<p>M\u00e1s de 100 filtros proDAD Vitascene<\/p>\n<p>Cientos de efectos premium exclusivos<\/p>\n<p>Editor multic\u00e1mara de 6 \u00e1ngulos<\/p>\n<p>M\u00e1s de 50 plantillas de men\u00fa de DVD adicionales<\/p>\n<p>Soporte de formato adicional<\/p>\n<p>Aplicaciones incluidas:<\/p>\n<p>VideoStudio Pro 2022<\/p>\n<p>VideoStudio MyDVD \u2013 Creaci\u00f3n de DVD<\/p>\n<p>Corel FastFlick \u2013 Creador de presentaciones de diapositivas<\/p>\n<p>MultiCam Capture Lite: c\u00e1mara web y grabadora de pantalla<\/p>","protected":false},"excerpt":{"rendered":"<table style='border-collapse: collapse; width: 100%;'>\n<tr>\n<th>Propiedad<\/th>\n<th>Valor<\/th>\n<\/tr>\n<tr>\n<td>Gr\u00e1ficos<\/td>\n<td>Resoluci\u00f3n m\u00ednima de pantalla: 1024 x 768, se recomienda un m\u00ednimo de 512 MB de VRAM o superior para la aceleraci\u00f3n de hardware<\/td>\n<\/tr>\n<tr>\n<td>Procesador<\/td>\n<td>Core i3 o AMD serie A4 para v\u00eddeos est\u00e1ndar. Intel Core i7 o AMD Athlon A10 para v\u00eddeos HD y UHD.<\/td>\n<\/tr>\n<tr>\n<td>Disco duro<\/td>\n<td>M\u00ednimo 6 GB para una instalaci\u00f3n completa<\/td>\n<\/tr>\n<tr>\n<td>RAM<\/td>\n<td>4 GB o m\u00e1s, se recomiendan 8+ GB para videos HD y UHD<\/td>\n<\/tr>\n<tr>\n<td>Sistema operativo<\/td>\n<td>Windows 11, Windows 10, Windows 8, solo 64 bits<\/td>\n<\/tr>\n<\/table>","protected":false},"featured_media":2892,"template":"","meta":{"inline_featured_image":false},"product_brand":[],"product_cat":[110],"product_tag":[],"class_list":{"0":"post-2618","1":"product","2":"type-product","3":"status-publish","4":"has-post-thumbnail","6":"product_cat-video-editing-tools","8":"first","9":"instock","10":"sale","11":"virtual","12":"taxable","13":"purchasable","14":"product-type-simple"},"_links":{"self":[{"href":"https:\/\/elitesoftkeys.com\/es\/wp-json\/wp\/v2\/product\/2618","targetHints":{"allow":["GET"]}}],"collection":[{"href":"https:\/\/elitesoftkeys.com\/es\/wp-json\/wp\/v2\/product"}],"about":[{"href":"https:\/\/elitesoftkeys.com\/es\/wp-json\/wp\/v2\/types\/product"}],"version-history":[{"count":0,"href":"https:\/\/elitesoftkeys.com\/es\/wp-json\/wp\/v2\/product\/2618\/revisions"}],"wp:featuredmedia":[{"embeddable":true,"href":"https:\/\/elitesoftkeys.com\/es\/wp-json\/wp\/v2\/media\/2892"}],"wp:attachment":[{"href":"https:\/\/elitesoftkeys.com\/es\/wp-json\/wp\/v2\/media?parent=2618"}],"wp:term":[{"taxonomy":"product_brand","embeddable":true,"href":"https:\/\/elitesoftkeys.com\/es\/wp-json\/wp\/v2\/product_brand?post=2618"},{"taxonomy":"product_cat","embeddable":true,"href":"https:\/\/elitesoftkeys.com\/es\/wp-json\/wp\/v2\/product_cat?post=2618"},{"taxonomy":"product_tag","embeddable":true,"href":"https:\/\/elitesoftkeys.com\/es\/wp-json\/wp\/v2\/product_tag?post=2618"}],"curies":[{"name":"gracias","href":"https:\/\/api.w.org\/{rel}","templated":true}]}}