{"id":2612,"date":"2024-12-21T13:57:04","date_gmt":"2024-12-21T13:57:04","guid":{"rendered":"http:\/\/elitesoftkeys.com\/?product=corel-videostudio-2023-ultimate"},"modified":"2025-07-06T14:07:08","modified_gmt":"2025-07-06T14:07:08","slug":"corel-videostudio-2023-ultimate","status":"publish","type":"product","link":"https:\/\/elitesoftkeys.com\/es\/producto\/corel-videostudio-2023-ultimate\/","title":{"rendered":"Corel VideoStudio 2023 Ultimate"},"content":{"rendered":"<p>Corel VideoStudio es un programa de edici\u00f3n de video para el consumidor intuitivo y repleto de funciones, con formas divertidas de crear stop motion, editar rostros, crear GIF, generar subt\u00edtulos de voz a texto y mucho m\u00e1s.<\/p>\n<p>Funcionalidad clave de Corel VideoStudio:<\/p>\n<p>Captura. Importa tus propios clips, graba tu pantalla o captura videos multic\u00e1mara con herramientas integradas.<\/p>\n<p>Editar. Realice correcciones r\u00e1pidas con herramientas b\u00e1sicas, juegue con el color, agregue filtros creativos, t\u00edtulos y transiciones.<\/p>\n<p>Comparte. Exporta tus proyectos a formatos y dispositivos populares, comp\u00e1rtelos en l\u00ednea o gr\u00e1balos en disco con un men\u00fa personalizado.<\/p>\n<p>Nuevas caracter\u00edsticas clave de VideoStudio Ultimate 2023:<\/p>\n<p>Opciones de movimiento de t\u00edtulo. Con los nuevos movimientos de entrada\/centro\/salida, asigne diferentes efectos a las distintas etapas de la animaci\u00f3n.<\/p>\n<p>Efectos de t\u00edtulo. Dale a tus t\u00edtulos animados un aspecto \u00fanico e impactante con los nuevos efectos de t\u00edtulo:<\/p>\n<p>Los t\u00edtulos de paralaje aprovechan la velocidad para crear un efecto de arrastre en el texto y los caracteres.<\/p>\n<p>Los t\u00edtulos cin\u00e9ticos aplican velocidad variable con aceleraci\u00f3n al texto para crear diversas animaciones de t\u00edtulos.<\/p>\n<p>Efectos de transici\u00f3nObtenga un efecto fascinante similar al 3D con las nuevas transiciones de paralaje que brindan capas con diferentes velocidades adjuntas a los movimientos del primer plano y del fondo.<\/p>\n<p>Selecciones de canciones adicionalesSe agregan m\u00e1s de 500 canciones nuevas a la biblioteca de m\u00fasica de ScoreFitter.<\/p>\n<p>Rendimiento de renderizadoLa integraci\u00f3n de Intel OneVPL y Deep Link Hyper Encode se ha aprovechado para optimizar el rendimiento y hacer que la CPU y varias GPU funcionen de manera mucho m\u00e1s eficiente.<\/p>\n<p>Descodificaci\u00f3n de video 8KCon un n\u00famero y una variedad cada vez mayores de dispositivos que admiten grabaci\u00f3n 8K, VideoStudio se ha optimizado para 8K para permitirle importar videos 8K para su posterior edici\u00f3n.<\/p>\n<p>Mejoras de la interfaz de usuarioCon m\u00faltiples mejoras realizadas en funciones seleccionadas y facilidad de uso general, aproveche las opciones de personalizaci\u00f3n y logre resultados incre\u00edbles de manera m\u00e1s r\u00e1pida y eficiente.<\/p>\n<p>Nuevas caracter\u00edsticas clave de Ultimate:<\/p>\n<p>Etalonaje de Color: Solo en Ultimate, accede a herramientas completas de etalonaje para crear la atm\u00f3sfera de cada escena. Cambia f\u00e1cilmente los colores y perfecciona tus cambios con una variedad de videoscopios y controles intuitivos. Ilumina paisajes, a\u00f1ade colores de acento y realza la atm\u00f3sfera en cada producci\u00f3n.<\/p>\n<p>Creador de M\u00e1scaras: Creador de M\u00e1scaras es una potente herramienta de edici\u00f3n de video dise\u00f1ada para todo, desde correcciones b\u00e1sicas hasta mejoras dignas de Hollywood. El enmascaramiento de video permite reemplazar pantallas gen\u00e9ricas, aplicar efectos solo a las \u00e1reas enmascaradas, clonar y superponer objetos, eliminar distracciones de tus clips, revelar texto y mucho m\u00e1s, para lograr transformaciones realmente extraordinarias.<\/p>\n<p>Indexaci\u00f3n facial: Ahorra horas buscando manualmente en tu video con la indexaci\u00f3n facial, que analiza el video mediante reconocimiento facial. Identifica y extrae autom\u00e1ticamente las im\u00e1genes de cada persona en tu video.<\/p>\n<p>Se\u00f1ales de audio: \u00a1Sinergiza tu sonido e imagen! Establece puntos de referencia de audio en tu clip musical, ya sea de forma manual o autom\u00e1tica, y ajusta la l\u00ednea de tiempo de tu video a estos marcadores para ajustar la duraci\u00f3n de cada clip y que tu video siga el ritmo.<\/p>\n<p>Decodificaci\u00f3n\/codificaci\u00f3n de AOMedia Video 1 (AV1): Para mayor comodidad y flexibilidad en el flujo de trabajo, VideoStudio 2023 Ultimate permite la decodificaci\u00f3n\/codificaci\u00f3n por software de AV1 entre diferentes chips, como Intel, AMD y nVidia. Tambi\u00e9n es compatible con la aceleraci\u00f3n de hardware de AV1.<\/p>\n<p>Chip Intel de 11.\u00aa generaci\u00f3n o superior: Aceleraci\u00f3n de decodificaci\u00f3n<\/p>\n<p>Intel Arc: Aceleraci\u00f3n de decodificaci\u00f3n y codificaci\u00f3n<\/p>\n<p>Edici\u00f3n de video MultiCam con 6 \u00e1ngulos: Combina, sincroniza y edita f\u00e1cilmente grabaciones de varias c\u00e1maras, selecciona el \u00e1ngulo que quieres mostrar durante la reproducci\u00f3n, a\u00f1ade efectos de imagen en imagen para presentar tus mejores perspectivas simult\u00e1neamente y contin\u00faa editando en la l\u00ednea de tiempo. Combina hasta 6 \u00e1ngulos con VideoStudio Ultimate.<\/p>\n<p>Creador de Plantillas de Pantalla Dividida. Ve un paso m\u00e1s all\u00e1 de las opciones b\u00e1sicas de edici\u00f3n y explora el Creador de Plantillas de Pantalla Dividida, exclusivo de Ultimate, para combinar tomas en tus videos y mostrar diferentes fragmentos de metraje a la vez para crear diversos efectos de imagen en imagen. Impulsa tus proyectos de pantalla dividida con plantillas listas para usar, modif\u00edcalas o crea las tuyas propias con movimiento personalizado, diferentes animaciones y gr\u00e1ficos para cautivar a los espectadores a tu manera.<\/p>\n<p>Complementos premiumAcceda a aplicaciones populares de l\u00edderes probados de la industria y obtenga efectos exclusivos de calidad profesional por valor de cientos de d\u00f3lares por solo unos pocos d\u00f3lares m\u00e1s que el precio de VideoStudio Pro.<\/p>","protected":false},"excerpt":{"rendered":"<table style='border-collapse: collapse; width: 100%;'>\n<tr>\n<th>Propiedad<\/th>\n<th>Valor<\/th>\n<\/tr>\n<tr>\n<td>Gr\u00e1ficos<\/td>\n<td>Resoluci\u00f3n m\u00ednima de pantalla: 1366 x 768, se recomienda un m\u00ednimo de 512 MB de VRAM o superior para la aceleraci\u00f3n de hardware.<\/td>\n<\/tr>\n<tr>\n<td>Procesador<\/td>\n<td>Serie Core i3 o AMD A4 para v\u00eddeos est\u00e1ndar. Intel Core i7 o AMD Athlon A10 para v\u00eddeos HD y UHD.<\/td>\n<\/tr>\n<tr>\n<td>Disco duro<\/td>\n<td>M\u00ednimo 10 GB para una instalaci\u00f3n completa.<\/td>\n<\/tr>\n<tr>\n<td>RAM<\/td>\n<td>4 GB o m\u00e1s, 8+ GB muy recomendado para videos HD y UHD.<\/td>\n<\/tr>\n<tr>\n<td>Sistema operativo<\/td>\n<td>Windows 11, Windows 10, Windows 8, solo 64 bits<\/td>\n<\/tr>\n<\/table>","protected":false},"featured_media":2888,"template":"","meta":{"inline_featured_image":false},"product_brand":[],"product_cat":[110],"product_tag":[],"class_list":{"0":"post-2612","1":"product","2":"type-product","3":"status-publish","4":"has-post-thumbnail","6":"product_cat-video-editing-tools","8":"first","9":"instock","10":"sale","11":"virtual","12":"taxable","13":"purchasable","14":"product-type-simple"},"_links":{"self":[{"href":"https:\/\/elitesoftkeys.com\/es\/wp-json\/wp\/v2\/product\/2612","targetHints":{"allow":["GET"]}}],"collection":[{"href":"https:\/\/elitesoftkeys.com\/es\/wp-json\/wp\/v2\/product"}],"about":[{"href":"https:\/\/elitesoftkeys.com\/es\/wp-json\/wp\/v2\/types\/product"}],"version-history":[{"count":0,"href":"https:\/\/elitesoftkeys.com\/es\/wp-json\/wp\/v2\/product\/2612\/revisions"}],"wp:featuredmedia":[{"embeddable":true,"href":"https:\/\/elitesoftkeys.com\/es\/wp-json\/wp\/v2\/media\/2888"}],"wp:attachment":[{"href":"https:\/\/elitesoftkeys.com\/es\/wp-json\/wp\/v2\/media?parent=2612"}],"wp:term":[{"taxonomy":"product_brand","embeddable":true,"href":"https:\/\/elitesoftkeys.com\/es\/wp-json\/wp\/v2\/product_brand?post=2612"},{"taxonomy":"product_cat","embeddable":true,"href":"https:\/\/elitesoftkeys.com\/es\/wp-json\/wp\/v2\/product_cat?post=2612"},{"taxonomy":"product_tag","embeddable":true,"href":"https:\/\/elitesoftkeys.com\/es\/wp-json\/wp\/v2\/product_tag?post=2612"}],"curies":[{"name":"gracias","href":"https:\/\/api.w.org\/{rel}","templated":true}]}}