{"id":2610,"date":"2024-12-21T13:57:02","date_gmt":"2024-12-21T13:57:02","guid":{"rendered":"http:\/\/elitesoftkeys.com\/?product=pinnacle-studio-26-ultimate"},"modified":"2025-07-06T14:07:08","modified_gmt":"2025-07-06T14:07:08","slug":"pinnacle-studio-26-ultimate","status":"publish","type":"product","link":"https:\/\/elitesoftkeys.com\/es\/producto\/pinnacle-studio-26-ultimate\/","title":{"rendered":"Pinnacle Studio 26 Ultimate"},"content":{"rendered":"<p>Pinnacle Studio 26 es un software de edici\u00f3n de video profesional para Windows. Esta nueva versi\u00f3n de Pinnacle es m\u00e1s r\u00e1pida, mejor y m\u00e1s eficiente que nunca. Gracias a los comentarios de los clientes, el producto se mejor\u00f3, centr\u00e1ndose en los procesos de edici\u00f3n principales para aportar mejoras reales a los aspectos que realmente importan, ofreciendo la experiencia de edici\u00f3n m\u00e1s \u00e1gil y fluida en a\u00f1os. Pinnacle Studio 26 aporta mejoras tangibles a la experiencia de usuario, m\u00e1s all\u00e1 de simples correcciones de errores y ajustes de la interfaz: la estructura del producto se actualiz\u00f3 con cambios en todos los aspectos, desde la l\u00f3gica de comportamiento hasta la gesti\u00f3n de recursos, e incluso un nuevo c\u00f3dec proxy. Con una estabilidad, un rendimiento y una usabilidad considerablemente mejorados, disfrute de un flujo de trabajo optimizado y conc\u00e9ntrese por completo en el aspecto creativo de la edici\u00f3n de video.<\/p>\n<p>Caracter\u00edsticas principales de Pinnacle Studio 26 Ultimate:<\/p>\n<p>Grabaci\u00f3n de pantalla<\/p>\n<p>Edici\u00f3n MultiCam<\/p>\n<p>V\u00eddeo en pantalla dividida<\/p>\n<p>Editor de t\u00edtulos<\/p>\n<p>Controles de fotogramas clave<\/p>\n<p>Efectos creativos<\/p>\n<p>Animaci\u00f3n stop motion<\/p>\n<p>Creaci\u00f3n de DVD<\/p>\n<p>Caracter\u00edsticas exclusivas definitivas:<\/p>\n<p>Seguimiento de movimiento<\/p>\n<p>Enmascaramiento de v\u00eddeo<\/p>\n<p>Clasificaci\u00f3n de color completa<\/p>\n<p>Seguimiento inteligente de objetos<\/p>\n<p>Creador de plantillas de pantalla dividida<\/p>\n<p>Edici\u00f3n de v\u00eddeo 360<\/p>\n<p>Modos de fusi\u00f3n<\/p>\n<p>Canal Alfa<\/p>\n<p>atenuaci\u00f3n de audio<\/p>\n<p>Nuevas caracter\u00edsticas clave de Pinnacle Studio 26 Ultimate:<\/p>\n<p>Estabilidad del producto: Esta versi\u00f3n se centra principalmente en la estabilidad del producto y el rendimiento de las funciones principales, junto con numerosas correcciones de errores y fallos para mejorar m\u00e1s de 200 escenarios \u00fanicos identificados por los usuarios. Pinnacle Studio 26 es nuestra versi\u00f3n m\u00e1s fiable y estable hasta la fecha.<\/p>\n<p>Rendimiento del producto<\/p>\n<p>Se han implementado mejoras de rendimiento incre\u00edbles en \u00e1reas identificadas por los usuarios, como el tiempo de inicio del software, el uso de recursos, la interfaz y la capacidad de respuesta de la vista previa del proyecto, as\u00ed como la velocidad de importaci\u00f3n y exportaci\u00f3n. Las principales mejoras de rendimiento incluyen:<\/p>\n<p>Implementaci\u00f3n de Apple ProRes como un formato proxy inteligente para mejorar la vista previa, la reproducci\u00f3n, la representaci\u00f3n de la l\u00ednea de tiempo y la capacidad de respuesta general de la edici\u00f3n.<\/p>\n<p>Cambiar la l\u00f3gica de comportamiento para evitar actualizaciones innecesarias y reducir los retrasos en la representaci\u00f3n<\/p>\n<p>Un nuevo men\u00fa desplegable para elegir entre las opciones de calidad de vista previa del proyecto para optimizar el rendimiento<\/p>\n<p>Mejoras de velocidad espec\u00edficas al importar clips a la biblioteca y exportar proyectos finales<\/p>\n<p>Edici\u00f3n de fotogramas clave<\/p>\n<p>Con las opciones de administraci\u00f3n de fotogramas clave recientemente agregadas, es f\u00e1cil manipular grupos de fotogramas clave para replicar r\u00e1pidamente sus personalizaciones, como animaciones en bucle, destellos de luz, animaciones de panor\u00e1mica y zoom personalizadas, secuencias complejas de cambios de color o brillo, y m\u00e1s.<\/p>\n<p>Cree, copie, pegue y elimine grupos de fotogramas clave en distintos par\u00e1metros (brillo, transparencia, saturaci\u00f3n, etc.) en otro clip o en otro par\u00e1metro del mismo clip.<\/p>\n<p>Interfaz de usuario: Disfrute de una edici\u00f3n optimizada con mayor usabilidad en todo el producto gracias a las mejoras en el proceso de instalaci\u00f3n, las opciones del panel de control, la ayuda integrada y mucho m\u00e1s. Las secciones renovadas del panel de control ofrecen mayor control sobre su experiencia de edici\u00f3n, incluyendo opciones para reducir la demanda de su equipo. La informaci\u00f3n sobre herramientas y las cadenas de interfaz revisadas ofrecen mayor claridad e interpretaci\u00f3n.<\/p>\n<p>Rendimiento de herramientas y funciones en todo el producto. Disfrute de una mejor capacidad de respuesta en la edici\u00f3n de t\u00edtulos y vea los cambios aplicados a los t\u00edtulos en la vista previa mucho m\u00e1s r\u00e1pido. Adem\u00e1s, administre sus t\u00edtulos personalizados de forma m\u00e1s eficaz con actualizaciones en la accesibilidad de sus ajustes preestablecidos guardados. Ampl\u00eda la potencia del enmascaramiento de v\u00eddeo con un tiempo de respuesta reducido en la edici\u00f3n de m\u00e1scaras para la creaci\u00f3n y edici\u00f3n de formas, el seguimiento de objetos y la aplicaci\u00f3n de funciones a la m\u00e1scara o m\u00e1scara para un mejor rendimiento de reproducci\u00f3n.<\/p>\n<p>Exclusiva: Correcci\u00f3n de color. Controles avanzados como Curva de tonos, Ajuste HSL, Rueda de color y Vectorscopio selectivo facilitan el ajuste independiente de colores, luces, medios tonos y sombras. Exclusiva: Enmascaramiento de video. Mejora, combina y modifica el metraje con m\u00e1scaras de video. Exclusiva: Seguimiento inteligente de objetos. Edita de forma m\u00e1s eficiente y ahorra mucho tiempo con el Seguimiento inteligente de objetos, un seguimiento de movimiento inteligente que reconoce la forma para m\u00e1scaras aplicadas a objetos comunes. Exclusiva: Censura objetos en movimiento con desenfoque de mosaico. Exclusiva: Agrega gr\u00e1ficos o texto a objetos en movimiento con Seguimiento de movimiento. Exclusiva: Creador de plantillas de pantalla dividida. Combina dos o m\u00e1s videos grabados por separado en una sola pantalla. Usa esta popular t\u00e9cnica para crear videos promocionales o comparativos, mostrar diferentes estrategias de juego o ilustrar mejor tus historias. Exclusiva: Editor de video de 360\u00b0. Juega con perspectivas divertidas y efectos 3D (Tiny Planet, Rabbit Hole) para a\u00f1adir momentos entretenidos a tus pel\u00edculas. Exclusiva: Editor de t\u00edtulos 3D. Dale un toque cinematogr\u00e1fico a tu video con el Editor de T\u00edtulos mejorado. Aprovecha los elegantes ajustes preestablecidos de tipograf\u00eda 3D y cuenta tu historia a tu manera.<\/p>\n<p>Principales aplicaciones incluidas:<\/p>\n<p>software de edici\u00f3n de v\u00eddeo<\/p>\n<p>Captura de v\u00eddeo y grabador de pantalla<\/p>\n<p>Creador de presentaciones de diapositivas<\/p>\n<p>Editor de audio<\/p>\n<p>Creaci\u00f3n de DVD<\/p>\n<p>Convertidor de v\u00eddeo<\/p>\n<p>Contenido creativo incluido:<\/p>\n<p>Cientos de filtros y efectos<\/p>\n<p>Biblioteca de superposiciones animadas, gr\u00e1ficos, fuentes creativas y t\u00edtulos<\/p>\n<p>Plantillas tem\u00e1ticas y montajes de v\u00eddeo<\/p>\n<p>M\u00fasica y efectos de sonido libres de derechos<\/p>","protected":false},"excerpt":{"rendered":"<table style='border-collapse: collapse; width: 100%;'>\n<tr>\n<th>Propiedad<\/th>\n<th>Valor<\/th>\n<\/tr>\n<tr>\n<td>Procesador<\/td>\n<td>Intel Core i3 o AMD A4 de 3,0 GHz o superior. Intel Core i5 o i7 de 1,06 GHz o superior requerido para compatibilidad con AVCHD e Intel Quick Sync Video. Intel Core i7 de cuarta generaci\u00f3n o posterior o AMD Athlon A10 o superior para UHD, multic\u00e1mara o video de 360 grados.<\/td>\n<\/tr>\n<tr>\n<td>Disco duro<\/td>\n<td>10 GB de espacio en el disco duro para la instalaci\u00f3n completa<\/td>\n<\/tr>\n<tr>\n<td>RAM<\/td>\n<td>4 GB o m\u00e1s, se recomiendan 8 GB o m\u00e1s para videos UHD, multic\u00e1mara o 360<\/td>\n<\/tr>\n<tr>\n<td>Mostrar<\/td>\n<td>Resoluci\u00f3n m\u00ednima: 1024 x 768, m\u00ednimo 256 MB de VRAM VGA, se recomiendan 512 MB o m\u00e1s para la aceleraci\u00f3n de decodificaci\u00f3n de hardware Dispositivo de gr\u00e1ficos DirectX recomendado: NVIDIA GeForce serie 700 \/ Quadro 600 (basada en Fermi) o m\u00e1s nueva (se requiere CUDA habilitado para la compatibilidad con CUDA) ATI Radeon HD serie 5XXX o superior Intel HD Graphics de Ivy Bridge o superior 3D Titler requiere DirectX 11<\/td>\n<\/tr>\n<tr>\n<td>Sistema operativo<\/td>\n<td>Windows 11, Windows 10, solo 64 bits<\/td>\n<\/tr>\n<\/table>","protected":false},"featured_media":2886,"template":"","meta":{"inline_featured_image":false},"product_brand":[],"product_cat":[110],"product_tag":[],"class_list":{"0":"post-2610","1":"product","2":"type-product","3":"status-publish","4":"has-post-thumbnail","6":"product_cat-video-editing-tools","8":"first","9":"instock","10":"sale","11":"virtual","12":"taxable","13":"purchasable","14":"product-type-simple"},"_links":{"self":[{"href":"https:\/\/elitesoftkeys.com\/es\/wp-json\/wp\/v2\/product\/2610","targetHints":{"allow":["GET"]}}],"collection":[{"href":"https:\/\/elitesoftkeys.com\/es\/wp-json\/wp\/v2\/product"}],"about":[{"href":"https:\/\/elitesoftkeys.com\/es\/wp-json\/wp\/v2\/types\/product"}],"version-history":[{"count":0,"href":"https:\/\/elitesoftkeys.com\/es\/wp-json\/wp\/v2\/product\/2610\/revisions"}],"wp:featuredmedia":[{"embeddable":true,"href":"https:\/\/elitesoftkeys.com\/es\/wp-json\/wp\/v2\/media\/2886"}],"wp:attachment":[{"href":"https:\/\/elitesoftkeys.com\/es\/wp-json\/wp\/v2\/media?parent=2610"}],"wp:term":[{"taxonomy":"product_brand","embeddable":true,"href":"https:\/\/elitesoftkeys.com\/es\/wp-json\/wp\/v2\/product_brand?post=2610"},{"taxonomy":"product_cat","embeddable":true,"href":"https:\/\/elitesoftkeys.com\/es\/wp-json\/wp\/v2\/product_cat?post=2610"},{"taxonomy":"product_tag","embeddable":true,"href":"https:\/\/elitesoftkeys.com\/es\/wp-json\/wp\/v2\/product_tag?post=2610"}],"curies":[{"name":"gracias","href":"https:\/\/api.w.org\/{rel}","templated":true}]}}