{"id":2608,"date":"2024-12-21T13:57:00","date_gmt":"2024-12-21T13:57:00","guid":{"rendered":"http:\/\/elitesoftkeys.com\/?product=adobe-framemaker"},"modified":"2025-07-06T14:07:07","modified_gmt":"2025-07-06T14:07:07","slug":"adobe-framemaker","status":"publish","type":"product","link":"https:\/\/elitesoftkeys.com\/es\/producto\/adobe-framemaker\/","title":{"rendered":"Adobe FrameMaker"},"content":{"rendered":"<p>La recepci\u00f3n tras la compra del siguiente producto puede tardar entre 1 hora y 48 horas laborables por correo electr\u00f3nico. Para obtener m\u00e1s informaci\u00f3n sobre su env\u00edo, cont\u00e1ctenos a contact@EliteSoftKeys.com o comun\u00edquese con las referencias indicadas en nuestra plataforma aqu\u00ed.<\/p>\n<p>La siguiente suscripci\u00f3n anual incluye las aplicaciones de: Adobe FrameMaker, 1000 GB de Adobe Cloud. Gesti\u00f3n avanzada de documentos estructurados: Adobe FrameMaker es una potente herramienta para crear y gestionar documentos estructurados. Esto significa que puede crear documentos con una estructura l\u00f3gica y coherente, lo que facilita la navegaci\u00f3n y la comprensi\u00f3n del contenido. Adem\u00e1s, FrameMaker es compatible con diversos est\u00e1ndares de documentos estructurados, como DITA y XML, lo que lo hace ideal para crear manuales t\u00e9cnicos, gu\u00edas de usuario y otros documentos profesionales. Compatibilidad multiling\u00fce: FrameMaker ofrece compatibilidad completa para la creaci\u00f3n de documentos en varios idiomas. Esto incluye la posibilidad de utilizar caracteres y escrituras de derecha a izquierda, como \u00e1rabe y hebreo, as\u00ed como idiomas asi\u00e1ticos. Esta funcionalidad convierte a FrameMaker en una excelente opci\u00f3n para empresas que operan internacionalmente y necesitan producir documentos en varios idiomas. Publicaci\u00f3n multicanal: Con Adobe FrameMaker, los documentos se pueden publicar en diversos formatos, como PDF, HTML, EPUB y otros. Esto significa que puede crear un documento una vez y luego publicarlo en diferentes formatos para satisfacer las distintas necesidades de sus destinatarios. Esta funcionalidad de publicaci\u00f3n multicanal ahorra tiempo y esfuerzo al eliminar la necesidad de crear versiones independientes del documento para cada formato de publicaci\u00f3n. Integraci\u00f3n con Adobe Experience Manager: FrameMaker se integra a la perfecci\u00f3n con Adobe Experience Manager (AEM), una soluci\u00f3n de gesti\u00f3n de contenido que permite crear, gestionar y optimizar experiencias digitales. Esta integraci\u00f3n facilita la gesti\u00f3n del contenido de los documentos, su uso compartido y reutilizaci\u00f3n entre documentos, y la coherencia de marca en todos ellos. Interfaz de usuario personalizable: La interfaz de usuario de Adobe FrameMaker es altamente personalizable, lo que permite a los usuarios adaptar el entorno de trabajo a sus necesidades espec\u00edficas. Los usuarios pueden organizar las herramientas y funciones para facilitar su acceso, mejorando as\u00ed la eficiencia y la productividad.<\/p>","protected":false},"excerpt":{"rendered":"<table style='border-collapse: collapse; width: 100%;'>\n<tr>\n<th>Propiedad<\/th>\n<th>Valor<\/th>\n<\/tr>\n<tr>\n<td>Plataforma<\/td>\n<td>Ventanas<\/td>\n<\/tr>\n<tr>\n<td>Idioma<\/td>\n<td>Ingl\u00e9s<\/td>\n<\/tr>\n<tr>\n<td>Usuarios apoyados<\/td>\n<td>1 usuario<\/td>\n<\/tr>\n<tr>\n<td>Sistema operativo<\/td>\n<td>Windows 11, Windows 10. Para SO Mac Catalina 10.15.7 m\u00ednimo<\/td>\n<\/tr>\n<tr>\n<td>Otros requisitos<\/td>\n<td>Cualquier dispositivo compatible con los sistemas operativos mencionados anteriormente. No se admiten sistemas con procesadores ARM. Se requiere conexi\u00f3n a internet para activar el programa. La licencia del programa se verifica peri\u00f3dicamente.<\/td>\n<\/tr>\n<\/table>","protected":false},"featured_media":2885,"template":"","meta":{"inline_featured_image":false},"product_brand":[],"product_cat":[110],"product_tag":[],"class_list":{"0":"post-2608","1":"product","2":"type-product","3":"status-publish","4":"has-post-thumbnail","6":"product_cat-video-editing-tools","8":"first","9":"instock","10":"sale","11":"virtual","12":"taxable","13":"purchasable","14":"product-type-simple"},"_links":{"self":[{"href":"https:\/\/elitesoftkeys.com\/es\/wp-json\/wp\/v2\/product\/2608","targetHints":{"allow":["GET"]}}],"collection":[{"href":"https:\/\/elitesoftkeys.com\/es\/wp-json\/wp\/v2\/product"}],"about":[{"href":"https:\/\/elitesoftkeys.com\/es\/wp-json\/wp\/v2\/types\/product"}],"version-history":[{"count":0,"href":"https:\/\/elitesoftkeys.com\/es\/wp-json\/wp\/v2\/product\/2608\/revisions"}],"wp:featuredmedia":[{"embeddable":true,"href":"https:\/\/elitesoftkeys.com\/es\/wp-json\/wp\/v2\/media\/2885"}],"wp:attachment":[{"href":"https:\/\/elitesoftkeys.com\/es\/wp-json\/wp\/v2\/media?parent=2608"}],"wp:term":[{"taxonomy":"product_brand","embeddable":true,"href":"https:\/\/elitesoftkeys.com\/es\/wp-json\/wp\/v2\/product_brand?post=2608"},{"taxonomy":"product_cat","embeddable":true,"href":"https:\/\/elitesoftkeys.com\/es\/wp-json\/wp\/v2\/product_cat?post=2608"},{"taxonomy":"product_tag","embeddable":true,"href":"https:\/\/elitesoftkeys.com\/es\/wp-json\/wp\/v2\/product_tag?post=2608"}],"curies":[{"name":"gracias","href":"https:\/\/api.w.org\/{rel}","templated":true}]}}