{"id":2606,"date":"2024-12-21T13:56:58","date_gmt":"2024-12-21T13:56:58","guid":{"rendered":"http:\/\/elitesoftkeys.com\/?product=wondershare-filmora"},"modified":"2025-07-06T14:07:07","modified_gmt":"2025-07-06T14:07:07","slug":"wondershare-filmora","status":"publish","type":"product","link":"https:\/\/elitesoftkeys.com\/es\/producto\/wondershare-filmora\/","title":{"rendered":"Wondershare Filmora"},"content":{"rendered":"<p>Wondershare Filmora 12 es un potente software de edici\u00f3n de video que te permite crear videos creativos y profesionales. Con su sencilla interfaz y herramientas de edici\u00f3n de video de vanguardia, puedes crear videos impresionantes r\u00e1pidamente. Con Wondershare Filmora 12 puedes fusionar im\u00e1genes en videos, agregar transiciones efectivas y ajustes visuales, personalizar texto y t\u00edtulos, efectos de audio y mucho m\u00e1s. Tambi\u00e9n ofrece funciones avanzadas como compatibilidad con 4K, vistas previas segmentadas, video inverso, fotogramas clave y m\u00e1s. Incluye m\u00e1s de 1000 filtros y efectos de video para darles a tus videos un aspecto de alta calidad. \u00a1Wondershare Filmora 12 ya es una de las herramientas de edici\u00f3n de video m\u00e1s populares del mundo!<\/p>\n<p>Wondershare Filmora 12 mejora tu experiencia de video en varios niveles. El seguimiento de movimiento te permite hacer tus videos m\u00e1s interesantes, el fotograma clave te permite personalizarlos y la atenuaci\u00f3n de audio mejora el sonido. El ajuste de color te permite personalizar los colores de tus videos seg\u00fan tus preferencias. Adem\u00e1s, Wondershare Filmora 12 es compatible con videos 4K y cuenta con una funci\u00f3n de control de ruido. La funci\u00f3n de imagen en imagen te permite ver dos videos a la vez. La herramienta de velocidad te permite ajustar la velocidad de tus videos. La funci\u00f3n de volteo de video te permite voltear tus videos. Sube tus videoclips a redes sociales al instante, gr\u00e1balos en DVD para un regalo memorable y optim\u00edzalos para una compatibilidad perfecta con tus dispositivos iOS y Android.<\/p>","protected":false},"excerpt":{"rendered":"<table style='border-collapse: collapse; width: 100%;'>\n<tr>\n<th>Propiedad<\/th>\n<th>Valor<\/th>\n<\/tr>\n<tr>\n<td>Gr\u00e1ficos<\/td>\n<td>Resoluci\u00f3n m\u00ednima de pantalla: 1366 x 768, se recomienda un m\u00ednimo de 512 MB de VRAM o superior para la aceleraci\u00f3n de hardware.<\/td>\n<\/tr>\n<tr>\n<td>Procesador<\/td>\n<td>Serie Core i3 o AMD A4 para v\u00eddeos est\u00e1ndar. Intel Core i7 o AMD Athlon A10 para v\u00eddeos HD y UHD.<\/td>\n<\/tr>\n<tr>\n<td>Disco duro<\/td>\n<td>M\u00ednimo 10 GB para una instalaci\u00f3n completa.<\/td>\n<\/tr>\n<tr>\n<td>RAM<\/td>\n<td>4 GB o m\u00e1s, 8+ GB muy recomendado para videos HD y UHD.<\/td>\n<\/tr>\n<tr>\n<td>Sistema operativo<\/td>\n<td>Windows 11, Windows 10, Windows 8, solo 64 bits<\/td>\n<\/tr>\n<\/table>","protected":false},"featured_media":2883,"template":"","meta":{"inline_featured_image":false},"product_brand":[],"product_cat":[110],"product_tag":[],"class_list":{"0":"post-2606","1":"product","2":"type-product","3":"status-publish","4":"has-post-thumbnail","6":"product_cat-video-editing-tools","8":"first","9":"instock","10":"sale","11":"virtual","12":"taxable","13":"purchasable","14":"product-type-simple"},"_links":{"self":[{"href":"https:\/\/elitesoftkeys.com\/es\/wp-json\/wp\/v2\/product\/2606","targetHints":{"allow":["GET"]}}],"collection":[{"href":"https:\/\/elitesoftkeys.com\/es\/wp-json\/wp\/v2\/product"}],"about":[{"href":"https:\/\/elitesoftkeys.com\/es\/wp-json\/wp\/v2\/types\/product"}],"version-history":[{"count":0,"href":"https:\/\/elitesoftkeys.com\/es\/wp-json\/wp\/v2\/product\/2606\/revisions"}],"wp:featuredmedia":[{"embeddable":true,"href":"https:\/\/elitesoftkeys.com\/es\/wp-json\/wp\/v2\/media\/2883"}],"wp:attachment":[{"href":"https:\/\/elitesoftkeys.com\/es\/wp-json\/wp\/v2\/media?parent=2606"}],"wp:term":[{"taxonomy":"product_brand","embeddable":true,"href":"https:\/\/elitesoftkeys.com\/es\/wp-json\/wp\/v2\/product_brand?post=2606"},{"taxonomy":"product_cat","embeddable":true,"href":"https:\/\/elitesoftkeys.com\/es\/wp-json\/wp\/v2\/product_cat?post=2606"},{"taxonomy":"product_tag","embeddable":true,"href":"https:\/\/elitesoftkeys.com\/es\/wp-json\/wp\/v2\/product_tag?post=2606"}],"curies":[{"name":"gracias","href":"https:\/\/api.w.org\/{rel}","templated":true}]}}