{"id":2602,"date":"2024-12-21T13:56:53","date_gmt":"2024-12-21T13:56:53","guid":{"rendered":"http:\/\/elitesoftkeys.com\/?product=corel-painter-2022-educational"},"modified":"2025-07-06T14:07:03","modified_gmt":"2025-07-06T14:07:03","slug":"corel-painter-2022-educational","status":"publish","type":"product","link":"https:\/\/elitesoftkeys.com\/es\/producto\/corel-painter-2022-educational\/","title":{"rendered":"Corel Painter 2022 Educativo"},"content":{"rendered":"<p>Esta licencia corresponde a la Edici\u00f3n Educativa de Corel Painter 2022. La principal diferencia entre las ediciones Comercial y Educativa es la limitaci\u00f3n de uso no comercial. Esta versi\u00f3n tambi\u00e9n presenta algunas funciones menos importantes que la Edici\u00f3n Comercial (menos contenido, algunas funciones profesionales) y fue dise\u00f1ada para ser una excelente soluci\u00f3n para usuarios dom\u00e9sticos con fines no comerciales.<\/p>\n<p>Crea resultados de vanguardia con un software de arte digital profesional y confiable. Dibuja, pinta, ilustra y produce arte fotogr\u00e1fico inigualable con cientos de pinceles de impecable realismo, fusiones superiores, texturas impresionantes y una variedad de herramientas art\u00edsticas vers\u00e1tiles. Con el potente Brush Accelerator\u2122 integrado, aprovecha al m\u00e1ximo tu CPU y GPU y optimiza el rendimiento de Painter con un solo clic. Crea tus propios pinceles y otros contenidos, personaliza la interfaz de usuario y encuentra inspiraci\u00f3n compartiendo tu contenido con otros artistas. Adem\u00e1s, ampl\u00eda tus conocimientos de pintura con una biblioteca de recursos de aprendizaje gratuitos y seminarios web en vivo.<\/p>\n<p>Natural-Media\u2122 que reproduce la realidad. Sum\u00e9rgete en una enorme selecci\u00f3n de pinceles profesionales Natural-Media\u2122, incluyendo medios gruesos, h\u00famedos, secos y de mezcla, que lucen y se sienten igual que los de verdad.<\/p>\n<p>Pinceles digitales exclusivos. Crea obras inolvidables con los medios exclusivos de Painter: part\u00edculas que se mueven, fluyen y brillan, rotuladores de patrones que dejan una marca inolvidable y extruyen una textura gruesa.<\/p>\n<p>Herramientas inteligentes de pintura fotogr\u00e1fica. Clona tus im\u00e1genes sumergiendo el pincel directamente en la foto o usa inteligencia artificial y la paleta de pintura autom\u00e1tica para transformar las im\u00e1genes r\u00e1pidamente.<\/p>\n<p>Composici\u00f3n incomparable. Pinta con simetr\u00eda y perspectiva perfectas usando herramientas de composici\u00f3n integradas como Pintura invertida, Caleidoscopio, Divina Proporci\u00f3n, Regla de los Tercios y Gu\u00edas de Perspectiva.<\/p>\n<p>Espacio de trabajo intuitivo. Crea tus propios pinceles, paletas y dise\u00f1os de espacio de trabajo, o importa contenido personalizado de otros usuarios para acelerar exponencialmente tu flujo de trabajo art\u00edstico.<\/p>\n<p>Amplia compatibilidad. Abra y guarde en formato .PSD e importe recursos de Adobe Brush. Disfrute usando la funci\u00f3n multit\u00e1ctil o una tableta de dibujo con control de inclinaci\u00f3n, rotaci\u00f3n, direcci\u00f3n y presi\u00f3n del l\u00e1piz, adem\u00e1s de pintar en Windows o Mac, reflejar en iPad y pintar con el Apple Pencil.<\/p>\n<p>NUEVA personalizaci\u00f3n de pinceles tipo sello. Estos populares pinceles han sido redise\u00f1ados para mayor versatilidad. Cambia la forma, los efectos de borde, la rotaci\u00f3n, la compresi\u00f3n y el suavizado. Adem\u00e1s, crea los tuyos propios e imp\u00f3rtalos y exp\u00f3rtalos desde el panel de pinceladas capturadas.<\/p>\n<p>NUEVOS pinceles y flujo de trabajo de acuarela. Mejora tus creaciones art\u00edsticas con los nuevos pinceles compatibles con acuarela y las opciones de flujo de trabajo mejoradas. Pinta f\u00e1cilmente con medios secos sobre capas de acuarela, creando nuevos y creativos looks de t\u00e9cnica mixta.<\/p>\n<p>NUEVA experiencia en la Biblioteca de Pinceles. Disfruta de una biblioteca de pinceles optimizada. Disfruta de nuevas categor\u00edas, variantes, vistas previas de pinceles y pinceles mejorados. Adem\u00e1s, ahora puedes encontrar, filtrar y marcar como favoritos tus pinceles favoritos para acceder f\u00e1cilmente desde el Selector de Pinceles.<\/p>\n<p>NUEVO Selector de Tama\u00f1o de Pincel. Elegir el tama\u00f1o del pincel nunca ha sido tan visual y r\u00e1pido. Simplemente abre la Biblioteca de Tama\u00f1os y listo. Agrega, reordena, elimina y ajusta la vista previa del tama\u00f1o para adaptarla a tu flujo de trabajo.<\/p>\n<p>NUEVAS mejoras solicitadas por los usuarios. Tras revisar sus valiosos comentarios, hemos implementado numerosas mejoras de productividad en las capas y otras mejoras para agilizar su flujo de trabajo.<\/p>\n<p>\u00a1NUEVA versi\u00f3n m\u00e1s r\u00e1pida hasta la fecha! Usa el Acelerador de Pinceles y disfruta de enormes mejoras de velocidad con los nuevos y mejorados pinceles de m\u00e9todo de cobertura, con hasta 50 veces m\u00e1s potencia de GPU y hasta 18 veces m\u00e1s aceleraci\u00f3n al usar procesadores multin\u00facleo Intel con AVX2. Otros motores de pinceles tambi\u00e9n son hasta el doble de r\u00e1pidos.<\/p>","protected":false},"excerpt":{"rendered":"<table style='border-collapse: collapse; width: 100%;'>\n<tr>\n<th>Propiedad<\/th>\n<th>Valor<\/th>\n<\/tr>\n<tr>\n<td>Plataforma<\/td>\n<td>Windows\/MacOS<\/td>\n<\/tr>\n<tr>\n<td>Gr\u00e1ficos<\/td>\n<td>Windows: GPU moderna con compatibilidad con OpenCL (1.2 o superior) (recomendado) \u2013 Mac: GPU moderna con compatibilidad con OpenCL (1.2 o superior) (recomendado)<\/td>\n<\/tr>\n<tr>\n<td>Procesador<\/td>\n<td>Windows: procesador multin\u00facleo Intel o AMD de 64 bits con SSSE3 (o superior), 4 n\u00facleos f\u00edsicos\/8 n\u00facleos l\u00f3gicos o superior (recomendado), compatibilidad con el conjunto de instrucciones AVX2 (recomendado) \u2013 Mac: procesador multin\u00facleo Intel con SSSE3 (o superior) o Apple M1 con Rosetta 2, 4 n\u00facleos f\u00edsicos\/8 n\u00facleos l\u00f3gicos o superior (recomendado)<\/td>\n<\/tr>\n<tr>\n<td>Disco duro<\/td>\n<td>Windows: 3 GB de espacio en el disco duro para archivos de aplicaci\u00f3n* Unidad de estado s\u00f3lido (recomendada) \u2013 Mac: 1,5 GB de espacio en el disco duro para archivos de aplicaci\u00f3n Unidad de estado s\u00f3lido (recomendada) Los sistemas de archivos que distinguen entre may\u00fasculas y min\u00fasculas no son compatibles<\/td>\n<\/tr>\n<tr>\n<td>RAM<\/td>\n<td>Windows: 8 GB de RAM, 16 GB de RAM o superior (recomendado) \u2013 Mac: 8 GB de RAM, 16 GB de RAM o superior (recomendado)<\/td>\n<\/tr>\n<tr>\n<td>Sistema operativo<\/td>\n<td>Windows: Windows 11 o Windows 10 (64 bits), con las \u00faltimas actualizaciones \u2013 Mac: macOS Big Sur 11.0 o macOS 10.15, con la \u00faltima revisi\u00f3n<\/td>\n<\/tr>\n<\/table>","protected":false},"featured_media":2987,"template":"","meta":{"inline_featured_image":false},"product_brand":[],"product_cat":[116],"product_tag":[],"class_list":{"0":"post-2602","1":"product","2":"type-product","3":"status-publish","4":"has-post-thumbnail","6":"product_cat-photo-editing-software","8":"first","9":"instock","10":"sale","11":"virtual","12":"taxable","13":"purchasable","14":"product-type-simple"},"_links":{"self":[{"href":"https:\/\/elitesoftkeys.com\/es\/wp-json\/wp\/v2\/product\/2602","targetHints":{"allow":["GET"]}}],"collection":[{"href":"https:\/\/elitesoftkeys.com\/es\/wp-json\/wp\/v2\/product"}],"about":[{"href":"https:\/\/elitesoftkeys.com\/es\/wp-json\/wp\/v2\/types\/product"}],"version-history":[{"count":0,"href":"https:\/\/elitesoftkeys.com\/es\/wp-json\/wp\/v2\/product\/2602\/revisions"}],"wp:featuredmedia":[{"embeddable":true,"href":"https:\/\/elitesoftkeys.com\/es\/wp-json\/wp\/v2\/media\/2987"}],"wp:attachment":[{"href":"https:\/\/elitesoftkeys.com\/es\/wp-json\/wp\/v2\/media?parent=2602"}],"wp:term":[{"taxonomy":"product_brand","embeddable":true,"href":"https:\/\/elitesoftkeys.com\/es\/wp-json\/wp\/v2\/product_brand?post=2602"},{"taxonomy":"product_cat","embeddable":true,"href":"https:\/\/elitesoftkeys.com\/es\/wp-json\/wp\/v2\/product_cat?post=2602"},{"taxonomy":"product_tag","embeddable":true,"href":"https:\/\/elitesoftkeys.com\/es\/wp-json\/wp\/v2\/product_tag?post=2602"}],"curies":[{"name":"gracias","href":"https:\/\/api.w.org\/{rel}","templated":true}]}}