{"id":2596,"date":"2024-12-21T13:56:45","date_gmt":"2024-12-21T13:56:45","guid":{"rendered":"http:\/\/elitesoftkeys.com\/?product=corel-painter-2023-educational"},"modified":"2025-07-06T14:07:03","modified_gmt":"2025-07-06T14:07:03","slug":"corel-painter-2023-educational","status":"publish","type":"product","link":"https:\/\/elitesoftkeys.com\/es\/producto\/corel-painter-2023-educational\/","title":{"rendered":"Corel Painter 2023 Educativo"},"content":{"rendered":"<p>Esta licencia corresponde a la Edici\u00f3n Educativa de Corel Painter 2023. La principal diferencia entre las ediciones Comercial y Educativa es la limitaci\u00f3n de uso no comercial. Esta versi\u00f3n tambi\u00e9n presenta algunas funciones menos importantes que la Edici\u00f3n Comercial (menos contenido, algunas funciones profesionales) y fue dise\u00f1ada para ser una excelente soluci\u00f3n para usuarios dom\u00e9sticos con fines no comerciales.<\/p>\n<p>Corel Painter 2023 es un software profesional de arte digital. Ad\u00e9ntrate en un mundo de infinitas posibilidades con Painter y crea tu obra maestra con nuestro confiable software de pintura. Dibuja, pinta e ilustra obras de arte inigualables con cientos de pinceles realistas creados por artistas, una fusi\u00f3n superior, texturas impresionantes y una variedad de herramientas art\u00edsticas vers\u00e1tiles. Con un potente acelerador de pinceles integrado, puedes aprovechar al m\u00e1ximo tu CPU y GPU y optimizar el rendimiento de Painter con un solo clic. Crea tus propios pinceles y otros contenidos, personaliza la interfaz de usuario y encuentra inspiraci\u00f3n compartiendo tu contenido con otros artistas. Adem\u00e1s, ampl\u00eda tus conocimientos de pintura con una biblioteca de recursos de aprendizaje gratuitos. Aprovecha la oportunidad de explorar tu verdadero lado creativo.<\/p>\n<p>Natural-Media\u2122 que reproduce la realidad. Sum\u00e9rgete en una enorme selecci\u00f3n de pinceles profesionales Natural-Media, incluyendo medios gruesos, h\u00famedos, secos y de mezcla, con un aspecto y tacto id\u00e9nticos a los de verdad.<\/p>\n<p>Pinceles digitales exclusivos. Crea obras inolvidables con los medios exclusivos de Painter: part\u00edculas que se mueven, fluyen y brillan, rotuladores de patrones que dejan una marca inolvidable y una textura gruesa extruida.<\/p>\n<p>Herramientas inteligentes de pintura fotogr\u00e1fica. Clona tus im\u00e1genes sumergiendo el pincel directamente en la foto o usa inteligencia artificial y la paleta de pintura autom\u00e1tica para transformar las im\u00e1genes r\u00e1pidamente.<\/p>\n<p>Composici\u00f3n incomparable. Pinta con simetr\u00eda y perspectiva perfectas usando herramientas de composici\u00f3n integradas como Pintura invertida, Caleidoscopio, Divina Proporci\u00f3n, Regla de los Tercios y Gu\u00edas de Perspectiva.<\/p>\n<p>Espacio de trabajo intuitivo. Crea tus propios pinceles, paletas y dise\u00f1os de espacio de trabajo, o importa contenido personalizado de otros usuarios para acelerar exponencialmente tu flujo de trabajo art\u00edstico.<\/p>\n<p>Amplia compatibilidad. Abra y guarde en formato .PSD e importe recursos de Adobe Brush. Disfrute usando la funci\u00f3n multit\u00e1ctil o una tableta de dibujo con control de inclinaci\u00f3n, rotaci\u00f3n, direcci\u00f3n y presi\u00f3n del l\u00e1piz, adem\u00e1s de pintar en Windows o Mac, reflejar en iPad y pintar con el Apple Pencil.<\/p>\n<p>NUEVO: Crea trazos suaves con Fluid Paint. Aplica pintura, difumina, esculpe, vela, a\u00f1ade textura y refleja la luz f\u00e1cilmente con los nuevos pinceles Fluid. Dise\u00f1ados para aprovechar la transparencia de las capas, estos vers\u00e1tiles pinceles te ofrecen un control de opacidad y una suavidad inigualables en tus pinceladas.<\/p>\n<p>NUEVO: Visualice mejor con la opci\u00f3n de superposici\u00f3n. Utilice la nueva opci\u00f3n de superposici\u00f3n de color en las herramientas de selecci\u00f3n para mejorar la visibilidad de las \u00e1reas seleccionadas. Especialmente \u00fatil para selecciones con formas complejas y transparencia, la superposici\u00f3n ayuda a agilizar la creaci\u00f3n, edici\u00f3n y refinamiento de su selecci\u00f3n.<\/p>\n<p>NUEVO: Selecciona \u00e1reas seg\u00fan el color con pinceles. Combina la potencia de una varita m\u00e1gica con la versatilidad de un pincel de selecci\u00f3n para seleccionar r\u00e1pidamente partes de una imagen seg\u00fan el color. Activa la selecci\u00f3n de color para cualquier pincel de selecci\u00f3n y selecciona \u00e1reas espec\u00edficas del lienzo seg\u00fan un color. Despu\u00e9s, cambia f\u00e1cilmente los colores, la iluminaci\u00f3n y las texturas en las \u00e1reas seleccionadas.<\/p>\n<p>NUEVAS mejoras solicitadas por los usuarios. Los usuarios se beneficiar\u00e1n de una colocaci\u00f3n de im\u00e1genes m\u00e1s sencilla y una alineaci\u00f3n centrada, una mayor capacidad de respuesta al usar las teclas de corchete para cambiar el tama\u00f1o de los pinceles, las herramientas Varita M\u00e1gica, Bote de Pintura y Cuentagotas, la funci\u00f3n de recordar la \u00faltima configuraci\u00f3n utilizada y herramientas precisas de relleno de degradado para una experiencia de pintura inolvidable.<\/p>\n<p>\u00a1NUEVA experiencia de pintura optimizada! \u00a1El Acelerador de Pinceles de Painter sigue mejorando el rendimiento! Los motores de pinceles m\u00e1s populares ahora est\u00e1n optimizados para sacar el m\u00e1ximo provecho de tu equipo. Trabaja a la velocidad del rayo con la nueva Pintura Fluida de Painter, que se ejecuta hasta 50 veces m\u00e1s r\u00e1pido aprovechando tanto la CPU como la GPU.<\/p>","protected":false},"excerpt":{"rendered":"<table style='border-collapse: collapse; width: 100%;'>\n<tr>\n<th>Propiedad<\/th>\n<th>Valor<\/th>\n<\/tr>\n<tr>\n<td>Plataforma<\/td>\n<td>Windows\/MacOS<\/td>\n<\/tr>\n<tr>\n<td>Gr\u00e1ficos<\/td>\n<td>Windows: GPU moderna con compatibilidad con OpenCL (1.2 o superior) (recomendado) \u2013 Mac: GPU moderna con compatibilidad con OpenCL (1.2 o superior) (recomendado)<\/td>\n<\/tr>\n<tr>\n<td>Procesador<\/td>\n<td>Windows: procesador multin\u00facleo Intel o AMD de 64 bits con SSSE3 (o superior), 4 n\u00facleos f\u00edsicos\/8 n\u00facleos l\u00f3gicos o superior (recomendado), compatibilidad con el conjunto de instrucciones AVX2 (recomendado) \u2013 Mac: procesador multin\u00facleo Intel con SSSE3 (o superior) o procesador Apple M1 (o superior), 4 n\u00facleos f\u00edsicos\/8 n\u00facleos l\u00f3gicos o superior (recomendado), compatibilidad con el conjunto de instrucciones AVX2 o NEON (recomendado)<\/td>\n<\/tr>\n<tr>\n<td>Disco duro<\/td>\n<td>Windows: 3,6 GB de espacio en el disco duro para archivos de aplicaci\u00f3n* Unidad de estado s\u00f3lido (recomendada) \u2013 Mac: 2 GB de espacio en el disco duro para archivos de aplicaci\u00f3n Unidad de estado s\u00f3lido (recomendada) Los sistemas de archivos que distinguen entre may\u00fasculas y min\u00fasculas no son compatibles<\/td>\n<\/tr>\n<tr>\n<td>RAM<\/td>\n<td>Windows: 8 GB de RAM, 16 GB de RAM o superior (recomendado) \u2013 Mac: 8 GB de RAM, 16 GB de RAM o superior (recomendado)<\/td>\n<\/tr>\n<tr>\n<td>Sistema operativo<\/td>\n<td>Windows: Windows 11 o Windows 10 (64 bits), con las \u00faltimas actualizaciones \u2013 Mac: macOS 13 Ventura, macOS 12 Monterey o macOS Big Sur 11.0 con las \u00faltimas actualizaciones<\/td>\n<\/tr>\n<\/table>","protected":false},"featured_media":2982,"template":"","meta":{"inline_featured_image":false},"product_brand":[],"product_cat":[116],"product_tag":[],"class_list":{"0":"post-2596","1":"product","2":"type-product","3":"status-publish","4":"has-post-thumbnail","6":"product_cat-photo-editing-software","8":"first","9":"instock","10":"sale","11":"virtual","12":"taxable","13":"purchasable","14":"product-type-simple"},"_links":{"self":[{"href":"https:\/\/elitesoftkeys.com\/es\/wp-json\/wp\/v2\/product\/2596","targetHints":{"allow":["GET"]}}],"collection":[{"href":"https:\/\/elitesoftkeys.com\/es\/wp-json\/wp\/v2\/product"}],"about":[{"href":"https:\/\/elitesoftkeys.com\/es\/wp-json\/wp\/v2\/types\/product"}],"version-history":[{"count":0,"href":"https:\/\/elitesoftkeys.com\/es\/wp-json\/wp\/v2\/product\/2596\/revisions"}],"wp:featuredmedia":[{"embeddable":true,"href":"https:\/\/elitesoftkeys.com\/es\/wp-json\/wp\/v2\/media\/2982"}],"wp:attachment":[{"href":"https:\/\/elitesoftkeys.com\/es\/wp-json\/wp\/v2\/media?parent=2596"}],"wp:term":[{"taxonomy":"product_brand","embeddable":true,"href":"https:\/\/elitesoftkeys.com\/es\/wp-json\/wp\/v2\/product_brand?post=2596"},{"taxonomy":"product_cat","embeddable":true,"href":"https:\/\/elitesoftkeys.com\/es\/wp-json\/wp\/v2\/product_cat?post=2596"},{"taxonomy":"product_tag","embeddable":true,"href":"https:\/\/elitesoftkeys.com\/es\/wp-json\/wp\/v2\/product_tag?post=2596"}],"curies":[{"name":"gracias","href":"https:\/\/api.w.org\/{rel}","templated":true}]}}