{"id":2594,"date":"2024-12-21T13:56:43","date_gmt":"2024-12-21T13:56:43","guid":{"rendered":"http:\/\/elitesoftkeys.com\/?product=corel-paintshop-pro-2022-standard"},"modified":"2025-07-06T14:07:03","modified_gmt":"2025-07-06T14:07:03","slug":"corel-paintshop-pro-2022-standard","status":"publish","type":"product","link":"https:\/\/elitesoftkeys.com\/es\/producto\/corel-paintshop-pro-2022-standard\/","title":{"rendered":"Corel PaintShop Pro 2022 Est\u00e1ndar"},"content":{"rendered":"<p>Corel PaintShop Pro 2022 Standard est\u00e1 dise\u00f1ado priorizando el rendimiento, la facilidad de uso y la creatividad. Sus funciones y herramientas altamente efectivas, impulsadas por inteligencia artificial (IA), hacen posible crear algo verdaderamente original.<\/p>\n<p>\u00bfQu\u00e9 novedades hay en PaintShop Pro 2022 Standard?<\/p>\n<p>\u00a1NUEVO! Herramienta Marco. La nueva herramienta Marco permite colocar objetos rasterizados en formas de forma r\u00e1pida, sencilla e intuitiva. Dibuje marcos para usarlos como marcadores de posici\u00f3n o sobre un objeto, imagen o texto seleccionado para obtener un resultado impecable.<\/p>\n<p>\u00a1Nuevo! Reemplazo de fondo con IA. Reemplazo de fondo con IA ofrece una forma divertida de cambiar el fondo en retratos. Simplemente elige una foto de estilo retrato y deja que la IA seleccione el fondo. Despu\u00e9s, puedes refinar o personalizar la selecci\u00f3n para lograr el efecto deseado e intercambiar uno de los fondos predefinidos o usar una imagen propia, desde tu escena de playa favorita hasta paisajes urbanos, paisajes, fondos de estudio de retratos y m\u00e1s.<\/p>\n<p>\u00a1Nuevo! Modo Retrato con IA. Elimina las distracciones y centra la atenci\u00f3n en las personas de tus fotos. El Modo Retrato con IA ofrece una forma sencilla de aplicar un efecto de profundidad de campo profesional a fotos de estilo retrato. La IA identifica autom\u00e1ticamente al sujeto de la foto, dejando el margen perfecto para los ajustes de desenfoque, bokeh y enfoque que elijas.<\/p>\n<p>\u00a1Mejorado! Efectos instant\u00e1neos con IA. Los efectos instant\u00e1neos ofrecen a\u00fan m\u00e1s maneras de mejorar tus fotos con los controles de Coincidencia de color y Suavizar imagen para efectos con IA. Suavizar imagen te permite controlar el nivel de detalle al aplicar un efecto con IA, conservando los bordes n\u00edtidos y fusionando \u00e1reas de color similar. Coincidencia de color te permite controlar el equilibrio entre el color del estilo y los colores originales de la imagen.<\/p>\n<p>\u00a1Mejorada! Usabilidad. La pesta\u00f1a de Bienvenida se ha optimizado pensando en ti, ofreciendo una nueva y \u00fatil pesta\u00f1a de Espacio de Trabajo con tutoriales integrados y contenido de aprendizaje para que domines el producto f\u00e1cilmente. Un dise\u00f1o mejorado y nuevas vistas previas en miniatura de archivos recientes promueven una navegaci\u00f3n intuitiva y una experiencia fluida.<\/p>\n<p>\u00a1NUEVO! Compatibilidad con archivos HEIC\/HEIF. Disfruta de la nueva compatibilidad con los formatos HEIC y HEIF. Sube tus im\u00e1genes capturadas con un iPhone o iPad de Apple sin tener que convertir el formato.<\/p>\n<p>\u00a1Nuevo! Contenido creativo. La creatividad es la esencia de PaintShop Pro. Por eso, hemos a\u00f1adido nuevos pinceles, paletas de colores, degradados, patrones y tubos de im\u00e1genes. Descarga los nuevos patrones desde la pesta\u00f1a de bienvenida y descubre el resto del nuevo contenido ya integrado en PaintShop Pro.<\/p>\n<p>Comparaci\u00f3n de productos de Corel Paintshop<\/p>\n<p>Ultimate 2023<\/p>\n<p>Pro<\/p>\n<p>2023<\/p>\n<p>Ultimate 2022<\/p>\n<p>Pro<\/p>\n<p>2022<\/p>\n<p>Aplicaciones<\/p>\n<p>\u00a1MEJORADO! Corel MultiCam Capture Lite 2: crea v\u00eddeos atractivos y graba la pantalla y la c\u00e1mara web simult\u00e1neamente.<\/p>\n<p>\u2713<\/p>\n<p>\u2715<\/p>\n<p>\u2715<\/p>\n<p>\u2715<\/p>\n<p>Highlight Reel: crea videos r\u00e1pidos y muestra los momentos destacados de tu \u00faltima aventura con un nuevo creador de pel\u00edculas inteligente.<\/p>\n<p>\u2713<\/p>\n<p>\u2715<\/p>\n<p>\u2713<\/p>\n<p>\u2715<\/p>\n<p>Espacio de trabajo Sea-to-Sky: espacio de trabajo completamente nuevo y t\u00e1ctil con un conjunto de herramientas personalizado para mejorar la fotograf\u00eda submarina y con drones.<\/p>\n<p>\u2713<\/p>\n<p>\u2715<\/p>\n<p>\u2713<\/p>\n<p>\u2715<\/p>\n<p>PhotoMirage Express: transforme sin esfuerzo cualquier imagen en una animaci\u00f3n fascinante en cuesti\u00f3n de minutos.<\/p>\n<p>\u2713<\/p>\n<p>\u2715<\/p>\n<p>\u2713<\/p>\n<p>\u2715<\/p>\n<p>\u00a1MEJORADO! Corel Painter Essentials 8: aprende a pintar, dibujar y bocetar desde cero con este programa de pintura f\u00e1cil de usar. Disfruta del nuevo paquete de pinceles.<\/p>\n<p>\u2713<\/p>\n<p>\u2715<\/p>\n<p>\u2713<\/p>\n<p>\u2715<\/p>\n<p>\u00a1NUEVO! 50 fuentes modernas gratis<\/p>\n<p>\u2713<\/p>\n<p>\u2715<\/p>\n<p>\u2715<\/p>\n<p>\u2715<\/p>\n<p>Corel Creative Collection: incluye docenas de pinceles, texturas y fondos libres de regal\u00edas.<\/p>\n<p>\u2713<\/p>\n<p>\u2715<\/p>\n<p>\u2713<\/p>\n<p>\u2715<\/p>\n<p>Caracter\u00edsticas<\/p>\n<p>\u00a1NUEVO! Apilamiento de enfoque: Descubra el apilamiento de enfoque como una forma r\u00e1pida de obtener im\u00e1genes perfectamente n\u00edtidas con tres sencillos pasos del asistente y lograr que cualquier \u00e1rea de la imagen se vea n\u00edtida y clara.<\/p>\n<p>\u2713<\/p>\n<p>\u2713<\/p>\n<p>\u2713<\/p>\n<p>\u2713<\/p>\n<p>\u00a1MEJORADO! Herramienta Marco: Crea formas (m\u00e1scaras) a partir de formas sim\u00e9tricas y predefinidas, o incluso objetos de texto vectoriales, o convierte objetos vectoriales y texto existentes en formas, todo con la herramienta Marco mejorada.<\/p>\n<p>\u2713<\/p>\n<p>\u2713<\/p>\n<p>\u2715<\/p>\n<p>\u2715<\/p>\n<p>\u00a1NUEVO! AfterShot Lab: disfruta de una edici\u00f3n potente y completa de archivos RAW con una gran variedad de herramientas profesionales en el nuevo AfterShot Lab, ahora disponible en PaintShop Pro.<\/p>\n<p>\u2713<\/p>\n<p>\u2713<\/p>\n<p>\u2715<\/p>\n<p>\u2715<\/p>\n<p>\u00a1NUEVO! Vista previa del modo de fusi\u00f3n en tiempo real: aprovecha la nueva vista previa del modo de fusi\u00f3n en tiempo real para comprobar los resultados de la fusi\u00f3n de capas en cualquier momento, pasando el cursor sobre las opciones de la lista desplegable en la paleta Capas.<\/p>\n<p>\u2713<\/p>\n<p>\u2713<\/p>\n<p>\u2715<\/p>\n<p>\u2715<\/p>\n<p>\u00a1NUEVO! Ajustar a objetos: en tus proyectos, alinea objetos con precisi\u00f3n al instante con la nueva funci\u00f3n Ajustar a objetos.<\/p>\n<p>\u2713<\/p>\n<p>\u2713<\/p>\n<p>\u2715<\/p>\n<p>\u2715<\/p>\n<p>\u00a1MEJORADO! Nueva plantilla: la funci\u00f3n de filtrado y ordenaci\u00f3n ayuda a encontrar la plantilla espec\u00edfica r\u00e1pidamente.<\/p>\n<p>\u2713<\/p>\n<p>\u2713<\/p>\n<p>\u2715<\/p>\n<p>\u2715<\/p>\n<p>\u00a1NUEVO! Pinceles, paletas de colores, degradados, patrones y tubos de im\u00e1genes<\/p>\n<p>\u2713<\/p>\n<p>\u2713<\/p>\n<p>\u2713<\/p>\n<p>\u2713<\/p>\n<p>Todas las dem\u00e1s caracter\u00edsticas son las mismas en todas las versiones.<\/p>\n<p>\u2713<\/p>\n<p>\u2713<\/p>\n<p>\u2713<\/p>\n<p>\u2713<\/p>","protected":false},"excerpt":{"rendered":"<table style='border-collapse: collapse; width: 100%;'>\n<tr>\n<th>Propiedad<\/th>\n<th>Valor<\/th>\n<\/tr>\n<tr>\n<td>Gr\u00e1ficos<\/td>\n<td>Adaptador de video compatible con DirectX 11 o superior con el controlador m\u00e1s reciente (se recomienda una tarjeta VGA discreta compatible con DirectX 12 para la aceleraci\u00f3n de la GPU)<\/td>\n<\/tr>\n<tr>\n<td>Procesador<\/td>\n<td>Intel Celeron serie G o AMD Phenom II y superiores (se recomiendan Intel i5 o AMD Ryzen y superiores para compatibilidad con funciones de Inteligencia Artificial)<\/td>\n<\/tr>\n<tr>\n<td>Disco duro<\/td>\n<td>Se requieren 3 GB de espacio disponible en el disco duro (se recomiendan 4 GB)<\/td>\n<\/tr>\n<tr>\n<td>RAM<\/td>\n<td>4 GB de RAM (se recomiendan 8 GB para admitir la funci\u00f3n de Inteligencia Artificial)<\/td>\n<\/tr>\n<tr>\n<td>Mostrar<\/td>\n<td>Resoluci\u00f3n de pantalla de 1366 x 768 (se recomienda una resoluci\u00f3n de pantalla de 1920 x 1080 a 100 DPI). Admite hasta 250 DPI con una resoluci\u00f3n de pantalla adecuada.<\/td>\n<\/tr>\n<tr>\n<td>Sistema operativo<\/td>\n<td>Windows 11, Windows 10 (versi\u00f3n recomendada 1903 o posterior con el \u00faltimo Service Pack (ediciones de 64 bits) Para virtualizaci\u00f3n: Microsoft Windows Server 2012 R2, Windows Server 2016, Windows Server 2019<\/td>\n<\/tr>\n<\/table>","protected":false},"featured_media":2980,"template":"","meta":{"inline_featured_image":false},"product_brand":[],"product_cat":[116],"product_tag":[],"class_list":{"0":"post-2594","1":"product","2":"type-product","3":"status-publish","4":"has-post-thumbnail","6":"product_cat-photo-editing-software","8":"first","9":"instock","10":"sale","11":"virtual","12":"taxable","13":"purchasable","14":"product-type-simple"},"_links":{"self":[{"href":"https:\/\/elitesoftkeys.com\/es\/wp-json\/wp\/v2\/product\/2594","targetHints":{"allow":["GET"]}}],"collection":[{"href":"https:\/\/elitesoftkeys.com\/es\/wp-json\/wp\/v2\/product"}],"about":[{"href":"https:\/\/elitesoftkeys.com\/es\/wp-json\/wp\/v2\/types\/product"}],"version-history":[{"count":0,"href":"https:\/\/elitesoftkeys.com\/es\/wp-json\/wp\/v2\/product\/2594\/revisions"}],"wp:featuredmedia":[{"embeddable":true,"href":"https:\/\/elitesoftkeys.com\/es\/wp-json\/wp\/v2\/media\/2980"}],"wp:attachment":[{"href":"https:\/\/elitesoftkeys.com\/es\/wp-json\/wp\/v2\/media?parent=2594"}],"wp:term":[{"taxonomy":"product_brand","embeddable":true,"href":"https:\/\/elitesoftkeys.com\/es\/wp-json\/wp\/v2\/product_brand?post=2594"},{"taxonomy":"product_cat","embeddable":true,"href":"https:\/\/elitesoftkeys.com\/es\/wp-json\/wp\/v2\/product_cat?post=2594"},{"taxonomy":"product_tag","embeddable":true,"href":"https:\/\/elitesoftkeys.com\/es\/wp-json\/wp\/v2\/product_tag?post=2594"}],"curies":[{"name":"gracias","href":"https:\/\/api.w.org\/{rel}","templated":true}]}}