{"id":2590,"date":"2024-12-21T13:56:38","date_gmt":"2024-12-21T13:56:38","guid":{"rendered":"http:\/\/elitesoftkeys.com\/?product=corel-paintshop-pro-2023-standard"},"modified":"2025-07-06T14:07:02","modified_gmt":"2025-07-06T14:07:02","slug":"corel-paintshop-pro-2023-standard","status":"publish","type":"product","link":"https:\/\/elitesoftkeys.com\/es\/producto\/corel-paintshop-pro-2023-standard\/","title":{"rendered":"Corel PaintShop Pro 2023 Standard"},"content":{"rendered":"<p>PaintShop Pro 2023 Standard es un software de edici\u00f3n de fotograf\u00edas para Windows.<\/p>\n<p>El software proporciona funciones de un estudio de edici\u00f3n de fotograf\u00edas completo:<\/p>\n<p>Mejora las fotos con IA<\/p>\n<p>Conf\u00ede en la inteligencia artificial y la tecnolog\u00eda de aprendizaje autom\u00e1tico para mejorar las im\u00e1genes con un solo clic y hacer que cada foto sea instant\u00e1neamente la mejor.<\/p>\n<p>Edita fotos como un profesional<\/p>\n<p>Edite, retoque y corrija sus fotograf\u00edas con un conjunto de herramientas integral dise\u00f1ado para todos los niveles de habilidad.<\/p>\n<p>Crear gr\u00e1ficos y dise\u00f1os<\/p>\n<p>Trabaje con texto intuitivo, pinceles, texturas, patrones, herramientas de dibujo y pintura para producir dise\u00f1os inspiradores.<\/p>\n<p>A\u00f1adir efectos para generar impacto<\/p>\n<p>Experimenta con cientos de filtros creativos y efectos divertidos para hacer tus fotos personales y originales para compartir e imprimir.<\/p>\n<p>Elija entre m\u00faltiples espacios de trabajo<\/p>\n<p>PaintShop Pro se centra en la selecci\u00f3n y personalizaci\u00f3n, ofreciendo m\u00faltiples espacios de trabajo que puedes personalizar para trabajar de manera m\u00e1s eficiente.<\/p>\n<p>\u00bfQu\u00e9 novedades hay en PaintShop Pro 2023?<\/p>\n<p>AfterShot Lab NUEVO<\/p>\n<p>Herramienta de marco MEJORADA<\/p>\n<p>Apilamiento de enfoque NUEVO<\/p>\n<p>Vista previa del modo de fusi\u00f3n en tiempo real MEJORADA<\/p>\n<p>Ajustar a objetos NUEVO<\/p>\n<p>Usabilidad y rendimiento MEJORADOS<\/p>\n<p>PaintShop Pro 2023 Ultimate incluye las siguientes aplicaciones:<\/p>\n<p>MultiCam Capture 2.0 Lite: Captura videos con MultiCam Capture 2.0 Lite para conectar con tus espectadores y aumentar tu audiencia. Crea f\u00e1cilmente videos instructivos, retos en l\u00ednea, demostraciones de productos, graba videos de juegos y mucho m\u00e1s con un software de grabaci\u00f3n de video f\u00e1cil de usar.<\/p>\n<p>Fuentes gratis. \u00a1Aprovecha 50 nuevas fuentes modernas gratis disponibles en PaintShop Pro 2023 Ultimate! Disfruta de una tipograf\u00eda hermosa y experimenta con estilos y colores de fuente para que tus dise\u00f1os sean a\u00fan m\u00e1s impactantes y \u00fanicos.<\/p>\n<p>Painter Essentials 8: Disfruta de un software de pintura divertido y sencillo para principiantes que te inspirar\u00e1 a experimentar y a enamorarte de la pintura digital. Boceta, dibuja y pinta sobre un lienzo en blanco con pinceles realistas o experimenta con la exclusiva IA basada en im\u00e1genes y el arte de clonaci\u00f3n. Disfruta de un nuevo paquete de pinceles.<\/p>\n<p>PhotoMirage Express: Transforma f\u00e1cilmente cualquier imagen en una animaci\u00f3n fascinante en cuesti\u00f3n de minutos con PhotoMirage Express. Dar vida a tus fotos es facil\u00edsimo y adictivamente divertido, y compartir tus obras maestras en redes sociales es facil\u00edsimo. Usa PhotoMirage Express para crear animaciones fotogr\u00e1ficas impresionantes que cautivan, enganchan y cautivan.<\/p>\n<p>Highlight Reel: Crear videos r\u00e1pidos que muestren lo mejor de tu \u00faltima aventura ahora es mucho m\u00e1s f\u00e1cil con un creador inteligente de presentaciones y pel\u00edculas: Highlight Reel. Simplemente importa tus archivos multimedia y Highlight Reel analizar\u00e1 y extraer\u00e1 inteligentemente las mejores fotos y videos, y los compilar\u00e1 para ti, al ritmo de la m\u00fasica. Crear pel\u00edculas para compartir tus momentos cotidianos ahora es m\u00e1s f\u00e1cil.<\/p>\n<p>Espacio de trabajo Sea-to-Sky: Experimenta un espacio de trabajo de edici\u00f3n fotogr\u00e1fica dise\u00f1ado para llevar tus fotograf\u00edas submarinas y con drones a nuevas alturas. Realiza correcciones fluidas y mejoras creativas con un conjunto de herramientas personalizadas y revive tus momentos m\u00e1s memorables al m\u00e1ximo.<\/p>\n<p>Colecci\u00f3n Corel Creative: Ampl\u00eda tu creatividad con docenas de pinceles, texturas y m\u00e1s de 100 fondos libres de regal\u00edas. Mejora tus proyectos fotogr\u00e1ficos con dise\u00f1os divertidos, rom\u00e1nticos o abstractos, junto con una variedad de pinceladas vibrantes.<\/p>\n<p>Comparaci\u00f3n de productos de Corel Paintshop<\/p>\n<p>Ultimate 2023<\/p>\n<p>Pro<\/p>\n<p>2023<\/p>\n<p>Ultimate 2022<\/p>\n<p>Pro<\/p>\n<p>2022<\/p>\n<p>Aplicaciones<\/p>\n<p>\u00a1MEJORADO! Corel MultiCam Capture Lite 2: crea v\u00eddeos atractivos y graba la pantalla y la c\u00e1mara web simult\u00e1neamente.<\/p>\n<p>\u2713<\/p>\n<p>\u2715<\/p>\n<p>\u2715<\/p>\n<p>\u2715<\/p>\n<p>Highlight Reel: crea videos r\u00e1pidos y muestra los momentos destacados de tu \u00faltima aventura con un nuevo creador de pel\u00edculas inteligente.<\/p>\n<p>\u2713<\/p>\n<p>\u2715<\/p>\n<p>\u2713<\/p>\n<p>\u2715<\/p>\n<p>Espacio de trabajo Sea-to-Sky: espacio de trabajo completamente nuevo y t\u00e1ctil con un conjunto de herramientas personalizado para mejorar la fotograf\u00eda submarina y con drones.<\/p>\n<p>\u2713<\/p>\n<p>\u2715<\/p>\n<p>\u2713<\/p>\n<p>\u2715<\/p>\n<p>PhotoMirage Express: transforme sin esfuerzo cualquier imagen en una animaci\u00f3n fascinante en cuesti\u00f3n de minutos.<\/p>\n<p>\u2713<\/p>\n<p>\u2715<\/p>\n<p>\u2713<\/p>\n<p>\u2715<\/p>\n<p>\u00a1MEJORADO! Corel Painter Essentials 8: aprende a pintar, dibujar y bocetar desde cero con este programa de pintura f\u00e1cil de usar. Disfruta del nuevo paquete de pinceles.<\/p>\n<p>\u2713<\/p>\n<p>\u2715<\/p>\n<p>\u2713<\/p>\n<p>\u2715<\/p>\n<p>\u00a1NUEVO! 50 fuentes modernas gratis<\/p>\n<p>\u2713<\/p>\n<p>\u2715<\/p>\n<p>\u2715<\/p>\n<p>\u2715<\/p>\n<p>Corel Creative Collection: incluye docenas de pinceles, texturas y fondos libres de regal\u00edas.<\/p>\n<p>\u2713<\/p>\n<p>\u2715<\/p>\n<p>\u2713<\/p>\n<p>\u2715<\/p>\n<p>Caracter\u00edsticas<\/p>\n<p>\u00a1NUEVO! Apilamiento de enfoque: Descubra el apilamiento de enfoque como una forma r\u00e1pida de obtener im\u00e1genes perfectamente n\u00edtidas con tres sencillos pasos del asistente y lograr que cualquier \u00e1rea de la imagen se vea n\u00edtida y clara.<\/p>\n<p>\u2713<\/p>\n<p>\u2713<\/p>\n<p>\u2713<\/p>\n<p>\u2713<\/p>\n<p>\u00a1MEJORADO! Herramienta Marco: Crea formas (m\u00e1scaras) a partir de formas sim\u00e9tricas y predefinidas, o incluso objetos de texto vectoriales, o convierte objetos vectoriales y texto existentes en formas, todo con la herramienta Marco mejorada.<\/p>\n<p>\u2713<\/p>\n<p>\u2713<\/p>\n<p>\u2715<\/p>\n<p>\u2715<\/p>\n<p>\u00a1NUEVO! AfterShot Lab: disfruta de una edici\u00f3n potente y completa de archivos RAW con una gran variedad de herramientas profesionales en el nuevo AfterShot Lab, ahora disponible en PaintShop Pro.<\/p>\n<p>\u2713<\/p>\n<p>\u2713<\/p>\n<p>\u2715<\/p>\n<p>\u2715<\/p>\n<p>\u00a1NUEVO! Vista previa del modo de fusi\u00f3n en tiempo real: aprovecha la nueva vista previa del modo de fusi\u00f3n en tiempo real para comprobar los resultados de la fusi\u00f3n de capas en cualquier momento, pasando el cursor sobre las opciones de la lista desplegable en la paleta Capas.<\/p>\n<p>\u2713<\/p>\n<p>\u2713<\/p>\n<p>\u2715<\/p>\n<p>\u2715<\/p>\n<p>\u00a1NUEVO! Ajustar a objetos: en tus proyectos, alinea objetos con precisi\u00f3n al instante con la nueva funci\u00f3n Ajustar a objetos.<\/p>\n<p>\u2713<\/p>\n<p>\u2713<\/p>\n<p>\u2715<\/p>\n<p>\u2715<\/p>\n<p>\u00a1MEJORADO! Nueva plantilla: la funci\u00f3n de filtrado y ordenaci\u00f3n ayuda a encontrar la plantilla espec\u00edfica r\u00e1pidamente.<\/p>\n<p>\u2713<\/p>\n<p>\u2713<\/p>\n<p>\u2715<\/p>\n<p>\u2715<\/p>\n<p>\u00a1NUEVO! Pinceles, paletas de colores, degradados, patrones y tubos de im\u00e1genes<\/p>\n<p>\u2713<\/p>\n<p>\u2713<\/p>\n<p>\u2713<\/p>\n<p>\u2713<\/p>\n<p>Todas las dem\u00e1s caracter\u00edsticas son las mismas en todas las versiones.<\/p>\n<p>\u2713<\/p>\n<p>\u2713<\/p>\n<p>\u2713<\/p>\n<p>\u2713<\/p>","protected":false},"excerpt":{"rendered":"<table style='border-collapse: collapse; width: 100%;'>\n<tr>\n<th>Propiedad<\/th>\n<th>Valor<\/th>\n<\/tr>\n<tr>\n<td>Procesador<\/td>\n<td>Intel Celeron serie G o AMD Phenom II y superiores (se recomiendan Intel i5 o AMD Ryzen y superiores para compatibilidad con funciones de Inteligencia Artificial)<\/td>\n<\/tr>\n<tr>\n<td>Disco duro<\/td>\n<td>Se requieren 3 GB de espacio disponible en el disco duro (se recomiendan 4 GB)<\/td>\n<\/tr>\n<tr>\n<td>RAM<\/td>\n<td>4 GB de RAM (se recomiendan 8 GB para admitir la funci\u00f3n de Inteligencia Artificial)<\/td>\n<\/tr>\n<tr>\n<td>Mostrar<\/td>\n<td>Resoluci\u00f3n de pantalla de 1366 x 768 (se recomienda una resoluci\u00f3n de pantalla de 1920 x 1080 a 100 DPI). Admite hasta 250 DPI con una resoluci\u00f3n de pantalla adecuada.<\/td>\n<\/tr>\n<tr>\n<td>Sistema operativo<\/td>\n<td>Windows 11, Windows 10 (versi\u00f3n recomendada 1903 o posterior con el \u00faltimo Service Pack (ediciones de 64 bits) Para virtualizaci\u00f3n: Microsoft Windows Server 2012 R2, Windows Server 2016, Windows Server 2019<\/td>\n<\/tr>\n<\/table>","protected":false},"featured_media":2977,"template":"","meta":{"inline_featured_image":false},"product_brand":[],"product_cat":[116],"product_tag":[],"class_list":{"0":"post-2590","1":"product","2":"type-product","3":"status-publish","4":"has-post-thumbnail","6":"product_cat-photo-editing-software","8":"first","9":"instock","10":"sale","11":"virtual","12":"taxable","13":"purchasable","14":"product-type-simple"},"_links":{"self":[{"href":"https:\/\/elitesoftkeys.com\/es\/wp-json\/wp\/v2\/product\/2590","targetHints":{"allow":["GET"]}}],"collection":[{"href":"https:\/\/elitesoftkeys.com\/es\/wp-json\/wp\/v2\/product"}],"about":[{"href":"https:\/\/elitesoftkeys.com\/es\/wp-json\/wp\/v2\/types\/product"}],"version-history":[{"count":0,"href":"https:\/\/elitesoftkeys.com\/es\/wp-json\/wp\/v2\/product\/2590\/revisions"}],"wp:featuredmedia":[{"embeddable":true,"href":"https:\/\/elitesoftkeys.com\/es\/wp-json\/wp\/v2\/media\/2977"}],"wp:attachment":[{"href":"https:\/\/elitesoftkeys.com\/es\/wp-json\/wp\/v2\/media?parent=2590"}],"wp:term":[{"taxonomy":"product_brand","embeddable":true,"href":"https:\/\/elitesoftkeys.com\/es\/wp-json\/wp\/v2\/product_brand?post=2590"},{"taxonomy":"product_cat","embeddable":true,"href":"https:\/\/elitesoftkeys.com\/es\/wp-json\/wp\/v2\/product_cat?post=2590"},{"taxonomy":"product_tag","embeddable":true,"href":"https:\/\/elitesoftkeys.com\/es\/wp-json\/wp\/v2\/product_tag?post=2590"}],"curies":[{"name":"gracias","href":"https:\/\/api.w.org\/{rel}","templated":true}]}}