{"id":2584,"date":"2024-12-21T13:56:31","date_gmt":"2024-12-21T13:56:31","guid":{"rendered":"http:\/\/elitesoftkeys.com\/?product=coreldraw-graphics-suite-2021-educational"},"modified":"2025-07-06T14:07:02","modified_gmt":"2025-07-06T14:07:02","slug":"coreldraw-graphics-suite-2021-educational","status":"publish","type":"product","link":"https:\/\/elitesoftkeys.com\/es\/producto\/coreldraw-graphics-suite-2021-educational\/","title":{"rendered":"CorelDraw Graphics Suite 2021 Educativo"},"content":{"rendered":"<p>Esta licencia corresponde a la Edici\u00f3n Educativa de CorelDraw Graphics Suite 2021. La principal diferencia entre las ediciones Comercial y Educativa es la limitaci\u00f3n de uso para fines no comerciales. Esta versi\u00f3n tambi\u00e9n presenta algunas funciones menos importantes que la Edici\u00f3n Comercial (menos contenido, algunas funciones profesionales, como la separaci\u00f3n de impresi\u00f3n, est\u00e1n deshabilitadas, etc.) y fue dise\u00f1ada para ser una excelente soluci\u00f3n para usuarios dom\u00e9sticos con fines no comerciales.<\/p>\n<p>CorelDraw Graphics Suite 2021 es una herramienta integral para dise\u00f1adores gr\u00e1ficos, ilustradores y artistas que desean crear dise\u00f1os de nivel profesional con facilidad.<\/p>\n<p>Aplicaciones incluidas:<\/p>\n<p>CorelDRAW \u2013 Ilustraci\u00f3n vectorial y dise\u00f1o de p\u00e1ginas.<\/p>\n<p>Corel PHOTO-PAINT \u2013 Edici\u00f3n de im\u00e1genes y dise\u00f1o basado en p\u00edxeles.<\/p>\n<p>Corel Font Manager: exploraci\u00f3n y gesti\u00f3n de fuentes.<\/p>\n<p>AfterShot 3 HDR \u2013 Editor de fotograf\u00edas RAW.<\/p>\n<p>CAPTURA \u2013 Herramienta de captura de pantalla.<\/p>\n<p>Caracter\u00edsticas y funcionalidades clave de CorelDraw Graphics Suite 2021:<\/p>\n<p>Rendimiento mejorado: con las \u00faltimas optimizaciones de hardware y tarjetas gr\u00e1ficas, CorelDraw Graphics Suite 2021 ofrece una experiencia de usuario m\u00e1s r\u00e1pida y con mayor capacidad de respuesta.<\/p>\n<p>Flujo de trabajo simplificado: la interfaz intuitiva y el flujo de trabajo optimizado de la suite facilitan la creaci\u00f3n y edici\u00f3n de dise\u00f1os, desde el concepto hasta el resultado final.<\/p>\n<p>Herramientas de dise\u00f1o vers\u00e1tiles: con una amplia gama de herramientas de dise\u00f1o, que incluyen ilustraci\u00f3n vectorial, dise\u00f1o, edici\u00f3n de fotograf\u00edas, tipograf\u00eda y m\u00e1s, CorelDraw Graphics Suite 2021 le permite crear una variedad de dise\u00f1os que satisfagan sus necesidades.<\/p>\n<p>Colaboraci\u00f3n: Las funciones de colaboraci\u00f3n integradas del software le permiten compartir sus dise\u00f1os con otros y colaborar en proyectos en tiempo real, ya sea que est\u00e9 trabajando de forma remota o en persona.<\/p>\n<p>Compatibilidad: CorelDraw Graphics Suite 2021 es compatible con una amplia gama de formatos de archivos, incluidos AI, PSD, PDF, JPG, PNG y muchos otros, lo que facilita su integraci\u00f3n en su flujo de trabajo existente.<\/p>\n<p>Creemos que CorelDraw Graphics Suite 2021 para estudiantes es una excelente opci\u00f3n para quienes desean crear dise\u00f1os profesionales con facilidad. \u00a1Solicite su licencia de software hoy mismo y comience a crear!<\/p>","protected":false},"excerpt":{"rendered":"<table style=\"border-collapse: collapse; width: 100%;\">\n<tbody>\n<tr>\n<th>Propiedad<\/th>\n<th>Valor<\/th>\n<\/tr>\n<tr>\n<td>Procesador<\/td>\n<td>Windows: Intel Core i3\/5\/7\/9 o AMD Ryzen 3\/5\/7\/9\/Threadripper, EPYC \u2013 Mac: Apple M1 y m\u00e1s r\u00e1pido o Intel<\/td>\n<\/tr>\n<tr>\n<td>Disco duro<\/td>\n<td>Windows: 2,5 GB de espacio en el disco duro \u2013 Mac: 4 GB<\/td>\n<\/tr>\n<tr>\n<td>RAM<\/td>\n<td>Windows: 4 GB de RAM (se recomiendan 8 GB o m\u00e1s) \u2013 Mac: 8 GB de RAM<\/td>\n<\/tr>\n<tr>\n<td>Sistema operativo<\/td>\n<td>Windows: Windows 11 o Windows 10*, 64 bits, con las \u00faltimas actualizaciones \u2013 Mac: macOS 10.15 o posterior *A partir de enero de 2023: Consulte con el fabricante para obtener la compatibilidad m\u00e1s actualizada<\/td>\n<\/tr>\n<\/tbody>\n<\/table>","protected":false},"featured_media":2973,"template":"","meta":{"inline_featured_image":false},"product_brand":[],"product_cat":[116],"product_tag":[],"class_list":{"0":"post-2584","1":"product","2":"type-product","3":"status-publish","4":"has-post-thumbnail","6":"product_cat-photo-editing-software","8":"first","9":"instock","10":"sale","11":"virtual","12":"taxable","13":"purchasable","14":"product-type-simple"},"_links":{"self":[{"href":"https:\/\/elitesoftkeys.com\/es\/wp-json\/wp\/v2\/product\/2584","targetHints":{"allow":["GET"]}}],"collection":[{"href":"https:\/\/elitesoftkeys.com\/es\/wp-json\/wp\/v2\/product"}],"about":[{"href":"https:\/\/elitesoftkeys.com\/es\/wp-json\/wp\/v2\/types\/product"}],"version-history":[{"count":0,"href":"https:\/\/elitesoftkeys.com\/es\/wp-json\/wp\/v2\/product\/2584\/revisions"}],"wp:featuredmedia":[{"embeddable":true,"href":"https:\/\/elitesoftkeys.com\/es\/wp-json\/wp\/v2\/media\/2973"}],"wp:attachment":[{"href":"https:\/\/elitesoftkeys.com\/es\/wp-json\/wp\/v2\/media?parent=2584"}],"wp:term":[{"taxonomy":"product_brand","embeddable":true,"href":"https:\/\/elitesoftkeys.com\/es\/wp-json\/wp\/v2\/product_brand?post=2584"},{"taxonomy":"product_cat","embeddable":true,"href":"https:\/\/elitesoftkeys.com\/es\/wp-json\/wp\/v2\/product_cat?post=2584"},{"taxonomy":"product_tag","embeddable":true,"href":"https:\/\/elitesoftkeys.com\/es\/wp-json\/wp\/v2\/product_tag?post=2584"}],"curies":[{"name":"gracias","href":"https:\/\/api.w.org\/{rel}","templated":true}]}}