{"id":2582,"date":"2024-12-21T13:56:29","date_gmt":"2024-12-21T13:56:29","guid":{"rendered":"http:\/\/elitesoftkeys.com\/?product=coreldraw-technical-suite-365-professional"},"modified":"2025-07-06T14:07:00","modified_gmt":"2025-07-06T14:07:00","slug":"coreldraw-technical-suite-365-professional","status":"publish","type":"product","link":"https:\/\/elitesoftkeys.com\/es\/producto\/coreldraw-technical-suite-365-professional\/","title":{"rendered":"CorelDraw Technical Suite 365 Professional"},"content":{"rendered":"<p>Esta licencia es una suscripci\u00f3n de 1 a\u00f1o para CorelDRAW Technical Suite. Una suscripci\u00f3n es un m\u00e9todo de pago que le permite alquilar una licencia de CorelDRAW Technical Suite por un periodo determinado (con renovaci\u00f3n opcional). Como suscriptor, se requiere autenticaci\u00f3n para usar el producto y le da derecho a beneficios como contenido en l\u00ednea. Una vez que su suscripci\u00f3n caduque, ya no podr\u00e1 usar el software. Las actualizaciones est\u00e1n incluidas con la suscripci\u00f3n y le garantizan que siempre podr\u00e1 usar la versi\u00f3n m\u00e1s reciente de su producto CorelDRAW mientras la suscripci\u00f3n est\u00e9 activa.<\/p>\n<p>CorelDRAW Technical Suite es un software de ilustraci\u00f3n y dibujo t\u00e9cnico. Desde fabricaci\u00f3n e ingenier\u00eda hasta arquitectura y alta tecnolog\u00eda, CorelDRAW Technical Suite es la plataforma definitiva para dise\u00f1ar ilustraciones t\u00e9cnicas detalladas, documentaci\u00f3n, marketing y mucho m\u00e1s, con control total y una eficiencia incre\u00edble.<\/p>\n<p>Las principales caracter\u00edsticas y beneficios de CorelDraw Technical Suite 365:<\/p>\n<p>Paquete completo para la comunicaci\u00f3n t\u00e9cnica visual. Cree desde ilustraciones t\u00e9cnicas precisas con Corel DESIGNER hasta materiales de marketing impactantes con CorelDRAW. Edite fotos para documentaci\u00f3n con Corel PHOTO-PAINT y a\u00f1ada capturas de pantalla con Corel CAPTURE. Cuando est\u00e9 listo para compartir archivos para su revisi\u00f3n y aprobaci\u00f3n colaborativa, use CorelDRAW.app para web o iPad para agilizar el proceso de comentarios de las partes interesadas.<\/p>\n<p>Herramientas de dise\u00f1o t\u00e9cnico con gran riqueza gr\u00e1fica. Acceda a herramientas dedicadas de ilustraci\u00f3n y dise\u00f1o que garantizan la precisi\u00f3n en dibujos isom\u00e9tricos, llamadas detalladas, acotaci\u00f3n avanzada y mucho m\u00e1s. Descubra caracter\u00edsticas y funcionalidades que permiten a los ilustradores t\u00e9cnicos, redactores y usuarios gr\u00e1ficos producir pr\u00e1cticamente cualquier cosa, desde esquemas detallados y planos de planta hasta complejos manuales de mantenimiento y p\u00e1ginas de repuestos.<\/p>\n<p>Reutilizaci\u00f3n 3D: Reutilice dise\u00f1os 3D con XVL Studio Corel Edition integrado y el complemento opcional XVL Studio 3D CAD Corel Edition para formatos de ensamblaje CAD 3D avanzados. Inserte modelos 3D, tablas de datos e ilustraciones .DES o .CDR como objetos vinculados o incrustados en Corel DESIGNER para acceder, compartir y consultar al instante.<\/p>\n<p>Compatibilidad inigualable con formatos de archivo. Con compatibilidad con los formatos de archivo m\u00e1s recientes, ampliamente utilizados en publicaciones t\u00e9cnicas, como CGM, WebCGM, PDF 3D y SVG con posibilidades interactivas, CorelDRAW Technical Suite garantiza que los profesionales del dise\u00f1o gr\u00e1fico t\u00e9cnico puedan acceder a datos cruciales de diversas fuentes y entregar archivos t\u00e9cnicos en un formato legible. Importe y exporte a una amplia gama de formatos de archivo, como EPS, DWG, TIFF, PNG, JPEG y WebP.<\/p>\n<p>Cumplimiento avanzado de est\u00e1ndares. Garantice el cumplimiento de diversos sistemas basados en est\u00e1ndares gracias a la completa compatibilidad de CorelDRAW Technical Suite con los est\u00e1ndares de publicaci\u00f3n t\u00e9cnica. Llegue a un p\u00fablico global con la compatibilidad con el Sistema de Memoria de Traducci\u00f3n (TMS), lo que facilita la creaci\u00f3n de documentos localizados. Publique IETP compatibles con S1000D (incluida la versi\u00f3n 5.0) o ATA iSpec 2200 y entregue proyectos de comunicaci\u00f3n t\u00e9cnica compatibles con PDF 3D y PDF\/A.<\/p>\n<p>Aplicaciones incluidas:<\/p>\n<p>Corel DESIGNER: ilustraci\u00f3n t\u00e9cnica precisa<\/p>\n<p>CorelDRAW: ilustraci\u00f3n vectorial y dise\u00f1o de p\u00e1ginas<\/p>\n<p>Corel PHOTO-PAINT: edici\u00f3n de im\u00e1genes profesional<\/p>\n<p>XVL Studio Corel Edition: visualizaci\u00f3n y creaci\u00f3n de contenido 3D<\/p>\n<p>Corel Font Manager: herramienta de exploraci\u00f3n y gesti\u00f3n de fuentes<\/p>\n<p>PowerTRACE: trazado de mapa de bits a vector con tecnolog\u00eda de IA (incluido como parte de las aplicaciones Corel DESIGNER y CorelDRAW)<\/p>\n<p>CorelDRAW.app: ilustraci\u00f3n vectorial y dise\u00f1o gr\u00e1fico en l\u00ednea a trav\u00e9s del navegador web<\/p>\n<p>CorelDRAW.app para iPad: aplicaci\u00f3n para iPad de ilustraci\u00f3n vectorial y dise\u00f1o gr\u00e1fico<\/p>\n<p>CAPTURA \u2013 Herramienta de captura de pantalla<\/p>\n<p>AfterShot 3 HDR: editor de fotos RAW<\/p>\n<p>\u00bfCu\u00e1les son las ventajas competitivas de CorelDRAW Technical Suite?<\/p>\n<p>En comparaci\u00f3n con productos de gr\u00e1ficos creativos similares a CorelDRAW Graphics Suite y Adobe CC<\/p>\n<p>Herramientas de ilustraci\u00f3n t\u00e9cnica dedicadas para un flujo de trabajo m\u00e1s eficiente.<\/p>\n<p>Compatibilidad con formatos de archivo est\u00e1ndar de la industria (por ejemplo, perfiles CGM avanzados; PDF 3D).<\/p>\n<p>Reutilizaci\u00f3n de datos CAD 3D (con el complemento XVL Studio 3D CAD Corel Edition).<\/p>\n<p>Creaci\u00f3n eficaz de gr\u00e1ficos multiling\u00fces mediante la compatibilidad con el Sistema de memoria de traducci\u00f3n (TMS)<\/p>\n<p>En comparaci\u00f3n con productos de ilustraci\u00f3n t\u00e9cnica similares a IsoDraw<\/p>\n<p>Tecnolog\u00eda de \u00faltima generaci\u00f3n, incluyendo aplicaciones de 64 bits.<\/p>\n<p>Conjunto completo de aplicaciones integradas, que incluye edici\u00f3n de fotograf\u00edas profesional, dise\u00f1o y trazado de mapas de bits a vectores.<\/p>\n<p>Amplia biblioteca de contenido con s\u00edmbolos t\u00e9cnicos, fotograf\u00edas de alta resoluci\u00f3n y fuentes para usar con cualquier aplicaci\u00f3n de Windows.<\/p>\n<p>En comparaci\u00f3n con aplicaciones CAD similares a AutoCAD<\/p>\n<p>Suite complementaria de aplicaciones para cerrar brechas en los flujos de trabajo de dise\u00f1o y dibujo t\u00e9cnico: edici\u00f3n de fotograf\u00edas, maquetaci\u00f3n, bocetos y dise\u00f1o (creativo), ilustraci\u00f3n t\u00e9cnica.<\/p>\n<p>Amplio soporte de formatos de archivo para importaci\u00f3n\/exportaci\u00f3n (incluidos DWG, DXF para colaboraci\u00f3n con aplicaciones CAD).<\/p>","protected":false},"excerpt":{"rendered":"<table style='border-collapse: collapse; width: 100%;'>\n<tr>\n<th>Propiedad<\/th>\n<th>Valor<\/th>\n<\/tr>\n<tr>\n<td>Gr\u00e1ficos<\/td>\n<td>Tarjeta de v\u00eddeo compatible con OpenCL 1.2 con m\u00e1s de 3 GB de VRAM<\/td>\n<\/tr>\n<tr>\n<td>Procesador<\/td>\n<td>Intel Core i3\/5\/7\/9 o AMD Ryzen 3\/5\/7\/9\/Threadripper, EPYC<\/td>\n<\/tr>\n<tr>\n<td>Disco duro<\/td>\n<td>9 GB de espacio en el disco duro para archivos de aplicaci\u00f3n<\/td>\n<\/tr>\n<tr>\n<td>RAM<\/td>\n<td>8 GB de RAM<\/td>\n<\/tr>\n<tr>\n<td>Sistema operativo<\/td>\n<td>Windows 11 o Windows 10 (versi\u00f3n 21H2 o posterior), de 64 bits, con las \u00faltimas actualizaciones<\/td>\n<\/tr>\n<\/table>","protected":false},"featured_media":2971,"template":"","meta":{"inline_featured_image":false},"product_brand":[],"product_cat":[116],"product_tag":[],"class_list":{"0":"post-2582","1":"product","2":"type-product","3":"status-publish","4":"has-post-thumbnail","6":"product_cat-photo-editing-software","8":"first","9":"instock","10":"sale","11":"virtual","12":"taxable","13":"purchasable","14":"product-type-simple"},"_links":{"self":[{"href":"https:\/\/elitesoftkeys.com\/es\/wp-json\/wp\/v2\/product\/2582","targetHints":{"allow":["GET"]}}],"collection":[{"href":"https:\/\/elitesoftkeys.com\/es\/wp-json\/wp\/v2\/product"}],"about":[{"href":"https:\/\/elitesoftkeys.com\/es\/wp-json\/wp\/v2\/types\/product"}],"version-history":[{"count":0,"href":"https:\/\/elitesoftkeys.com\/es\/wp-json\/wp\/v2\/product\/2582\/revisions"}],"wp:featuredmedia":[{"embeddable":true,"href":"https:\/\/elitesoftkeys.com\/es\/wp-json\/wp\/v2\/media\/2971"}],"wp:attachment":[{"href":"https:\/\/elitesoftkeys.com\/es\/wp-json\/wp\/v2\/media?parent=2582"}],"wp:term":[{"taxonomy":"product_brand","embeddable":true,"href":"https:\/\/elitesoftkeys.com\/es\/wp-json\/wp\/v2\/product_brand?post=2582"},{"taxonomy":"product_cat","embeddable":true,"href":"https:\/\/elitesoftkeys.com\/es\/wp-json\/wp\/v2\/product_cat?post=2582"},{"taxonomy":"product_tag","embeddable":true,"href":"https:\/\/elitesoftkeys.com\/es\/wp-json\/wp\/v2\/product_tag?post=2582"}],"curies":[{"name":"gracias","href":"https:\/\/api.w.org\/{rel}","templated":true}]}}