{"id":2580,"date":"2024-12-21T13:56:25","date_gmt":"2024-12-21T13:56:25","guid":{"rendered":"http:\/\/elitesoftkeys.com\/?product=coreldraw-technical-suite-2020-professional"},"modified":"2025-07-06T14:07:00","modified_gmt":"2025-07-06T14:07:00","slug":"coreldraw-technical-suite-2020-professional","status":"publish","type":"product","link":"https:\/\/elitesoftkeys.com\/es\/producto\/coreldraw-technical-suite-2020-professional\/","title":{"rendered":"CorelDraw Technical Suite 2020 Professional"},"content":{"rendered":"<p>CorelDRAW Technical Suite es un software de ilustraci\u00f3n y dibujo t\u00e9cnico. Desde fabricaci\u00f3n e ingenier\u00eda hasta arquitectura y alta tecnolog\u00eda, CorelDRAW Technical Suite es la plataforma definitiva para dise\u00f1ar ilustraciones t\u00e9cnicas detalladas, documentaci\u00f3n, marketing y mucho m\u00e1s, con control total y una eficiencia incre\u00edble.<\/p>\n<p>Las principales caracter\u00edsticas y beneficios de CorelDraw Technical Suite 2020:<\/p>\n<p>Trabaje m\u00e1s r\u00e1pido con nuevas l\u00edneas gruesas y delgadas y un flujo de trabajo de estilos mejorado<\/p>\n<p>Aumente la productividad al trabajar con l\u00edneas, halos y estilos. El nuevo modo de dibujo de l\u00edneas gruesas y finas, que ahorra mucho tiempo a los ilustradores t\u00e9cnicos, ajusta autom\u00e1ticamente el grosor de l\u00ednea en objetos como curvas, rect\u00e1ngulos y elipses. A\u00f1ada profundidad f\u00e1cilmente a un dibujo isom\u00e9trico aplicando dos grosores de l\u00ednea a la vez. Para un escalado uniforme, bloquee la relaci\u00f3n entre el ancho del contorno y el del halo al a\u00f1adir halos a las l\u00edneas.<\/p>\n<p>Aproveche al m\u00e1ximo la gesti\u00f3n mejorada de llamadas<\/p>\n<p>Disfrute de varias optimizaciones en la gesti\u00f3n de llamadas para dibujos t\u00e9cnicos e ilustraciones. Ahorre tiempo con la nueva herramienta Llamada sin patas, las opciones de escalado de llamadas y la informaci\u00f3n de objeto adjunta a los s\u00edmbolos. Aplique autom\u00e1ticamente puntos de acceso e informaci\u00f3n de objeto a las llamadas a medida que se dibujan.<\/p>\n<p>Agilice el proceso de retroalimentaci\u00f3n y aprobaci\u00f3n con herramientas de colaboraci\u00f3n fluidas<\/p>\n<p>Conectar con clientes y colegas nunca ha sido tan f\u00e1cil gracias a las nuevas herramientas de colaboraci\u00f3n que simplifican todo el flujo de trabajo de revisi\u00f3n y aprobaci\u00f3n. Comparta conceptos con los revisores mediante CorelDRAW.app e inv\u00edtelos a ver, anotar y comentar directamente en los archivos de CorelDRAW y Corel DESIGNER.<\/p>\n<p>Experimente un rendimiento m\u00e1s r\u00e1pido y funciones impulsadas por IA<\/p>\n<p>Trabaje de forma m\u00e1s eficiente con un conjunto de aplicaciones mucho m\u00e1s \u00e1gil. Aproveche las nuevas herramientas de Corel DESIGNER 2020 que optimizan la experiencia de dise\u00f1o, incluyendo la nueva funci\u00f3n &quot;Envoltura&quot;, que facilita la envoltura precisa de un objeto alrededor de un cilindro. Al crear ilustraciones compatibles con S1000D, una nueva biblioteca de s\u00edmbolos agiliza y simplifica el proceso. Adem\u00e1s, al trabajar en Corel DESIGNER o CorelDRAW, aproveche lo \u00faltimo en inteligencia artificial (IA) para mejorar la productividad con el sobremuestreo de im\u00e1genes con IA, la eliminaci\u00f3n de artefactos JPEG y los resultados de trazado de mapa de bits a vector de \u00faltima generaci\u00f3n, ahora disponibles en Corel PowerTRACE.<\/p>\n<p>Aproveche la reutilizaci\u00f3n 3D mejorada con XVL Studio Corel Edition<\/p>\n<p>Al aprovechar dise\u00f1os 3D de fuentes existentes, benef\u00edciese de una serie de actualizaciones de XVL Studio Corel Edition, incluida una estructura de objeto simplificada para vistas 3D importadas en Corel DESIGNER, metadatos de objetos preservados, como n\u00fameros de piezas, y un flujo de trabajo de instant\u00e1neas optimizado para almacenar vistas 3D.<\/p>\n<p>Aplicaciones incluidas:<\/p>\n<p>Corel DESIGNER 2020<\/p>\n<p>CorelDRAW 2020,<\/p>\n<p>Corel PHOTO-PAINT 2020<\/p>\n<p>XVL Studio Corel Edition<\/p>\n<p>CorelDRAW.app<\/p>\n<p>Administrador de fuentes de Corel 2020<\/p>\n<p>CAPTURA 2020<\/p>\n<p>AfterShot 3 HDR<\/p>\n<p>\u00bfCu\u00e1les son las ventajas competitivas de CorelDRAW Technical Suite?<\/p>\n<p>En comparaci\u00f3n con productos de gr\u00e1ficos creativos similares a CorelDRAW Graphics Suite y Adobe CC<\/p>\n<p>Herramientas de ilustraci\u00f3n t\u00e9cnica dedicadas para un flujo de trabajo m\u00e1s eficiente.<\/p>\n<p>Compatibilidad con formatos de archivo est\u00e1ndar de la industria (por ejemplo, perfiles CGM avanzados; PDF 3D).<\/p>\n<p>Reutilizaci\u00f3n de datos CAD 3D (con el complemento XVL Studio 3D CAD Corel Edition).<\/p>\n<p>Creaci\u00f3n eficaz de gr\u00e1ficos multiling\u00fces mediante la compatibilidad con el Sistema de memoria de traducci\u00f3n (TMS)<\/p>\n<p>En comparaci\u00f3n con productos de ilustraci\u00f3n t\u00e9cnica similares a IsoDraw<\/p>\n<p>Tecnolog\u00eda de \u00faltima generaci\u00f3n, incluyendo aplicaciones de 64 bits.<\/p>\n<p>Conjunto completo de aplicaciones integradas, que incluye edici\u00f3n de fotograf\u00edas profesional, dise\u00f1o y trazado de mapas de bits a vectores.<\/p>\n<p>Amplia biblioteca de contenido con s\u00edmbolos t\u00e9cnicos, fotograf\u00edas de alta resoluci\u00f3n y fuentes para usar con cualquier aplicaci\u00f3n de Windows.<\/p>\n<p>En comparaci\u00f3n con aplicaciones CAD similares a AutoCAD<\/p>\n<p>Suite complementaria de aplicaciones para cerrar brechas en los flujos de trabajo de dise\u00f1o y dibujo t\u00e9cnico: edici\u00f3n de fotograf\u00edas, maquetaci\u00f3n, bocetos y dise\u00f1o (creativo), ilustraci\u00f3n t\u00e9cnica.<\/p>\n<p>Amplio soporte de formatos de archivo para importaci\u00f3n\/exportaci\u00f3n (incluidos DWG, DXF para colaboraci\u00f3n con aplicaciones CAD).<\/p>","protected":false},"excerpt":{"rendered":"<table style=\"border-collapse: collapse; width: 100%;\">\n<tbody>\n<tr>\n<th>Propiedad<\/th>\n<th>Valor<\/th>\n<\/tr>\n<tr>\n<td>Gr\u00e1ficos<\/td>\n<td>Tarjeta de v\u00eddeo compatible con OpenCL 1.2 (recomendada)<\/td>\n<\/tr>\n<tr>\n<td>Procesador<\/td>\n<td>Intel Core i3\/5\/7\/9 o AMD Ryzen 3\/5\/7\/9\/Threadripper, EPYC<\/td>\n<\/tr>\n<tr>\n<td>Disco duro<\/td>\n<td>8 GB de espacio en el disco duro para archivos de aplicaci\u00f3n<\/td>\n<\/tr>\n<tr>\n<td>RAM<\/td>\n<td>4 GB de RAM (se recomiendan 8 GB o m\u00e1s)<\/td>\n<\/tr>\n<tr>\n<td>Sistema operativo<\/td>\n<td>Windows 10, Windows 8.1 o Windows 7, en 64 bits, todos con las \u00faltimas actualizaciones y Service Packs<\/td>\n<\/tr>\n<\/tbody>\n<\/table>","protected":false},"featured_media":2969,"template":"","meta":{"inline_featured_image":false},"product_brand":[],"product_cat":[116],"product_tag":[],"class_list":{"0":"post-2580","1":"product","2":"type-product","3":"status-publish","4":"has-post-thumbnail","6":"product_cat-photo-editing-software","8":"first","9":"instock","10":"sale","11":"virtual","12":"taxable","13":"purchasable","14":"product-type-simple"},"_links":{"self":[{"href":"https:\/\/elitesoftkeys.com\/es\/wp-json\/wp\/v2\/product\/2580","targetHints":{"allow":["GET"]}}],"collection":[{"href":"https:\/\/elitesoftkeys.com\/es\/wp-json\/wp\/v2\/product"}],"about":[{"href":"https:\/\/elitesoftkeys.com\/es\/wp-json\/wp\/v2\/types\/product"}],"version-history":[{"count":0,"href":"https:\/\/elitesoftkeys.com\/es\/wp-json\/wp\/v2\/product\/2580\/revisions"}],"wp:featuredmedia":[{"embeddable":true,"href":"https:\/\/elitesoftkeys.com\/es\/wp-json\/wp\/v2\/media\/2969"}],"wp:attachment":[{"href":"https:\/\/elitesoftkeys.com\/es\/wp-json\/wp\/v2\/media?parent=2580"}],"wp:term":[{"taxonomy":"product_brand","embeddable":true,"href":"https:\/\/elitesoftkeys.com\/es\/wp-json\/wp\/v2\/product_brand?post=2580"},{"taxonomy":"product_cat","embeddable":true,"href":"https:\/\/elitesoftkeys.com\/es\/wp-json\/wp\/v2\/product_cat?post=2580"},{"taxonomy":"product_tag","embeddable":true,"href":"https:\/\/elitesoftkeys.com\/es\/wp-json\/wp\/v2\/product_tag?post=2580"}],"curies":[{"name":"gracias","href":"https:\/\/api.w.org\/{rel}","templated":true}]}}