{"id":2578,"date":"2024-12-21T13:56:23","date_gmt":"2024-12-21T13:56:23","guid":{"rendered":"http:\/\/elitesoftkeys.com\/?product=coreldraw-graphics-suite-365-educational"},"modified":"2025-07-06T14:07:00","modified_gmt":"2025-07-06T14:07:00","slug":"coreldraw-graphics-suite-365-educational","status":"publish","type":"product","link":"https:\/\/elitesoftkeys.com\/es\/producto\/coreldraw-graphics-suite-365-educational\/","title":{"rendered":"CorelDraw Graphics Suite 365 Educativo"},"content":{"rendered":"<p>Esta licencia es una suscripci\u00f3n de 1 a\u00f1o para CorelDRAW Graphics Suite. Es para la Edici\u00f3n Educativa de CorelDRAW Graphics Suite 365. La principal diferencia entre las ediciones Comercial y Educativa es la limitaci\u00f3n de uso no comercial. Esta versi\u00f3n tambi\u00e9n presenta algunas funciones menos importantes que la Edici\u00f3n Comercial (menos contenido, algunas funciones profesionales como la separaci\u00f3n de impresi\u00f3n est\u00e1n deshabilitadas, etc.) y fue dise\u00f1ada para ser una excelente soluci\u00f3n para usuarios dom\u00e9sticos con fines no comerciales.<\/p>\n<p>CorelDraw Graphics Suite 365 es un software de dise\u00f1o gr\u00e1fico potente y vers\u00e1til que ofrece una amplia gama de herramientas y funciones para ayudar a los usuarios a crear dise\u00f1os impresionantes para una variedad de proyectos.<\/p>\n<p>Aplicaciones incluidas:<\/p>\n<p>CorelDRAW \u2013 Ilustraci\u00f3n vectorial y dise\u00f1o de p\u00e1ginas.<\/p>\n<p>Corel PHOTO-PAINT \u2013 Edici\u00f3n de im\u00e1genes y dise\u00f1o basado en p\u00edxeles.<\/p>\n<p>Corel Font Manager: exploraci\u00f3n y gesti\u00f3n de fuentes.<\/p>\n<p>AfterShot 3 HDR \u2013 Editor de fotograf\u00edas RAW.<\/p>\n<p>CAPTURA \u2013 Herramienta de captura de pantalla.<\/p>\n<p>Las caracter\u00edsticas y funcionalidades clave de CorelDraw Graphics Suite 365 incluyen:<\/p>\n<p>Herramientas profesionales de ilustraci\u00f3n vectorial y maquetaci\u00f3n: CorelDraw Graphics Suite 365 ofrece un conjunto completo de herramientas de ilustraci\u00f3n vectorial, que incluyen curvas B\u00e9zier, formas y l\u00edneas, para crear gr\u00e1ficos y maquetaciones de alta calidad. El software tambi\u00e9n incluye herramientas de maquetaci\u00f3n que permiten a los usuarios organizar varios elementos en una p\u00e1gina, alinear y distribuir objetos, y ajustar la configuraci\u00f3n de la p\u00e1gina.<\/p>\n<p>Funciones avanzadas de edici\u00f3n fotogr\u00e1fica: CorelDraw Graphics Suite 365 incluye funciones avanzadas de edici\u00f3n fotogr\u00e1fica que permiten a los usuarios manipular im\u00e1genes, ajustar el color y el tono, eliminar imperfecciones y aplicar efectos y filtros. El software tambi\u00e9n es compatible con archivos RAW de c\u00e1mara y una variedad de formatos de archivo.<\/p>\n<p>Herramientas de dise\u00f1o con IA: Las herramientas de dise\u00f1o con IA de CorelDraw Graphics Suite 365 permiten a los usuarios crear dise\u00f1os precisos y precisos de forma r\u00e1pida y sencilla. PowerTrace permite convertir im\u00e1genes de mapa de bits en gr\u00e1ficos vectoriales, mientras que LiveSketch permite esbozar ideas con un l\u00e1piz o stylus y convertirlas autom\u00e1ticamente en gr\u00e1ficos vectoriales.<\/p>\n<p>Colaboraci\u00f3n e integraci\u00f3n perfectas con otros productos de Corel: CorelDraw Graphics Suite 365 se integra perfectamente con otros productos de Corel, incluidos Corel Photo-Paint, Corel Font Manager y CorelDRAW.app, lo que permite a los usuarios colaborar f\u00e1cilmente en proyectos y acceder a su trabajo desde cualquier lugar.<\/p>\n<p>Plantillas de dise\u00f1o y ajustes preestablecidos nuevos y mejorados: CorelDraw Graphics Suite 365 incluye una variedad de plantillas de dise\u00f1o y ajustes preestablecidos nuevos y mejorados, incluidos volantes, folletos, logotipos y gr\u00e1ficos de redes sociales, para ayudar a los usuarios a comenzar con sus proyectos de manera r\u00e1pida y sencilla.<\/p>\n<p>Compatibilidad con varios monitores y rendimiento mejorado: CorelDraw Graphics Suite 365 se ha optimizado para la compatibilidad con varios monitores, lo que permite a los usuarios trabajar en varios proyectos a la vez. El software tambi\u00e9n incluye funciones de rendimiento mejoradas, como tiempos de inicio m\u00e1s r\u00e1pidos y mayor velocidad de renderizado.<\/p>\n<p>Compatibilidad con una variedad de formatos de archivos y opciones de salida: CorelDraw Graphics Suite 365 admite una amplia gama de formatos de archivos y opciones de salida, incluidos PDF, SVG, AI, PSD y m\u00e1s, lo que facilita el trabajo con archivos de otras aplicaciones y la exportaci\u00f3n de dise\u00f1os para una variedad de plataformas.<\/p>\n<p>Funciones de tipograf\u00eda mejoradas: CorelDraw Graphics Suite 365 incluye funciones de tipograf\u00eda mejoradas, que incluyen compatibilidad con fuentes variables, b\u00fasqueda de fuentes y la capacidad de aplicar kerning, tracking y interlineado personalizados al texto.<\/p>\n<p>Interfaz de usuario mejorada: CorelDraw Graphics Suite 365 cuenta con una interfaz de usuario mejorada con espacios de trabajo personalizables y modo oscuro, lo que facilita que los usuarios trabajen durante per\u00edodos prolongados sin cansar la vista.<\/p>\n<p>Con CorelDraw Graphics Suite 365, los usuarios pueden crear todo tipo de dise\u00f1o, desde logotipos y materiales de marketing hasta sitios web y gr\u00e1ficos para redes sociales, con facilidad y precisi\u00f3n. Su interfaz intuitiva y sus herramientas avanzadas lo convierten en la opci\u00f3n ideal tanto para dise\u00f1adores principiantes como experimentados.<\/p>","protected":false},"excerpt":{"rendered":"<table style='border-collapse: collapse; width: 100%;'>\n<tr>\n<th>Propiedad<\/th>\n<th>Valor<\/th>\n<\/tr>\n<tr>\n<td>Gr\u00e1ficos<\/td>\n<td>Windows: Tarjeta de video compatible con OpenCL 1.2 con m\u00e1s de 3 GB de VRAM \u2013 Mac: Tarjeta de video compatible con OpenCL 1.2 con m\u00e1s de 3 GB de VRAM<\/td>\n<\/tr>\n<tr>\n<td>Procesador<\/td>\n<td>Windows: Intel Core i3\/5\/7\/9 o AMD Ryzen 3\/5\/7\/9\/Threadripper, EPYC \u2013 Mac: Apple M1 (o superior, incl. M1 Pro\/Max, serie M2) o procesador Intel multin\u00facleo<\/td>\n<\/tr>\n<tr>\n<td>Disco duro<\/td>\n<td>Windows: 5,5 GB de espacio en el disco duro \u2013 Mac: 4 GB de espacio disponible en el disco duro para archivos de aplicaci\u00f3n (se recomienda una unidad de estado s\u00f3lido); no se admiten sistemas de archivos que distingan entre may\u00fasculas y min\u00fasculas<\/td>\n<\/tr>\n<tr>\n<td>RAM<\/td>\n<td>Windows: 8 GB de RAM \u2013 Mac: 8 GB de RAM<\/td>\n<\/tr>\n<tr>\n<td>Sistema operativo<\/td>\n<td>Windows: Windows 11 o Windows 10 (versi\u00f3n 21H2 o posterior), de 64 bits, con las \u00faltimas actualizaciones \u2013 Mac: macOS Ventura (13) o macOS Monterey (12), con la \u00faltima revisi\u00f3n<\/td>\n<\/tr>\n<\/table>","protected":false},"featured_media":2966,"template":"","meta":{"inline_featured_image":false},"product_brand":[],"product_cat":[116],"product_tag":[],"class_list":{"0":"post-2578","1":"product","2":"type-product","3":"status-publish","4":"has-post-thumbnail","6":"product_cat-photo-editing-software","8":"first","9":"instock","10":"sale","11":"virtual","12":"taxable","13":"purchasable","14":"product-type-simple"},"_links":{"self":[{"href":"https:\/\/elitesoftkeys.com\/es\/wp-json\/wp\/v2\/product\/2578","targetHints":{"allow":["GET"]}}],"collection":[{"href":"https:\/\/elitesoftkeys.com\/es\/wp-json\/wp\/v2\/product"}],"about":[{"href":"https:\/\/elitesoftkeys.com\/es\/wp-json\/wp\/v2\/types\/product"}],"version-history":[{"count":0,"href":"https:\/\/elitesoftkeys.com\/es\/wp-json\/wp\/v2\/product\/2578\/revisions"}],"wp:featuredmedia":[{"embeddable":true,"href":"https:\/\/elitesoftkeys.com\/es\/wp-json\/wp\/v2\/media\/2966"}],"wp:attachment":[{"href":"https:\/\/elitesoftkeys.com\/es\/wp-json\/wp\/v2\/media?parent=2578"}],"wp:term":[{"taxonomy":"product_brand","embeddable":true,"href":"https:\/\/elitesoftkeys.com\/es\/wp-json\/wp\/v2\/product_brand?post=2578"},{"taxonomy":"product_cat","embeddable":true,"href":"https:\/\/elitesoftkeys.com\/es\/wp-json\/wp\/v2\/product_cat?post=2578"},{"taxonomy":"product_tag","embeddable":true,"href":"https:\/\/elitesoftkeys.com\/es\/wp-json\/wp\/v2\/product_tag?post=2578"}],"curies":[{"name":"gracias","href":"https:\/\/api.w.org\/{rel}","templated":true}]}}