{"id":2576,"date":"2024-12-21T13:56:21","date_gmt":"2024-12-21T13:56:21","guid":{"rendered":"http:\/\/elitesoftkeys.com\/?product=adobe-express"},"modified":"2025-07-06T14:07:00","modified_gmt":"2025-07-06T14:07:00","slug":"adobe-express","status":"publish","type":"product","link":"https:\/\/elitesoftkeys.com\/es\/producto\/adobe-express\/","title":{"rendered":"Adobe Express"},"content":{"rendered":"<p>La recepci\u00f3n tras la compra del siguiente producto puede tardar entre 1 hora y 48 horas laborables por correo electr\u00f3nico. Para obtener m\u00e1s informaci\u00f3n sobre su env\u00edo, cont\u00e1ctenos a contact@EliteSoftKeys.com o comun\u00edquese con las referencias indicadas en nuestra plataforma aqu\u00ed.<\/p>\n<p>La siguiente suscripci\u00f3n anual incluye las aplicaciones de: Adobe Express, 100 GB de Adobe Cloud. Aspira a lo m\u00e1s alto. Crea dise\u00f1os impactantes y originales con IA generativa basada en Adobe Firefly. Dise\u00f1a folletos, v\u00eddeos de TikTok, curr\u00edculums y reels con la nueva app completa de Adobe Express. Empieza a usar nuestro editor preconfigurado. Dise\u00f1a folletos, v\u00eddeos para TikTok, curr\u00edculums y reels con plantillas profesionales. Crea r\u00e1pido con IA generativa. Tu imaginaci\u00f3n es el \u00fanico l\u00edmite al usar herramientas de IA generativa como Relleno Generativo, Texto a Imagen y Texto a Plantilla (beta), todas basadas en Adobe Firefly. T\u00fa lo escribes. Adobe Express lo genera. Crea r\u00e1pidamente gracias a la IA generativa y a las acciones r\u00e1pidas con un solo clic. IA generativa basada en Adobe Firefly y operaciones con un solo clic para v\u00eddeos, fotos y PDF. Aprovecha un mont\u00f3n de plantillas. Insp\u00edrate con miles de plantillas profesionales, gratuitas y f\u00e1ciles de usar.<\/p>","protected":false},"excerpt":{"rendered":"<table style='border-collapse: collapse; width: 100%;'>\n<tr>\n<th>Propiedad<\/th>\n<th>Valor<\/th>\n<\/tr>\n<tr>\n<td>Plataforma<\/td>\n<td>Windows y macOS<\/td>\n<\/tr>\n<tr>\n<td>Idioma<\/td>\n<td>Multilenguaje<\/td>\n<\/tr>\n<tr>\n<td>Usuarios apoyados<\/td>\n<td>1 usuario<\/td>\n<\/tr>\n<tr>\n<td>Sistema operativo<\/td>\n<td>Windows 11, Windows 10. Para SO Mac Catalina 10.15.7 m\u00ednimo<\/td>\n<\/tr>\n<tr>\n<td>Otros requisitos<\/td>\n<td>Cualquier dispositivo compatible con los sistemas operativos mencionados anteriormente. No se admiten sistemas con procesadores ARM. Se requiere conexi\u00f3n a internet para activar el programa. La licencia del programa se verifica peri\u00f3dicamente.<\/td>\n<\/tr>\n<\/table>","protected":false},"featured_media":2965,"template":"","meta":{"inline_featured_image":false},"product_brand":[],"product_cat":[116],"product_tag":[],"class_list":{"0":"post-2576","1":"product","2":"type-product","3":"status-publish","4":"has-post-thumbnail","6":"product_cat-photo-editing-software","8":"first","9":"instock","10":"sale","11":"virtual","12":"taxable","13":"purchasable","14":"product-type-simple"},"_links":{"self":[{"href":"https:\/\/elitesoftkeys.com\/es\/wp-json\/wp\/v2\/product\/2576","targetHints":{"allow":["GET"]}}],"collection":[{"href":"https:\/\/elitesoftkeys.com\/es\/wp-json\/wp\/v2\/product"}],"about":[{"href":"https:\/\/elitesoftkeys.com\/es\/wp-json\/wp\/v2\/types\/product"}],"version-history":[{"count":0,"href":"https:\/\/elitesoftkeys.com\/es\/wp-json\/wp\/v2\/product\/2576\/revisions"}],"wp:featuredmedia":[{"embeddable":true,"href":"https:\/\/elitesoftkeys.com\/es\/wp-json\/wp\/v2\/media\/2965"}],"wp:attachment":[{"href":"https:\/\/elitesoftkeys.com\/es\/wp-json\/wp\/v2\/media?parent=2576"}],"wp:term":[{"taxonomy":"product_brand","embeddable":true,"href":"https:\/\/elitesoftkeys.com\/es\/wp-json\/wp\/v2\/product_brand?post=2576"},{"taxonomy":"product_cat","embeddable":true,"href":"https:\/\/elitesoftkeys.com\/es\/wp-json\/wp\/v2\/product_cat?post=2576"},{"taxonomy":"product_tag","embeddable":true,"href":"https:\/\/elitesoftkeys.com\/es\/wp-json\/wp\/v2\/product_tag?post=2576"}],"curies":[{"name":"gracias","href":"https:\/\/api.w.org\/{rel}","templated":true}]}}