{"id":2572,"date":"2024-12-21T13:56:17","date_gmt":"2024-12-21T13:56:17","guid":{"rendered":"http:\/\/elitesoftkeys.com\/?product=adobe-substance-collection"},"modified":"2025-07-06T14:07:00","modified_gmt":"2025-07-06T14:07:00","slug":"adobe-substance-collection","status":"publish","type":"product","link":"https:\/\/elitesoftkeys.com\/es\/producto\/adobe-substance-collection\/","title":{"rendered":"Colecci\u00f3n Adobe Substance"},"content":{"rendered":"<p>La recepci\u00f3n despu\u00e9s de la compra del siguiente producto puede demorar hasta 24 horas por correo electr\u00f3nico. Para obtener m\u00e1s informaci\u00f3n sobre su env\u00edo, cont\u00e1ctenos en contact@EliteSoftKeys.com o comun\u00edquese con las referencias que figuran en nuestra plataforma.<\/p>\n<p>La colecci\u00f3n Adobe Substance 3D es un potente conjunto de herramientas y recursos dise\u00f1ados para transformar la creaci\u00f3n de contenido 3D en una experiencia fluida e innovadora. Esto es lo que ofrece esta excelente colecci\u00f3n de aplicaciones:<\/p>\n<p>Pintor 3D de Substance<\/p>\n<p>Texturas y materiales: Usa pinceles param\u00e9tricos y materiales inteligentes para pintar texturas detalladas directamente sobre la superficie de cualquier activo. A\u00f1ade materiales, filtros, calcoman\u00edas y detalles finos con herramientas avanzadas14.<\/p>\n<p>Muestreador de sustancias 3D<\/p>\n<p>De fotos a modelos 3D: Con la fotogrametr\u00eda integrada, transforma im\u00e1genes reales en modelos 3D, materiales o luces. Usa &quot;Imagen a Material&quot; para convertir fotos en materiales detallados y generar patrones y texturas con la inteligencia artificial de Adobe Firefly\u00b95.<\/p>\n<p>Crea objetos y materiales: captura objetos reales con fotograf\u00edas y genera modelos 3D autom\u00e1ticamente.<\/p>\n<p>Substance 3D Stager<\/p>\n<p>Escena y renderizado fotorrealistas: Crea y renderiza escenas fotorrealistas con plantillas predise\u00f1adas creadas por fot\u00f3grafos de renombre mundial. Genera fondos con la inteligencia artificial de Adobe Firefly y compone la escena con la imagen de fondo usando Match Image. Importa modelos CAD y a\u00f1ade animaciones de plataforma giratoria para visualizar productos.<\/p>\n<p>Dise\u00f1ador de Substance 3D<\/p>\n<p>Crea materiales avanzados: Utiliza un flujo de trabajo basado en nodos para crear materiales \u00fanicos y procedimentales. Este software, galardonado con un premio \u00d3scar, se ha utilizado en cientos de pel\u00edculas y series de televisi\u00f3n. Crea filtros param\u00e9tricos para combinar y modificar m\u00faltiples texturas y materiales15.<\/p>\n<p>Modelador 3D de Substance<\/p>\n<p>Escultura 3D: Modelado libre sin limitaciones t\u00e9cnicas con escultura de v\u00f3xeles, disponible tanto en VR como en escritorio. Crea formas org\u00e1nicas y superficies s\u00f3lidas con herramientas inspiradas en la escultura de arcilla real. Exporta tus modelos en formatos 3D est\u00e1ndar con ajustes preestablecidos de exportaci\u00f3n personalizables14.<\/p>\n<p>Activos de Substance 3D<\/p>\n<p>Accede a una amplia biblioteca: Accede a m\u00e1s de 20\u00a0000 recursos 3D creados por artistas de renombre mundial, incluyendo modelos, materiales e iluminaci\u00f3n. Muchos de estos recursos incluyen preajustes param\u00e9tricos para una mayor personalizaci\u00f3n. Env\u00eda recursos directamente a aplicaciones de Substance 3D o \u00fasalos en software de terceros como Cinema4D, Maya y Blender\u00b9\u00b9.<\/p>\n<p>Integraci\u00f3n y funcionalidad avanzada<\/p>\n<p>Integraci\u00f3n con Adobe Creative Cloud: las aplicaciones de Substance 3D se integran perfectamente con el resto de la suite de Adobe, lo que permite una colaboraci\u00f3n fluida entre herramientas como Photoshop, Illustrator y After Effects24.<\/p>\n<p>Generaci\u00f3n de patrones y texturas con IA: use Adobe Firefly para generar patrones y texturas a partir de indicaciones de texto, agregando un nivel de creatividad sin precedentes15.<\/p>\n<p>Colisiones y animaciones realistas: cree escenas naturales y realistas con detecci\u00f3n de colisiones y agregue animaciones de plato giratorio para visualizaciones de productos15.<\/p>\n<p>La colecci\u00f3n Adobe Substance 3D no solo simplifica el proceso de creaci\u00f3n 3D, sino que tambi\u00e9n lo pone al alcance de artistas de todos los niveles, desde principiantes hasta profesionales. Con su amplia gama de herramientas y su biblioteca de recursos de alta calidad, es ideal para quienes deseen explorar el mundo de la creaci\u00f3n 3D.<\/p>","protected":false},"excerpt":{"rendered":"<table style='border-collapse: collapse; width: 100%;'>\n<tr>\n<th>Propiedad<\/th>\n<th>Valor<\/th>\n<\/tr>\n<tr>\n<td>Plataforma<\/td>\n<td>Windows y macOS<\/td>\n<\/tr>\n<tr>\n<td>Idioma<\/td>\n<td>Multilenguaje<\/td>\n<\/tr>\n<tr>\n<td>Usuarios apoyados<\/td>\n<td>1 usuario<\/td>\n<\/tr>\n<tr>\n<td>Sistema operativo<\/td>\n<td>Windows 11, Windows 10. Para SO Mac Catalina 10.15.7 m\u00ednimo<\/td>\n<\/tr>\n<tr>\n<td>Otros requisitos<\/td>\n<td>Cualquier dispositivo compatible con los sistemas operativos mencionados anteriormente. No se admiten sistemas con procesadores ARM. Se requiere conexi\u00f3n a internet para activar el programa. La licencia del programa se verifica peri\u00f3dicamente.<\/td>\n<\/tr>\n<\/table>","protected":false},"featured_media":2963,"template":"","meta":{"inline_featured_image":false},"product_brand":[],"product_cat":[116],"product_tag":[],"class_list":{"0":"post-2572","1":"product","2":"type-product","3":"status-publish","4":"has-post-thumbnail","6":"product_cat-photo-editing-software","8":"first","9":"instock","10":"sale","11":"virtual","12":"taxable","13":"purchasable","14":"product-type-simple"},"_links":{"self":[{"href":"https:\/\/elitesoftkeys.com\/es\/wp-json\/wp\/v2\/product\/2572","targetHints":{"allow":["GET"]}}],"collection":[{"href":"https:\/\/elitesoftkeys.com\/es\/wp-json\/wp\/v2\/product"}],"about":[{"href":"https:\/\/elitesoftkeys.com\/es\/wp-json\/wp\/v2\/types\/product"}],"version-history":[{"count":0,"href":"https:\/\/elitesoftkeys.com\/es\/wp-json\/wp\/v2\/product\/2572\/revisions"}],"wp:featuredmedia":[{"embeddable":true,"href":"https:\/\/elitesoftkeys.com\/es\/wp-json\/wp\/v2\/media\/2963"}],"wp:attachment":[{"href":"https:\/\/elitesoftkeys.com\/es\/wp-json\/wp\/v2\/media?parent=2572"}],"wp:term":[{"taxonomy":"product_brand","embeddable":true,"href":"https:\/\/elitesoftkeys.com\/es\/wp-json\/wp\/v2\/product_brand?post=2572"},{"taxonomy":"product_cat","embeddable":true,"href":"https:\/\/elitesoftkeys.com\/es\/wp-json\/wp\/v2\/product_cat?post=2572"},{"taxonomy":"product_tag","embeddable":true,"href":"https:\/\/elitesoftkeys.com\/es\/wp-json\/wp\/v2\/product_tag?post=2572"}],"curies":[{"name":"gracias","href":"https:\/\/api.w.org\/{rel}","templated":true}]}}