{"id":2566,"date":"2024-12-21T13:56:10","date_gmt":"2024-12-21T13:56:10","guid":{"rendered":"http:\/\/elitesoftkeys.com\/?product=corel-painter-essentials-8"},"modified":"2025-07-06T14:07:00","modified_gmt":"2025-07-06T14:07:00","slug":"corel-painter-essentials-8","status":"publish","type":"product","link":"https:\/\/elitesoftkeys.com\/es\/producto\/corel-painter-essentials-8\/","title":{"rendered":"Fundamentos de Corel Painter 8"},"content":{"rendered":"<p>Painter Essentials 8 es un software de pintura para principiantes.<\/p>\n<p>Essentials fue creado para proporcionar el software de pintura ideal para que los principiantes se inicien en el arte digital:<\/p>\n<p>Lienzo en blanco: dibuja, esboza, renderiza y pinta todo lo que sue\u00f1es o te inspire.<\/p>\n<p>Arte fotogr\u00e1fico: produzca arte fotogr\u00e1fico incre\u00edble con facilidad utilizando herramientas de IA, pintura autom\u00e1tica y clonaci\u00f3n.<\/p>\n<p>Pinceles: mejora tus pinturas con paquetes de pinceles incre\u00edblemente creativos.<\/p>\n<p>Compatibilidad:<\/p>\n<p>Photoshop: conserve colores y capas con facilidad al transferir archivos entre Photoshop y Painter Essentials<\/p>\n<p>Tableta de dibujo: la compatibilidad con la inclinaci\u00f3n, rotaci\u00f3n, orientaci\u00f3n y control de presi\u00f3n del l\u00e1piz crea la experiencia de pintura m\u00e1s natural<\/p>\n<p>Mac\/PC: independientemente de si usas Mac o PC, admitimos ambas plataformas con licencias perpetuas.<\/p>\n<p>Nuevas caracter\u00edsticas clave de Painter Essentials 8:<\/p>\n<p>\u00a1NUEVO Y MEJORADO! Herramientas de pintura. Abra el nuevo Dise\u00f1o de Dibujo y Pintura desde la Pantalla de Bienvenida para configurar la interfaz con herramientas \u00f3ptimas para crear desde cero. Empiece a pintar experimentando con 23 pinceles nuevos, muchos de ellos con suavizado mejorado para trazos suaves que reaccionan a la inclinaci\u00f3n y el movimiento del l\u00e1piz.<\/p>\n<p>\u00a1NUEVO! Opciones de color. Encuentra f\u00e1cilmente los colores perfectos para tu pintura con las nuevas armon\u00edas y conjuntos de colores. Las armon\u00edas incluyen opciones de colores complementarios, monocrom\u00e1ticos claros y monocrom\u00e1ticos oscuros que crean din\u00e1micamente muestras de color equilibradas a partir del color elegido.<\/p>\n<p>\u00a1NUEVO! Los ajustes preestablecidos de pintura autom\u00e1tica con inteligencia artificial incorporan nuevos y potentes algoritmos para ofrecer resultados m\u00e1s ricos y naturales en retratos, bodegones y paisajes a partir de im\u00e1genes. Elige entre 10 nuevos estilos de IA para experimentar la pintura autom\u00e1tica con resultados art\u00edsticos impresionantes.<\/p>\n<p>\u00a1MEJORADO! Control de documentos y capas. Elija crear un documento con orientaci\u00f3n horizontal o vertical directamente desde el cuadro de di\u00e1logo Nueva imagen. Al trabajar con capas, los men\u00fas contextuales mejorados, los cuadros de di\u00e1logo de informaci\u00f3n, las opciones de ajuste de capas y el f\u00e1cil acceso a los comandos mejorar\u00e1n considerablemente la facilidad de uso.<\/p>\n<p>Mejora del soporte de Apple:<\/p>\n<p>\u00a1NUEVO! Compatibilidad con Touch Bar<\/p>\n<p>\u00a1MEJORADO! Compatibilidad con trackpad multit\u00e1ctil<\/p>\n<p>\u00a1NUEVO! Soporte para sidecar<\/p>\n<p>\u00a1NUEVO! Inclinaci\u00f3n del Apple Pencil<\/p>\n<p>\u00a1NUEVO! Inteligencia Artificial de Apple<\/p>","protected":false},"excerpt":{"rendered":"<table style='border-collapse: collapse; width: 100%;'>\n<tr>\n<th>Propiedad<\/th>\n<th>Valor<\/th>\n<\/tr>\n<tr>\n<td>Procesador<\/td>\n<td>Windows: Pentium III o equivalente \u2013 Mac: Procesador Intel Core 2 Duo 4 n\u00facleos f\u00edsicos\/8 n\u00facleos l\u00f3gicos o superior<\/td>\n<\/tr>\n<tr>\n<td>Disco duro<\/td>\n<td>Windows: 1,9 GB de espacio en el disco duro para archivos de aplicaci\u00f3n Unidad de estado s\u00f3lido (recomendada) \u2013 Mac: 900 MB de espacio en el disco duro para archivos de aplicaci\u00f3n Unidad de estado s\u00f3lido (recomendada) Los sistemas de archivos que distinguen entre may\u00fasculas y min\u00fasculas no son compatibles<\/td>\n<\/tr>\n<tr>\n<td>RAM<\/td>\n<td>Windows: 512 MB \u2013 Mac: M\u00ednimo: 4 GB RAM Recomendado: 8 GB o m\u00e1s<\/td>\n<\/tr>\n<tr>\n<td>Mostrar<\/td>\n<td>Windows: resoluci\u00f3n de pantalla de 1280 x 800 a 100% (o superior) y 1920 x 1200 a 150% (o superior). Mac: resoluci\u00f3n de pantalla de 1280 x 800 a 100% (o superior) y 1920 x 1200 a 150% (o superior).<\/td>\n<\/tr>\n<tr>\n<td>Sistema operativo<\/td>\n<td>Windows: Windows 10 32 e 64 (escritorio de aplicaciones), Windows 8 32 e 64, Windows 7 32 e 64 \u2013 Mac: macOS Big Sur (11) o macOS Catalina (10.15), con la \u00faltima revisi\u00f3n<\/td>\n<\/tr>\n<\/table>","protected":false},"featured_media":2960,"template":"","meta":{"inline_featured_image":false},"product_brand":[],"product_cat":[116],"product_tag":[],"class_list":{"0":"post-2566","1":"product","2":"type-product","3":"status-publish","4":"has-post-thumbnail","6":"product_cat-photo-editing-software","8":"first","9":"instock","10":"sale","11":"virtual","12":"taxable","13":"purchasable","14":"product-type-simple"},"_links":{"self":[{"href":"https:\/\/elitesoftkeys.com\/es\/wp-json\/wp\/v2\/product\/2566","targetHints":{"allow":["GET"]}}],"collection":[{"href":"https:\/\/elitesoftkeys.com\/es\/wp-json\/wp\/v2\/product"}],"about":[{"href":"https:\/\/elitesoftkeys.com\/es\/wp-json\/wp\/v2\/types\/product"}],"version-history":[{"count":0,"href":"https:\/\/elitesoftkeys.com\/es\/wp-json\/wp\/v2\/product\/2566\/revisions"}],"wp:featuredmedia":[{"embeddable":true,"href":"https:\/\/elitesoftkeys.com\/es\/wp-json\/wp\/v2\/media\/2960"}],"wp:attachment":[{"href":"https:\/\/elitesoftkeys.com\/es\/wp-json\/wp\/v2\/media?parent=2566"}],"wp:term":[{"taxonomy":"product_brand","embeddable":true,"href":"https:\/\/elitesoftkeys.com\/es\/wp-json\/wp\/v2\/product_brand?post=2566"},{"taxonomy":"product_cat","embeddable":true,"href":"https:\/\/elitesoftkeys.com\/es\/wp-json\/wp\/v2\/product_cat?post=2566"},{"taxonomy":"product_tag","embeddable":true,"href":"https:\/\/elitesoftkeys.com\/es\/wp-json\/wp\/v2\/product_tag?post=2566"}],"curies":[{"name":"gracias","href":"https:\/\/api.w.org\/{rel}","templated":true}]}}