{"id":2564,"date":"2024-12-21T13:56:08","date_gmt":"2024-12-21T13:56:08","guid":{"rendered":"http:\/\/elitesoftkeys.com\/?product=adobe-creative-cloud-all-apps-educational"},"modified":"2025-07-06T14:07:00","modified_gmt":"2025-07-06T14:07:00","slug":"adobe-creative-cloud-all-apps-educational","status":"publish","type":"product","link":"https:\/\/elitesoftkeys.com\/es\/producto\/adobe-creative-cloud-all-apps-educational\/","title":{"rendered":"Todas las aplicaciones de Adobe Creative Cloud \u2013 Educativas"},"content":{"rendered":"<p>NOTA DE ENTREGA: Este producto es EDUCATIVO y requiere acceso de usuario y elegibilidad para la aprobaci\u00f3n del plan y el uso de la aplicaci\u00f3n. Las aplicaciones incluidas son las mismas que las ofrecidas en el plan individual o de equipos de Adobe Creative Cloud. Tenga en cuenta que esta licencia no tiene fines lucrativos ni comerciales y, por lo tanto, es solo para quienes cumplan los requisitos y queda a discreci\u00f3n del usuario final. Si tiene alg\u00fan problema durante el proceso de conversi\u00f3n de la licencia y el plan adquiridos, p\u00f3ngase en contacto con nosotros directamente para resolverlo. Tambi\u00e9n le recomendamos consultar las siguientes p\u00e1ginas para obtener m\u00e1s informaci\u00f3n sobre el plan y la elegibilidad de uso: https:\/\/www.adobe.com\/it\/creativecloud\/buy\/students.html. Su suscripci\u00f3n a Creative Cloud incluye<\/p>\n<p>Acceso para 1 usuario en 1 dispositivo durante 1 a\u00f1o<\/p>\n<p>100 GB de espacio de almacenamiento en Adobe Cloud<\/p>\n<p>Todas las aplicaciones de Adobe Creative Suite: Photoshop, Lightroom, Lightroom Classic, Adobe Express, Adobe Firefly, Premiere Pro, Illustrator, Adobe Fresco, Dreamweaver, Acrobat Pro, Media Encoder, Bridge, Character Animator, Audition, Dimension, Photoshop Express, Animate, Aero, After Effects, InDesign, XD.<\/p>\n<p>Planes de Adobe Creative Cloud para todas las aplicaciones \u2013 Educativo<\/p>\n<p>Plan Anual: Suscripci\u00f3n de 12 meses. Recibir\u00e1 instrucciones y un c\u00f3digo de conversi\u00f3n para aplicar tras completar el formulario de elegibilidad del fabricante oficial. Recibir\u00e1 un correo electr\u00f3nico de aceptaci\u00f3n de Adobe donde tendr\u00e1 acceso a todas las aplicaciones de Creative Cloud Suite con su usuario o direcci\u00f3n de correo electr\u00f3nico, junto con toda la informaci\u00f3n relevante.<\/p>\n<p>Precios y descuentos de Creative Cloud<\/p>\n<p>Ofrecemos descuentos desde 40% en planes mensuales de Creative Cloud, lo que garantiza a nuestros clientes los mejores precios del mercado. Si desea usar Adobe Creative Cloud durante m\u00e1s tiempo, ofrecemos una suscripci\u00f3n de 1 a\u00f1o con descuentos a\u00fan mayores, lo que garantiza un precio incluso m\u00e1s bajo que la suscripci\u00f3n mensual.<\/p>\n<p>Garant\u00eda de revendedor certificado de Adobe<\/p>\n<p>www.Elitesoftkeys.com es un distribuidor certificado de Adobe. Esta certificaci\u00f3n significa que estamos autorizados a vender productos y servicios de Adobe y que cumplimos con los requisitos de conocimiento del producto. Como distribuidor certificado, garantizamos que nuestros clientes reciban productos aut\u00e9nticos, un excelente soporte y la mejor experiencia al adquirir productos de Adobe, como Creative Cloud, Acrobat y muchos otros.<\/p>\n<p>Descripci\u00f3n general de Adobe Creative Cloud<\/p>\n<p>Adobe Creative Suite es una colecci\u00f3n de aplicaciones y servicios que ofrece a los suscriptores acceso a las mejores aplicaciones para dise\u00f1o gr\u00e1fico, edici\u00f3n de video, desarrollo web y fotograf\u00eda, as\u00ed como a aplicaciones m\u00f3viles y servicios en la nube. Todas las aplicaciones de Creative Cloud se gestionan desde un \u00fanico lugar, a trav\u00e9s de una aplicaci\u00f3n de escritorio o desde el sitio web de Adobe.<\/p>\n<p>Al suscribirse, puede obtener aplicaciones de Adobe Creative seg\u00fan sus necesidades con una tarifa mensual o anual. Esto elimina la necesidad de pagar el precio completo del software desde el principio, y en su lugar requiere el pago de una cuota mensual o anual. Suscribirse a Adobe le permite obtener actualizaciones y nuevas funciones conforme se lanzan, almacenamiento en la nube que le permite crear, almacenar y compartir en cualquier dispositivo, y aplicaciones m\u00f3viles como Photoshop Express, Lightroom y Adobe Fresco.<\/p>\n<p>Creative Cloud para Mac<\/p>\n<p>Adobe dise\u00f1\u00f3 las aplicaciones de Creative Cloud para que sean compatibles con macOS, por lo que todas las principales aplicaciones de Creative Cloud, como Photoshop, Illustrator, Premiere Pro e InDesign, funcionan perfectamente en Mac.<\/p>\n<p>Las aplicaciones de Creative Cloud se pueden descargar e instalar en el Mac a trav\u00e9s de la aplicaci\u00f3n de escritorio de Creative Cloud, que gestiona todas las instalaciones, actualizaciones y licencias del software de Adobe. Antes de descargarlas, aseg\u00farese de que su Mac cumpla con los requisitos del sistema para cada aplicaci\u00f3n. Normalmente, esto incluye una versi\u00f3n reciente de macOS, suficiente RAM y suficiente espacio de almacenamiento.<\/p>\n<p>Descargar la aplicaci\u00f3n de escritorio de Creative Cloud<\/p>\n<p>Adobe Creative Cloud es una aplicaci\u00f3n de escritorio que funciona como centro de control para todas las aplicaciones y servicios. Permite a los usuarios descargar, instalar, actualizar y administrar el software de Adobe.<\/p>\n<p>Para descargar e instalar la aplicaci\u00f3n de escritorio de Creative Cloud, visite la p\u00e1gina de descargas de Adobe Creative Cloud para seleccionar y descargar el programa para su sistema operativo (Windows o macOS). A continuaci\u00f3n, abra el archivo descargado y siga las instrucciones en pantalla. Tras la instalaci\u00f3n, abra la aplicaci\u00f3n de escritorio de Creative Cloud e inicie sesi\u00f3n con su Adobe ID y contrase\u00f1a. Una vez iniciada la sesi\u00f3n, vaya a la pesta\u00f1a &quot;Aplicaciones&quot; en la parte superior de la ventana de la aplicaci\u00f3n e instale la aplicaci\u00f3n deseada.<\/p>\n<p>\u00bfCreative Cloud incluye Adobe Stock?<\/p>\n<p>Lamentablemente, Adobe Stock no est\u00e1 incluido en Creative Cloud. Adobe Stock ofrece a sus suscriptores acceso a una colecci\u00f3n de im\u00e1genes, v\u00eddeos, ilustraciones y gr\u00e1ficos de stock de alta calidad, todos disponibles con licencias libres de derechos de autor, pero requiere un pago aparte.<\/p>\n<p>\u00bfEs posible comprar una licencia de por vida para Creative Cloud?<\/p>\n<p>No, no es posible adquirir una licencia de por vida para Adobe Creative Cloud. Adobe ha migrado todos sus productos de Creative Cloud al modelo de suscripci\u00f3n, lo que implica que el usuario debe pagar una cuota mensual o anual para usar el software. Este modelo permite a Adobe publicar actualizaciones, nuevas funciones y servicios en la nube con frecuencia.<\/p>\n<p>\u00bfQu\u00e9 pasa si no puedo activar mi suscripci\u00f3n?<\/p>\n<p>Si tiene alguna pregunta o problema con la activaci\u00f3n de su suscripci\u00f3n, p\u00f3ngase en contacto con nuestro soporte t\u00e9cnico gratuito y proporcione detalles y capturas de pantalla del problema. Le ayudaremos de inmediato.<\/p>","protected":false},"excerpt":{"rendered":"<table style='border-collapse: collapse; width: 100%;'>\n<tr>\n<th>Propiedad<\/th>\n<th>Valor<\/th>\n<\/tr>\n<tr>\n<td>Plataforma<\/td>\n<td>Windows y macOS<\/td>\n<\/tr>\n<tr>\n<td>Idioma<\/td>\n<td>Multilenguaje<\/td>\n<\/tr>\n<tr>\n<td>Usuarios apoyados<\/td>\n<td>1 usuario<\/td>\n<\/tr>\n<tr>\n<td>Sistema operativo<\/td>\n<td>Windows 11, Windows 10. Para SO Mac Catalina 10.15.7 m\u00ednimo<\/td>\n<\/tr>\n<tr>\n<td>Otros requisitos<\/td>\n<td>Cualquier dispositivo compatible con los sistemas operativos mencionados anteriormente. No se admiten sistemas con procesadores ARM. Se requiere conexi\u00f3n a internet para activar el programa. La licencia del programa se verifica peri\u00f3dicamente.<\/td>\n<\/tr>\n<\/table>","protected":false},"featured_media":2959,"template":"","meta":{"inline_featured_image":false},"product_brand":[],"product_cat":[116],"product_tag":[],"class_list":{"0":"post-2564","1":"product","2":"type-product","3":"status-publish","4":"has-post-thumbnail","6":"product_cat-photo-editing-software","8":"first","9":"instock","10":"sale","11":"virtual","12":"taxable","13":"purchasable","14":"product-type-simple"},"_links":{"self":[{"href":"https:\/\/elitesoftkeys.com\/es\/wp-json\/wp\/v2\/product\/2564","targetHints":{"allow":["GET"]}}],"collection":[{"href":"https:\/\/elitesoftkeys.com\/es\/wp-json\/wp\/v2\/product"}],"about":[{"href":"https:\/\/elitesoftkeys.com\/es\/wp-json\/wp\/v2\/types\/product"}],"version-history":[{"count":0,"href":"https:\/\/elitesoftkeys.com\/es\/wp-json\/wp\/v2\/product\/2564\/revisions"}],"wp:featuredmedia":[{"embeddable":true,"href":"https:\/\/elitesoftkeys.com\/es\/wp-json\/wp\/v2\/media\/2959"}],"wp:attachment":[{"href":"https:\/\/elitesoftkeys.com\/es\/wp-json\/wp\/v2\/media?parent=2564"}],"wp:term":[{"taxonomy":"product_brand","embeddable":true,"href":"https:\/\/elitesoftkeys.com\/es\/wp-json\/wp\/v2\/product_brand?post=2564"},{"taxonomy":"product_cat","embeddable":true,"href":"https:\/\/elitesoftkeys.com\/es\/wp-json\/wp\/v2\/product_cat?post=2564"},{"taxonomy":"product_tag","embeddable":true,"href":"https:\/\/elitesoftkeys.com\/es\/wp-json\/wp\/v2\/product_tag?post=2564"}],"curies":[{"name":"gracias","href":"https:\/\/api.w.org\/{rel}","templated":true}]}}