{"id":2562,"date":"2024-12-21T13:56:06","date_gmt":"2024-12-21T13:56:06","guid":{"rendered":"http:\/\/elitesoftkeys.com\/?product=coreldraw-standard-suite-2021-professional"},"modified":"2025-07-06T14:07:00","modified_gmt":"2025-07-06T14:07:00","slug":"coreldraw-standard-suite-2021-professional","status":"publish","type":"product","link":"https:\/\/elitesoftkeys.com\/es\/producto\/coreldraw-standard-suite-2021-professional\/","title":{"rendered":"CorelDraw Standard Suite 2021 Professional"},"content":{"rendered":"<p>CorelDRAW Standard Suite 2021 es una soluci\u00f3n integral que ayuda a los estudiantes a crear y completar todo tipo de tareas escolares, desde presentaciones y maquetaciones hasta infograf\u00edas y proyectos fotogr\u00e1ficos, con herramientas intuitivas de ilustraci\u00f3n, maquetaci\u00f3n y edici\u00f3n de fotos. Su\u00e9\u00f1alo y dis\u00e9\u00f1alo con una amplia gama de \u00fatiles herramientas de aprendizaje en una interfaz intuitiva. Para cursos de arte, dise\u00f1o y CAD que requieren una soluci\u00f3n completa de dise\u00f1o gr\u00e1fico profesional, estudiantes y profesores preferir\u00e1n CorelDRAW Standard Suite 2021, un producto con todas las funciones. Es lo \u00faltimo en ilustraci\u00f3n vectorial, maquetaci\u00f3n, tipograf\u00eda, edici\u00f3n de fotos y gesti\u00f3n de fuentes, disponible para Windows, Mac y la web. Para quienes buscan m\u00e1s: m\u00e1s potencia, m\u00e1s funciones y m\u00e1s control, CorelDRAW Standard Suite es la opci\u00f3n ideal en cualquier entorno acad\u00e9mico.<\/p>\n<p>Aplicaciones incluidas:<\/p>\n<p>CorelDRAW Est\u00e1ndar<\/p>\n<p>Corel PHOTO-PAINT Est\u00e1ndar<\/p>\n<p>Beneficios clave:<\/p>\n<p>Kit de herramientas de dise\u00f1o vers\u00e1til. Ya sea que el dise\u00f1o gr\u00e1fico sea un pasatiempo o que crees con un prop\u00f3sito, CorelDRAW\u00ae Standard 2021 tiene todo lo que necesitas para crear gr\u00e1ficos atractivos para tu afici\u00f3n o negocio. Dale rienda suelta a tu imaginaci\u00f3n con este vers\u00e1til conjunto de aplicaciones de ilustraci\u00f3n, maquetaci\u00f3n y edici\u00f3n de fotos para dise\u00f1ar atractivos volantes, folletos, gr\u00e1ficos web y mucho m\u00e1s.<\/p>\n<p>Dise\u00f1o y maquetaci\u00f3n todo en uno. Cree gr\u00e1ficos, ilustraciones y proyectos de varias p\u00e1ginas originales para impresi\u00f3n o web con una amplia gama de herramientas de ilustraci\u00f3n vectorial y maquetaci\u00f3n. CorelDRAW Standard ofrece funcionalidades integradas para dise\u00f1o gr\u00e1fico y maquetaci\u00f3n en una sola aplicaci\u00f3n.<\/p>\n<p>Edici\u00f3n fotogr\u00e1fica impecable. Mejore cualquier imagen con las potentes funciones de edici\u00f3n fotogr\u00e1fica por capas de Corel PHOTO-PAINT\u2122 Standard. Retoque y mejore sus fotos con herramientas f\u00e1ciles de usar para ajustar el color y el tono, eliminar imperfecciones, experimentar con efectos y mucho m\u00e1s.<\/p>\n<p>F\u00e1cil de usar. Crea con confianza con herramientas intuitivas, consejos y tutoriales a tu disposici\u00f3n, sin importar tu nivel de habilidad o \u00e1rea de especializaci\u00f3n. Con una interfaz intuitiva y herramientas intuitivas, dise\u00f1ar\u00e1s como un profesional en un abrir y cerrar de ojos.<\/p>\n<p>Contenido creativo sin regal\u00edas. Mantenga sus dise\u00f1os actualizados con contenido creativo de calidad, incluyendo clipart e im\u00e1genes digitales, fotos, fuentes, rellenos y marcos. Pruebe una variedad de plantillas creativas dise\u00f1adas profesionalmente para crear r\u00e1pidamente certificados, anuncios, tarjetas de presentaci\u00f3n, membretes, volantes, p\u00f3steres y m\u00e1s, sin tener que empezar desde cero.<\/p>","protected":false},"excerpt":{"rendered":"<table style='border-collapse: collapse; width: 100%;'>\n<tr>\n<th>Propiedad<\/th>\n<th>Valor<\/th>\n<\/tr>\n<tr>\n<td>Procesador<\/td>\n<td>Intel Core i3\/5\/7\/9 o AMD Ryzen 3\/5\/7\/9\/Threadripper, EPYC<\/td>\n<\/tr>\n<tr>\n<td>Disco duro<\/td>\n<td>2,5 GB de espacio en el disco duro<\/td>\n<\/tr>\n<tr>\n<td>RAM<\/td>\n<td>4 GB de RAM (se recomiendan 8 GB o m\u00e1s)<\/td>\n<\/tr>\n<tr>\n<td>Sistema operativo<\/td>\n<td>Windows 11 o Windows 10*, 64 bits, con las \u00faltimas actualizaciones<\/td>\n<\/tr>\n<\/table>","protected":false},"featured_media":2958,"template":"","meta":{"inline_featured_image":false},"product_brand":[],"product_cat":[116],"product_tag":[],"class_list":{"0":"post-2562","1":"product","2":"type-product","3":"status-publish","4":"has-post-thumbnail","6":"product_cat-photo-editing-software","8":"first","9":"instock","10":"sale","11":"virtual","12":"taxable","13":"purchasable","14":"product-type-simple"},"_links":{"self":[{"href":"https:\/\/elitesoftkeys.com\/es\/wp-json\/wp\/v2\/product\/2562","targetHints":{"allow":["GET"]}}],"collection":[{"href":"https:\/\/elitesoftkeys.com\/es\/wp-json\/wp\/v2\/product"}],"about":[{"href":"https:\/\/elitesoftkeys.com\/es\/wp-json\/wp\/v2\/types\/product"}],"version-history":[{"count":0,"href":"https:\/\/elitesoftkeys.com\/es\/wp-json\/wp\/v2\/product\/2562\/revisions"}],"wp:featuredmedia":[{"embeddable":true,"href":"https:\/\/elitesoftkeys.com\/es\/wp-json\/wp\/v2\/media\/2958"}],"wp:attachment":[{"href":"https:\/\/elitesoftkeys.com\/es\/wp-json\/wp\/v2\/media?parent=2562"}],"wp:term":[{"taxonomy":"product_brand","embeddable":true,"href":"https:\/\/elitesoftkeys.com\/es\/wp-json\/wp\/v2\/product_brand?post=2562"},{"taxonomy":"product_cat","embeddable":true,"href":"https:\/\/elitesoftkeys.com\/es\/wp-json\/wp\/v2\/product_cat?post=2562"},{"taxonomy":"product_tag","embeddable":true,"href":"https:\/\/elitesoftkeys.com\/es\/wp-json\/wp\/v2\/product_tag?post=2562"}],"curies":[{"name":"gracias","href":"https:\/\/api.w.org\/{rel}","templated":true}]}}