{"id":2560,"date":"2024-12-21T13:56:04","date_gmt":"2024-12-21T13:56:04","guid":{"rendered":"http:\/\/elitesoftkeys.com\/?product=adobe-photoshop-elements-2025"},"modified":"2025-07-06T14:07:00","modified_gmt":"2025-07-06T14:07:00","slug":"adobe-photoshop-elements-2025","status":"publish","type":"product","link":"https:\/\/elitesoftkeys.com\/es\/producto\/adobe-photoshop-elements-2025\/","title":{"rendered":"Adobe Photoshop Elements 2025"},"content":{"rendered":"<p>Caracter\u00edsticas de la licencia Adobe Photoshop Elements 2025<\/p>\n<p>Licencia de tres a\u00f1os<\/p>\n<p>1 usuario, 1 dispositivo<\/p>\n<p>compatible con Windows y Mac<\/p>\n<p>Garant\u00eda de revendedor certificado de Adobe<\/p>\n<p>EliteSoftKeys es un distribuidor certificado de Adobe. Esta certificaci\u00f3n significa que estamos autorizados para vender productos y servicios de Adobe y que cumplimos con los requisitos de conocimiento del producto. Como distribuidor certificado, garantizamos que nuestros clientes reciban productos aut\u00e9nticos, un excelente soporte y la mejor experiencia al adquirir productos de Adobe, como Creative Cloud, Acrobat, etc.<\/p>\n<p>Descripci\u00f3n general del software Photoshop Elements 2025<\/p>\n<p>\u00bfBuscas un excelente software de edici\u00f3n de fotos con gran funcionalidad y una interfaz atractiva? Si buscas un software de edici\u00f3n de im\u00e1genes, Adobe Photoshop Elements 2025 es para ti. Es ideal para cualquier persona interesada en la fotograf\u00eda, ya sea principiante o profesional. Este software ofrece una edici\u00f3n de fotos pr\u00e1ctica y eficiente, con una gran variedad de opciones disponibles para usuarios de cualquier nivel de experiencia.<\/p>\n<p>\u00bfQu\u00e9 lo hace el mejor del mercado?<\/p>\n<p>Edici\u00f3n inteligente con IA: Adobe Sensei te ayuda a mejorar im\u00e1genes, eliminar objetos innecesarios y encontrar rostros. Adem\u00e1s, con la edici\u00f3n guiada, te guiaremos en el proceso de a\u00f1adir efectos fant\u00e1sticos, crear dobles exposiciones y mucho m\u00e1s.<\/p>\n<p>Interfaz ultrasencilla: La pantalla de inicio es muy pr\u00e1ctica. Te permite volver a tus proyectos recientes o explorar nuevas funciones. Pero si solo quieres hacer peque\u00f1os cambios, tienes a tu disposici\u00f3n el modo de edici\u00f3n r\u00e1pida.<\/p>\n<p>Filtros y efectos creativos: Incluye filtros que permiten transformar im\u00e1genes en pinturas, acuarelas o bocetos. Tambi\u00e9n es muy f\u00e1cil a\u00f1adir texto y bordes para realzar el aspecto de las im\u00e1genes.<\/p>\n<p>Organiza tus fotos: Olv\u00eddate de tener bibliotecas de fotos desordenadas. Las etiquetas inteligentes, el reconocimiento de personas y la autocuraci\u00f3n organizan tu trabajo y tus fotos, y las encuentras f\u00e1cilmente.<\/p>\n<p>Herramienta de edici\u00f3n de video: \u00bfTienes videos? \u00a1No hay problema! Dise\u00f1a atractivas galer\u00edas de fotos y videos con herramientas sencillas. Tambi\u00e9n puedes agregar t\u00edtulos y efectos de movimiento que sigan a tus personajes.<\/p>\n<p>Comparte y sorprende: Comparte tus fotos y videos editados directamente en las redes sociales que usas con m\u00e1s frecuencia. Tambi\u00e9n puedes crear y compartir GIF animados divertidos para entretener a tus amigos y seguidores.<\/p>\n<p>Amplia compatibilidad: Convierte entre importaci\u00f3n y exportaci\u00f3n en diversos formatos, como RAW, JPEG y PNG. Con la impresi\u00f3n con un solo clic, puedes compartir fotos con servicios de impresi\u00f3n en l\u00ednea o con tu propia impresora.<\/p>\n<p>Adobe Photoshop Elements 2025 es el software que te ayuda a crear, editar y compartir fotos y v\u00eddeos excepcionales. Desde el principiante que nunca ha usado software de edici\u00f3n de fotos hasta el profesional que lo lleva usando a\u00f1os, este software ofrece todas las herramientas que necesitas para crear tus propias visiones.<\/p>\n<p>Adobe Photoshop Elements para Mac<\/p>\n<p>Photoshop Elements 2025 tambi\u00e9n est\u00e1 disponible para usuarios de Mac. La interfaz del software se ha optimizado para adaptarse al entorno de aplicaci\u00f3n t\u00edpico de Mac OS.<\/p>\n<p>Es posible mejorar fotos, eliminar objetos o aplicar efectos con las herramientas de edici\u00f3n inteligente basadas en la tecnolog\u00eda de IA de Adobe Sensei. Adem\u00e1s, la edici\u00f3n guiada tambi\u00e9n est\u00e1 disponible en Photoshop Elements para Mac, donde el usuario recibe instrucciones detalladas para lograr un resultado profesional si prefiere a\u00f1adir efectos o crear collages de fotos.<\/p>\n<p>\u00bfCu\u00e1l es la diferencia entre Photoshop y Photoshop Elements?<\/p>\n<p>En general, Photoshop y Photoshop Elements son dos programas de edici\u00f3n de fotograf\u00edas, pero est\u00e1n orientados a diferentes categor\u00edas de usuarios y ofrecen diferentes oportunidades.<\/p>\n<p>Photoshop es un software profesional con funciones avanzadas que utilizan fot\u00f3grafos, dise\u00f1adores gr\u00e1ficos y artistas digitales para realizar trabajos art\u00edsticos complejos. Photoshop te da control total y te permite editar cada detalle con funciones como capas, m\u00e1scaras y filtros. Photoshop forma parte de Creative Cloud de Adobe, lo que significa que es de suscripci\u00f3n y recibes actualizaciones peri\u00f3dicas con las \u00faltimas funciones.<\/p>\n<p>Photoshop Elements, por otro lado, es el hermano peque\u00f1o de Photoshop. Est\u00e1 pensado para quienes desean realizar ediciones fotogr\u00e1ficas de alta calidad sin necesidad de dominar todas las funciones de la versi\u00f3n completa. Tambi\u00e9n ofrece funciones como la edici\u00f3n guiada, que permite aplicar diversos efectos y cambios b\u00e1sicos paso a paso, por lo que no se requieren conocimientos avanzados para lograr resultados satisfactorios. Photoshop Elements es una compra \u00fanica, lo que significa que pagas una vez y lo tienes para siempre, a diferencia de Photoshop con suscripci\u00f3n.<\/p>\n<p>En resumen, si eres un profesional que realiza trabajos complejos, Photoshop es la opci\u00f3n ideal. Pero si eres principiante o un usuario con poca experiencia que necesita una herramienta m\u00e1s sencilla y f\u00e1cil de usar, Photoshop Elements es una buena opci\u00f3n.<\/p>\n<p>\u00bfQu\u00e9 pasa si no puedo activar mi licencia?<\/p>\n<p>Si tiene alguna pregunta o problema al activar su licencia, p\u00f3ngase en contacto con nuestro soporte t\u00e9cnico gratuito y proporcione detalles y capturas de pantalla del problema. Le ayudaremos de inmediato.<\/p>","protected":false},"excerpt":{"rendered":"<table style='border-collapse: collapse; width: 100%;'>\n<tr>\n<th>Propiedad<\/th>\n<th>Valor<\/th>\n<\/tr>\n<tr>\n<td>Plataforma<\/td>\n<td>Windows y macOS<\/td>\n<\/tr>\n<tr>\n<td>Idioma<\/td>\n<td>Multilenguaje<\/td>\n<\/tr>\n<tr>\n<td>Usuarios apoyados<\/td>\n<td>1 usuario<\/td>\n<\/tr>\n<tr>\n<td>Sistema operativo<\/td>\n<td>Windows 11, Windows 10. Para SO Mac Catalina 10.15.7 m\u00ednimo<\/td>\n<\/tr>\n<tr>\n<td>Otros requisitos<\/td>\n<td>Cualquier dispositivo compatible con los sistemas operativos mencionados anteriormente. No se admiten sistemas con procesadores ARM. Se requiere conexi\u00f3n a internet para activar el programa. La licencia del programa se verifica peri\u00f3dicamente.<\/td>\n<\/tr>\n<\/table>","protected":false},"featured_media":2955,"template":"","meta":{"inline_featured_image":false},"product_brand":[],"product_cat":[116],"product_tag":[],"class_list":{"0":"post-2560","1":"product","2":"type-product","3":"status-publish","4":"has-post-thumbnail","6":"product_cat-photo-editing-software","8":"first","9":"instock","10":"sale","11":"virtual","12":"taxable","13":"purchasable","14":"product-type-simple"},"_links":{"self":[{"href":"https:\/\/elitesoftkeys.com\/es\/wp-json\/wp\/v2\/product\/2560","targetHints":{"allow":["GET"]}}],"collection":[{"href":"https:\/\/elitesoftkeys.com\/es\/wp-json\/wp\/v2\/product"}],"about":[{"href":"https:\/\/elitesoftkeys.com\/es\/wp-json\/wp\/v2\/types\/product"}],"version-history":[{"count":0,"href":"https:\/\/elitesoftkeys.com\/es\/wp-json\/wp\/v2\/product\/2560\/revisions"}],"wp:featuredmedia":[{"embeddable":true,"href":"https:\/\/elitesoftkeys.com\/es\/wp-json\/wp\/v2\/media\/2955"}],"wp:attachment":[{"href":"https:\/\/elitesoftkeys.com\/es\/wp-json\/wp\/v2\/media?parent=2560"}],"wp:term":[{"taxonomy":"product_brand","embeddable":true,"href":"https:\/\/elitesoftkeys.com\/es\/wp-json\/wp\/v2\/product_brand?post=2560"},{"taxonomy":"product_cat","embeddable":true,"href":"https:\/\/elitesoftkeys.com\/es\/wp-json\/wp\/v2\/product_cat?post=2560"},{"taxonomy":"product_tag","embeddable":true,"href":"https:\/\/elitesoftkeys.com\/es\/wp-json\/wp\/v2\/product_tag?post=2560"}],"curies":[{"name":"gracias","href":"https:\/\/api.w.org\/{rel}","templated":true}]}}