{"id":2558,"date":"2024-12-21T13:56:02","date_gmt":"2024-12-21T13:56:02","guid":{"rendered":"http:\/\/elitesoftkeys.com\/?product=adobe-photography-plan-20-gb"},"modified":"2025-11-22T15:01:48","modified_gmt":"2025-11-22T15:01:48","slug":"adobe-photography-plan-20-gb","status":"publish","type":"product","link":"https:\/\/elitesoftkeys.com\/es\/producto\/adobe-photography-plan-20-gb\/","title":{"rendered":"Plan de fotograf\u00eda de Adobe 20 GB"},"content":{"rendered":"<p>El plan de fotograf\u00eda de Adobe Creative Cloud incluye<\/p>\n<p>una suscripci\u00f3n de 1 a\u00f1o<\/p>\n<p>1 usuario, 2 dispositivos<\/p>\n<p>20 GB de Adobe Cloud incluidos<\/p>\n<p>Aplicaciones de Adobe: Adobe Photoshop, Adobe Lightroom, Lightroom Classic y Adobe Bridge<\/p>\n<p>Precios y descuentos del plan de fotograf\u00eda<\/p>\n<p>El Plan de Fotograf\u00eda se ofrece como una suscripci\u00f3n de 1 a\u00f1o con 20 GB de almacenamiento incluido, lo que lo convierte en la opci\u00f3n ideal para fot\u00f3grafos que necesitan acceso regular a las herramientas de Adobe. Ofrecemos un descuento de 17% en esta suscripci\u00f3n para garantizar el mejor precio del mercado y hacerla m\u00e1s asequible para nuestros clientes.<\/p>\n<p>Garant\u00eda de distribuidor certificado de Adobe<\/p>\n<p>EliteSoftKeys es un distribuidor certificado de Adobe. Esta certificaci\u00f3n significa que estamos autorizados para vender los productos y servicios de Adobe y que cumplimos con los requisitos de conocimiento del producto. Como distribuidores certificados, garantizamos que nuestros clientes reciban productos aut\u00e9nticos, un excelente soporte y la mejor experiencia al adquirir productos de Adobe, como Creative Cloud, Acrobat, etc.<\/p>\n<p>Descripci\u00f3n general del plan de fotograf\u00eda de Adobe<\/p>\n<p>El Plan de Fotograf\u00eda de Adobe Creative Cloud es una suscripci\u00f3n dise\u00f1ada para fot\u00f3grafos profesionales. Incluye las aplicaciones m\u00e1s robustas de Adobe necesarias para procesar, almacenar y compartir fotos. La suscripci\u00f3n permite acceder a las aplicaciones del Plan de Fotograf\u00eda mediante un pago anual. Esto elimina la necesidad de pagar el precio completo del software al inicio. La suscripci\u00f3n de Adobe ofrece al usuario la posibilidad de obtener actualizaciones y nuevas funciones en cuanto est\u00e9n disponibles, almacenamiento en la nube que permite crear, almacenar y compartir en cualquier dispositivo, y acceso a aplicaciones m\u00f3viles como Lightroom, etc.<\/p>\n<p>A continuaci\u00f3n se muestra una descripci\u00f3n general de las aplicaciones clave incluidas en el plan de fotograf\u00eda de Adobe Creative Cloud:<\/p>\n<p>Adobe Photoshop<\/p>\n<p>Photoshop es una herramienta potente y ampliamente utilizada para la edici\u00f3n de im\u00e1genes y el dise\u00f1o gr\u00e1fico. Tambi\u00e9n admite el dise\u00f1o 3D, la edici\u00f3n de v\u00eddeo y la composici\u00f3n compleja. Fot\u00f3grafos, dise\u00f1adores, artistas y profesionales utilizan esta herramienta para realizar diversas tareas, como retocar fotos, crear obras de arte digitales, dise\u00f1ar gr\u00e1ficos y preparar im\u00e1genes para impresi\u00f3n o web.<\/p>\n<p>Adobe Lightroom<\/p>\n<p>Lightroom es un software de edici\u00f3n y gesti\u00f3n de fotos dise\u00f1ado para fot\u00f3grafos profesionales y aficionados. Permite importar, organizar, editar y compartir fotos, adem\u00e1s de ofrecer diversas herramientas para mejorar y ajustar im\u00e1genes, como correcci\u00f3n de color, ajustes de exposici\u00f3n y retoques. Adem\u00e1s, se integra con los servicios en la nube de Adobe, lo que permite sincronizar y acceder a las fotos en m\u00faltiples dispositivos.<\/p>\n<p>Adobe Lightroom Classic<\/p>\n<p>Adobe Lightroom Classic es un software de edici\u00f3n y gesti\u00f3n de fotos dise\u00f1ado para fot\u00f3grafos que prefieren el flujo de trabajo tradicional de escritorio. Permite organizar, editar y exportar fotos, especialmente en formato RAW, que conserva m\u00e1s detalles y ofrece mayor flexibilidad de posprocesamiento.<\/p>\n<p>Puente de Adobe<\/p>\n<p>Adobe Bridge es un software de gesti\u00f3n de activos digitales creado por Adobe. Es la soluci\u00f3n integral para organizar, buscar y gestionar todas las creaciones y recursos multimedia. Bridge permite a los usuarios previsualizar, ordenar y filtrar elementos en su ordenador, incluyendo im\u00e1genes, v\u00eddeos, gr\u00e1ficos y documentos.<\/p>\n<p>\u00bfPor qu\u00e9 el Plan de Fotograf\u00eda de Adobe es m\u00e1s barato que Photoshop?<\/p>\n<p>El Plan de Fotograf\u00eda de Adobe es m\u00e1s econ\u00f3mico que una suscripci\u00f3n a Photoshop porque se ofrece en paquete. Los paquetes est\u00e1n dise\u00f1ados para satisfacer las necesidades espec\u00edficas de los clientes y ofrecen precios m\u00e1s competitivos que los productos independientes. Este enfoque permite ofrecer mayor valor a un precio m\u00e1s bajo y ayuda a Adobe a mantenerse competitivo.<\/p>\n<p>\u00bfEs posible comprar una licencia de por vida del Plan de Fotograf\u00eda?<\/p>\n<p>No, no es posible adquirir una licencia de por vida para el Plan de Fotograf\u00eda de Adobe Creative Cloud. Adobe ha migrado todos sus productos de Creative Cloud al modelo de suscripci\u00f3n, lo que implica que el usuario debe pagar una cuota mensual o anual para usar el software. Este modelo permite a Adobe ofrecer actualizaciones, nuevas funciones y servicios en la nube a los usuarios con frecuencia.<\/p>\n<p>\u00bfQu\u00e9 pasa si no puedo activar mi suscripci\u00f3n?<\/p>\n<p>Si tiene alguna pregunta o problema con la activaci\u00f3n de su suscripci\u00f3n, p\u00f3ngase en contacto con nuestro soporte t\u00e9cnico gratuito y proporcione detalles y capturas de pantalla del problema. Le ayudaremos de inmediato.<\/p>","protected":false},"excerpt":{"rendered":"<table style=\"border-collapse: collapse; width: 100%;\">\n<tbody>\n<tr>\n<th>Propiedad<\/th>\n<th>Valor<\/th>\n<\/tr>\n<tr>\n<td>Plataforma<\/td>\n<td>Windows y macOS<\/td>\n<\/tr>\n<tr>\n<td>Idioma<\/td>\n<td>Multilenguaje<\/td>\n<\/tr>\n<tr>\n<td>Usuarios apoyados<\/td>\n<td>1 usuario<\/td>\n<\/tr>\n<tr>\n<td>Sistema operativo<\/td>\n<td>Windows 11, Windows 10. Para SO Mac Catalina 10.15.7 m\u00ednimo<\/td>\n<\/tr>\n<tr>\n<td>Otros requisitos<\/td>\n<td>Cualquier dispositivo compatible con los sistemas operativos mencionados anteriormente. No se admiten sistemas con procesadores ARM. Se requiere conexi\u00f3n a internet para activar el programa. La licencia del programa se verifica peri\u00f3dicamente.<\/td>\n<\/tr>\n<\/tbody>\n<\/table>","protected":false},"featured_media":2954,"template":"","meta":{"inline_featured_image":false},"product_brand":[],"product_cat":[116],"product_tag":[],"class_list":{"0":"post-2558","1":"product","2":"type-product","3":"status-publish","4":"has-post-thumbnail","6":"product_cat-photo-editing-software","8":"first","9":"instock","10":"sale","11":"virtual","12":"taxable","13":"purchasable","14":"product-type-simple"},"_links":{"self":[{"href":"https:\/\/elitesoftkeys.com\/es\/wp-json\/wp\/v2\/product\/2558","targetHints":{"allow":["GET"]}}],"collection":[{"href":"https:\/\/elitesoftkeys.com\/es\/wp-json\/wp\/v2\/product"}],"about":[{"href":"https:\/\/elitesoftkeys.com\/es\/wp-json\/wp\/v2\/types\/product"}],"version-history":[{"count":0,"href":"https:\/\/elitesoftkeys.com\/es\/wp-json\/wp\/v2\/product\/2558\/revisions"}],"wp:featuredmedia":[{"embeddable":true,"href":"https:\/\/elitesoftkeys.com\/es\/wp-json\/wp\/v2\/media\/2954"}],"wp:attachment":[{"href":"https:\/\/elitesoftkeys.com\/es\/wp-json\/wp\/v2\/media?parent=2558"}],"wp:term":[{"taxonomy":"product_brand","embeddable":true,"href":"https:\/\/elitesoftkeys.com\/es\/wp-json\/wp\/v2\/product_brand?post=2558"},{"taxonomy":"product_cat","embeddable":true,"href":"https:\/\/elitesoftkeys.com\/es\/wp-json\/wp\/v2\/product_cat?post=2558"},{"taxonomy":"product_tag","embeddable":true,"href":"https:\/\/elitesoftkeys.com\/es\/wp-json\/wp\/v2\/product_tag?post=2558"}],"curies":[{"name":"gracias","href":"https:\/\/api.w.org\/{rel}","templated":true}]}}