{"id":2556,"date":"2024-12-21T13:56:00","date_gmt":"2024-12-21T13:56:00","guid":{"rendered":"http:\/\/elitesoftkeys.com\/?product=adobe-creative-cloud-all-apps"},"modified":"2025-07-10T20:47:50","modified_gmt":"2025-07-10T20:47:50","slug":"adobe-creative-cloud-all-apps","status":"publish","type":"product","link":"https:\/\/elitesoftkeys.com\/es\/producto\/adobe-creative-cloud-all-apps\/","title":{"rendered":"Adobe Creative Cloud: todas las aplicaciones"},"content":{"rendered":"<p>NOTA DE ENTREGA: Las licencias de 1\/3\/6 meses se entregan de inmediato, pero la entrega de una suscripci\u00f3n de 1 a\u00f1o puede demorar hasta 24 horas.<\/p>\n<p>La suscripci\u00f3n a Creative Cloud incluye<\/p>\n<p>Acceso para 1 usuario en 2 dispositivos<\/p>\n<p>100 GB de almacenamiento en la nube con Adobe<\/p>\n<p>Todas las aplicaciones de Adobe Creative Suite: Photoshop, Lightroom, Lightroom Classic, Adobe Express, Adobe Firefly, Premiere Pro, Illustrator, Adobe Fresco, Dreamweaver, Acrobat Pro, Media Encoder, Bridge, Character Animator, Audition, Dimension, Photoshop Express, Animate, Aero, After Effects, InDesign, XD.<\/p>\n<p>Planes de todas las aplicaciones de Adobe Creative Cloud<\/p>\n<p>Plan mensual: una suscripci\u00f3n de 1, 3 o 6 meses. Recibir\u00e1s un c\u00f3digo de canje que actualiza tu Perfil Personal de Adobe. El c\u00f3digo debe activarse en el sitio web oficial de Adobe.<\/p>\n<p>Plan Anual: suscripci\u00f3n de 12 meses. Recibir\u00e1s una invitaci\u00f3n oficial de Adobe por correo electr\u00f3nico para unirte a nuestro Perfil de Equipo, donde tendr\u00e1s acceso a todas las aplicaciones de Creative Cloud Suite.<\/p>\n<p>Precios y descuentos de Creative Cloud<\/p>\n<p>Ofrecemos descuentos desde 40% en planes mensuales de Creative Cloud, lo que garantiza los mejores precios del mercado para nuestros clientes. Si planea usar el servicio a largo plazo, ofrecemos una suscripci\u00f3n de 1 a\u00f1o con descuentos a\u00fan mayores, lo que le ofrece un mejor precio que la suscripci\u00f3n mensual.<\/p>\n<p>Garant\u00eda de distribuidor certificado de Adobe<\/p>\n<p>EliteSoftKeys es un distribuidor certificado de Adobe. Esta certificaci\u00f3n significa que estamos autorizados para vender los productos y servicios de Adobe y que cumplimos con los requisitos de conocimiento del producto. Como distribuidores certificados, garantizamos que nuestros clientes reciban productos aut\u00e9nticos, un excelente soporte y la mejor experiencia al adquirir productos de Adobe, como Creative Cloud, Acrobat, etc.<\/p>\n<p>Descripci\u00f3n general de Adobe Creative Cloud<\/p>\n<p>Adobe Creative Suite es un conjunto de aplicaciones y servicios que ofrece a los suscriptores acceso a todas las aplicaciones utilizadas para dise\u00f1o gr\u00e1fico, edici\u00f3n de video, desarrollo web y fotograf\u00eda, adem\u00e1s de aplicaciones m\u00f3viles y servicios en la nube. Todas las aplicaciones de Creative Cloud se administran desde un \u00fanico lugar, ya sea a trav\u00e9s de una aplicaci\u00f3n de escritorio o del sitio web de Adobe.<\/p>\n<p>Suscribirse significa que puede obtener las aplicaciones de Adobe Creative seg\u00fan sus necesidades, con una suscripci\u00f3n mensual o anual. Esto elimina la necesidad de pagar el precio completo del software al inicio, y en su lugar, pagar\u00e1 una cuota mensual o anual. Suscribirse a Adobe ofrece al usuario la posibilidad de obtener actualizaciones y nuevas funciones tan pronto como est\u00e9n disponibles, almacenamiento en la nube que permite crear, almacenar y compartir en cualquier dispositivo, y aplicaciones m\u00f3viles como Photoshop Express, Lightroom y Adobe Fresco.<\/p>\n<p>Creative Cloud para Mac<\/p>\n<p>Adobe ha dise\u00f1ado las aplicaciones de Creative Cloud para que sean compatibles con macOS; por lo tanto, todas las principales aplicaciones de Creative Cloud, como Photoshop, Illustrator, Premiere Pro e InDesign, funcionan con plena funcionalidad en Mac.<\/p>\n<p>Puedes descargar e instalar aplicaciones de Creative Cloud en tu Mac a trav\u00e9s de la aplicaci\u00f3n de escritorio de Creative Cloud, que gestiona todas tus instalaciones, actualizaciones y licencias de software de Adobe. Antes de descargar, aseg\u00farate de que tu Mac cumpla con los requisitos del sistema para cada aplicaci\u00f3n. Normalmente, esto incluye una versi\u00f3n reciente de macOS, suficiente RAM y suficiente espacio de almacenamiento.<\/p>\n<p>Descargar la aplicaci\u00f3n de escritorio de Creative Cloud<\/p>\n<p>Adobe Creative Cloud es una aplicaci\u00f3n de escritorio que funciona como centro de control para todas las aplicaciones y servicios. Permite a los usuarios descargar, instalar, actualizar y administrar el software de Adobe.<\/p>\n<p>Para descargar e instalar la aplicaci\u00f3n de escritorio de Creative Cloud, visite la p\u00e1gina de descarga de Adobe Creative Cloud, seleccione y descargue el instalador para su sistema operativo (Windows o macOS), abra el archivo descargado y siga las instrucciones en pantalla. Tras la instalaci\u00f3n, abra la aplicaci\u00f3n de escritorio de Creative Cloud e inicie sesi\u00f3n con su Adobe ID y contrase\u00f1a. Una vez iniciada la sesi\u00f3n, vaya a la pesta\u00f1a &quot;Aplicaciones&quot; en la parte superior de la ventana de la aplicaci\u00f3n e instale la aplicaci\u00f3n que necesite.<\/p>\n<p>\u00bfCreative Cloud incluye Adobe Stock?<\/p>\n<p>Lamentablemente, Adobe Stock no est\u00e1 incluido en Creative Cloud. Adobe Stock ofrece a sus suscriptores acceso a una colecci\u00f3n de im\u00e1genes, v\u00eddeos, ilustraciones y gr\u00e1ficos de stock de alta calidad, todos disponibles bajo licencia sin derechos de autor, y requiere un pago aparte.<\/p>\n<p>\u00bfEs posible comprar una licencia de por vida para Creative Cloud?<\/p>\n<p>No, no es posible adquirir una licencia de por vida para Adobe Creative Cloud. Adobe ha migrado todos sus productos de Creative Cloud al modelo de suscripci\u00f3n, lo que implica que el usuario debe pagar una cuota mensual o anual para usar el software. Este modelo permite a Adobe ofrecer actualizaciones, nuevas funciones y servicios en la nube a los usuarios con frecuencia.<\/p>\n<p>\u00bfQu\u00e9 pasa si no puedo activar mi suscripci\u00f3n?<\/p>\n<p>Si tiene alguna pregunta o problema con la activaci\u00f3n de su suscripci\u00f3n, p\u00f3ngase en contacto con nuestro soporte t\u00e9cnico gratuito y proporcione detalles y capturas de pantalla del problema. Le ayudaremos de inmediato.<\/p>","protected":false},"excerpt":{"rendered":"<table style=\"border-collapse: collapse; width: 100%;\">\n<tbody>\n<tr>\n<th>Propiedad<\/th>\n<th>Valor<\/th>\n<\/tr>\n<tr>\n<td>Plataforma<\/td>\n<td>Windows y macOS<\/td>\n<\/tr>\n<tr>\n<td>Idioma<\/td>\n<td>Multilenguaje<\/td>\n<\/tr>\n<tr>\n<td>Usuarios apoyados<\/td>\n<td>1 usuario<\/td>\n<\/tr>\n<tr>\n<td>Sistema operativo<\/td>\n<td>Windows 11, Windows 10. Para SO Mac Catalina 10.15.7 m\u00ednimo<\/td>\n<\/tr>\n<tr>\n<td>Otros requisitos<\/td>\n<td>Cualquier dispositivo compatible con los sistemas operativos mencionados anteriormente. No se admiten sistemas con procesadores ARM. Se requiere conexi\u00f3n a internet para activar el programa. La licencia del programa se verifica peri\u00f3dicamente.<\/td>\n<\/tr>\n<\/tbody>\n<\/table>","protected":false},"featured_media":2957,"template":"","meta":{"inline_featured_image":false},"product_brand":[],"product_cat":[116],"product_tag":[],"class_list":{"0":"post-2556","1":"product","2":"type-product","3":"status-publish","4":"has-post-thumbnail","6":"product_cat-photo-editing-software","8":"first","9":"instock","10":"sale","11":"virtual","12":"taxable","13":"purchasable","14":"product-type-simple"},"_links":{"self":[{"href":"https:\/\/elitesoftkeys.com\/es\/wp-json\/wp\/v2\/product\/2556","targetHints":{"allow":["GET"]}}],"collection":[{"href":"https:\/\/elitesoftkeys.com\/es\/wp-json\/wp\/v2\/product"}],"about":[{"href":"https:\/\/elitesoftkeys.com\/es\/wp-json\/wp\/v2\/types\/product"}],"version-history":[{"count":0,"href":"https:\/\/elitesoftkeys.com\/es\/wp-json\/wp\/v2\/product\/2556\/revisions"}],"wp:featuredmedia":[{"embeddable":true,"href":"https:\/\/elitesoftkeys.com\/es\/wp-json\/wp\/v2\/media\/2957"}],"wp:attachment":[{"href":"https:\/\/elitesoftkeys.com\/es\/wp-json\/wp\/v2\/media?parent=2556"}],"wp:term":[{"taxonomy":"product_brand","embeddable":true,"href":"https:\/\/elitesoftkeys.com\/es\/wp-json\/wp\/v2\/product_brand?post=2556"},{"taxonomy":"product_cat","embeddable":true,"href":"https:\/\/elitesoftkeys.com\/es\/wp-json\/wp\/v2\/product_cat?post=2556"},{"taxonomy":"product_tag","embeddable":true,"href":"https:\/\/elitesoftkeys.com\/es\/wp-json\/wp\/v2\/product_tag?post=2556"}],"curies":[{"name":"gracias","href":"https:\/\/api.w.org\/{rel}","templated":true}]}}