{"id":2554,"date":"2024-12-21T13:55:58","date_gmt":"2024-12-21T13:55:58","guid":{"rendered":"http:\/\/elitesoftkeys.com\/?product=windows-server-2019-standard-cal"},"modified":"2025-07-06T14:07:04","modified_gmt":"2025-07-06T14:07:04","slug":"windows-server-2019-standard-cal","status":"publish","type":"product","link":"https:\/\/elitesoftkeys.com\/es\/producto\/windows-server-2019-standard-cal\/","title":{"rendered":"Licencia de acceso de cliente (CAL) est\u00e1ndar de Windows Server 2019"},"content":{"rendered":"<p>Dise\u00f1ado para empresas con m\u00e1s de 25 usuarios y 50 dispositivos.<\/p>\n<p>Ejecute cargas de trabajo cr\u00edticas para el negocio en su centro de datos, en la nube y en el borde<\/p>\n<p>Seguridad avanzada multicapa contra amenazas<\/p>\n<p>Herramientas mejoradas para la gesti\u00f3n de servidores h\u00edbridos<\/p>\n<p>Paquete de licencia de 16 n\u00facleos incluido, m\u00e1s licencias de acceso de cliente (CAL) adicionales<\/p>\n<p>Idiomas admitidos: chino (simplificado), ingl\u00e9s, franc\u00e9s, alem\u00e1n, italiano, japon\u00e9s, ruso, espa\u00f1ol<\/p>\n<p>Este producto hace referencia al servicio CAL (Licencia de Acceso de Cliente) para poder otorgar a los usuarios y dispositivos el derecho a acceder al software de servidor de Microsoft instalado en una m\u00e1quina.<\/p>\n<p>Windows Server 2019 se basa en la s\u00f3lida base de Windows Server 2019 y aporta muchas innovaciones en tres temas clave: seguridad multicapa, capacidades h\u00edbridas con Azure y una plataforma de aplicaciones flexible.<\/p>\n<p>Las capacidades de n\u00facleo seguro ayudan a proteger el hardware, el firmware y las capacidades del sistema operativo Windows Server contra amenazas de seguridad avanzadas. El servidor de n\u00facleo seguro se basa en tecnolog\u00edas como Windows Defender System Guard y la seguridad basada en virtualizaci\u00f3n para minimizar el riesgo de vulnerabilidades de firmware y malware avanzado. La nueva versi\u00f3n tambi\u00e9n proporciona conectividad segura que incorpora varias funciones nuevas, como conexiones HTTPS cifradas m\u00e1s r\u00e1pidas y seguras, cifrado SMB AES 256 est\u00e1ndar del sector y m\u00e1s.<\/p>\n<p>Windows Server 2019 mejora la administraci\u00f3n de servidores h\u00edbridos con una gesti\u00f3n de m\u00e1quinas virtuales significativamente mejorada, un visor de eventos optimizado y muchas m\u00e1s funciones nuevas en el Centro de administraci\u00f3n de Windows. Adem\u00e1s, esta versi\u00f3n incluye mejoras significativas en los contenedores de Windows, como tama\u00f1os de imagen m\u00e1s peque\u00f1os para una descarga m\u00e1s r\u00e1pida, una implementaci\u00f3n simplificada de pol\u00edticas de red y herramientas de contenedorizaci\u00f3n para aplicaciones .NET.<\/p>\n<p>La edici\u00f3n Datacenter es la m\u00e1s completa e incluye las nuevas funciones espec\u00edficas de Datacenter (M\u00e1quinas Virtuales Blindadas, Espacios de Almacenamiento Directo y Redes Definidas por Software), adem\u00e1s de virtualizaci\u00f3n ilimitada de servidores. A continuaci\u00f3n, puede ver la comparaci\u00f3n entre las ediciones.<\/p>\n<p>Est\u00e1ndar 2019<\/p>\n<p>Centro de datos 2019<\/p>\n<p>Ideal para<\/p>\n<p>Entornos f\u00edsicos o m\u00ednimamente virtualizados<\/p>\n<p>Centros de datos y entornos de nube altamente virtualizados<\/p>\n<p>Modelo de licencia<\/p>\n<p>Basado en n\u00facleos<\/p>\n<p>Basado en n\u00facleos<\/p>\n<p>Requisito de CAL<\/p>\n<p>CAL de Windows Server<\/p>\n<p>CAL de Windows Server<\/p>\n<p>Funcionalidad principal de Windows Server<\/p>\n<p>Integraci\u00f3n h\u00edbrida<\/p>\n<p>Contenedores aislados de OSE\/Hyper-V<\/p>\n<p>2<\/p>\n<p>Ilimitado<\/p>\n<p>Contenedores de Windows Server<\/p>\n<p>Ilimitado<\/p>\n<p>Ilimitado<\/p>\n<p>R\u00e9plica de almacenamiento<\/p>\n<p>Redes definidas por software<\/p>\n<p>Almacenamiento definido por software<\/p>\n<p>Clave de soporte de funciones:<\/p>\n<p>Funci\u00f3n disponible Funci\u00f3n no disponible Funci\u00f3n limitada<\/p>","protected":false},"excerpt":{"rendered":"<table style='border-collapse: collapse; width: 100%;'>\n<tr>\n<th>Propiedad<\/th>\n<th>Valor<\/th>\n<\/tr>\n<tr>\n<td>Plataforma<\/td>\n<td>Ventanas<\/td>\n<\/tr>\n<tr>\n<td>Procesador<\/td>\n<td>M\u00ednimo: procesador de 64 bits a 1,4 GHz Compatible con el conjunto de instrucciones x64 Admite NX y DEP Admite CMPXCHG16b, LAHF\/SAHF y PrefetchW Admite traducci\u00f3n de direcciones de segundo nivel (EPT o NPT) Coreinfo, parte de Windows Sysinternals, es una herramienta que puede utilizar para confirmar cu\u00e1l de estas capacidades tiene su CPU.<\/td>\n<\/tr>\n<tr>\n<td>Disco duro<\/td>\n<td>Los equipos con Windows Server deben incluir un adaptador de almacenamiento compatible con la especificaci\u00f3n de arquitectura PCI Express. Los dispositivos de almacenamiento persistente en servidores clasificados como unidades de disco duro no deben ser PATA. Windows Server no permite ATA\/PATA\/IDE\/EIDE para unidades de arranque, paginaci\u00f3n o datos. A continuaci\u00f3n, se indican los requisitos m\u00ednimos estimados de espacio en disco para la partici\u00f3n del sistema. M\u00ednimo: 32 GB<\/td>\n<\/tr>\n<tr>\n<td>RAM<\/td>\n<td>M\u00ednimo: 512 MB (2 GB para la opci\u00f3n de instalaci\u00f3n de servidor con experiencia de escritorio) Tipo ECC (c\u00f3digo de correcci\u00f3n de errores) o tecnolog\u00eda similar, para implementaciones de host f\u00edsico<\/td>\n<\/tr>\n<tr>\n<td>Requisitos del adaptador de red<\/td>\n<td>Los adaptadores de red utilizados con esta versi\u00f3n deben incluir las siguientes caracter\u00edsticas: M\u00ednimo: Un adaptador Ethernet con capacidad de al menos 1 gigabit por segundo, compatible con la especificaci\u00f3n de arquitectura PCI Express. Un adaptador de red compatible con la depuraci\u00f3n de red (KDNet) es \u00fatil, pero no es un requisito m\u00ednimo. Un adaptador de red compatible con el entorno de ejecuci\u00f3n de prearranque (PXE) es \u00fatil, pero no es un requisito m\u00ednimo.<\/td>\n<\/tr>\n<tr>\n<td>Otros requisitos<\/td>\n<td>Las computadoras que ejecutan esta versi\u00f3n tambi\u00e9n deben tener lo siguiente: Unidad de DVD (si pretende instalar el sistema operativo desde un medio de DVD) Los siguientes elementos solo son necesarios para ciertas funciones: Sistema basado en UEFI 2.3.1c y firmware que admita arranque seguro M\u00f3dulo de plataforma confiable Dispositivo gr\u00e1fico y monitor compatible con Super VGA (1024 x 768) o una resoluci\u00f3n superior Teclado y mouse Microsoft (u otro dispositivo se\u00f1alador compatible) Acceso a Internet<\/td>\n<\/tr>\n<\/table>","protected":false},"featured_media":2921,"template":"","meta":{"inline_featured_image":false},"product_brand":[],"product_cat":[108],"product_tag":[],"class_list":{"0":"post-2554","1":"product","2":"type-product","3":"status-publish","4":"has-post-thumbnail","6":"product_cat-server-software","8":"first","9":"instock","10":"sale","11":"virtual","12":"taxable","13":"purchasable","14":"product-type-simple"},"_links":{"self":[{"href":"https:\/\/elitesoftkeys.com\/es\/wp-json\/wp\/v2\/product\/2554","targetHints":{"allow":["GET"]}}],"collection":[{"href":"https:\/\/elitesoftkeys.com\/es\/wp-json\/wp\/v2\/product"}],"about":[{"href":"https:\/\/elitesoftkeys.com\/es\/wp-json\/wp\/v2\/types\/product"}],"version-history":[{"count":0,"href":"https:\/\/elitesoftkeys.com\/es\/wp-json\/wp\/v2\/product\/2554\/revisions"}],"wp:featuredmedia":[{"embeddable":true,"href":"https:\/\/elitesoftkeys.com\/es\/wp-json\/wp\/v2\/media\/2921"}],"wp:attachment":[{"href":"https:\/\/elitesoftkeys.com\/es\/wp-json\/wp\/v2\/media?parent=2554"}],"wp:term":[{"taxonomy":"product_brand","embeddable":true,"href":"https:\/\/elitesoftkeys.com\/es\/wp-json\/wp\/v2\/product_brand?post=2554"},{"taxonomy":"product_cat","embeddable":true,"href":"https:\/\/elitesoftkeys.com\/es\/wp-json\/wp\/v2\/product_cat?post=2554"},{"taxonomy":"product_tag","embeddable":true,"href":"https:\/\/elitesoftkeys.com\/es\/wp-json\/wp\/v2\/product_tag?post=2554"}],"curies":[{"name":"gracias","href":"https:\/\/api.w.org\/{rel}","templated":true}]}}